{"id":3107,"date":"2016-04-20T10:47:27","date_gmt":"2016-04-20T10:47:27","guid":{"rendered":"http:\/\/eurotransis.com\/en\/tienda\/sin%20categorizar\/serie-em-421\/"},"modified":"2024-09-19T13:34:24","modified_gmt":"2024-09-19T11:34:24","slug":"roller-serie-em-421","status":"publish","type":"product","link":"https:\/\/eurotransis.com\/en\/shop\/rollers-manufacturers-en\/rollers-for-driven-conveyor-en\/light-series-driven-conveyors-rollers\/belt-driven-en\/toroidal-belt-en\/roller-serie-em-421\/","title":{"rendered":"EM-421 Series Roller"},"content":{"rendered":"<table style=\"height: 201px\" width=\"1275\">\n<tbody>\n<tr>\n<td style=\"text-align: center;width: 668px\" colspan=\"6\"><strong>\u00d8 TUBE<\/strong><\/td>\n<td style=\"text-align: center;width: 587px\" colspan=\"2\"><strong>\u00d8 SHAFT<\/strong><\/td>\n<\/tr>\n<tr>\n<td style=\"width: 215px\"><strong>\u00d8 (mm)<\/strong><\/td>\n<td style=\"width: 80px\"><strong>ST<\/strong><\/td>\n<td style=\"width: 103px\"><strong>STI<\/strong><\/td>\n<td style=\"width: 61px\"><strong>N<\/strong><\/td>\n<td style=\"width: 126px\"><strong>GAL<\/strong><\/td>\n<td style=\"width: 83px\"><strong>Kg<\/strong><\/td>\n<td style=\"width: 293px\"><strong>12<\/strong><\/td>\n<td style=\"width: 294px\"><strong>14<\/strong><\/td>\n<\/tr>\n<tr>\n<td style=\"width: 215px\"><strong>50&#215;1.5<\/strong><\/td>\n<td style=\"width: 80px\">SI<\/td>\n<td style=\"width: 103px\">SI<\/td>\n<td style=\"width: 61px\">SI<\/td>\n<td style=\"width: 126px\">SI<\/td>\n<td style=\"width: 83px\">SI<\/td>\n<td style=\"width: 293px\">SI<\/td>\n<td style=\"width: 294px\">SI<\/td>\n<\/tr>\n<tr>\n<td style=\"width: 215px\"><strong>50&#215;2.8<\/strong><\/td>\n<td style=\"width: 80px\"><\/td>\n<td style=\"width: 103px\"><\/td>\n<td style=\"width: 61px\"><\/td>\n<td style=\"width: 126px\"><\/td>\n<td style=\"width: 83px\">SI<\/td>\n<td style=\"width: 293px\">SI<\/td>\n<td style=\"width: 294px\">SI<\/td>\n<\/tr>\n<tr>\n<td style=\"width: 215px\"><strong>60&#215;2<\/strong><\/td>\n<td style=\"width: 80px\">SI<\/td>\n<td style=\"width: 103px\">SI<\/td>\n<td style=\"width: 61px\"><\/td>\n<td style=\"width: 126px\">SI<\/td>\n<td style=\"width: 83px\"><\/td>\n<td style=\"width: 293px\">SI<\/td>\n<td style=\"width: 294px\">SI<\/td>\n<\/tr>\n<tr>\n<td style=\"width: 215px\"><strong>60.3&#215;2<\/strong><\/td>\n<td style=\"width: 80px\"><\/td>\n<td style=\"width: 103px\"><\/td>\n<td style=\"width: 61px\">SI<\/td>\n<td style=\"width: 126px\"><\/td>\n<td style=\"width: 83px\"><\/td>\n<td style=\"width: 293px\">SI<\/td>\n<td style=\"width: 294px\">SI<\/td>\n<\/tr>\n<tr>\n<td style=\"width: 215px\"><strong>63&#215;3<\/strong><\/td>\n<td style=\"width: 80px\"><\/td>\n<td style=\"width: 103px\"><\/td>\n<td style=\"width: 61px\"><\/td>\n<td style=\"width: 126px\"><\/td>\n<td style=\"width: 83px\">SI<\/td>\n<td style=\"width: 293px\">SI<\/td>\n<td style=\"width: 294px\">SI<\/td>\n<\/tr>\n<tr>\n<td style=\"width: 215px\"><strong>80&#215;2<\/strong><\/td>\n<td style=\"width: 80px\">SI<\/td>\n<td style=\"width: 103px\">SI<\/td>\n<td style=\"width: 61px\">SI<\/td>\n<td style=\"width: 126px\">SI<\/td>\n<td style=\"width: 83px\"><\/td>\n<td style=\"width: 293px\">SI<\/td>\n<td style=\"width: 294px\">SI<\/td>\n<\/tr>\n<tr>\n<td style=\"width: 668px\" colspan=\"6\"><strong><img loading=\"lazy\" decoding=\"async\" class=\"size-full wp-image-926 alignleft\" src=\"https:\/\/eurotransis.com\/wp-content\/uploads\/2016\/04\/cabezal.png\" alt=\"cabezal\" width=\"101\" height=\"72\" \/>Polyamide 6 head<br \/>\n<\/strong><\/td>\n<td style=\"width: 587px\" colspan=\"2\"><strong><strong><img loading=\"lazy\" decoding=\"async\" class=\"size-full wp-image-819 alignleft\" src=\"https:\/\/eurotransis.com\/wp-content\/uploads\/2016\/04\/rodillos-traccionados.png\" alt=\"rodillos traccionados\" width=\"100\" height=\"72\" srcset=\"https:\/\/eurotransis.com\/wp-content\/uploads\/2016\/04\/rodillos-traccionados.png 100w, https:\/\/eurotransis.com\/wp-content\/uploads\/2016\/04\/rodillos-traccionados-64x46.png 64w\" sizes=\"auto, (max-width: 100px) 100vw, 100px\" \/>Double Throat<br \/>\n<\/strong><\/strong><strong><strong>Toroidal belt \u00d85mm<\/strong><\/strong><\/p>\n<p>&nbsp;<\/td>\n<\/tr>\n<tr>\n<td style=\"width: 668px\" colspan=\"6\">\n<p><strong> <b>Fixed<\/b><\/strong><strong><strong><img loading=\"lazy\" decoding=\"async\" class=\"size-full wp-image-815 alignleft\" src=\"https:\/\/eurotransis.com\/wp-content\/uploads\/2016\/04\/aplicacion.png\" alt=\"aplicacion\" width=\"100\" height=\"75\" srcset=\"https:\/\/eurotransis.com\/wp-content\/uploads\/2016\/04\/aplicacion.png 100w, https:\/\/eurotransis.com\/wp-content\/uploads\/2016\/04\/aplicacion-64x48.png 64w\" sizes=\"auto, (max-width: 100px) 100vw, 100px\" \/><\/strong><\/strong><\/p>\n<p><strong>\u00a0<\/strong><\/td>\n<td style=\"width: 587px\" colspan=\"2\">\n<p><strong><img loading=\"lazy\" decoding=\"async\" class=\"size-full wp-image-930 alignleft\" src=\"https:\/\/eurotransis.com\/wp-content\/uploads\/2016\/04\/fuerza.png\" alt=\"fuerza\" width=\"100\" height=\"72\" srcset=\"https:\/\/eurotransis.com\/wp-content\/uploads\/2016\/04\/fuerza.png 100w, https:\/\/eurotransis.com\/wp-content\/uploads\/2016\/04\/fuerza-64x46.png 64w\" sizes=\"auto, (max-width: 100px) 100vw, 100px\" \/>EM-421 FIXED &#8211; <\/strong><\/p>\n<p><strong>40 daN\/Head<br \/>\n<\/strong><\/td>\n<\/tr>\n<\/tbody>\n<\/table>\n<p>&nbsp;<\/p>\n","protected":false},"excerpt":{"rendered":"<p>EM-421 conveyor roller from Roltia is a driven roller with a thermoplastic polyamide head. Pulley fixed to the tube, it has a double groove for transmission by a \u00d85 mm toroidal belt. It is manufactured in tube diameters ranging from \u00d850 to \u00d880 of different materials.<\/p>\n","protected":false},"featured_media":12606,"comment_status":"open","ping_status":"closed","template":"","meta":[],"product_brand":[],"product_cat":[669],"product_tag":[],"class_list":{"0":"post-3107","1":"product","2":"type-product","3":"status-publish","4":"has-post-thumbnail","6":"product_cat-toroidal-belt-en","8":"first","9":"instock","10":"shipping-taxable","11":"product-type-simple"},"_links":{"self":[{"href":"https:\/\/eurotransis.com\/en\/wp-json\/wp\/v2\/product\/3107","targetHints":{"allow":["GET"]}}],"collection":[{"href":"https:\/\/eurotransis.com\/en\/wp-json\/wp\/v2\/product"}],"about":[{"href":"https:\/\/eurotransis.com\/en\/wp-json\/wp\/v2\/types\/product"}],"replies":[{"embeddable":true,"href":"https:\/\/eurotransis.com\/en\/wp-json\/wp\/v2\/comments?post=3107"}],"wp:featuredmedia":[{"embeddable":true,"href":"https:\/\/eurotransis.com\/en\/wp-json\/wp\/v2\/media\/12606"}],"wp:attachment":[{"href":"https:\/\/eurotransis.com\/en\/wp-json\/wp\/v2\/media?parent=3107"}],"wp:term":[{"taxonomy":"product_brand","embeddable":true,"href":"https:\/\/eurotransis.com\/en\/wp-json\/wp\/v2\/product_brand?post=3107"},{"taxonomy":"product_cat","embeddable":true,"href":"https:\/\/eurotransis.com\/en\/wp-json\/wp\/v2\/product_cat?post=3107"},{"taxonomy":"product_tag","embeddable":true,"href":"https:\/\/eurotransis.com\/en\/wp-json\/wp\/v2\/product_tag?post=3107"}],"curies":[{"name":"wp","href":"https:\/\/api.w.org\/{rel}","templated":true}]}}