{"id":3369,"date":"2016-04-25T07:04:39","date_gmt":"2016-04-25T07:04:39","guid":{"rendered":"http:\/\/eurotransis.com\/en\/tienda\/sin%20categorizar\/gomas-helicoidales-serie-gh\/"},"modified":"2025-01-23T10:52:47","modified_gmt":"2025-01-23T09:52:47","slug":"spiral-rubber-en","status":"publish","type":"product","link":"https:\/\/eurotransis.com\/en\/shop\/rollers-components-en\/accessories-en\/rubber-rings-en\/spiral-rubber-en\/","title":{"rendered":"GH serie &#8211; Spiral rubber"},"content":{"rendered":"<table style=\"height: 201px\" width=\"1275\">\n<tbody>\n<tr>\n<td style=\"text-align: center;width: 310.812px\" colspan=\"2\"><b>TYPE<\/b><\/td>\n<td style=\"text-align: center;width: 423.312px\" colspan=\"2\"><strong>\u00d8 TUBE (mm)<\/strong><\/td>\n<td style=\"text-align: center;width: 259px\"><strong>\u00d8 EXT. (mm)<\/strong><\/td>\n<td style=\"text-align: center;width: 274px\"><strong><strong>LARGEUR (mm)<\/strong><\/strong><\/td>\n<\/tr>\n<tr>\n<td style=\"text-align: center;width: 310.812px\" colspan=\"2\">GH 63-89<\/td>\n<td style=\"text-align: center;width: 423.312px\" colspan=\"2\">60-63<\/td>\n<td style=\"text-align: center;width: 259px\">89<\/td>\n<td style=\"text-align: center;width: 274px\">42<\/td>\n<\/tr>\n<tr>\n<td style=\"text-align: center;width: 310.812px\" colspan=\"2\">GH 63-108<\/td>\n<td style=\"text-align: center;width: 423.312px\" colspan=\"2\">60-63<\/td>\n<td style=\"text-align: center;width: 259px\">108<\/td>\n<td style=\"text-align: center;width: 274px\">45<\/td>\n<\/tr>\n<tr>\n<td style=\"text-align: center;width: 310.812px\" colspan=\"2\">GH 89-133<\/td>\n<td style=\"text-align: center;width: 423.312px\" colspan=\"2\">89<\/td>\n<td style=\"text-align: center;width: 259px\">133<\/td>\n<td style=\"text-align: center;width: 274px\">42<\/td>\n<\/tr>\n<tr>\n<td style=\"text-align: center;width: 310.812px\" colspan=\"2\">GH 89-159<\/td>\n<td style=\"text-align: center;width: 423.312px\" colspan=\"2\">89<\/td>\n<td style=\"text-align: center;width: 259px\">159<\/td>\n<td style=\"text-align: center;width: 274px\">45<\/td>\n<\/tr>\n<tr>\n<td style=\"text-align: center;width: 310.812px\" colspan=\"2\">GH 108-159<\/td>\n<td style=\"text-align: center;width: 423.312px\" colspan=\"2\">108<\/td>\n<td style=\"text-align: center;width: 259px\">159<\/td>\n<td style=\"text-align: center;width: 274px\">50<\/td>\n<\/tr>\n<tr>\n<td style=\"text-align: center;width: 310.812px\" colspan=\"2\"><\/td>\n<td style=\"text-align: center;width: 423.312px\" colspan=\"2\"><\/td>\n<td style=\"text-align: center;width: 259px\"><\/td>\n<td style=\"text-align: center;width: 274px\"><\/td>\n<\/tr>\n<tr>\n<td style=\"text-align: center;width: 310.812px\" colspan=\"2\"><\/td>\n<td style=\"text-align: center;width: 423.312px\" colspan=\"2\"><\/td>\n<td style=\"text-align: center;width: 259px\"><\/td>\n<td style=\"text-align: center;width: 274px\"><\/td>\n<\/tr>\n<tr>\n<td style=\"width: 734.125px\" colspan=\"4\"><img loading=\"lazy\" decoding=\"async\" class=\"wp-image-1206 size-full alignleft\" src=\"https:\/\/eurotransis.com\/wp-content\/uploads\/2016\/04\/mineria-r.png\" alt=\"\" width=\"101\" height=\"74\" \/><strong>NETTOYER LES BANDES.<\/strong><\/td>\n<td style=\"width: 533px\" colspan=\"2\"><strong>CAOUTCHOUC.<\/strong><img loading=\"lazy\" decoding=\"async\" class=\"size-full wp-image-926 alignleft\" src=\"https:\/\/eurotransis.com\/wp-content\/uploads\/2016\/04\/cabezal.png\" alt=\"cabezal\" width=\"101\" height=\"72\" \/><\/td>\n<\/tr>\n<\/tbody>\n<\/table>\n<p>&nbsp;<\/p>\n","protected":false},"excerpt":{"rendered":"<p>Bagues en caoutchouc pour nettoyer les bandes.<\/p>\n<p>G\u00e9n\u00e9ralement dans les rouleaux miniers, fabriqu\u00e9s en caoutchouc naturel noir 60\u00baSh.<\/p>\n","protected":false},"featured_media":18501,"comment_status":"closed","ping_status":"closed","template":"","meta":[],"product_brand":[],"product_cat":[803],"product_tag":[],"class_list":{"0":"post-3369","1":"product","2":"type-product","3":"status-publish","4":"has-post-thumbnail","6":"product_cat-rubber-rings-en","8":"first","9":"instock","10":"shipping-taxable","11":"product-type-simple"},"_links":{"self":[{"href":"https:\/\/eurotransis.com\/en\/wp-json\/wp\/v2\/product\/3369","targetHints":{"allow":["GET"]}}],"collection":[{"href":"https:\/\/eurotransis.com\/en\/wp-json\/wp\/v2\/product"}],"about":[{"href":"https:\/\/eurotransis.com\/en\/wp-json\/wp\/v2\/types\/product"}],"replies":[{"embeddable":true,"href":"https:\/\/eurotransis.com\/en\/wp-json\/wp\/v2\/comments?post=3369"}],"wp:featuredmedia":[{"embeddable":true,"href":"https:\/\/eurotransis.com\/en\/wp-json\/wp\/v2\/media\/18501"}],"wp:attachment":[{"href":"https:\/\/eurotransis.com\/en\/wp-json\/wp\/v2\/media?parent=3369"}],"wp:term":[{"taxonomy":"product_brand","embeddable":true,"href":"https:\/\/eurotransis.com\/en\/wp-json\/wp\/v2\/product_brand?post=3369"},{"taxonomy":"product_cat","embeddable":true,"href":"https:\/\/eurotransis.com\/en\/wp-json\/wp\/v2\/product_cat?post=3369"},{"taxonomy":"product_tag","embeddable":true,"href":"https:\/\/eurotransis.com\/en\/wp-json\/wp\/v2\/product_tag?post=3369"}],"curies":[{"name":"wp","href":"https:\/\/api.w.org\/{rel}","templated":true}]}}