{"id":11730,"date":"2024-03-01T07:04:15","date_gmt":"2024-03-01T06:04:15","guid":{"rendered":"https:\/\/eurotransis.com\/trabaja-con-nosotros\/"},"modified":"2024-08-27T12:20:31","modified_gmt":"2024-08-27T10:20:31","slug":"travaille-avec-nous","status":"publish","type":"page","link":"https:\/\/eurotransis.com\/fr\/travaille-avec-nous\/","title":{"rendered":"Travaille avec nous"},"content":{"rendered":"<section class=\"block-text\">\n    <div class=\"container-xl\">\n        \n        \n                    <div class=\"text\"><p>Chez Roltia, nous savons que notre \u00e9quipe est la pierre angulaire de notre succ\u00e8s. Nous valorisons la passion, l\u2019excellence et l\u2019engagement envers la qualit\u00e9. Si vous souhaitez faire partie d&rsquo;une entreprise leader en croissance continue, remplissez notre formulaire de contact en joignant votre CV afin que nous puissions en savoir plus sur vous.<\/p>\n<\/div>\n            <\/div>\n<\/section>\n\n<section class=\"block-job-vacancies-grid\">\n    <div class=\"container-xl\">\n                    <div class=\"title center-underline\"><p>Postes vacants. Joignez-vous \u00e0 l&rsquo;\u00e9quipe<\/p><\/div>\n                \n        <div class=\"wrap-categories\">\n            <div class=\"row_categories\"> \n                                    <div class=\"section\">\n                        <div class=\"card-item\" id=\"cardItem_1\">\n                            <div class=\"cardSection\">\n                                                                            <figure class=\"iconCard\">\n                                            <img decoding=\"async\" src=\"https:\/\/eurotransis.com\/wp-content\/themes\/roltia-theme\/public\/images\/default-vacantes.271f3f.jpg\"  class=\"iconCard\"\/>\n                                        <\/figure>\n                                    \n                                    <div class=\"author\">Roltia \u00b7 03, 2024<\/div>\n\n            <a href = \"https:\/\/eurotransis.com\/fr\/vacantes\/titulo-del-puesto-de-trabajo\/\" class=\"caption\">    \n            T\u00edtulo del puesto de trabajo\n        <\/a>\n    \n    <div class=\"description\">Breve descripci\u00f3n. Experiencia para el puesto. Presencialidad. Ubicaci\u00f3n del puesto.<\/div>\n\n    <a href = \"https:\/\/eurotransis.com\/fr\/vacantes\/titulo-del-puesto-de-trabajo\/\" class=\"bttn bttn-tertiary\">\n        Plus d&#039;information <svg width=\"24\" height=\"24\" viewBox=\"0 0 24 24\" fill=\"none\" xmlns=\"http:\/\/www.w3.org\/2000\/svg\">\n<path d=\"M3.75 12H20.25\" stroke=\"#999999\" stroke-width=\"1.5\" stroke-linecap=\"round\" stroke-linejoin=\"round\"\/>\n<path d=\"M13.5 5.25L20.25 12L13.5 18.75\" stroke=\"#999999\" stroke-width=\"1.5\" stroke-linecap=\"round\" stroke-linejoin=\"round\"\/>\n<\/svg>\n\n    <\/a>\n                            <\/div>\n                        <\/div>\n                    <\/div>\n                            <\/div>\n        <\/div>\n    <\/div>\n<\/div>\n\n<section class=\"block-form\">\n    <div class=\"container-xl\">\n        <div class=\"wrap-form\">\n            <div class=\"text-content\">\n                                    <div class=\"antetitle\">Postuler \u00e0 un travail<\/div>\n                \n                                    <div class=\"title\">Travaille avec nous<\/div>\n                \n                                    <div class=\"text\"><p>D\u00e9veloppez-vous professionnellement dans une entreprise leader dans l&rsquo;industrie de la m\u00e9canique des m\u00e9taux, avec plus de 30 ans d&rsquo;exp\u00e9rience et une pr\u00e9sence internationale.<\/p>\n<\/div>\n                            <\/div>\n                            <div class=\"form-code\">\n<div class=\"wpcf7 no-js\" id=\"wpcf7-f12286-o1\" lang=\"fr-FR\" dir=\"ltr\" data-wpcf7-id=\"12286\">\n<div class=\"screen-reader-response\"><p role=\"status\" aria-live=\"polite\" aria-atomic=\"true\"><\/p> <ul><\/ul><\/div>\n<form action=\"\/fr\/wp-json\/wp\/v2\/pages\/11730#wpcf7-f12286-o1\" method=\"post\" class=\"wpcf7-form init\" aria-label=\"Formulaire de contact\" enctype=\"multipart\/form-data\" novalidate=\"novalidate\" data-status=\"init\">\n<fieldset class=\"hidden-fields-container\"><input type=\"hidden\" name=\"_wpcf7\" value=\"12286\" \/><input type=\"hidden\" name=\"_wpcf7_version\" value=\"6.1.5\" \/><input type=\"hidden\" name=\"_wpcf7_locale\" value=\"fr_FR\" \/><input type=\"hidden\" name=\"_wpcf7_unit_tag\" value=\"wpcf7-f12286-o1\" \/><input type=\"hidden\" name=\"_wpcf7_container_post\" value=\"0\" \/><input type=\"hidden\" name=\"_wpcf7_posted_data_hash\" value=\"\" \/><input type=\"hidden\" name=\"_wpcf7_recaptcha_response\" value=\"\" \/>\n<\/fieldset>\n<input class=\"wpcf7-form-control wpcf7-hidden\" id=\"current-date\" value=\"\" type=\"hidden\" name=\"current-date\" \/>\n<p class=\"full\"><label>Nom complet*<\/label><br \/>\n<span class=\"wpcf7-form-control-wrap\" data-name=\"your-name\"><input size=\"40\" maxlength=\"400\" class=\"wpcf7-form-control wpcf7-text wpcf7-validates-as-required\" aria-required=\"true\" aria-invalid=\"false\" placeholder=\"Nom complet*\" value=\"\" type=\"text\" name=\"your-name\" \/><\/span>\n<\/p>\n<p><label>E-mail*<\/label><br \/>\n<span class=\"wpcf7-form-control-wrap\" data-name=\"your-email\"><input size=\"40\" maxlength=\"400\" class=\"wpcf7-form-control wpcf7-email wpcf7-validates-as-required wpcf7-text wpcf7-validates-as-email\" aria-required=\"true\" aria-invalid=\"false\" placeholder=\"E-mail*\" value=\"\" type=\"email\" name=\"your-email\" \/><\/span>\n<\/p>\n<p><label>T\u00e9l\u00e9phone*<\/label><br \/>\n<span class=\"wpcf7-form-control-wrap\" data-name=\"your-tel\"><input size=\"40\" maxlength=\"400\" class=\"wpcf7-form-control wpcf7-tel wpcf7-text wpcf7-validates-as-tel\" aria-invalid=\"false\" placeholder=\"T\u00e9l\u00e9phone*\" value=\"\" type=\"tel\" name=\"your-tel\" \/><\/span>\n<\/p>\n<p><label class=\"show\">CV*<\/label><br \/>\n<span class=\"wpcf7-form-control-wrap\" data-name=\"your-cv\"><input size=\"40\" class=\"wpcf7-form-control wpcf7-file wpcf7-validates-as-required\" accept=\".pdf,.doc,.docx\" aria-required=\"true\" aria-invalid=\"false\" type=\"file\" name=\"your-cv\" \/><\/span>\n<\/p>\n<p class=\"full\"><label>Message *<\/label><br \/>\n<span class=\"wpcf7-form-control-wrap\" data-name=\"your-message\"><textarea cols=\"40\" rows=\"3\" maxlength=\"2000\" class=\"wpcf7-form-control wpcf7-textarea wpcf7-validates-as-required\" aria-required=\"true\" aria-invalid=\"false\" placeholder=\"Ecrivez votre message ici\" name=\"your-message\"><\/textarea><\/span>\n<\/p>\n<p class=\"legal-check\"><span class=\"wpcf7-form-control-wrap\" data-name=\"legal-acceptance\"><span class=\"wpcf7-form-control wpcf7-acceptance\"><span class=\"wpcf7-list-item\"><label><input type=\"checkbox\" name=\"legal-acceptance\" value=\"1\" aria-invalid=\"false\" \/><span class=\"wpcf7-list-item-label\">J'ai lu et j'accepte les Conditions G\u00e9n\u00e9rales et la <a href=\"\/fr\/politique-de-confidentialite\/\">Politique de Confidentialit\u00e9<\/a><\/span><\/label><\/span><\/span><\/span>\n<\/p>\n<p>\n<span class=\"wpcf7-form-control-wrap recaptcha\" data-name=\"recaptcha\"><span data-sitekey=\"6Lclb-oqAAAAAL1G86zVCkDZc780W9A7AxbXB6Hs\" class=\"wpcf7-form-control wpcf7-recaptcha g-recaptcha\"><\/span>\r\n<noscript>\r\n\t<div class=\"grecaptcha-noscript\">\r\n\t\t<iframe loading=\"lazy\" src=\"https:\/\/www.google.com\/recaptcha\/api\/fallback?k=6Lclb-oqAAAAAL1G86zVCkDZc780W9A7AxbXB6Hs\" frameborder=\"0\" scrolling=\"no\" width=\"310\" height=\"430\">\r\n\t\t<\/iframe>\r\n\t\t<textarea name=\"g-recaptcha-response\" rows=\"3\" cols=\"40\" placeholder=\"reCaptcha Response Here\">\r\n\t\t<\/textarea>\r\n\t<\/div>\r\n<\/noscript>\r\n<\/span>\n<\/p>\n<p><input class=\"wpcf7-form-control wpcf7-submit has-spinner form-submit\" type=\"submit\" value=\"Envoyer\" \/>\n<\/p><p style=\"display: none !important;\" class=\"akismet-fields-container\" data-prefix=\"_wpcf7_ak_\"><label>&#916;<textarea name=\"_wpcf7_ak_hp_textarea\" cols=\"45\" rows=\"8\" maxlength=\"100\"><\/textarea><\/label><input type=\"hidden\" id=\"ak_js_1\" name=\"_wpcf7_ak_js\" value=\"117\"\/><script>document.getElementById( \"ak_js_1\" ).setAttribute( \"value\", ( new Date() ).getTime() );<\/script><\/p><div class=\"wpcf7-response-output\" aria-hidden=\"true\"><\/div>\n<\/form>\n<\/div>\n<\/div>\n                    <\/div>\n    <\/div>\n<\/section>","protected":false},"excerpt":{"rendered":"","protected":false},"author":1,"featured_media":0,"parent":0,"menu_order":0,"comment_status":"closed","ping_status":"closed","template":"","meta":{"footnotes":""},"class_list":["post-11730","page","type-page","status-publish","hentry"],"_links":{"self":[{"href":"https:\/\/eurotransis.com\/fr\/wp-json\/wp\/v2\/pages\/11730","targetHints":{"allow":["GET"]}}],"collection":[{"href":"https:\/\/eurotransis.com\/fr\/wp-json\/wp\/v2\/pages"}],"about":[{"href":"https:\/\/eurotransis.com\/fr\/wp-json\/wp\/v2\/types\/page"}],"author":[{"embeddable":true,"href":"https:\/\/eurotransis.com\/fr\/wp-json\/wp\/v2\/users\/1"}],"replies":[{"embeddable":true,"href":"https:\/\/eurotransis.com\/fr\/wp-json\/wp\/v2\/comments?post=11730"}],"version-history":[{"count":3,"href":"https:\/\/eurotransis.com\/fr\/wp-json\/wp\/v2\/pages\/11730\/revisions"}],"predecessor-version":[{"id":15394,"href":"https:\/\/eurotransis.com\/fr\/wp-json\/wp\/v2\/pages\/11730\/revisions\/15394"}],"wp:attachment":[{"href":"https:\/\/eurotransis.com\/fr\/wp-json\/wp\/v2\/media?parent=11730"}],"curies":[{"name":"wp","href":"https:\/\/api.w.org\/{rel}","templated":true}]}}