{"id":4433,"date":"2016-04-25T22:28:25","date_gmt":"2016-04-25T22:28:25","guid":{"rendered":"http:\/\/eurotransis.com\/fr\/?page_id=4433"},"modified":"2024-03-21T12:13:04","modified_gmt":"2024-03-21T11:13:04","slug":"avis-juridique","status":"publish","type":"page","link":"https:\/\/eurotransis.com\/fr\/avis-juridique\/","title":{"rendered":"Avis Juridique"},"content":{"rendered":"\n<div class=\"wp-block-group container-xl is-layout-constrained wp-block-group-is-layout-constrained\">\n<p style=\"text-align: justify;\">Avis l\u00e9gal: Saisie des donn\u00e9es dans la page web (LSSICE+LOPD)<\/p>\n<p style=\"text-align: justify;\">\u00ab\u00a0Conform\u00e9ment au r\u00e8glement g\u00e9n\u00e9ral de protection des donn\u00e9es (UE) 2016\/679 du parlement europ\u00e9en et du conseil de 27 de avril de 2018. On vous informe que les donn\u00e9es obtenus par vous seront objet de traitement par\u00a0\u00ab\u00a0Roltia Intralogistics SL\u00a0\u00bb avec CIF B14562987, situ\u00e9e \u00e0 CABRA (CORDOBA),C.P 14940 CARRETERA CASTRO DEL RIO N\u00ba26 ,APART .196 afin de r\u00e9aliser le service demand\u00e9 ou recrut\u00e9 ,effectuer la facturation.<\/p>\n<p style=\"text-align: justify;\">Le fondement juridique du traitement de ses donn\u00e9es est l\u2019ex\u00e9cution du service recrut\u00e9 \u00a0ou demand\u00e9s\u00a0 par vous. L\u2019offre prospective des produits et services est fond\u00e9e sur le consentement de celui qui la demande, dans aucun cas le retrait de cet consentement conditionne\u00a0 l\u2019ex\u00e9cution du contrat.<\/p>\n<p style=\"text-align: justify;\">Les donn\u00e9es fournies se conservent durant la relation commerciale ou pendant les ann\u00e9es n\u00e9cessaires pour respecter les obligations l\u00e9gales .Les donn\u00e9es fournies seront utilis\u00e9 exclusivement pour r\u00e9pondre \u00e0 la demande et ne seront dans aucun cas transmises sauf ou cas d\u2019obligation l\u00e9gal.<\/p>\n<p style=\"text-align: justify;\">Vous avez le droit d\u2019obtenir la confirmation de savoir que\u00ab\u00a0 Roltia Intralogistics SL\u00a0\u00bb traitent ses donn\u00e9es personnels par cons\u00e9quent vous avez le droit\u00a0 d\u2019exercer vos droits d\u2019acc\u00e8s, rectification, limite de traitement, transf\u00e9rabilit\u00e9, opposition au traitement, et suppression des donn\u00e9es ainsi comme saisir l\u2019autorit\u00e9 comp\u00e9tente d\u2019une r\u00e9clamation par \u00e9crit dirig\u00e9e a la direction postal d\u00e9j\u00e0 mentionn\u00e9e ou par email <a href=\"mailto:ets@eurotransis.com\">ets@eurotransis.com<\/a> en joignant une copie de la carte d\u2019identit\u00e9 dans les deux cas.<\/p>\n<p style=\"text-align: justify;\">Par ailleurs on demande votre autorisation pour vous fournir les produits et les services demand\u00e9s, offerts ou\/et commercialis\u00e9s par notre soci\u00e9t\u00e9 afin de fid\u00e9liser nos clients.<\/p>\n<p style=\"text-align: justify;\">\u00a0[\u00a0 ]\u00a0\u00a0 OUI<\/p>\n<p style=\"text-align: justify;\">\u00a0[\u00a0 ]\u00a0\u00a0 NON<\/p>\n<\/div>\n","protected":false},"excerpt":{"rendered":"<p>Avis l\u00e9gal: Saisie des donn\u00e9es dans la page web (LSSICE+LOPD) \u00ab\u00a0Conform\u00e9ment au r\u00e8glement g\u00e9n\u00e9ral de protection des donn\u00e9es (UE) 2016\/679 du parlement europ\u00e9en et du conseil de 27 de avril de 2018. On vous informe que les donn\u00e9es obtenus par vous seront objet de traitement par\u00a0\u00ab\u00a0Roltia Intralogistics SL\u00a0\u00bb avec CIF B14562987, situ\u00e9e \u00e0 CABRA (CORDOBA),C.P &hellip; <a href=\"https:\/\/eurotransis.com\/fr\/avis-juridique\/\">Voir plus<\/a><\/p>\n","protected":false},"author":1,"featured_media":0,"parent":0,"menu_order":0,"comment_status":"closed","ping_status":"closed","template":"","meta":{"footnotes":""},"class_list":["post-4433","page","type-page","status-publish","hentry"],"_links":{"self":[{"href":"https:\/\/eurotransis.com\/fr\/wp-json\/wp\/v2\/pages\/4433","targetHints":{"allow":["GET"]}}],"collection":[{"href":"https:\/\/eurotransis.com\/fr\/wp-json\/wp\/v2\/pages"}],"about":[{"href":"https:\/\/eurotransis.com\/fr\/wp-json\/wp\/v2\/types\/page"}],"author":[{"embeddable":true,"href":"https:\/\/eurotransis.com\/fr\/wp-json\/wp\/v2\/users\/1"}],"replies":[{"embeddable":true,"href":"https:\/\/eurotransis.com\/fr\/wp-json\/wp\/v2\/comments?post=4433"}],"version-history":[{"count":1,"href":"https:\/\/eurotransis.com\/fr\/wp-json\/wp\/v2\/pages\/4433\/revisions"}],"predecessor-version":[{"id":12204,"href":"https:\/\/eurotransis.com\/fr\/wp-json\/wp\/v2\/pages\/4433\/revisions\/12204"}],"wp:attachment":[{"href":"https:\/\/eurotransis.com\/fr\/wp-json\/wp\/v2\/media?parent=4433"}],"curies":[{"name":"wp","href":"https:\/\/api.w.org\/{rel}","templated":true}]}}