{"id":4457,"date":"2016-03-31T07:36:16","date_gmt":"2016-03-31T07:36:16","guid":{"rendered":"http:\/\/eurotransis.com\/fr\/empresa\/"},"modified":"2024-08-05T08:03:58","modified_gmt":"2024-08-05T06:03:58","slug":"connaissez-nous","status":"publish","type":"page","link":"https:\/\/eurotransis.com\/fr\/connaissez-nous\/","title":{"rendered":"Connaissez-nous"},"content":{"rendered":"<section class=\"block-text\">\n    <div class=\"container-xl\">\n        \n                    <div class=\"title\">Roltia<\/div>\n        \n                    <div class=\"text\"><p>Roltia est une industrie m\u00e9tallurgique avec plus de 30 ans d&rsquo;exp\u00e9rience internationale dans le monde de la maintenance et des mines. Tout au long de ces ann\u00e9es, nous nous sommes efforc\u00e9s de cro\u00eetre professionnellement vers de nouveaux march\u00e9s pour conna\u00eetre de premi\u00e8re main les nouvelles technologies du secteur et am\u00e9liorer le service technique, productif et de conception de nos produits.<\/p>\n<\/div>\n            <\/div>\n<\/section>\n\n<div class=\"block-counters\">\n    <div class=\"container-xl\">\n        <div class=\"wrap-counters\">\n                            <div class=\"item-counter\">\n                    <div class=\"data-counter\">\n                                                <span class=\"data counter_effect\" data-count=\"12\">0<\/span><span class=\"suffix\">mille m\u00b2<\/span>\n                    <\/div>\n                    <span class=\"description\">d&#039;installations<\/span>\n                <\/div>\n                            <div class=\"item-counter\">\n                    <div class=\"data-counter\">\n                                                <span class=\"prefix\">+<\/span><span class=\"data counter_effect\" data-count=\"30\">0<\/span>\n                    <\/div>\n                    <span class=\"description\">ans d&#039;exp\u00e9rience en entreprise<\/span>\n                <\/div>\n                            <div class=\"item-counter\">\n                    <div class=\"data-counter\">\n                                                <span class=\"prefix\">+<\/span><span class=\"data counter_effect\" data-count=\"60\">0<\/span>\n                    <\/div>\n                    <span class=\"description\">professionnels qualifi\u00e9s<\/span>\n                <\/div>\n                    <\/div>\n    <\/div>\n<\/div>\n\n\n<section class=\"block-media-and-text-2-equal-column closed\">\n    <div class=\"container-xl wrap-media-and-text-2-equal-column\">\n        <div class=\"wrap_text \">\n                            <div class=\"titles\">\n                    <div class=\"title\"><p>Roltia dans + 55 pays<\/p> <\/div>\n                <\/div>\n            \n                            <div class=\"excerpt show\">\n                    <p>La croissance internationale de Roltia, actuellement pr\u00e9sente dans plus de 50 pays, nous permet de proposer nos produits dans diverses zones g\u00e9ographiques et de nous adapter aux besoins sp\u00e9cifiques de chaque march\u00e9. Notre port\u00e9e internationale refl\u00e8te notre engagement continu envers l&rsquo;excellence et la satisfaction de nos clients.<\/p>\n\n                                    <\/div>\n                    <\/div>\n\n        <figure class=\"  standar\">\n        <img loading=\"lazy\" decoding=\"async\" width=\"500\" height=\"281\" src=\"https:\/\/eurotransis.com\/wp-content\/uploads\/2024\/08\/experiencia-500x292-copia-2.png\" class=\"standar\" alt=\"\" srcset=\"https:\/\/eurotransis.com\/wp-content\/uploads\/2024\/08\/experiencia-500x292-copia-2.png 500w, https:\/\/eurotransis.com\/wp-content\/uploads\/2024\/08\/experiencia-500x292-copia-2-64x36.png 64w, https:\/\/eurotransis.com\/wp-content\/uploads\/2024\/08\/experiencia-500x292-copia-2-300x169.png 300w\" sizes=\"auto, (max-width: 500px) 100vw, 500px\" \/>\n    <\/figure>\n    <\/div>\n<\/section>\n\n\n<section class=\"block-media-and-text-2-equal-column closed\">\n    <div class=\"container-xl wrap-media-and-text-2-equal-column\">\n        <div class=\"wrap_text left\">\n                            <div class=\"titles\">\n                    <div class=\"title\"><p>12.000\u202fm\u00b2\u2028d&rsquo;installations<\/p> <\/div>\n                <\/div>\n            \n                            <div class=\"excerpt show\">\n                    <p>Nos installations, bas\u00e9es \u00e0 Cordoue, ont une superficie de 12.000 m\u00b2 \u00e9quip\u00e9es de processus de production automatis\u00e9s qui nous permettent de fabriquer de grandes s\u00e9ries de produits, tant standardis\u00e9s que ceux demand\u00e9s par chaque client, de mani\u00e8re totalement personnalis\u00e9e.<\/p>\n\n                                    <\/div>\n                    <\/div>\n\n        <figure class=\" left standar\">\n        <img loading=\"lazy\" decoding=\"async\" width=\"588\" height=\"343\" src=\"https:\/\/eurotransis.com\/wp-content\/uploads\/2024\/03\/instalaciones.jpg\" class=\"standar\" alt=\"\" srcset=\"https:\/\/eurotransis.com\/wp-content\/uploads\/2024\/03\/instalaciones.jpg 588w, https:\/\/eurotransis.com\/wp-content\/uploads\/2024\/03\/instalaciones-500x292.jpg 500w, https:\/\/eurotransis.com\/wp-content\/uploads\/2024\/03\/instalaciones-64x37.jpg 64w, https:\/\/eurotransis.com\/wp-content\/uploads\/2024\/03\/instalaciones-300x175.jpg 300w\" sizes=\"auto, (max-width: 588px) 100vw, 588px\" \/>\n    <\/figure>\n    <\/div>\n<\/section>\n\n\n<section class=\"block-media-and-text-2-equal-column closed\">\n    <div class=\"container-xl wrap-media-and-text-2-equal-column\">\n        <div class=\"wrap_text \">\n                            <div class=\"titles\">\n                    <div class=\"title\"><p>Equipe humaine + 60 personnes<\/p> <\/div>\n                <\/div>\n            \n                            <div class=\"excerpt show\">\n                    <p>Notre d\u00e9vouement \u00e0 l&rsquo;excellence et notre engagement envers la satisfaction de nos clients se refl\u00e8tent non seulement dans nos produits et services, mais \u00e9galement dans notre \u00e9quipe multidisciplinaire, solide et engag\u00e9e compos\u00e9e de professionnels qui d\u00e9fendent nos valeurs telles que la qualit\u00e9, l&rsquo;innovation, l&rsquo;efficacit\u00e9 et la gestion pour augmenter la rentabilit\u00e9 des entreprises.<\/p>\n\n                                    <\/div>\n                    <\/div>\n\n        <figure class=\"  standar\">\n        <img loading=\"lazy\" decoding=\"async\" width=\"588\" height=\"343\" src=\"https:\/\/eurotransis.com\/wp-content\/uploads\/2024\/03\/profesionales-cualificados.jpg\" class=\"standar\" alt=\"\" srcset=\"https:\/\/eurotransis.com\/wp-content\/uploads\/2024\/03\/profesionales-cualificados.jpg 588w, https:\/\/eurotransis.com\/wp-content\/uploads\/2024\/03\/profesionales-cualificados-500x292.jpg 500w, https:\/\/eurotransis.com\/wp-content\/uploads\/2024\/03\/profesionales-cualificados-64x37.jpg 64w, https:\/\/eurotransis.com\/wp-content\/uploads\/2024\/03\/profesionales-cualificados-300x175.jpg 300w\" sizes=\"auto, (max-width: 588px) 100vw, 588px\" \/>\n    <\/figure>\n    <\/div>\n<\/section>\n\n\n<section class=\"block-text-icon\">\n    <div class=\"container-xl\">\n        <div class=\"wrap-text-icon\">\n            <div class=\"text-content\">\n                                    <div class=\"title\">Crit\u00e8res de qualit\u00e9<\/div>\n                \n                                    <div class=\"text\"><p>Dans le but de r\u00e9pondre aux engagements et aux attentes de nos clients et \u00e0 la n\u00e9cessit\u00e9 de s&rsquo;adapter aux exigences l\u00e9gales, chez Roltia nous avons con\u00e7u une politique de qualit\u00e9 bas\u00e9e sur la norme UNE-EN ISO 9001:2015.<\/p>\n<p>Notre politique de qualit\u00e9 est r\u00e9gie par des lignes directrices telles que l&rsquo;engagement de mettre en \u0153uvre ce syst\u00e8me de gestion de la qualit\u00e9 et de le maintenir actuel et mis \u00e0 jour, en sensibilisant et en formant notre personnel pour maintenir un contr\u00f4le de qualit\u00e9 rigoureux, respecter les d\u00e9lais de livraison, offrir un support technique personnalis\u00e9 et rechercher une am\u00e9lioration continue dans tous les domaines nos services.<\/p><\/div>\n                            <\/div>\n            <div class=\"certification-icons\">\n                                                            <div class=\"certification-icon\">\n                            <img loading=\"lazy\" decoding=\"async\" width=\"150\" height=\"140\" src=\"https:\/\/eurotransis.com\/wp-content\/uploads\/2024\/03\/OCA-Global-e1772628065690-150x140.png\" class=\"attachment-thumbnail size-thumbnail\" alt=\"\" \/>\n                        <\/div>\n                                                                                <div class=\"certification-icon\">\n                            <img loading=\"lazy\" decoding=\"async\" width=\"150\" height=\"150\" src=\"https:\/\/eurotransis.com\/wp-content\/uploads\/2024\/03\/ATEX-150x150.png\" class=\"attachment-thumbnail size-thumbnail\" alt=\"\" srcset=\"https:\/\/eurotransis.com\/wp-content\/uploads\/2024\/03\/ATEX-150x150.png 150w, https:\/\/eurotransis.com\/wp-content\/uploads\/2024\/03\/ATEX-100x100.png 100w, https:\/\/eurotransis.com\/wp-content\/uploads\/2024\/03\/ATEX-64x64.png 64w, https:\/\/eurotransis.com\/wp-content\/uploads\/2024\/03\/ATEX.png 167w\" sizes=\"auto, (max-width: 150px) 100vw, 150px\" \/>\n                        <\/div>\n                                                <\/div>\n        <\/div>\n    <\/div>\n<\/section>","protected":false},"excerpt":{"rendered":"","protected":false},"author":1,"featured_media":11621,"parent":0,"menu_order":0,"comment_status":"closed","ping_status":"closed","template":"templates\/bg-header-page.blade.php","meta":{"footnotes":""},"class_list":["post-4457","page","type-page","status-publish","has-post-thumbnail","hentry"],"_links":{"self":[{"href":"https:\/\/eurotransis.com\/fr\/wp-json\/wp\/v2\/pages\/4457","targetHints":{"allow":["GET"]}}],"collection":[{"href":"https:\/\/eurotransis.com\/fr\/wp-json\/wp\/v2\/pages"}],"about":[{"href":"https:\/\/eurotransis.com\/fr\/wp-json\/wp\/v2\/types\/page"}],"author":[{"embeddable":true,"href":"https:\/\/eurotransis.com\/fr\/wp-json\/wp\/v2\/users\/1"}],"replies":[{"embeddable":true,"href":"https:\/\/eurotransis.com\/fr\/wp-json\/wp\/v2\/comments?post=4457"}],"version-history":[{"count":5,"href":"https:\/\/eurotransis.com\/fr\/wp-json\/wp\/v2\/pages\/4457\/revisions"}],"predecessor-version":[{"id":14768,"href":"https:\/\/eurotransis.com\/fr\/wp-json\/wp\/v2\/pages\/4457\/revisions\/14768"}],"wp:featuredmedia":[{"embeddable":true,"href":"https:\/\/eurotransis.com\/fr\/wp-json\/wp\/v2\/media\/11621"}],"wp:attachment":[{"href":"https:\/\/eurotransis.com\/fr\/wp-json\/wp\/v2\/media?parent=4457"}],"curies":[{"name":"wp","href":"https:\/\/api.w.org\/{rel}","templated":true}]}}