{"id":4506,"date":"2016-04-01T07:59:39","date_gmt":"2016-04-01T07:59:39","guid":{"rendered":"http:\/\/eurotransis.com\/fr\/politica-de-cookies\/"},"modified":"2024-03-21T12:13:56","modified_gmt":"2024-03-21T11:13:56","slug":"politica-de-cookies","status":"publish","type":"page","link":"https:\/\/eurotransis.com\/fr\/politica-de-cookies\/","title":{"rendered":"Politique en mati\u00e8re de cookies"},"content":{"rendered":"\n<div class=\"wp-block-group container-xl is-layout-constrained wp-block-group-is-layout-constrained\">\n<p style=\"text-align: justify;\">On vous informe que notre page web utilise des cookies pour analyser la navigation des utilisateurs. Si vous continuez \u00e0 naviguer, vous acceptez les conditions d\u2019utilisation.<\/p>\n<p style=\"text-align: justify;\">Les cookies sont des fichiers install\u00e9s dans l\u2019\u00e9quipe \u00e0 partir duquel vous acc\u00e9dez \u00e0 notre page web conform\u00e9ment aux finalit\u00e9s indiqu\u00e9es dans cette page.<\/p>\n<p style=\"text-align: justify;\">L\u2019application qu\u2019on utilise pour obtenir et analyser l\u2019information de la navigation est\u00a0:<\/p>\n<p style=\"text-align: justify;\">Google Analytics\u00a0: <a href=\"http:\/\/www.google.com\/analytics\/\" target=\"_blank\" rel=\"noopener\">www.google.com\/analytics\/<\/a> <a href=\"http:\/\/www.google.es\/intl\/es\/analytics\/privacyoverview.html\" target=\"_blank\" rel=\"noopener\">http:\/\/www.google.es\/intl\/es\/analytics\/privacyoverview.html<\/a><\/p>\n<p style=\"text-align: justify;\">Cette application a \u00e9t\u00e9 d\u00e9velopp\u00e9e par Google et le service d\u2019analyse de l\u2019audience de notre page web. Cette soci\u00e9t\u00e9 peut utiliser ces donn\u00e9es pour am\u00e9liorer ses propres services et pour fournir services aux autres entreprises. Vous pouvez les connaitre dans les liens indiqu\u00e9s.<\/p>\n<p style=\"text-align: justify;\">L\u2019application no dispose pas des donn\u00e9es comme pr\u00e9noms et les noms des utilisateurs, ni la direction postal du lieu de connexion. L\u2019information que dispose est reli\u00e9e par exemple avec le num\u00e9ro des pages visit\u00e9es, la langue, r\u00e9seau social ou on publique nos actualit\u00e9s, la ville assign\u00e9e \u00e0 l\u2019adresse IP des utilisateurs, num\u00e9ro de visites, le temps de visite, le navigateur utilis\u00e9, syst\u00e8me d\u2019exploitation ou type de dispositif avec lequel r\u00e9alis\u00e9 la visite.<\/p>\n<p style=\"text-align: justify;\">On utilise les informations pour am\u00e9liorer notre page, d\u00e9tecter les nouveaux besoins et \u00e9valuer les am\u00e9liorations \u00e0 introduire afin de fournir un meilleur service aux utilisateurs.<\/p>\n<p style=\"text-align: justify;\">Pour permettre, connaitre, bloquer, ou supprimer les cookies install\u00e9s dans votre \u00e9quipe, vous pouvez les configurer dans les options du navigateur install\u00e9 de votre ordinateur.<\/p>\n<\/div>\n","protected":false},"excerpt":{"rendered":"<p>On vous informe que notre page web utilise des cookies pour analyser la navigation des utilisateurs. Si vous continuez \u00e0 naviguer, vous acceptez les conditions d\u2019utilisation. Les cookies sont des fichiers install\u00e9s dans l\u2019\u00e9quipe \u00e0 partir duquel vous acc\u00e9dez \u00e0 notre page web conform\u00e9ment aux finalit\u00e9s indiqu\u00e9es dans cette page. L\u2019application qu\u2019on utilise pour obtenir &hellip; <a href=\"https:\/\/eurotransis.com\/fr\/politica-de-cookies\/\">Voir plus<\/a><\/p>\n","protected":false},"author":1,"featured_media":0,"parent":0,"menu_order":0,"comment_status":"closed","ping_status":"closed","template":"","meta":{"footnotes":""},"class_list":["post-4506","page","type-page","status-publish","hentry"],"_links":{"self":[{"href":"https:\/\/eurotransis.com\/fr\/wp-json\/wp\/v2\/pages\/4506","targetHints":{"allow":["GET"]}}],"collection":[{"href":"https:\/\/eurotransis.com\/fr\/wp-json\/wp\/v2\/pages"}],"about":[{"href":"https:\/\/eurotransis.com\/fr\/wp-json\/wp\/v2\/types\/page"}],"author":[{"embeddable":true,"href":"https:\/\/eurotransis.com\/fr\/wp-json\/wp\/v2\/users\/1"}],"replies":[{"embeddable":true,"href":"https:\/\/eurotransis.com\/fr\/wp-json\/wp\/v2\/comments?post=4506"}],"version-history":[{"count":2,"href":"https:\/\/eurotransis.com\/fr\/wp-json\/wp\/v2\/pages\/4506\/revisions"}],"predecessor-version":[{"id":12207,"href":"https:\/\/eurotransis.com\/fr\/wp-json\/wp\/v2\/pages\/4506\/revisions\/12207"}],"wp:attachment":[{"href":"https:\/\/eurotransis.com\/fr\/wp-json\/wp\/v2\/media?parent=4506"}],"curies":[{"name":"wp","href":"https:\/\/api.w.org\/{rel}","templated":true}]}}