{"id":15790,"date":"2024-05-02T13:51:25","date_gmt":"2024-05-02T11:51:25","guid":{"rendered":"https:\/\/eurotransis.com\/tienda\/sin%20categor\u00eda\/transportador-rodillos-rectos-de-gravedad-transporte-pesado\/"},"modified":"2024-10-07T09:07:50","modified_gmt":"2024-10-07T07:07:50","slug":"convoyeur-gravitaire-droit-a-rouleaux-pour-le-transport-lourd","status":"publish","type":"product","link":"https:\/\/eurotransis.com\/fr\/boutique\/fabricant-convoyeurs-rouleaux-fr\/convoyeurs-droits-a-rouleaux-fr\/convoyeur-gravitaire-a-rouleaux-fr\/transport-lourd-fr\/convoyeur-gravitaire-droit-a-rouleaux-pour-le-transport-lourd\/","title":{"rendered":"Convoyeur gravitaire droit \u00e0 rouleaux pour le transport lourd"},"content":{"rendered":"<p>Ces convoyeurs sont con\u00e7us pour faciliter le flux continu de mat\u00e9riaux et de produits dans les environnements industriels, optimisant ainsi les processus de production et de logistique.<\/p>\n<p>Les convoyeurs gravitaires \u00e0 rouleaux sont adapt\u00e9s aux besoins sp\u00e9cifiques de chaque client. Que vous ayez besoin de transporter des charges l\u00e9g\u00e8res ou lourdes, des objets volumineux ou petits. De plus, les syst\u00e8mes peuvent \u00eatre personnalis\u00e9s en termes de dimensions, de capacit\u00e9s de charge et de configuration pour r\u00e9pondre aux exigences de votre application.<\/p>\n<p>Nous utilisons toujours des mat\u00e9riaux de premi\u00e8re qualit\u00e9 et des technologies de pointe pour garantir la durabilit\u00e9 et la fiabilit\u00e9 de nos convoyeurs et rouleaux gravitaires. Pour y parvenir, l\u2019\u00e9quipe d\u2019experts en ing\u00e9nierie travaille en \u00e9troite collaboration avec le client pour comprendre ses besoins et proposer des solutions qui d\u00e9passent ses attentes.<\/p>\n<p><strong>Donn\u00e9es n\u00e9cessaires pour proposer\u00a0:<\/strong><\/p>\n<ul>\n<li>Largeur utile (mm)<\/li>\n<li>Longueur (mm)<\/li>\n<li>Hauteur de transport (mm)<\/li>\n<li>Dimensions du produit \u00e0 transporter (Hauteur, largeur et longueur)<\/li>\n<li>Poids du produit \u00e0 transporter (kg)<\/li>\n<li>Rails lat\u00e9raux (Oui\/Non)<\/li>\n<li>But\u00e9e finale (Oui\/Non)<\/li>\n<li>Finition (RAL\/Zingu\u00e9\/Inox)<\/li>\n<li>Autres informations compl\u00e9mentaires<\/li>\n<\/ul>\n","protected":false},"excerpt":{"rendered":"<p>Ces convoyeurs sont con\u00e7us pour faciliter le flux continu de mat\u00e9riaux et de produits dans les environnements industriels, optimisant ainsi les processus de production et de logistique. Les convoyeurs gravitaires \u00e0 rouleaux sont adapt\u00e9s aux besoins sp\u00e9cifiques de chaque client. Que vous ayez besoin de transporter des charges l\u00e9g\u00e8res ou lourdes, des objets volumineux ou &hellip; <a href=\"https:\/\/eurotransis.com\/fr\/boutique\/fabricant-convoyeurs-rouleaux-fr\/convoyeurs-droits-a-rouleaux-fr\/convoyeur-gravitaire-a-rouleaux-fr\/transport-lourd-fr\/convoyeur-gravitaire-droit-a-rouleaux-pour-le-transport-lourd\/\">Voir plus<\/a><\/p>\n","protected":false},"featured_media":13109,"comment_status":"closed","ping_status":"closed","template":"","meta":[],"product_brand":[],"product_cat":[682],"product_tag":[],"class_list":{"0":"post-15790","1":"product","2":"type-product","3":"status-publish","4":"has-post-thumbnail","6":"product_cat-transport-lourd-fr","8":"first","9":"instock","10":"shipping-taxable","11":"product-type-simple"},"_links":{"self":[{"href":"https:\/\/eurotransis.com\/fr\/wp-json\/wp\/v2\/product\/15790","targetHints":{"allow":["GET"]}}],"collection":[{"href":"https:\/\/eurotransis.com\/fr\/wp-json\/wp\/v2\/product"}],"about":[{"href":"https:\/\/eurotransis.com\/fr\/wp-json\/wp\/v2\/types\/product"}],"replies":[{"embeddable":true,"href":"https:\/\/eurotransis.com\/fr\/wp-json\/wp\/v2\/comments?post=15790"}],"wp:featuredmedia":[{"embeddable":true,"href":"https:\/\/eurotransis.com\/fr\/wp-json\/wp\/v2\/media\/13109"}],"wp:attachment":[{"href":"https:\/\/eurotransis.com\/fr\/wp-json\/wp\/v2\/media?parent=15790"}],"wp:term":[{"taxonomy":"product_brand","embeddable":true,"href":"https:\/\/eurotransis.com\/fr\/wp-json\/wp\/v2\/product_brand?post=15790"},{"taxonomy":"product_cat","embeddable":true,"href":"https:\/\/eurotransis.com\/fr\/wp-json\/wp\/v2\/product_cat?post=15790"},{"taxonomy":"product_tag","embeddable":true,"href":"https:\/\/eurotransis.com\/fr\/wp-json\/wp\/v2\/product_tag?post=15790"}],"curies":[{"name":"wp","href":"https:\/\/api.w.org\/{rel}","templated":true}]}}