{"id":16140,"date":"2024-08-22T08:19:44","date_gmt":"2024-08-22T06:19:44","guid":{"rendered":"https:\/\/eurotransis.com\/tienda\/sin%20categor\u00eda\/banda-modular\/"},"modified":"2024-10-09T10:58:15","modified_gmt":"2024-10-09T08:58:15","slug":"convoyeur-bande-modulaire","status":"publish","type":"product","link":"https:\/\/eurotransis.com\/fr\/boutique\/fabricant-convoyeurs-rouleaux-fr\/convoyeur-a-bande-modulaire-fr\/convoyeur-bande-modulaire\/","title":{"rendered":"Convoyeur \u00e0 bande modulaire"},"content":{"rendered":"<p>En tant que fabricant sp\u00e9cialis\u00e9, nous sommes fiers de proposer des convoyeurs \u00e0 bande modulaires de haute qualit\u00e9. Ces convoyeurs sont con\u00e7us pour s&rsquo;adapter \u00e0 une grande vari\u00e9t\u00e9 d&rsquo;applications telles que la manutention de produits alimentaires, de bouteilles, de canettes, entre autres.<\/p>\n<p>Notre \u00e9quipe d&rsquo;ing\u00e9nieurs hautement qualifi\u00e9s poss\u00e8de l&rsquo;exp\u00e9rience et les connaissances n\u00e9cessaires pour concevoir et fabriquer des convoyeurs \u00e0 bande modulaires qui r\u00e9pondent aux besoins de charge, de vitesse et d&rsquo;espace disponible de votre installation.<\/p>\n<p>Ces convoyeurs peuvent \u00eatre con\u00e7us en modules droits ou courbes jusqu&rsquo;\u00e0 180\u00ba, avec cadres en acier peint, zingu\u00e9 ou inoxydable, r\u00e9glage en hauteur, installation de but\u00e9es, inverseurs et autres types d&rsquo;accessoires, mains guides lat\u00e9raux simples et doubles avec r\u00e9glage horizontal et en hauteur.<\/p>\n<p><strong>Donn\u00e9es n\u00e9cessaires pour proposer\u00a0:<\/strong><\/p>\n<ul>\n<li>Longueur (mm)<\/li>\n<li>Largeur de bande nominale (mm)<\/li>\n<li>Hauteur de transport (mm)<\/li>\n<li>Vitesse de transport<\/li>\n<li>Dimensions du produit \u00e0 transporter (Hauteur, largeur et longueur)<\/li>\n<li>Poids du produit \u00e0 transporter (Kg)<\/li>\n<li>Type de maille modulaire (Eurobelt\/Forbo,) Des sp\u00e9cifications ?<\/li>\n<li>Bande alimentaire (Oui\/Non)<\/li>\n<li>Finition (peint RAL\/inox)<\/li>\n<li>Guides lat\u00e9raux (Oui\/Non)<\/li>\n<li>But\u00e9e final (Oui\/Non)<\/li>\n<li>Donn\u00e9es suppl\u00e9mentaires<\/li>\n<\/ul>\n","protected":false},"excerpt":{"rendered":"<p>En tant que fabricant sp\u00e9cialis\u00e9, nous sommes fiers de proposer des convoyeurs \u00e0 bande modulaires de haute qualit\u00e9. Ces convoyeurs sont con\u00e7us pour s&rsquo;adapter \u00e0 une grande vari\u00e9t\u00e9 d&rsquo;applications telles que la manutention de produits alimentaires, de bouteilles, de canettes, entre autres. Notre \u00e9quipe d&rsquo;ing\u00e9nieurs hautement qualifi\u00e9s poss\u00e8de l&rsquo;exp\u00e9rience et les connaissances n\u00e9cessaires pour concevoir &hellip; <a href=\"https:\/\/eurotransis.com\/fr\/boutique\/fabricant-convoyeurs-rouleaux-fr\/convoyeur-a-bande-modulaire-fr\/convoyeur-bande-modulaire\/\">Voir plus<\/a><\/p>\n","protected":false},"featured_media":17160,"comment_status":"closed","ping_status":"closed","template":"","meta":[],"product_brand":[],"product_cat":[540],"product_tag":[],"class_list":{"0":"post-16140","1":"product","2":"type-product","3":"status-publish","4":"has-post-thumbnail","6":"product_cat-convoyeur-a-bande-modulaire-fr","8":"first","9":"instock","10":"shipping-taxable","11":"product-type-simple"},"_links":{"self":[{"href":"https:\/\/eurotransis.com\/fr\/wp-json\/wp\/v2\/product\/16140","targetHints":{"allow":["GET"]}}],"collection":[{"href":"https:\/\/eurotransis.com\/fr\/wp-json\/wp\/v2\/product"}],"about":[{"href":"https:\/\/eurotransis.com\/fr\/wp-json\/wp\/v2\/types\/product"}],"replies":[{"embeddable":true,"href":"https:\/\/eurotransis.com\/fr\/wp-json\/wp\/v2\/comments?post=16140"}],"wp:featuredmedia":[{"embeddable":true,"href":"https:\/\/eurotransis.com\/fr\/wp-json\/wp\/v2\/media\/17160"}],"wp:attachment":[{"href":"https:\/\/eurotransis.com\/fr\/wp-json\/wp\/v2\/media?parent=16140"}],"wp:term":[{"taxonomy":"product_brand","embeddable":true,"href":"https:\/\/eurotransis.com\/fr\/wp-json\/wp\/v2\/product_brand?post=16140"},{"taxonomy":"product_cat","embeddable":true,"href":"https:\/\/eurotransis.com\/fr\/wp-json\/wp\/v2\/product_cat?post=16140"},{"taxonomy":"product_tag","embeddable":true,"href":"https:\/\/eurotransis.com\/fr\/wp-json\/wp\/v2\/product_tag?post=16140"}],"curies":[{"name":"wp","href":"https:\/\/api.w.org\/{rel}","templated":true}]}}