{"id":16156,"date":"2024-05-02T14:34:17","date_gmt":"2024-05-02T12:34:17","guid":{"rendered":"https:\/\/eurotransis.com\/tienda\/sin%20categor\u00eda\/mesa-de-minicarriles\/"},"modified":"2024-10-10T10:50:16","modified_gmt":"2024-10-10T08:50:16","slug":"table-mini-rail","status":"publish","type":"product","link":"https:\/\/eurotransis.com\/fr\/boutique\/fabricant-convoyeurs-rouleaux-fr\/autres-solutions-fr\/tableau-d-accumulation-de-produits-fr\/table-mini-rail\/","title":{"rendered":"Table mini-rail"},"content":{"rendered":"<p>En tant que fabricants sp\u00e9cialis\u00e9s, nous sommes fiers de proposer des tables d&rsquo;accumulation de produits de haute qualit\u00e9, con\u00e7ues pour r\u00e9pondre aux besoins, facilitant le flux continu de mat\u00e9riaux et de produits dans les environnements industriels, optimisant les processus de production et de logistique.<\/p>\n<p>Nous utilisons toujours des mat\u00e9riaux de premi\u00e8re qualit\u00e9 et des technologies de pointe pour garantir la durabilit\u00e9 et la fiabilit\u00e9 de nos produits. Pour y parvenir, l\u2019\u00e9quipe d\u2019experts en ing\u00e9nierie travaille en \u00e9troite collaboration avec le client pour comprendre ses besoins et proposer des solutions qui d\u00e9passent ses attentes.<\/p>\n<p><strong>Donn\u00e9es n\u00e9cessaires pour proposer\u00a0:<\/strong><\/p>\n<ul>\n<li>Largeur utile (mm)<\/li>\n<li>Longueur (mm)<\/li>\n<li>Hauteur de transport (mm)<\/li>\n<li>Dimensions du produit \u00e0 transporter (Hauteur, largeur et longueur)<\/li>\n<li>Poids du produit \u00e0 transporter (kg)<\/li>\n<li>Guides lat\u00e9raux (Oui\/Non)<\/li>\n<li>But\u00e9e final (Oui\/Non)<\/li>\n<li>Autres informations compl\u00e9mentaires<\/li>\n<\/ul>\n","protected":false},"excerpt":{"rendered":"<p>En tant que fabricants sp\u00e9cialis\u00e9s, nous sommes fiers de proposer des tables d&rsquo;accumulation de produits de haute qualit\u00e9, con\u00e7ues pour r\u00e9pondre aux besoins, facilitant le flux continu de mat\u00e9riaux et de produits dans les environnements industriels, optimisant les processus de production et de logistique. Nous utilisons toujours des mat\u00e9riaux de premi\u00e8re qualit\u00e9 et des technologies &hellip; <a href=\"https:\/\/eurotransis.com\/fr\/boutique\/fabricant-convoyeurs-rouleaux-fr\/autres-solutions-fr\/tableau-d-accumulation-de-produits-fr\/table-mini-rail\/\">Voir plus<\/a><\/p>\n","protected":false},"featured_media":15073,"comment_status":"closed","ping_status":"closed","template":"","meta":[],"product_brand":[],"product_cat":[600],"product_tag":[],"class_list":{"0":"post-16156","1":"product","2":"type-product","3":"status-publish","4":"has-post-thumbnail","6":"product_cat-tableau-d-accumulation-de-produits-fr","8":"first","9":"instock","10":"shipping-taxable","11":"product-type-simple"},"_links":{"self":[{"href":"https:\/\/eurotransis.com\/fr\/wp-json\/wp\/v2\/product\/16156","targetHints":{"allow":["GET"]}}],"collection":[{"href":"https:\/\/eurotransis.com\/fr\/wp-json\/wp\/v2\/product"}],"about":[{"href":"https:\/\/eurotransis.com\/fr\/wp-json\/wp\/v2\/types\/product"}],"replies":[{"embeddable":true,"href":"https:\/\/eurotransis.com\/fr\/wp-json\/wp\/v2\/comments?post=16156"}],"wp:featuredmedia":[{"embeddable":true,"href":"https:\/\/eurotransis.com\/fr\/wp-json\/wp\/v2\/media\/15073"}],"wp:attachment":[{"href":"https:\/\/eurotransis.com\/fr\/wp-json\/wp\/v2\/media?parent=16156"}],"wp:term":[{"taxonomy":"product_brand","embeddable":true,"href":"https:\/\/eurotransis.com\/fr\/wp-json\/wp\/v2\/product_brand?post=16156"},{"taxonomy":"product_cat","embeddable":true,"href":"https:\/\/eurotransis.com\/fr\/wp-json\/wp\/v2\/product_cat?post=16156"},{"taxonomy":"product_tag","embeddable":true,"href":"https:\/\/eurotransis.com\/fr\/wp-json\/wp\/v2\/product_tag?post=16156"}],"curies":[{"name":"wp","href":"https:\/\/api.w.org\/{rel}","templated":true}]}}