{"id":16493,"date":"2024-09-26T13:02:09","date_gmt":"2024-10-08T06:40:35","guid":{"rendered":"https:\/\/eurotransis.com\/?post_type=product&#038;p=16493"},"modified":"2024-10-08T08:42:00","modified_gmt":"2024-10-08T06:42:00","slug":"convoyeur-a-bande","status":"publish","type":"product","link":"https:\/\/eurotransis.com\/fr\/boutique\/fabricant-convoyeurs-rouleaux-fr\/convoyeurs-a-bande-fr\/convoyeur-a-bande\/","title":{"rendered":"Convoyeur \u00e0 bande"},"content":{"rendered":"<p>Nos convoyeurs \u00e0 bande sont con\u00e7us pour faciliter le mouvement continu et s\u00fbr des produits le long d&rsquo;une ligne de production, adapt\u00e9s aux besoins de chaque client, r\u00e9pondant \u00e0 ses exigences en mati\u00e8re de capacit\u00e9, de vitesse, de configuration et de caract\u00e9ristiques sp\u00e9cifiques.<\/p>\n<p>Un convoyeur \u00e0 bande est une solution polyvalente et largement utilis\u00e9e dans l\u2019industrie, id\u00e9ale pour transporter une large gamme de mat\u00e9riaux, des produits l\u00e9gers aux charges lourdes.<\/p>\n<p>Qu\u2019il s\u2019agisse d\u2019un convoyeur \u00e0 bande droit, courbe, inclin\u00e9 ou \u00e0 particularit\u00e9s, nous pouvons apporter une solution adapt\u00e9e \u00e0 diff\u00e9rents types de produits et environnements industriels. Parmi ces industries, nous soulignons l\u2019alimentation, la pharmacie, l\u2019automobile, entre autres.<\/p>\n<p><strong>Donn\u00e9es n\u00e9cessaires pour proposer:<\/strong><\/p>\n<ul>\n<li>Longueur de l&rsquo;\u00e9quipement (mm)<\/li>\n<li>Largeur de bande (mm)<\/li>\n<li>Diam\u00e8tre du tambour<\/li>\n<li>Vitesse fixe (m\u00e8tres\/minute)<\/li>\n<li>Motor\u00e9ducteur (kW)<\/li>\n<li>Hauteur de travail d&rsquo;entr\u00e9e (mm)<\/li>\n<li>Hauteur de travail de sortie (mm)<\/li>\n<li>Position de travail<\/li>\n<li>Dimensions du produit \u00e0 transporter (Hauteur, largeur et longueur)<\/li>\n<li>Type de produit \u00e0 transporter<\/li>\n<li>Poids du produit \u00e0 transporter (kg)<\/li>\n<li>Autres informations compl\u00e9mentaires<\/li>\n<\/ul>\n","protected":false},"excerpt":{"rendered":"<p>Nos convoyeurs \u00e0 bande sont con\u00e7us pour faciliter le mouvement continu et s\u00fbr des produits le long d&rsquo;une ligne de production, adapt\u00e9s aux besoins de chaque client, r\u00e9pondant \u00e0 ses exigences en mati\u00e8re de capacit\u00e9, de vitesse, de configuration et de caract\u00e9ristiques sp\u00e9cifiques. Un convoyeur \u00e0 bande est une solution polyvalente et largement utilis\u00e9e dans &hellip; <a href=\"https:\/\/eurotransis.com\/fr\/boutique\/fabricant-convoyeurs-rouleaux-fr\/convoyeurs-a-bande-fr\/convoyeur-a-bande\/\">Voir plus<\/a><\/p>\n","protected":false},"featured_media":13079,"comment_status":"closed","ping_status":"closed","template":"","meta":[],"product_brand":[],"product_cat":[549],"product_tag":[],"class_list":{"0":"post-16493","1":"product","2":"type-product","3":"status-publish","4":"has-post-thumbnail","6":"product_cat-convoyeurs-a-bande-fr","8":"first","9":"instock","10":"shipping-taxable","11":"product-type-simple"},"_links":{"self":[{"href":"https:\/\/eurotransis.com\/fr\/wp-json\/wp\/v2\/product\/16493","targetHints":{"allow":["GET"]}}],"collection":[{"href":"https:\/\/eurotransis.com\/fr\/wp-json\/wp\/v2\/product"}],"about":[{"href":"https:\/\/eurotransis.com\/fr\/wp-json\/wp\/v2\/types\/product"}],"replies":[{"embeddable":true,"href":"https:\/\/eurotransis.com\/fr\/wp-json\/wp\/v2\/comments?post=16493"}],"wp:featuredmedia":[{"embeddable":true,"href":"https:\/\/eurotransis.com\/fr\/wp-json\/wp\/v2\/media\/13079"}],"wp:attachment":[{"href":"https:\/\/eurotransis.com\/fr\/wp-json\/wp\/v2\/media?parent=16493"}],"wp:term":[{"taxonomy":"product_brand","embeddable":true,"href":"https:\/\/eurotransis.com\/fr\/wp-json\/wp\/v2\/product_brand?post=16493"},{"taxonomy":"product_cat","embeddable":true,"href":"https:\/\/eurotransis.com\/fr\/wp-json\/wp\/v2\/product_cat?post=16493"},{"taxonomy":"product_tag","embeddable":true,"href":"https:\/\/eurotransis.com\/fr\/wp-json\/wp\/v2\/product_tag?post=16493"}],"curies":[{"name":"wp","href":"https:\/\/api.w.org\/{rel}","templated":true}]}}