{"id":16609,"date":"2016-04-25T10:05:34","date_gmt":"2016-04-25T10:05:34","guid":{"rendered":"https:\/\/eurotransis.com\/tienda\/non%20class\u00e9\/transportadores-de-roldanas-multidireccionales\/"},"modified":"2024-10-10T12:16:23","modified_gmt":"2024-10-10T10:16:23","slug":"transportadores-de-roldanas-multidireccionales","status":"publish","type":"product","link":"https:\/\/eurotransis.com\/fr\/boutique\/fabricant-convoyeurs-rouleaux-fr\/autres-solutions-fr\/convoyeur-a-galets-fr\/transportadores-de-roldanas-multidireccionales\/","title":{"rendered":"Convoyeurs \u00e0 galets multidirectionnels"},"content":{"rendered":"<p>En tant que fabricants sp\u00e9cialis\u00e9s, nous sommes fiers d&rsquo;offrir des produits de haute qualit\u00e9 tels que des tables transporteuses \u00e0 galets, con\u00e7ues pour r\u00e9pondre aux besoins, faciliter le flux continu de mat\u00e9riaux et de produits, en optimisant les processus de production et de logistique.<\/p>\n<p>Nous utilisons toujours des mat\u00e9riaux de premi\u00e8re qualit\u00e9 et des technologies de pointe pour garantir la durabilit\u00e9 et la fiabilit\u00e9 de nos produits. Pour y parvenir, l\u2019\u00e9quipe d\u2019experts en ing\u00e9nierie travaille en \u00e9troite collaboration avec le client pour comprendre ses besoins et proposer des solutions qui d\u00e9passent ses attentes.<\/p>\n<p><strong>Donn\u00e9es n\u00e9cessaires pour proposer\u00a0:<\/strong><\/p>\n<ul>\n<li>Longueur (mm)<\/li>\n<li>Largeur totale de la table (mm)<\/li>\n<li>Diam\u00e8tre de la poulie<\/li>\n<li>Passage longitudinal entre galets<\/li>\n<li>Passage transversal entre galets<\/li>\n<li>Hauteur de travail (mm)<\/li>\n<li>Dimensions du produit \u00e0 transporter (Hauteur, largeur et longueur)<\/li>\n<li>Poids du produit \u00e0 transporter<\/li>\n<li>Guides lat\u00e9raux (Oui\/Non)<\/li>\n<li>But\u00e9e final (Oui\/Non)<\/li>\n<li>Donn\u00e9es suppl\u00e9mentaires<\/li>\n<\/ul>\n","protected":false},"excerpt":{"rendered":"<p>En tant que fabricants sp\u00e9cialis\u00e9s, nous sommes fiers d&rsquo;offrir des produits de haute qualit\u00e9 tels que des tables transporteuses \u00e0 galets, con\u00e7ues pour r\u00e9pondre aux besoins, faciliter le flux continu de mat\u00e9riaux et de produits, en optimisant les processus de production et de logistique. Nous utilisons toujours des mat\u00e9riaux de premi\u00e8re qualit\u00e9 et des technologies &hellip; <a href=\"https:\/\/eurotransis.com\/fr\/boutique\/fabricant-convoyeurs-rouleaux-fr\/autres-solutions-fr\/convoyeur-a-galets-fr\/transportadores-de-roldanas-multidireccionales\/\">Voir plus<\/a><\/p>\n","protected":false},"featured_media":15045,"comment_status":"closed","ping_status":"closed","template":"","meta":[],"product_brand":[],"product_cat":[606],"product_tag":[],"class_list":{"0":"post-16609","1":"product","2":"type-product","3":"status-publish","4":"has-post-thumbnail","6":"product_cat-convoyeur-a-galets-fr","8":"first","9":"instock","10":"shipping-taxable","11":"product-type-simple"},"_links":{"self":[{"href":"https:\/\/eurotransis.com\/fr\/wp-json\/wp\/v2\/product\/16609","targetHints":{"allow":["GET"]}}],"collection":[{"href":"https:\/\/eurotransis.com\/fr\/wp-json\/wp\/v2\/product"}],"about":[{"href":"https:\/\/eurotransis.com\/fr\/wp-json\/wp\/v2\/types\/product"}],"replies":[{"embeddable":true,"href":"https:\/\/eurotransis.com\/fr\/wp-json\/wp\/v2\/comments?post=16609"}],"wp:featuredmedia":[{"embeddable":true,"href":"https:\/\/eurotransis.com\/fr\/wp-json\/wp\/v2\/media\/15045"}],"wp:attachment":[{"href":"https:\/\/eurotransis.com\/fr\/wp-json\/wp\/v2\/media?parent=16609"}],"wp:term":[{"taxonomy":"product_brand","embeddable":true,"href":"https:\/\/eurotransis.com\/fr\/wp-json\/wp\/v2\/product_brand?post=16609"},{"taxonomy":"product_cat","embeddable":true,"href":"https:\/\/eurotransis.com\/fr\/wp-json\/wp\/v2\/product_cat?post=16609"},{"taxonomy":"product_tag","embeddable":true,"href":"https:\/\/eurotransis.com\/fr\/wp-json\/wp\/v2\/product_tag?post=16609"}],"curies":[{"name":"wp","href":"https:\/\/api.w.org\/{rel}","templated":true}]}}