{"id":16615,"date":"2024-08-22T08:24:16","date_gmt":"2024-08-22T06:24:16","guid":{"rendered":"https:\/\/eurotransis.com\/tienda\/non%20class\u00e9\/turner-with-double-trml\/"},"modified":"2024-10-10T13:53:37","modified_gmt":"2024-10-10T11:53:37","slug":"tourneur-double-trml","status":"publish","type":"product","link":"https:\/\/eurotransis.com\/fr\/boutique\/fabricant-convoyeurs-rouleaux-fr\/autres-solutions-fr\/tourneur-double-trml-fr\/tourneur-double-trml\/","title":{"rendered":"Tourneur double TRML"},"content":{"rendered":"<p>En tant que fabricants sp\u00e9cialis\u00e9s, nous sommes fiers d&rsquo;offrir des produits de haute qualit\u00e9 tels que les tourneurs Double TRML, con\u00e7us pour r\u00e9pondre aux besoins, faciliter le flux continu de mat\u00e9riaux et de produits, optimisant les processus de production et de logistique.<\/p>\n<p>Nous utilisons toujours des mat\u00e9riaux de premi\u00e8re qualit\u00e9 et des technologies de pointe pour garantir la durabilit\u00e9 et la fiabilit\u00e9 de nos produits. Pour y parvenir, l\u2019\u00e9quipe d\u2019experts en ing\u00e9nierie travaille en \u00e9troite collaboration avec le client pour comprendre ses besoins et proposer des solutions qui d\u00e9passent ses attentes.<\/p>\n<p>Tourneurs construit avec une structure \u00e9lectro-soud\u00e9e de tubes rectangulaires formant une plate-forme double H, mont\u00e9e sur un ensemble de roulements axiaux et de roulements radiaux \u00e0 billes, et situ\u00e9e au repos cach\u00e9e entre les rouleaux.<\/p>\n","protected":false},"excerpt":{"rendered":"<p>En tant que fabricants sp\u00e9cialis\u00e9s, nous sommes fiers d&rsquo;offrir des produits de haute qualit\u00e9 tels que les tourneurs Double TRML, con\u00e7us pour r\u00e9pondre aux besoins, faciliter le flux continu de mat\u00e9riaux et de produits, optimisant les processus de production et de logistique. Nous utilisons toujours des mat\u00e9riaux de premi\u00e8re qualit\u00e9 et des technologies de pointe &hellip; <a href=\"https:\/\/eurotransis.com\/fr\/boutique\/fabricant-convoyeurs-rouleaux-fr\/autres-solutions-fr\/tourneur-double-trml-fr\/tourneur-double-trml\/\">Voir plus<\/a><\/p>\n","protected":false},"featured_media":15346,"comment_status":"closed","ping_status":"closed","template":"","meta":[],"product_brand":[],"product_cat":[702,584],"product_tag":[],"class_list":{"0":"post-16615","1":"product","2":"type-product","3":"status-publish","4":"has-post-thumbnail","6":"product_cat-tourneur-double-trml-fr","7":"product_cat-autres-solutions-fr","9":"first","10":"instock","11":"shipping-taxable","12":"product-type-simple"},"_links":{"self":[{"href":"https:\/\/eurotransis.com\/fr\/wp-json\/wp\/v2\/product\/16615","targetHints":{"allow":["GET"]}}],"collection":[{"href":"https:\/\/eurotransis.com\/fr\/wp-json\/wp\/v2\/product"}],"about":[{"href":"https:\/\/eurotransis.com\/fr\/wp-json\/wp\/v2\/types\/product"}],"replies":[{"embeddable":true,"href":"https:\/\/eurotransis.com\/fr\/wp-json\/wp\/v2\/comments?post=16615"}],"wp:featuredmedia":[{"embeddable":true,"href":"https:\/\/eurotransis.com\/fr\/wp-json\/wp\/v2\/media\/15346"}],"wp:attachment":[{"href":"https:\/\/eurotransis.com\/fr\/wp-json\/wp\/v2\/media?parent=16615"}],"wp:term":[{"taxonomy":"product_brand","embeddable":true,"href":"https:\/\/eurotransis.com\/fr\/wp-json\/wp\/v2\/product_brand?post=16615"},{"taxonomy":"product_cat","embeddable":true,"href":"https:\/\/eurotransis.com\/fr\/wp-json\/wp\/v2\/product_cat?post=16615"},{"taxonomy":"product_tag","embeddable":true,"href":"https:\/\/eurotransis.com\/fr\/wp-json\/wp\/v2\/product_tag?post=16615"}],"curies":[{"name":"wp","href":"https:\/\/api.w.org\/{rel}","templated":true}]}}