{"id":16642,"date":"2024-10-07T11:39:52","date_gmt":"2024-10-07T09:39:52","guid":{"rendered":"https:\/\/eurotransis.com\/tienda\/non%20class\u00e9\/tambor-libre\/"},"modified":"2024-10-14T07:26:09","modified_gmt":"2024-10-14T05:26:09","slug":"tambour-de-renvoi","status":"publish","type":"product","link":"https:\/\/eurotransis.com\/fr\/boutique\/tambours-fr\/tambour-de-renvoi\/","title":{"rendered":"Tambour de renvoi"},"content":{"rendered":"<p>Les tambours sont g\u00e9n\u00e9ralement fabriqu\u00e9s en acier au carbone ou en acier inoxydable, en fonction de facteurs tels que la r\u00e9sistance requise, la corrosion environnementale et la charge de travail. Les tambours en acier au carbone sont les plus courants en raison de leur r\u00e9sistance et de leur durabilit\u00e9, tandis que les poulies en acier inoxydable sont id\u00e9als pour les environnements corrosifs.<\/p>\n<p>Ils peuvent \u00eatre class\u00e9s en tambours de t\u00eate ou de traction, tambours de queue ou d&rsquo;avancement, tambours de flexion, contrepoids, etc. Les tambours de t\u00eate sont charg\u00e9s d&rsquo;assurer la traction de la bande transporteuse, les tambours de queue permettent le retour de la bande et les tambours d&rsquo;inflexion et de contrepoids g\u00e9n\u00e8rent la tension appropri\u00e9e pour un fonctionnement optimal de la bande.<\/p>\n<p>De plus, les tambours peuvent avoir des rev\u00eatements sp\u00e9ciaux pour am\u00e9liorer leurs performances et prolonger leur dur\u00e9e de vie. Certains des rev\u00eatements les plus courants sont le caoutchouc vulcanis\u00e9, lisse ou ray\u00e9 (losange, chevron, etc.) et d&rsquo;une duret\u00e9 standard de 70\u00b0 Sh. Ces rev\u00eatements peuvent offrir des propri\u00e9t\u00e9s telles qu&rsquo;une r\u00e9sistance \u00e0 l&rsquo;usure, une traction suppl\u00e9mentaire, une r\u00e9duction du bruit et une protection contre la corrosion.<\/p>\n<p>En r\u00e9sum\u00e9, le choix du type de tambour et du mat\u00e9riau appropri\u00e9, ainsi que l&rsquo;application de rev\u00eatements sp\u00e9cifiques, sont des aspects cl\u00e9s \u00e0 consid\u00e9rer pour garantir un fonctionnement optimal et efficace des bandes transporteuses dans diverses industries<\/p>\n<ul>\n<li><strong>TUBE<\/strong>. La virole du tambour est m\u00e9canis\u00e9e \u00e0 partir d&rsquo;une barre perfor\u00e9e sans soudure en acier E355, jusqu&rsquo;\u00e0 un diam\u00e8tre ext\u00e9rieur de 500 mm. Selon les besoins, le tambour peut \u00eatre usin\u00e9 avec une conicit\u00e9.<\/li>\n<\/ul>\n<ul>\n<li><strong>AXE<\/strong>. Fabriqu\u00e9 en acier lamin\u00e9 F-114 ou ST-52.<\/li>\n<\/ul>\n<ul>\n<li><strong>EMBOUT<\/strong>. Fabriqu\u00e9 \u00e0 partir de t\u00f4le d&rsquo;acier d\u00e9coup\u00e9e au laser.<\/li>\n<\/ul>\n<ul>\n<li><strong>EMBOUT USIN\u00c9 POUR MOYEU. <\/strong>Usin\u00e9 \u00e0 partir d&rsquo;acier lamin\u00e9 F-114 ou ST-52, avec des dimensions selon le moyeu de fixation de type Tollok.<\/li>\n<\/ul>\n","protected":false},"excerpt":{"rendered":"<p>Les tambours ou poulies sont des composants fondamentaux des bandes transporteuses, car ils sont charg\u00e9s de transmettre le mouvement et la traction n\u00e9cessaires au transport efficace des mat\u00e9riaux. Il existe diff\u00e9rents types de tambours utilis\u00e9s en fonction des besoins sp\u00e9cifiques de chaque application.<\/p>\n","protected":false},"featured_media":16524,"comment_status":"closed","ping_status":"closed","template":"","meta":[],"product_brand":[],"product_cat":[559],"product_tag":[],"class_list":{"0":"post-16642","1":"product","2":"type-product","3":"status-publish","4":"has-post-thumbnail","6":"product_cat-tambours-fr","8":"first","9":"instock","10":"shipping-taxable","11":"product-type-simple"},"_links":{"self":[{"href":"https:\/\/eurotransis.com\/fr\/wp-json\/wp\/v2\/product\/16642","targetHints":{"allow":["GET"]}}],"collection":[{"href":"https:\/\/eurotransis.com\/fr\/wp-json\/wp\/v2\/product"}],"about":[{"href":"https:\/\/eurotransis.com\/fr\/wp-json\/wp\/v2\/types\/product"}],"replies":[{"embeddable":true,"href":"https:\/\/eurotransis.com\/fr\/wp-json\/wp\/v2\/comments?post=16642"}],"wp:featuredmedia":[{"embeddable":true,"href":"https:\/\/eurotransis.com\/fr\/wp-json\/wp\/v2\/media\/16524"}],"wp:attachment":[{"href":"https:\/\/eurotransis.com\/fr\/wp-json\/wp\/v2\/media?parent=16642"}],"wp:term":[{"taxonomy":"product_brand","embeddable":true,"href":"https:\/\/eurotransis.com\/fr\/wp-json\/wp\/v2\/product_brand?post=16642"},{"taxonomy":"product_cat","embeddable":true,"href":"https:\/\/eurotransis.com\/fr\/wp-json\/wp\/v2\/product_cat?post=16642"},{"taxonomy":"product_tag","embeddable":true,"href":"https:\/\/eurotransis.com\/fr\/wp-json\/wp\/v2\/product_tag?post=16642"}],"curies":[{"name":"wp","href":"https:\/\/api.w.org\/{rel}","templated":true}]}}