{"id":19683,"date":"2024-12-02T14:45:50","date_gmt":"2024-12-02T13:45:50","guid":{"rendered":"https:\/\/eurotransis.com\/tienda\/non%20class\u00e9\/estacion-inferior-en-v\/"},"modified":"2025-02-20T09:53:56","modified_gmt":"2025-02-20T08:53:56","slug":"supports-inferieurs-v-fr","status":"publish","type":"product","link":"https:\/\/eurotransis.com\/fr\/boutique\/supports-fr\/inferieurs-fr\/supports-inferieurs-v-fr\/","title":{"rendered":"Supports inf\u00e9rieurs en V"},"content":{"rendered":"<table style=\"width: 100%;border-collapse: collapse;text-align: center\">\n<tbody>\n<tr>\n<td style=\"font-weight: bold;font-size: larger;padding: 10px\" colspan=\"15\"><b>SUPPORTS INF\u00c9RIEURS EN <\/b>V<\/td>\n<\/tr>\n<tr>\n<td><strong><b>LARGEUR\u00a0<\/b>DE BANDE<\/strong><\/td>\n<td><strong>\u00d8 ROULEAU<\/strong><\/td>\n<td><strong>\u03b2<\/strong><\/td>\n<td><strong>A<\/strong><\/td>\n<td><strong>B<\/strong><\/td>\n<td><strong>C<\/strong><\/td>\n<td><strong>D<\/strong><\/td>\n<td><strong>E<\/strong><\/td>\n<td><strong>F<\/strong><\/td>\n<td><strong>G<\/strong><\/td>\n<td><strong>H<\/strong><\/td>\n<td><strong>I<\/strong><\/td>\n<td><strong>J<\/strong><\/td>\n<td><strong>K<\/strong><\/td>\n<td><strong><b>POIDS\u00a0 <\/b>(Kg)<\/strong><\/td>\n<\/tr>\n<tr>\n<td rowspan=\"3\">800<\/td>\n<td>89<\/td>\n<td>10\u00ba<\/td>\n<td rowspan=\"3\">1150<\/td>\n<td rowspan=\"3\">200<\/td>\n<td rowspan=\"3\">475<\/td>\n<td rowspan=\"3\">465<\/td>\n<td rowspan=\"3\">25<\/td>\n<td rowspan=\"3\">20<\/td>\n<td rowspan=\"3\">50<\/td>\n<td rowspan=\"3\">6<\/td>\n<td rowspan=\"3\">60<\/td>\n<td rowspan=\"3\">24<\/td>\n<td rowspan=\"3\">18<\/td>\n<td>18.8<\/td>\n<\/tr>\n<tr>\n<td>108<\/td>\n<td>15\u00ba<\/td>\n<td>21<\/td>\n<\/tr>\n<tr>\n<td>133<\/td>\n<td>20\u00ba<\/td>\n<td>21<\/td>\n<\/tr>\n<tr>\n<td rowspan=\"3\">1000<\/td>\n<td>89<\/td>\n<td>10\u00ba<\/td>\n<td rowspan=\"3\">1350<\/td>\n<td rowspan=\"3\">225<\/td>\n<td rowspan=\"3\">610<\/td>\n<td rowspan=\"3\">490<\/td>\n<td rowspan=\"3\">25<\/td>\n<td rowspan=\"3\">20<\/td>\n<td rowspan=\"3\">50<\/td>\n<td rowspan=\"3\">6<\/td>\n<td rowspan=\"3\">60<\/td>\n<td rowspan=\"3\">24<\/td>\n<td rowspan=\"3\">18<\/td>\n<td>20.8<\/td>\n<\/tr>\n<tr>\n<td>108<\/td>\n<td>15\u00ba<\/td>\n<td>23<\/td>\n<\/tr>\n<tr>\n<td>133<\/td>\n<td>20\u00ba<\/td>\n<td>23<\/td>\n<\/tr>\n<tr>\n<td rowspan=\"3\">1200<\/td>\n<td>108<\/td>\n<td>10\u00ba<\/td>\n<td rowspan=\"3\">1600<\/td>\n<td rowspan=\"3\">250<\/td>\n<td rowspan=\"3\">710<\/td>\n<td rowspan=\"3\">515<\/td>\n<td rowspan=\"3\">27.5<\/td>\n<td rowspan=\"3\">40<\/td>\n<td rowspan=\"3\">65<\/td>\n<td rowspan=\"3\">8<\/td>\n<td rowspan=\"3\">80<\/td>\n<td rowspan=\"3\">24<\/td>\n<td rowspan=\"3\">18<\/td>\n<td>29.8<\/td>\n<\/tr>\n<tr>\n<td>133<\/td>\n<td>15\u00ba<\/td>\n<td>32<\/td>\n<\/tr>\n<tr>\n<td>159<\/td>\n<td>20\u00ba<\/td>\n<td>32<\/td>\n<\/tr>\n<tr>\n<td rowspan=\"3\">1400<\/td>\n<td>108<\/td>\n<td>10\u00ba<\/td>\n<td rowspan=\"3\">1800<\/td>\n<td rowspan=\"3\">275<\/td>\n<td rowspan=\"3\">810<\/td>\n<td rowspan=\"3\">540<\/td>\n<td rowspan=\"3\">27.5<\/td>\n<td rowspan=\"3\">40<\/td>\n<td rowspan=\"3\">65<\/td>\n<td rowspan=\"3\">8<\/td>\n<td rowspan=\"3\">80<\/td>\n<td rowspan=\"3\">24<\/td>\n<td rowspan=\"3\">18<\/td>\n<td>32.8<\/td>\n<\/tr>\n<tr>\n<td>133<\/td>\n<td>15\u00ba<\/td>\n<td>35<\/td>\n<\/tr>\n<tr>\n<td>159<\/td>\n<td>20\u00ba<\/td>\n<td>35<\/td>\n<\/tr>\n<tr>\n<td rowspan=\"3\">1600<\/td>\n<td>108<\/td>\n<td>10\u00ba<\/td>\n<td rowspan=\"3\">2050<\/td>\n<td rowspan=\"3\">300<\/td>\n<td rowspan=\"3\">910<\/td>\n<td rowspan=\"3\">565<\/td>\n<td rowspan=\"3\">30<\/td>\n<td rowspan=\"3\">40<\/td>\n<td rowspan=\"3\">75<\/td>\n<td rowspan=\"3\">8<\/td>\n<td rowspan=\"3\">80<\/td>\n<td rowspan=\"3\">24<\/td>\n<td rowspan=\"3\">18<\/td>\n<td>37.8<\/td>\n<\/tr>\n<tr>\n<td>133<\/td>\n<td>15\u00ba<\/td>\n<td>40<\/td>\n<\/tr>\n<tr>\n<td>159<\/td>\n<td>20\u00ba<\/td>\n<td>40<\/td>\n<\/tr>\n<tr>\n<td rowspan=\"3\">1800<\/td>\n<td>108<\/td>\n<td>10\u00ba<\/td>\n<td rowspan=\"3\">2250<\/td>\n<td rowspan=\"3\">325<\/td>\n<td rowspan=\"3\">1010<\/td>\n<td rowspan=\"3\">590<\/td>\n<td rowspan=\"3\">30<\/td>\n<td rowspan=\"3\">40<\/td>\n<td rowspan=\"3\">75<\/td>\n<td rowspan=\"3\">8<\/td>\n<td rowspan=\"3\">80<\/td>\n<td rowspan=\"3\">24<\/td>\n<td rowspan=\"3\">18<\/td>\n<td>40.8<\/td>\n<\/tr>\n<tr>\n<td>133<\/td>\n<td>15\u00ba<\/td>\n<td>43<\/td>\n<\/tr>\n<tr>\n<td>159<\/td>\n<td>20\u00ba<\/td>\n<td>43<\/td>\n<\/tr>\n<tr>\n<td rowspan=\"3\">2000<\/td>\n<td>108<\/td>\n<td>10\u00ba<\/td>\n<td rowspan=\"3\">2500<\/td>\n<td rowspan=\"3\">325<\/td>\n<td rowspan=\"3\">1110<\/td>\n<td rowspan=\"3\">615<\/td>\n<td rowspan=\"3\">30<\/td>\n<td rowspan=\"3\">40<\/td>\n<td rowspan=\"3\">75<\/td>\n<td rowspan=\"3\">8<\/td>\n<td rowspan=\"3\">80<\/td>\n<td rowspan=\"3\">24<\/td>\n<td rowspan=\"3\">18<\/td>\n<td>43.8<\/td>\n<\/tr>\n<tr>\n<td>133<\/td>\n<td>15\u00ba<\/td>\n<td>46<\/td>\n<\/tr>\n<tr>\n<td>159<\/td>\n<td>20\u00ba<\/td>\n<td>46<\/td>\n<\/tr>\n<\/tbody>\n<\/table>\n<table style=\"margin-left: auto;margin-right: auto;margin-top: 2%\">\n<tbody>\n<tr>\n<td style=\"font-weight: bold;font-size: larger;padding: 10px;background: #bbd1ea\">Notes<\/td>\n<\/tr>\n<tr>\n<td>Dimensions\u00a0en mm<\/td>\n<\/tr>\n<tr>\n<td>Poids sans rouleaux. Valeurs indicatives max et min des combinaisons possibles entre angles et rouleaux.<\/td>\n<\/tr>\n<\/tbody>\n<\/table>\n<p>&nbsp;<\/p>\n","protected":false},"excerpt":{"rendered":"<p>Fabriqu\u00e9 selon les normes DIN 22107 et ISO 1537, en t\u00f4le d&rsquo;acier au carbone noir d\u00e9coup\u00e9e au laser, pli\u00e9e et soud\u00e9e. Sur demande, il peut \u00eatre fabriqu\u00e9 avec d&rsquo;autres mesures ou certains traitements de surface tels que zingage, peinture, etc.<\/p>\n","protected":false},"featured_media":22119,"comment_status":"closed","ping_status":"closed","template":"","meta":[],"product_brand":[],"product_cat":[793,101],"product_tag":[],"class_list":{"0":"post-19683","1":"product","2":"type-product","3":"status-publish","4":"has-post-thumbnail","6":"product_cat-inferieurs-fr","7":"product_cat-supports-fr","9":"first","10":"instock","11":"shipping-taxable","12":"product-type-simple"},"_links":{"self":[{"href":"https:\/\/eurotransis.com\/fr\/wp-json\/wp\/v2\/product\/19683","targetHints":{"allow":["GET"]}}],"collection":[{"href":"https:\/\/eurotransis.com\/fr\/wp-json\/wp\/v2\/product"}],"about":[{"href":"https:\/\/eurotransis.com\/fr\/wp-json\/wp\/v2\/types\/product"}],"replies":[{"embeddable":true,"href":"https:\/\/eurotransis.com\/fr\/wp-json\/wp\/v2\/comments?post=19683"}],"wp:featuredmedia":[{"embeddable":true,"href":"https:\/\/eurotransis.com\/fr\/wp-json\/wp\/v2\/media\/22119"}],"wp:attachment":[{"href":"https:\/\/eurotransis.com\/fr\/wp-json\/wp\/v2\/media?parent=19683"}],"wp:term":[{"taxonomy":"product_brand","embeddable":true,"href":"https:\/\/eurotransis.com\/fr\/wp-json\/wp\/v2\/product_brand?post=19683"},{"taxonomy":"product_cat","embeddable":true,"href":"https:\/\/eurotransis.com\/fr\/wp-json\/wp\/v2\/product_cat?post=19683"},{"taxonomy":"product_tag","embeddable":true,"href":"https:\/\/eurotransis.com\/fr\/wp-json\/wp\/v2\/product_tag?post=19683"}],"curies":[{"name":"wp","href":"https:\/\/api.w.org\/{rel}","templated":true}]}}