{"id":19691,"date":"2024-12-03T17:45:08","date_gmt":"2024-12-03T16:45:08","guid":{"rendered":"https:\/\/eurotransis.com\/tienda\/non%20class\u00e9\/estacion-inferior-plana\/"},"modified":"2025-02-20T12:01:11","modified_gmt":"2025-02-20T11:01:11","slug":"supports-inferieurs-plats-fr","status":"publish","type":"product","link":"https:\/\/eurotransis.com\/fr\/boutique\/supports-fr\/inferieurs-fr\/supports-inferieurs-plats-fr\/","title":{"rendered":"Supports inf\u00e9rieurs plats"},"content":{"rendered":"<table style=\"width: 100%;border-collapse: collapse;text-align: center\">\n<tbody>\n<tr>\n<td style=\"font-weight: bold;font-size: larger;padding: 10px\" colspan=\"11\"><b>SUPPORTS INF\u00c9RIEURS PLATS<\/b><\/td>\n<\/tr>\n<tr>\n<td><strong><b>LARGEUR\u00a0<\/b>DE BANDE<\/strong><\/td>\n<td><strong>\u00d8 <b>ROULEAU<\/b><\/strong><\/td>\n<td><strong>A<\/strong><\/td>\n<td><strong>B<\/strong><\/td>\n<td><strong>C<\/strong><\/td>\n<td><strong>D<\/strong><\/td>\n<td><strong>E<\/strong><\/td>\n<td><strong>F<\/strong><\/td>\n<td><strong>G<\/strong><\/td>\n<td><strong>H<\/strong><\/td>\n<td><strong><b>POIDS\u00a0<\/b>(Kg)<\/strong><\/td>\n<\/tr>\n<tr>\n<td rowspan=\"2\">400<\/td>\n<td>63.5<\/td>\n<td rowspan=\"2\">700<\/td>\n<td rowspan=\"2\">510<\/td>\n<td rowspan=\"2\">6<\/td>\n<td rowspan=\"2\">120<\/td>\n<td rowspan=\"2\">50<\/td>\n<td rowspan=\"2\">60<\/td>\n<td rowspan=\"2\">20<\/td>\n<td rowspan=\"2\">25<\/td>\n<td rowspan=\"2\">2<\/td>\n<\/tr>\n<tr>\n<td>89<\/td>\n<\/tr>\n<tr>\n<td rowspan=\"2\">500<\/td>\n<td>63.5<\/td>\n<td rowspan=\"2\">800<\/td>\n<td rowspan=\"2\">610<\/td>\n<td rowspan=\"2\">6<\/td>\n<td rowspan=\"2\">120<\/td>\n<td rowspan=\"2\">50<\/td>\n<td rowspan=\"2\">60<\/td>\n<td rowspan=\"2\">20<\/td>\n<td rowspan=\"2\">25<\/td>\n<td rowspan=\"2\">2<\/td>\n<\/tr>\n<tr>\n<td>89<\/td>\n<\/tr>\n<tr>\n<td rowspan=\"2\">650<\/td>\n<td>63.5<\/td>\n<td rowspan=\"2\">950<\/td>\n<td rowspan=\"2\">760<\/td>\n<td rowspan=\"2\">6<\/td>\n<td rowspan=\"2\">130<\/td>\n<td rowspan=\"2\">60<\/td>\n<td rowspan=\"2\">80<\/td>\n<td rowspan=\"2\">20<\/td>\n<td rowspan=\"2\">35<\/td>\n<td rowspan=\"2\">2.6<\/td>\n<\/tr>\n<tr>\n<td>89<\/td>\n<\/tr>\n<tr>\n<td rowspan=\"2\">800<\/td>\n<td>89<\/td>\n<td rowspan=\"2\">1150<\/td>\n<td rowspan=\"2\">960<\/td>\n<td rowspan=\"2\">6<\/td>\n<td rowspan=\"2\">130<\/td>\n<td rowspan=\"2\">60<\/td>\n<td rowspan=\"2\">80<\/td>\n<td rowspan=\"2\">20<\/td>\n<td rowspan=\"2\">35<\/td>\n<td rowspan=\"2\">2.6<\/td>\n<\/tr>\n<tr>\n<td>108<\/td>\n<\/tr>\n<tr>\n<td rowspan=\"3\">1000<\/td>\n<td>89<\/td>\n<td rowspan=\"3\">1350<\/td>\n<td rowspan=\"3\">1160<\/td>\n<td rowspan=\"3\">8<\/td>\n<td rowspan=\"3\">140<\/td>\n<td rowspan=\"3\">75<\/td>\n<td rowspan=\"3\">80<\/td>\n<td rowspan=\"3\">24<\/td>\n<td rowspan=\"3\">35<\/td>\n<td rowspan=\"3\">3.5<\/td>\n<\/tr>\n<tr>\n<td>108<\/td>\n<\/tr>\n<tr>\n<td>133<\/td>\n<\/tr>\n<tr>\n<td rowspan=\"3\">1200<\/td>\n<td>108<\/td>\n<td rowspan=\"3\">1600<\/td>\n<td rowspan=\"3\">1410<\/td>\n<td rowspan=\"3\">8<\/td>\n<td rowspan=\"3\">140<\/td>\n<td rowspan=\"3\">75<\/td>\n<td rowspan=\"3\">80<\/td>\n<td rowspan=\"3\">24<\/td>\n<td rowspan=\"3\">35<\/td>\n<td rowspan=\"3\">3.5<\/td>\n<\/tr>\n<tr>\n<td>133<\/td>\n<\/tr>\n<tr>\n<td>159<\/td>\n<\/tr>\n<tr>\n<td rowspan=\"3\">1400<\/td>\n<td>108<\/td>\n<td rowspan=\"3\">1800<\/td>\n<td rowspan=\"3\">1610<\/td>\n<td rowspan=\"3\">8<\/td>\n<td rowspan=\"3\">140<\/td>\n<td rowspan=\"3\">75<\/td>\n<td rowspan=\"3\">80<\/td>\n<td rowspan=\"3\">24<\/td>\n<td rowspan=\"3\">35<\/td>\n<td rowspan=\"3\">3.5<\/td>\n<\/tr>\n<tr>\n<td>133<\/td>\n<\/tr>\n<tr>\n<td>159<\/td>\n<\/tr>\n<tr>\n<td rowspan=\"3\">1600<\/td>\n<td>133<\/td>\n<td rowspan=\"3\">2050<\/td>\n<td rowspan=\"3\">1810<\/td>\n<td rowspan=\"3\">8<\/td>\n<td rowspan=\"3\">150<\/td>\n<td rowspan=\"3\">90<\/td>\n<td rowspan=\"3\">100<\/td>\n<td rowspan=\"3\">24<\/td>\n<td rowspan=\"3\">45<\/td>\n<td rowspan=\"3\">4.5<\/td>\n<\/tr>\n<tr>\n<td>159<\/td>\n<\/tr>\n<tr>\n<td>193.7<\/td>\n<\/tr>\n<tr>\n<td rowspan=\"3\">1800<\/td>\n<td>133<\/td>\n<td rowspan=\"3\">2250<\/td>\n<td rowspan=\"3\">2010<\/td>\n<td rowspan=\"3\">8<\/td>\n<td rowspan=\"3\">150<\/td>\n<td rowspan=\"3\">90<\/td>\n<td rowspan=\"3\">100<\/td>\n<td rowspan=\"3\">24<\/td>\n<td rowspan=\"3\">45<\/td>\n<td rowspan=\"3\">4.5<\/td>\n<\/tr>\n<tr>\n<td>159<\/td>\n<\/tr>\n<tr>\n<td>193.7<\/td>\n<\/tr>\n<tr>\n<td rowspan=\"3\">2000<\/td>\n<td>133<\/td>\n<td rowspan=\"3\">2500<\/td>\n<td rowspan=\"3\">2210<\/td>\n<td rowspan=\"3\">8<\/td>\n<td rowspan=\"3\">150<\/td>\n<td rowspan=\"3\">90<\/td>\n<td rowspan=\"3\">100<\/td>\n<td rowspan=\"3\">24<\/td>\n<td rowspan=\"3\">45<\/td>\n<td rowspan=\"3\">4.5<\/td>\n<\/tr>\n<tr>\n<td>159<\/td>\n<\/tr>\n<tr>\n<td>193.7<\/td>\n<\/tr>\n<\/tbody>\n<\/table>\n<table style=\"margin-left: auto;margin-right: auto;margin-top: 2%\">\n<tbody>\n<tr>\n<td style=\"font-weight: bold;font-size: larger;padding: 10px;background: #bbd1ea\">Notes<\/td>\n<\/tr>\n<tr>\n<td>Dimensions\u00a0en mm.<\/td>\n<\/tr>\n<tr>\n<td>Poids sans rouleaux.<\/td>\n<\/tr>\n<\/tbody>\n<\/table>\n<p>&nbsp;<\/p>\n","protected":false},"excerpt":{"rendered":"<p>Fabriqu\u00e9 selon les normes DIN 22107 et ISO 1537, en t\u00f4le d&rsquo;acier au carbone noir d\u00e9coup\u00e9e au laser, pli\u00e9e et soud\u00e9e. Sur demande, il peut \u00eatre fabriqu\u00e9 avec d&rsquo;autres mesures ou certains traitements de surface tels que zingage, peinture, etc.<\/p>\n","protected":false},"featured_media":22136,"comment_status":"closed","ping_status":"closed","template":"","meta":[],"product_brand":[],"product_cat":[793,101],"product_tag":[],"class_list":{"0":"post-19691","1":"product","2":"type-product","3":"status-publish","4":"has-post-thumbnail","6":"product_cat-inferieurs-fr","7":"product_cat-supports-fr","9":"first","10":"instock","11":"shipping-taxable","12":"product-type-simple"},"_links":{"self":[{"href":"https:\/\/eurotransis.com\/fr\/wp-json\/wp\/v2\/product\/19691","targetHints":{"allow":["GET"]}}],"collection":[{"href":"https:\/\/eurotransis.com\/fr\/wp-json\/wp\/v2\/product"}],"about":[{"href":"https:\/\/eurotransis.com\/fr\/wp-json\/wp\/v2\/types\/product"}],"replies":[{"embeddable":true,"href":"https:\/\/eurotransis.com\/fr\/wp-json\/wp\/v2\/comments?post=19691"}],"wp:featuredmedia":[{"embeddable":true,"href":"https:\/\/eurotransis.com\/fr\/wp-json\/wp\/v2\/media\/22136"}],"wp:attachment":[{"href":"https:\/\/eurotransis.com\/fr\/wp-json\/wp\/v2\/media?parent=19691"}],"wp:term":[{"taxonomy":"product_brand","embeddable":true,"href":"https:\/\/eurotransis.com\/fr\/wp-json\/wp\/v2\/product_brand?post=19691"},{"taxonomy":"product_cat","embeddable":true,"href":"https:\/\/eurotransis.com\/fr\/wp-json\/wp\/v2\/product_cat?post=19691"},{"taxonomy":"product_tag","embeddable":true,"href":"https:\/\/eurotransis.com\/fr\/wp-json\/wp\/v2\/product_tag?post=19691"}],"curies":[{"name":"wp","href":"https:\/\/api.w.org\/{rel}","templated":true}]}}