{"id":19695,"date":"2024-12-03T17:59:56","date_gmt":"2024-12-03T16:59:56","guid":{"rendered":"https:\/\/eurotransis.com\/tienda\/non%20class\u00e9\/estacion-inferior-plana-autocentrante\/"},"modified":"2025-02-20T13:58:00","modified_gmt":"2025-02-20T12:58:00","slug":"supports-inferieurs-plats-auto-centreurs-fr","status":"publish","type":"product","link":"https:\/\/eurotransis.com\/fr\/boutique\/supports-fr\/inferieurs-fr\/supports-inferieurs-plats-auto-centreurs-fr\/","title":{"rendered":"Supports inf\u00e9rieurs plats auto-centreurs"},"content":{"rendered":"<table style=\"width: 100%;border-collapse: collapse;text-align: center\">\n<tbody>\n<tr>\n<td style=\"font-weight: bold;font-size: larger;padding: 10px\" colspan=\"10\"><b>SUPPORTS INF\u00c9RIEURS PLATS AUTO-CENTREURS<\/b><\/td>\n<\/tr>\n<tr>\n<td><strong><b>LARGEUR\u00a0<\/b>DE BANDE<\/strong><\/td>\n<td><strong>\u00d8 <b>ROULEAU<\/b><\/strong><\/td>\n<td><strong>A<\/strong><\/td>\n<td><strong>B<\/strong><\/td>\n<td><strong>C<\/strong><\/td>\n<td><strong>D<\/strong><\/td>\n<td><strong>E<\/strong><\/td>\n<td><strong>F<\/strong><\/td>\n<td><strong>G<\/strong><\/td>\n<td><strong><b>POIDS\u00a0<\/b>(Kg)<\/strong><\/td>\n<\/tr>\n<tr>\n<td rowspan=\"2\">400<\/td>\n<td>63.5<\/td>\n<td rowspan=\"2\">700<\/td>\n<td rowspan=\"2\">500<\/td>\n<td rowspan=\"2\">510<\/td>\n<td>334<\/td>\n<td rowspan=\"2\">20<\/td>\n<td rowspan=\"2\">35<\/td>\n<td rowspan=\"2\">22.5<\/td>\n<td>19.8<\/td>\n<\/tr>\n<tr>\n<td>89<\/td>\n<td>345<\/td>\n<td>20<\/td>\n<\/tr>\n<tr>\n<td rowspan=\"2\">500<\/td>\n<td>63.5<\/td>\n<td rowspan=\"2\">800<\/td>\n<td rowspan=\"2\">600<\/td>\n<td rowspan=\"2\">610<\/td>\n<td>335<\/td>\n<td rowspan=\"2\">20<\/td>\n<td rowspan=\"2\">35<\/td>\n<td rowspan=\"2\">22.5<\/td>\n<td>20.8<\/td>\n<\/tr>\n<tr>\n<td>89<\/td>\n<td>345<\/td>\n<td>21<\/td>\n<\/tr>\n<tr>\n<td rowspan=\"2\">650<\/td>\n<td>89<\/td>\n<td rowspan=\"2\">950<\/td>\n<td rowspan=\"2\">750<\/td>\n<td rowspan=\"2\">760<\/td>\n<td>370<\/td>\n<td rowspan=\"2\">35<\/td>\n<td rowspan=\"2\">50<\/td>\n<td rowspan=\"2\">25<\/td>\n<td>28.8<\/td>\n<\/tr>\n<tr>\n<td>108<\/td>\n<td>380<\/td>\n<td>29<\/td>\n<\/tr>\n<tr>\n<td rowspan=\"3\">800<\/td>\n<td>89<\/td>\n<td rowspan=\"3\">1150<\/td>\n<td rowspan=\"3\">900<\/td>\n<td rowspan=\"3\">960<\/td>\n<td>370<\/td>\n<td rowspan=\"3\">35<\/td>\n<td rowspan=\"3\">50<\/td>\n<td rowspan=\"3\">25<\/td>\n<td>31.5<\/td>\n<\/tr>\n<tr>\n<td>108<\/td>\n<td>380<\/td>\n<td>31.7<\/td>\n<\/tr>\n<tr>\n<td>133<\/td>\n<td>395<\/td>\n<td>32<\/td>\n<\/tr>\n<tr>\n<td rowspan=\"3\">1000<\/td>\n<td>89<\/td>\n<td rowspan=\"3\">1350<\/td>\n<td rowspan=\"3\">1100<\/td>\n<td rowspan=\"3\">1160<\/td>\n<td>370<\/td>\n<td rowspan=\"3\">35<\/td>\n<td rowspan=\"3\">50<\/td>\n<td rowspan=\"3\">25<\/td>\n<td>35.6<\/td>\n<\/tr>\n<tr>\n<td>108<\/td>\n<td>380<\/td>\n<td>35.8<\/td>\n<\/tr>\n<tr>\n<td>133<\/td>\n<td>395<\/td>\n<td>36<\/td>\n<\/tr>\n<tr>\n<td rowspan=\"3\">1200<\/td>\n<td>108<\/td>\n<td rowspan=\"3\">1600<\/td>\n<td rowspan=\"3\">1300<\/td>\n<td rowspan=\"3\">1410<\/td>\n<td>400<\/td>\n<td rowspan=\"3\">50<\/td>\n<td rowspan=\"3\">65<\/td>\n<td rowspan=\"3\">27.5<\/td>\n<td>57.2<\/td>\n<\/tr>\n<tr>\n<td>133<\/td>\n<td>415<\/td>\n<td>57.6<\/td>\n<\/tr>\n<tr>\n<td>159<\/td>\n<td>430<\/td>\n<td>58<\/td>\n<\/tr>\n<tr>\n<td rowspan=\"3\">1400<\/td>\n<td>108<\/td>\n<td rowspan=\"3\">1800<\/td>\n<td rowspan=\"3\">1500<\/td>\n<td rowspan=\"3\">1610<\/td>\n<td>400<\/td>\n<td rowspan=\"3\">50<\/td>\n<td rowspan=\"3\">65<\/td>\n<td rowspan=\"3\">27.5<\/td>\n<td>61.2<\/td>\n<\/tr>\n<tr>\n<td>133<\/td>\n<td>415<\/td>\n<td>61.6<\/td>\n<\/tr>\n<tr>\n<td>159<\/td>\n<td>430<\/td>\n<td>63<\/td>\n<\/tr>\n<tr>\n<td rowspan=\"2\">1600<\/td>\n<td>133<\/td>\n<td rowspan=\"2\">2000<\/td>\n<td rowspan=\"2\">1700<\/td>\n<td rowspan=\"2\">1810<\/td>\n<td>415<\/td>\n<td rowspan=\"2\">50<\/td>\n<td rowspan=\"2\">65<\/td>\n<td rowspan=\"2\">27.5<\/td>\n<td>69.1<\/td>\n<\/tr>\n<tr>\n<td>159<\/td>\n<td>430<\/td>\n<td>69.5<\/td>\n<\/tr>\n<tr>\n<td rowspan=\"2\">1800<\/td>\n<td>133<\/td>\n<td rowspan=\"2\">2200<\/td>\n<td rowspan=\"2\">1900<\/td>\n<td rowspan=\"2\">2010<\/td>\n<td>415<\/td>\n<td rowspan=\"2\">50<\/td>\n<td rowspan=\"2\">65<\/td>\n<td rowspan=\"2\">27.5<\/td>\n<td>75.6<\/td>\n<\/tr>\n<tr>\n<td>159<\/td>\n<td>430<\/td>\n<td>76<\/td>\n<\/tr>\n<tr>\n<td rowspan=\"3\">2000<\/td>\n<td>159<\/td>\n<td rowspan=\"3\">2400<\/td>\n<td rowspan=\"3\">2100<\/td>\n<td rowspan=\"3\">2210<\/td>\n<td>415<\/td>\n<td rowspan=\"3\">50<\/td>\n<td rowspan=\"3\">65<\/td>\n<td rowspan=\"3\">27.5<\/td>\n<td>81.2<\/td>\n<\/tr>\n<tr>\n<td>193.7<\/td>\n<td>430<\/td>\n<td>82.6<\/td>\n<\/tr>\n<tr>\n<td>193.7<\/td>\n<td>450<\/td>\n<td>83<\/td>\n<\/tr>\n<\/tbody>\n<\/table>\n<table style=\"margin-left: auto;margin-right: auto;margin-top: 2%\">\n<tbody>\n<tr>\n<td style=\"font-weight: bold;font-size: larger;padding: 10px;background: #bbd1ea\">Sist\u00e8me de rotation<\/td>\n<td style=\"font-weight: bold;font-size: larger;padding: 10px;background: #bbd1ea\">Notes<\/td>\n<\/tr>\n<tr>\n<td>Roulements coniques et graisseur<\/td>\n<td>Dimensions\u00a0en mm<\/td>\n<\/tr>\n<tr>\n<td><\/td>\n<td>Poids sans rouleaux. Valeurs indicatives max et min des combinaisons possibles entre angles et rouleaux.<\/td>\n<\/tr>\n<\/tbody>\n<\/table>\n<p>&nbsp;<\/p>\n","protected":false},"excerpt":{"rendered":"<p>Fabriqu\u00e9 selon les normes DIN 22107 et ISO 1537, en t\u00f4le d&rsquo;acier au carbone noir d\u00e9coup\u00e9e au laser, pli\u00e9e et soud\u00e9e. Sur demande, il peut \u00eatre fabriqu\u00e9 avec d&rsquo;autres mesures ou certains traitements de surface tels que zingage, peinture, etc.<\/p>\n","protected":false},"featured_media":22148,"comment_status":"closed","ping_status":"closed","template":"","meta":[],"product_brand":[],"product_cat":[793,101],"product_tag":[],"class_list":{"0":"post-19695","1":"product","2":"type-product","3":"status-publish","4":"has-post-thumbnail","6":"product_cat-inferieurs-fr","7":"product_cat-supports-fr","9":"first","10":"instock","11":"shipping-taxable","12":"product-type-simple"},"_links":{"self":[{"href":"https:\/\/eurotransis.com\/fr\/wp-json\/wp\/v2\/product\/19695","targetHints":{"allow":["GET"]}}],"collection":[{"href":"https:\/\/eurotransis.com\/fr\/wp-json\/wp\/v2\/product"}],"about":[{"href":"https:\/\/eurotransis.com\/fr\/wp-json\/wp\/v2\/types\/product"}],"replies":[{"embeddable":true,"href":"https:\/\/eurotransis.com\/fr\/wp-json\/wp\/v2\/comments?post=19695"}],"wp:featuredmedia":[{"embeddable":true,"href":"https:\/\/eurotransis.com\/fr\/wp-json\/wp\/v2\/media\/22148"}],"wp:attachment":[{"href":"https:\/\/eurotransis.com\/fr\/wp-json\/wp\/v2\/media?parent=19695"}],"wp:term":[{"taxonomy":"product_brand","embeddable":true,"href":"https:\/\/eurotransis.com\/fr\/wp-json\/wp\/v2\/product_brand?post=19695"},{"taxonomy":"product_cat","embeddable":true,"href":"https:\/\/eurotransis.com\/fr\/wp-json\/wp\/v2\/product_cat?post=19695"},{"taxonomy":"product_tag","embeddable":true,"href":"https:\/\/eurotransis.com\/fr\/wp-json\/wp\/v2\/product_tag?post=19695"}],"curies":[{"name":"wp","href":"https:\/\/api.w.org\/{rel}","templated":true}]}}