{"id":19705,"date":"2024-12-03T18:47:14","date_gmt":"2024-12-03T17:47:14","guid":{"rendered":"https:\/\/eurotransis.com\/tienda\/non%20class\u00e9\/estacion-superior-artesa-autocentrante\/"},"modified":"2025-02-20T14:39:06","modified_gmt":"2025-02-20T13:39:06","slug":"supports-superieurs-auge-auto-centreurs-fr","status":"publish","type":"product","link":"https:\/\/eurotransis.com\/fr\/boutique\/supports-fr\/superieurs-fr\/supports-superieurs-auge-auto-centreurs-fr\/","title":{"rendered":"Supports sup\u00e9rieurs en auge auto-centreurs"},"content":{"rendered":"<table style=\"width: 100%;border-collapse: collapse;text-align: center\">\n<tbody>\n<tr>\n<td style=\"font-weight: bold;font-size: larger;padding: 10px\" colspan=\"8\"><b>SUPPORTS SUP\u00c9RIEURS EN AUGE AUTO-CENTREURS<\/b><\/td>\n<\/tr>\n<tr>\n<td><strong><b>LARGEUR\u00a0<\/b>DE BANDE<\/strong><\/td>\n<td><strong>\u00d8 <b>ROULEAU<\/b><\/strong><\/td>\n<td><strong>\u03b2<\/strong><\/td>\n<td><strong>A<\/strong><\/td>\n<td><strong>B<\/strong><\/td>\n<td><strong>C<\/strong><\/td>\n<td><strong>D<\/strong><\/td>\n<td><strong>POIDS (Kg)<\/strong><\/td>\n<\/tr>\n<tr>\n<td rowspan=\"2\">400<\/td>\n<td>63.5<\/td>\n<td rowspan=\"2\">20\u00b0 30\u00b0<\/td>\n<td rowspan=\"2\">700<\/td>\n<td rowspan=\"2\">640<\/td>\n<td rowspan=\"2\">170<\/td>\n<td>107<\/td>\n<td>17.8<\/td>\n<\/tr>\n<tr>\n<td>89<\/td>\n<td>120<\/td>\n<td>19.3<\/td>\n<\/tr>\n<tr>\n<td rowspan=\"2\">500<\/td>\n<td>63.5<\/td>\n<td rowspan=\"2\">20\u00b0 30\u00b0<\/td>\n<td rowspan=\"2\">800<\/td>\n<td rowspan=\"2\">740<\/td>\n<td rowspan=\"2\">210<\/td>\n<td>107<\/td>\n<td>21<\/td>\n<\/tr>\n<tr>\n<td>89<\/td>\n<td>120<\/td>\n<td>22.2<\/td>\n<\/tr>\n<tr>\n<td rowspan=\"2\">650<\/td>\n<td>63.5<\/td>\n<td rowspan=\"2\">20\u00b0 30\u00b0<\/td>\n<td rowspan=\"2\">950<\/td>\n<td rowspan=\"2\">890<\/td>\n<td rowspan=\"2\">260<\/td>\n<td>112<\/td>\n<td>27.5<\/td>\n<\/tr>\n<tr>\n<td>89<\/td>\n<td>125<\/td>\n<td>28.7<\/td>\n<\/tr>\n<tr>\n<td rowspan=\"2\">800<\/td>\n<td>89<\/td>\n<td rowspan=\"2\">20\u00b0 30\u00b0<\/td>\n<td rowspan=\"2\">1150<\/td>\n<td rowspan=\"2\">1090<\/td>\n<td rowspan=\"2\">325<\/td>\n<td>120<\/td>\n<td>31.50<\/td>\n<\/tr>\n<tr>\n<td>108<\/td>\n<td>135<\/td>\n<td>32.5<\/td>\n<\/tr>\n<tr>\n<td rowspan=\"3\">1000<\/td>\n<td>89<\/td>\n<td rowspan=\"3\">20\u00b0 30\u00b0 45\u00b0<\/td>\n<td rowspan=\"3\">1350<\/td>\n<td rowspan=\"3\">1290<\/td>\n<td rowspan=\"3\">390<\/td>\n<td>125<\/td>\n<td>32.5<\/td>\n<\/tr>\n<tr>\n<td>108<\/td>\n<td>135<\/td>\n<td>35.4<\/td>\n<\/tr>\n<tr>\n<td>133<\/td>\n<td>150<\/td>\n<td>36.7<\/td>\n<\/tr>\n<tr>\n<td rowspan=\"3\">1200<\/td>\n<td>108<\/td>\n<td rowspan=\"3\">20\u00b0 30\u00b0 45\u00b0<\/td>\n<td rowspan=\"3\">1600<\/td>\n<td rowspan=\"3\">1540<\/td>\n<td rowspan=\"3\">475<\/td>\n<td>140<\/td>\n<td>36.7<\/td>\n<\/tr>\n<tr>\n<td>133<\/td>\n<td>155<\/td>\n<td>52.9<\/td>\n<\/tr>\n<tr>\n<td>159<\/td>\n<td>185<\/td>\n<td>55.9<\/td>\n<\/tr>\n<tr>\n<td rowspan=\"3\">1400<\/td>\n<td>108<\/td>\n<td rowspan=\"3\">20\u00b0 30\u00b0 45\u00b0<\/td>\n<td rowspan=\"3\">1800<\/td>\n<td rowspan=\"3\">1740<\/td>\n<td rowspan=\"3\">540<\/td>\n<td>140<\/td>\n<td>55.9<\/td>\n<\/tr>\n<tr>\n<td>133<\/td>\n<td>155<\/td>\n<td>56.4<\/td>\n<\/tr>\n<tr>\n<td>159<\/td>\n<td>185<\/td>\n<td>60.4<\/td>\n<\/tr>\n<tr>\n<td rowspan=\"3\">1600<\/td>\n<td>133<\/td>\n<td rowspan=\"3\">20\u00b0 30\u00b0 45\u00b0<\/td>\n<td rowspan=\"3\">2050<\/td>\n<td rowspan=\"3\">1990<\/td>\n<td rowspan=\"3\">610<\/td>\n<td>155<\/td>\n<td>60.4<\/td>\n<\/tr>\n<tr>\n<td>159<\/td>\n<td>185<\/td>\n<td>62.7<\/td>\n<\/tr>\n<tr>\n<td>193.7<\/td>\n<td>215<\/td>\n<td>66.8<\/td>\n<\/tr>\n<tr>\n<td rowspan=\"3\">1800<\/td>\n<td>133<\/td>\n<td rowspan=\"3\">20\u00b0 30\u00b0 45\u00b0<\/td>\n<td rowspan=\"3\">2250<\/td>\n<td rowspan=\"3\">2190<\/td>\n<td rowspan=\"3\">680<\/td>\n<td>155<\/td>\n<td>68.7<\/td>\n<\/tr>\n<tr>\n<td>159<\/td>\n<td>185<\/td>\n<td>71.9<\/td>\n<\/tr>\n<tr>\n<td>193.7<\/td>\n<td>215<\/td>\n<td>76.5<\/td>\n<\/tr>\n<tr>\n<td rowspan=\"3\">2000<\/td>\n<td>133<\/td>\n<td rowspan=\"3\">20\u00b0 30\u00b0 45\u00b0<\/td>\n<td rowspan=\"3\">2500<\/td>\n<td rowspan=\"3\">2440<\/td>\n<td rowspan=\"3\">760<\/td>\n<td>160<\/td>\n<td>76<\/td>\n<\/tr>\n<tr>\n<td>159<\/td>\n<td>190<\/td>\n<td>82<\/td>\n<\/tr>\n<tr>\n<td>193.7<\/td>\n<td>220<\/td>\n<td>83<\/td>\n<\/tr>\n<\/tbody>\n<\/table>\n<table style=\"margin-left: auto;margin-right: auto;margin-top: 2%\">\n<tbody>\n<tr>\n<td style=\"font-weight: bold;font-size: larger;padding: 10px;background: #bbd1ea\">Syst\u00e8me de rotation<\/td>\n<td style=\"font-weight: bold;font-size: larger;padding: 10px;background: #bbd1ea\">Notae<\/td>\n<\/tr>\n<tr>\n<td>Roulements coniques et graisseur<\/td>\n<td>Dimensions in mm<\/td>\n<\/tr>\n<tr>\n<td><\/td>\n<td>\n<p>Poids sans rouleaux. Valeurs indicatives max et min des combinaisons possibles<\/p>\n<p>entre angles et rouleaux.<\/p>\n<p>L\u2019ancrage est \u00e9gal \u00e0 Supports sup\u00e9rieurs en auge.<\/td>\n<\/tr>\n<\/tbody>\n<\/table>\n<p>&nbsp;<\/p>\n","protected":false},"excerpt":{"rendered":"<p>Fabriqu\u00e9 selon les normes DIN 22107 et ISO 1537, en t\u00f4le d&rsquo;acier au carbone noir d\u00e9coup\u00e9e au laser, pli\u00e9e et soud\u00e9e. Sur demande, il peut \u00eatre fabriqu\u00e9 avec d&rsquo;autres mesures ou certains traitements de surface tels que zingage, peinture, etc.<\/p>\n","protected":false},"featured_media":22079,"comment_status":"closed","ping_status":"closed","template":"","meta":[],"product_brand":[],"product_cat":[794,101],"product_tag":[],"class_list":{"0":"post-19705","1":"product","2":"type-product","3":"status-publish","4":"has-post-thumbnail","6":"product_cat-superieurs-fr","7":"product_cat-supports-fr","9":"first","10":"instock","11":"shipping-taxable","12":"product-type-simple"},"_links":{"self":[{"href":"https:\/\/eurotransis.com\/fr\/wp-json\/wp\/v2\/product\/19705","targetHints":{"allow":["GET"]}}],"collection":[{"href":"https:\/\/eurotransis.com\/fr\/wp-json\/wp\/v2\/product"}],"about":[{"href":"https:\/\/eurotransis.com\/fr\/wp-json\/wp\/v2\/types\/product"}],"replies":[{"embeddable":true,"href":"https:\/\/eurotransis.com\/fr\/wp-json\/wp\/v2\/comments?post=19705"}],"wp:featuredmedia":[{"embeddable":true,"href":"https:\/\/eurotransis.com\/fr\/wp-json\/wp\/v2\/media\/22079"}],"wp:attachment":[{"href":"https:\/\/eurotransis.com\/fr\/wp-json\/wp\/v2\/media?parent=19705"}],"wp:term":[{"taxonomy":"product_brand","embeddable":true,"href":"https:\/\/eurotransis.com\/fr\/wp-json\/wp\/v2\/product_brand?post=19705"},{"taxonomy":"product_cat","embeddable":true,"href":"https:\/\/eurotransis.com\/fr\/wp-json\/wp\/v2\/product_cat?post=19705"},{"taxonomy":"product_tag","embeddable":true,"href":"https:\/\/eurotransis.com\/fr\/wp-json\/wp\/v2\/product_tag?post=19705"}],"curies":[{"name":"wp","href":"https:\/\/api.w.org\/{rel}","templated":true}]}}