{"id":19717,"date":"2024-12-03T18:51:54","date_gmt":"2024-12-03T17:51:54","guid":{"rendered":"https:\/\/eurotransis.com\/tienda\/non%20class\u00e9\/estacion-superior-en-v\/"},"modified":"2025-02-20T14:52:45","modified_gmt":"2025-02-20T13:52:45","slug":"supports-superieurs-v-fr","status":"publish","type":"product","link":"https:\/\/eurotransis.com\/fr\/boutique\/supports-fr\/superieurs-fr\/supports-superieurs-v-fr\/","title":{"rendered":"Supports sup\u00e9rieurs en V"},"content":{"rendered":"<table style=\"width: 100%;border-collapse: collapse;text-align: center\">\n<tbody>\n<tr style=\"height: 28px\">\n<td style=\"font-weight: bold;font-size: larger;padding: 10px;height: 28px\" colspan=\"13\"><b>SUPPORTS SUP\u00c9RIEURS EN V<\/b><\/td>\n<\/tr>\n<tr style=\"height: 48px\">\n<td style=\"height: 48px\"><strong><b>LARGEUR\u00a0<\/b>DE BANDE<\/strong><\/td>\n<td style=\"height: 48px\"><strong>\u00d8 <b>ROULEAU<\/b><\/strong><\/td>\n<td style=\"height: 48px\"><strong>\u03b2<\/strong><\/td>\n<td style=\"height: 48px\"><strong>A<\/strong><\/td>\n<td style=\"height: 48px\"><strong>B<\/strong><\/td>\n<td style=\"height: 48px\"><strong>C<\/strong><\/td>\n<td style=\"height: 48px\"><strong>D<\/strong><\/td>\n<td style=\"height: 48px\"><strong>E<\/strong><\/td>\n<td style=\"height: 48px\"><strong>F<\/strong><\/td>\n<td style=\"height: 48px\"><strong>G<\/strong><\/td>\n<td style=\"height: 48px\"><strong>H<\/strong><\/td>\n<td style=\"height: 48px\"><strong>I<\/strong><\/td>\n<td style=\"height: 48px\"><strong><b>POIDS\u00a0<\/b>(Kg)<\/strong><\/td>\n<\/tr>\n<tr style=\"height: 24px\">\n<td style=\"height: 48px\" rowspan=\"2\">400<\/td>\n<td style=\"height: 24px\">63.5<\/td>\n<td style=\"height: 48px\" rowspan=\"2\">10\u00b0 20\u00b0<\/td>\n<td style=\"height: 48px\" rowspan=\"2\">700<\/td>\n<td style=\"height: 48px\" rowspan=\"2\">640<\/td>\n<td style=\"height: 48px\" rowspan=\"2\">260<\/td>\n<td style=\"height: 24px\">107<\/td>\n<td style=\"height: 48px\" rowspan=\"2\">170<\/td>\n<td style=\"height: 48px\" rowspan=\"2\">20<\/td>\n<td style=\"height: 48px\" rowspan=\"2\">60<\/td>\n<td style=\"height: 48px\" rowspan=\"2\">6<\/td>\n<td style=\"height: 48px\" rowspan=\"2\">14<\/td>\n<td style=\"height: 24px\">7.8<\/td>\n<\/tr>\n<tr style=\"height: 24px\">\n<td style=\"height: 24px\">89<\/td>\n<td style=\"height: 24px\">120<\/td>\n<td style=\"height: 24px\">8.4<\/td>\n<\/tr>\n<tr style=\"height: 24px\">\n<td style=\"height: 48px\" rowspan=\"2\">500<\/td>\n<td style=\"height: 24px\">63.5<\/td>\n<td style=\"height: 48px\" rowspan=\"2\">10\u00b0 20\u00b0<\/td>\n<td style=\"height: 48px\" rowspan=\"2\">800<\/td>\n<td style=\"height: 48px\" rowspan=\"2\">740<\/td>\n<td style=\"height: 48px\" rowspan=\"2\">325<\/td>\n<td style=\"height: 24px\">107<\/td>\n<td style=\"height: 48px\" rowspan=\"2\">170<\/td>\n<td style=\"height: 48px\" rowspan=\"2\">20<\/td>\n<td style=\"height: 48px\" rowspan=\"2\">60<\/td>\n<td style=\"height: 48px\" rowspan=\"2\">6<\/td>\n<td style=\"height: 48px\" rowspan=\"2\">14<\/td>\n<td style=\"height: 24px\">8.8<\/td>\n<\/tr>\n<tr style=\"height: 24px\">\n<td style=\"height: 24px\">89<\/td>\n<td style=\"height: 24px\">120<\/td>\n<td style=\"height: 24px\">9.5<\/td>\n<\/tr>\n<tr style=\"height: 24px\">\n<td style=\"height: 48px\" rowspan=\"2\">650<\/td>\n<td style=\"height: 24px\">63.5<\/td>\n<td style=\"height: 48px\" rowspan=\"2\">10\u00b0 20\u00b0<\/td>\n<td style=\"height: 48px\" rowspan=\"2\">950<\/td>\n<td style=\"height: 48px\" rowspan=\"2\">890<\/td>\n<td style=\"height: 48px\" rowspan=\"2\">390<\/td>\n<td style=\"height: 24px\">112<\/td>\n<td style=\"height: 48px\" rowspan=\"2\">170<\/td>\n<td style=\"height: 48px\" rowspan=\"2\">20<\/td>\n<td style=\"height: 48px\" rowspan=\"2\">60<\/td>\n<td style=\"height: 48px\" rowspan=\"2\">6<\/td>\n<td style=\"height: 48px\" rowspan=\"2\">14<\/td>\n<td style=\"height: 24px\">10.3<\/td>\n<\/tr>\n<tr style=\"height: 24px\">\n<td style=\"height: 24px\">89<\/td>\n<td style=\"height: 24px\">125<\/td>\n<td style=\"height: 24px\">11.2<\/td>\n<\/tr>\n<tr style=\"height: 24px\">\n<td style=\"height: 48px\" rowspan=\"2\">800<\/td>\n<td style=\"height: 24px\">89<\/td>\n<td style=\"height: 48px\" rowspan=\"2\">10\u00b0 20\u00b0<\/td>\n<td style=\"height: 48px\" rowspan=\"2\">1150<\/td>\n<td style=\"height: 48px\" rowspan=\"2\">1090<\/td>\n<td style=\"height: 48px\" rowspan=\"2\">475<\/td>\n<td style=\"height: 24px\">120<\/td>\n<td style=\"height: 48px\" rowspan=\"2\">170<\/td>\n<td style=\"height: 48px\" rowspan=\"2\">20<\/td>\n<td style=\"height: 48px\" rowspan=\"2\">60<\/td>\n<td style=\"height: 48px\" rowspan=\"2\">6<\/td>\n<td style=\"height: 48px\" rowspan=\"2\">14<\/td>\n<td style=\"height: 24px\">13.2<\/td>\n<\/tr>\n<tr style=\"height: 24px\">\n<td style=\"height: 24px\">108<\/td>\n<td style=\"height: 24px\">135<\/td>\n<td style=\"height: 24px\">14.2<\/td>\n<\/tr>\n<tr style=\"height: 24px\">\n<td style=\"height: 72px\" rowspan=\"3\">1000<\/td>\n<td style=\"height: 24px\">89<\/td>\n<td style=\"height: 72px\" rowspan=\"3\">10\u00b0 15\u00b0 20\u00b0<\/td>\n<td style=\"height: 72px\" rowspan=\"3\">1350<\/td>\n<td style=\"height: 72px\" rowspan=\"3\">1290<\/td>\n<td style=\"height: 72px\" rowspan=\"3\">610<\/td>\n<td style=\"height: 24px\">120<\/td>\n<td style=\"height: 72px\" rowspan=\"3\">180<\/td>\n<td style=\"height: 72px\" rowspan=\"3\">24<\/td>\n<td style=\"height: 72px\" rowspan=\"3\">60<\/td>\n<td style=\"height: 72px\" rowspan=\"3\">8<\/td>\n<td style=\"height: 72px\" rowspan=\"3\">18<\/td>\n<td style=\"height: 24px\">17.8<\/td>\n<\/tr>\n<tr style=\"height: 24px\">\n<td style=\"height: 24px\">108<\/td>\n<td style=\"height: 24px\">135<\/td>\n<td style=\"height: 24px\">19.4<\/td>\n<\/tr>\n<tr style=\"height: 24px\">\n<td style=\"height: 24px\">133<\/td>\n<td style=\"height: 24px\">150<\/td>\n<td style=\"height: 24px\">19.4<\/td>\n<\/tr>\n<tr style=\"height: 24px\">\n<td style=\"height: 72px\" rowspan=\"3\">1200<\/td>\n<td style=\"height: 24px\">108<\/td>\n<td style=\"height: 72px\" rowspan=\"3\">10\u00b0 15\u00b0 20\u00b0<\/td>\n<td style=\"height: 72px\" rowspan=\"3\">1600<\/td>\n<td style=\"height: 72px\" rowspan=\"3\">1540<\/td>\n<td style=\"height: 72px\" rowspan=\"3\">710<\/td>\n<td style=\"height: 24px\">140<\/td>\n<td style=\"height: 72px\" rowspan=\"3\">180<\/td>\n<td style=\"height: 72px\" rowspan=\"3\">24<\/td>\n<td style=\"height: 72px\" rowspan=\"3\">60<\/td>\n<td style=\"height: 72px\" rowspan=\"3\">8<\/td>\n<td style=\"height: 72px\" rowspan=\"3\">18<\/td>\n<td style=\"height: 24px\">21.2<\/td>\n<\/tr>\n<tr style=\"height: 24px\">\n<td style=\"height: 24px\">133<\/td>\n<td style=\"height: 24px\">155<\/td>\n<td style=\"height: 24px\">23<\/td>\n<\/tr>\n<tr style=\"height: 24px\">\n<td style=\"height: 24px\">159<\/td>\n<td style=\"height: 24px\">185<\/td>\n<td style=\"height: 24px\">23<\/td>\n<\/tr>\n<tr style=\"height: 24px\">\n<td style=\"height: 72px\" rowspan=\"3\">1400<\/td>\n<td style=\"height: 24px\">108<\/td>\n<td style=\"height: 72px\" rowspan=\"3\">10\u00b0 15\u00b0 20\u00b0<\/td>\n<td style=\"height: 72px\" rowspan=\"3\">1800<\/td>\n<td style=\"height: 72px\" rowspan=\"3\">1740<\/td>\n<td style=\"height: 72px\" rowspan=\"3\">810<\/td>\n<td style=\"height: 24px\">140<\/td>\n<td style=\"height: 72px\" rowspan=\"3\">200<\/td>\n<td style=\"height: 72px\" rowspan=\"3\">24<\/td>\n<td style=\"height: 72px\" rowspan=\"3\">80<\/td>\n<td style=\"height: 72px\" rowspan=\"3\">8<\/td>\n<td style=\"height: 72px\" rowspan=\"3\">18<\/td>\n<td style=\"height: 24px\">24.8<\/td>\n<\/tr>\n<tr style=\"height: 24px\">\n<td style=\"height: 24px\">133<\/td>\n<td style=\"height: 24px\">155<\/td>\n<td style=\"height: 24px\">27.3<\/td>\n<\/tr>\n<tr style=\"height: 24px\">\n<td style=\"height: 24px\">159<\/td>\n<td style=\"height: 24px\">185<\/td>\n<td style=\"height: 24px\">27.3<\/td>\n<\/tr>\n<tr style=\"height: 24px\">\n<td style=\"height: 72px\" rowspan=\"3\">2000<\/td>\n<td style=\"height: 24px\">133<\/td>\n<td style=\"height: 72px\" rowspan=\"3\">10\u00b0 15\u00b0 20\u00b0<\/td>\n<td style=\"height: 72px\" rowspan=\"3\">2500<\/td>\n<td style=\"height: 72px\" rowspan=\"3\">2440<\/td>\n<td style=\"height: 72px\" rowspan=\"3\">1110<\/td>\n<td style=\"height: 24px\">160<\/td>\n<td style=\"height: 72px\" rowspan=\"3\">220<\/td>\n<td style=\"height: 72px\" rowspan=\"3\">24<\/td>\n<td style=\"height: 72px\" rowspan=\"3\">80<\/td>\n<td style=\"height: 72px\" rowspan=\"3\">8<\/td>\n<td style=\"height: 72px\" rowspan=\"3\">18<\/td>\n<td style=\"height: 24px\">40.4<\/td>\n<\/tr>\n<tr style=\"height: 24px\">\n<td style=\"height: 24px\">159<\/td>\n<td style=\"height: 24px\">190<\/td>\n<td style=\"height: 24px\">44.6<\/td>\n<\/tr>\n<tr style=\"height: 24px\">\n<td style=\"height: 24px\">193.7<\/td>\n<td style=\"height: 24px\">220<\/td>\n<td style=\"height: 24px\">44.6<\/td>\n<\/tr>\n<\/tbody>\n<\/table>\n<table style=\"margin-left: auto;margin-right: auto;margin-top: 2%\">\n<tbody>\n<tr style=\"height: 57px\">\n<td style=\"font-weight: bold;font-size: larger;padding: 10px;background: #bbd1ea;height: 57px\">Valeurs P (Pincement, Inclinaison)<\/td>\n<td style=\"font-weight: bold;font-size: larger;padding: 10px;background: #bbd1ea;height: 57px\">Notes<\/td>\n<\/tr>\n<tr style=\"height: 24px\">\n<td style=\"height: 24px\">0 Marche dans les deux sens<\/td>\n<td style=\"height: 24px\">Dimensions em mm<\/td>\n<\/tr>\n<tr style=\"height: 48px\">\n<td style=\"height: 48px\">8 Bandes de 400 \u00e0 650<\/td>\n<td style=\"height: 48px\">Poids sans rouleaux. Valeurs indicatives max et min des combinaisons possibles<\/td>\n<\/tr>\n<tr style=\"height: 24px\">\n<td style=\"height: 24px\">10 Bandes de 800 \u00e0 2000<\/td>\n<td style=\"height: 24px\">\u00a0entre angles et rouleaux.<\/td>\n<\/tr>\n<\/tbody>\n<\/table>\n<p>&nbsp;<\/p>\n","protected":false},"excerpt":{"rendered":"<p>Fabriqu\u00e9 selon les normes DIN 22107 et ISO 1537, en t\u00f4le d&rsquo;acier au carbone noir d\u00e9coup\u00e9e au laser, pli\u00e9e et soud\u00e9e. Sur demande, il peut \u00eatre fabriqu\u00e9 avec d&rsquo;autres mesures ou certains traitements de surface tels que zingage, peinture, etc.<\/p>\n","protected":false},"featured_media":22087,"comment_status":"closed","ping_status":"closed","template":"","meta":[],"product_brand":[],"product_cat":[794,101],"product_tag":[],"class_list":{"0":"post-19717","1":"product","2":"type-product","3":"status-publish","4":"has-post-thumbnail","6":"product_cat-superieurs-fr","7":"product_cat-supports-fr","9":"first","10":"instock","11":"shipping-taxable","12":"product-type-simple"},"_links":{"self":[{"href":"https:\/\/eurotransis.com\/fr\/wp-json\/wp\/v2\/product\/19717","targetHints":{"allow":["GET"]}}],"collection":[{"href":"https:\/\/eurotransis.com\/fr\/wp-json\/wp\/v2\/product"}],"about":[{"href":"https:\/\/eurotransis.com\/fr\/wp-json\/wp\/v2\/types\/product"}],"replies":[{"embeddable":true,"href":"https:\/\/eurotransis.com\/fr\/wp-json\/wp\/v2\/comments?post=19717"}],"wp:featuredmedia":[{"embeddable":true,"href":"https:\/\/eurotransis.com\/fr\/wp-json\/wp\/v2\/media\/22087"}],"wp:attachment":[{"href":"https:\/\/eurotransis.com\/fr\/wp-json\/wp\/v2\/media?parent=19717"}],"wp:term":[{"taxonomy":"product_brand","embeddable":true,"href":"https:\/\/eurotransis.com\/fr\/wp-json\/wp\/v2\/product_brand?post=19717"},{"taxonomy":"product_cat","embeddable":true,"href":"https:\/\/eurotransis.com\/fr\/wp-json\/wp\/v2\/product_cat?post=19717"},{"taxonomy":"product_tag","embeddable":true,"href":"https:\/\/eurotransis.com\/fr\/wp-json\/wp\/v2\/product_tag?post=19717"}],"curies":[{"name":"wp","href":"https:\/\/api.w.org\/{rel}","templated":true}]}}