{"id":19734,"date":"2024-12-03T19:01:49","date_gmt":"2024-12-03T18:01:49","guid":{"rendered":"https:\/\/eurotransis.com\/tienda\/non%20class\u00e9\/estacion-superior-plana\/"},"modified":"2025-03-06T09:13:08","modified_gmt":"2025-03-06T08:13:08","slug":"estacion-superior-plana","status":"publish","type":"product","link":"https:\/\/eurotransis.com\/fr\/boutique\/supports-fr\/superieurs-fr\/estacion-superior-plana\/","title":{"rendered":"Supports sup\u00e9rieurs plats"},"content":{"rendered":"<table style=\"width: 100%;border-collapse: collapse;text-align: center\">\n<tbody>\n<tr>\n<td style=\"font-weight: bold;font-size: larger;padding: 10px\" colspan=\"12\">SUPPORTS SUP\u00c9RIEURS PLATS<\/td>\n<\/tr>\n<tr>\n<td><strong>LARGEUR DE BANDE<\/strong><\/td>\n<td><strong>\u00d8 ROULEAU<\/strong><\/td>\n<td><strong>A<\/strong><\/td>\n<td><strong>B<\/strong><\/td>\n<td><strong>C<\/strong><\/td>\n<td><strong>D<\/strong><\/td>\n<td><strong>E<\/strong><\/td>\n<td><strong>F<\/strong><\/td>\n<td><strong>G<\/strong><\/td>\n<td><strong>H<\/strong><\/td>\n<td><strong>I<\/strong><\/td>\n<td><strong>POIDS (Kg)<\/strong><\/td>\n<\/tr>\n<tr>\n<td rowspan=\"2\">400<\/td>\n<td>63.5<\/td>\n<td rowspan=\"2\">700<\/td>\n<td rowspan=\"2\">640<\/td>\n<td rowspan=\"2\">510<\/td>\n<td>107<\/td>\n<td rowspan=\"2\">8<\/td>\n<td rowspan=\"2\">80<\/td>\n<td rowspan=\"2\">35<\/td>\n<td rowspan=\"2\">20<\/td>\n<td rowspan=\"2\">14<\/td>\n<td>2<\/td>\n<\/tr>\n<tr>\n<td>89<\/td>\n<td>120<\/td>\n<td>2.2<\/td>\n<\/tr>\n<tr>\n<td rowspan=\"2\">500<\/td>\n<td>63.5<\/td>\n<td rowspan=\"2\">800<\/td>\n<td rowspan=\"2\">740<\/td>\n<td rowspan=\"2\">610<\/td>\n<td>107<\/td>\n<td rowspan=\"2\">8<\/td>\n<td rowspan=\"2\">80<\/td>\n<td rowspan=\"2\">35<\/td>\n<td rowspan=\"2\">20<\/td>\n<td rowspan=\"2\">14<\/td>\n<td>2<\/td>\n<\/tr>\n<tr>\n<td>89<\/td>\n<td>120<\/td>\n<td>2.2<\/td>\n<\/tr>\n<tr>\n<td rowspan=\"3\">650<\/td>\n<td>63.5<\/td>\n<td rowspan=\"3\">950<\/td>\n<td rowspan=\"3\">890<\/td>\n<td rowspan=\"3\">760<\/td>\n<td>107<\/td>\n<td rowspan=\"3\">8<\/td>\n<td rowspan=\"3\">80<\/td>\n<td rowspan=\"3\">35<\/td>\n<td rowspan=\"3\">20<\/td>\n<td rowspan=\"3\">14<\/td>\n<td>2<\/td>\n<\/tr>\n<tr>\n<td>89<\/td>\n<td>120<\/td>\n<td>2.2<\/td>\n<\/tr>\n<tr>\n<td>108<\/td>\n<td>135<\/td>\n<td>2.4<\/td>\n<\/tr>\n<tr>\n<td rowspan=\"3\">800<\/td>\n<td>89<\/td>\n<td rowspan=\"3\">1150<\/td>\n<td rowspan=\"3\">1090<\/td>\n<td rowspan=\"3\">960<\/td>\n<td>120<\/td>\n<td rowspan=\"3\">8<\/td>\n<td rowspan=\"3\">100<\/td>\n<td rowspan=\"3\">35<\/td>\n<td rowspan=\"3\">20<\/td>\n<td rowspan=\"3\">14<\/td>\n<td>2.7<\/td>\n<\/tr>\n<tr>\n<td>108<\/td>\n<td>135<\/td>\n<td>2.9<\/td>\n<\/tr>\n<tr>\n<td>133<\/td>\n<td>150<\/td>\n<td>3.1<\/td>\n<\/tr>\n<tr>\n<td rowspan=\"3\">1000<\/td>\n<td>89<\/td>\n<td rowspan=\"3\">1350<\/td>\n<td rowspan=\"3\">1290<\/td>\n<td rowspan=\"3\">1160<\/td>\n<td>120<\/td>\n<td rowspan=\"3\">8<\/td>\n<td rowspan=\"3\">100<\/td>\n<td rowspan=\"3\">35<\/td>\n<td rowspan=\"3\">24<\/td>\n<td rowspan=\"3\">18<\/td>\n<td>2.7<\/td>\n<\/tr>\n<tr>\n<td>108<\/td>\n<td>135<\/td>\n<td>2.9<\/td>\n<\/tr>\n<tr>\n<td>133<\/td>\n<td>150<\/td>\n<td>3.1<\/td>\n<\/tr>\n<tr>\n<td rowspan=\"3\">1200<\/td>\n<td>108<\/td>\n<td rowspan=\"3\">1600<\/td>\n<td rowspan=\"3\">1540<\/td>\n<td rowspan=\"3\">1410<\/td>\n<td>135<\/td>\n<td rowspan=\"3\">8<\/td>\n<td rowspan=\"3\">100<\/td>\n<td rowspan=\"3\">35<\/td>\n<td rowspan=\"3\">24<\/td>\n<td rowspan=\"3\">18<\/td>\n<td>2.9<\/td>\n<\/tr>\n<tr>\n<td>133<\/td>\n<td>150<\/td>\n<td>3.1<\/td>\n<\/tr>\n<tr>\n<td>159<\/td>\n<td>185<\/td>\n<td>3.5<\/td>\n<\/tr>\n<tr>\n<td rowspan=\"3\">1400<\/td>\n<td>108<\/td>\n<td rowspan=\"3\">1800<\/td>\n<td rowspan=\"3\">1740<\/td>\n<td rowspan=\"3\">1610<\/td>\n<td>135<\/td>\n<td rowspan=\"3\">8<\/td>\n<td rowspan=\"3\">100<\/td>\n<td rowspan=\"3\">35<\/td>\n<td rowspan=\"3\">24<\/td>\n<td rowspan=\"3\">18<\/td>\n<td>2.9<\/td>\n<\/tr>\n<tr>\n<td>133<\/td>\n<td>150<\/td>\n<td>3.1<\/td>\n<\/tr>\n<tr>\n<td>159<\/td>\n<td>185<\/td>\n<td>3.5<\/td>\n<\/tr>\n<tr>\n<td rowspan=\"2\">1600<\/td>\n<td>133<\/td>\n<td rowspan=\"2\">2000<\/td>\n<td rowspan=\"2\">1940<\/td>\n<td rowspan=\"2\">1810<\/td>\n<td>150<\/td>\n<td rowspan=\"2\">8<\/td>\n<td rowspan=\"2\">120<\/td>\n<td rowspan=\"2\">45<\/td>\n<td rowspan=\"2\">24<\/td>\n<td rowspan=\"2\">18<\/td>\n<td>3.8<\/td>\n<\/tr>\n<tr>\n<td>159<\/td>\n<td>185<\/td>\n<td>4.2<\/td>\n<\/tr>\n<tr>\n<td rowspan=\"2\">1800<\/td>\n<td>133<\/td>\n<td rowspan=\"2\">2200<\/td>\n<td rowspan=\"2\">2140<\/td>\n<td rowspan=\"2\">2010<\/td>\n<td>150<\/td>\n<td rowspan=\"2\">8<\/td>\n<td rowspan=\"2\">120<\/td>\n<td rowspan=\"2\">45<\/td>\n<td rowspan=\"2\">24<\/td>\n<td rowspan=\"2\">18<\/td>\n<td>3.8<\/td>\n<\/tr>\n<tr>\n<td>159<\/td>\n<td>185<\/td>\n<td>4.2<\/td>\n<\/tr>\n<tr>\n<td rowspan=\"2\">2000<\/td>\n<td>159<\/td>\n<td rowspan=\"2\">2400<\/td>\n<td rowspan=\"2\">2340<\/td>\n<td rowspan=\"2\">2210<\/td>\n<td>185<\/td>\n<td rowspan=\"2\">8<\/td>\n<td rowspan=\"2\">120<\/td>\n<td rowspan=\"2\">45<\/td>\n<td rowspan=\"2\">24<\/td>\n<td rowspan=\"2\">18<\/td>\n<td>4.2<\/td>\n<\/tr>\n<tr>\n<td>193.7<\/td>\n<td>215<\/td>\n<td>4.5<\/td>\n<\/tr>\n<\/tbody>\n<\/table>\n<table style=\"margin-left: auto;margin-right: auto;margin-top: 2%;min-width: 150px\">\n<tbody>\n<tr>\n<td style=\"font-weight: bold;font-size: larger;padding: 10px;background: #bbd1ea\">Notes<\/td>\n<\/tr>\n<tr>\n<td>Dimensions\u00a0en mm<\/td>\n<\/tr>\n<tr>\n<td>Poids sans rouleaux.<\/td>\n<\/tr>\n<\/tbody>\n<\/table>\n<p>&nbsp;<\/p>\n","protected":false},"excerpt":{"rendered":"<p>Fabriqu\u00e9 selon les normes DIN 22107 et ISO 1537, en t\u00f4le d&rsquo;acier au carbone noir d\u00e9coup\u00e9e au laser, pli\u00e9e et soud\u00e9e. Sur demande, il peut \u00eatre fabriqu\u00e9 avec d&rsquo;autres mesures ou certains traitements de surface tels que zingage, peinture, etc.<\/p>\n","protected":false},"featured_media":22103,"comment_status":"closed","ping_status":"closed","template":"","meta":[],"product_brand":[],"product_cat":[794,101],"product_tag":[],"class_list":{"0":"post-19734","1":"product","2":"type-product","3":"status-publish","4":"has-post-thumbnail","6":"product_cat-superieurs-fr","7":"product_cat-supports-fr","9":"first","10":"instock","11":"shipping-taxable","12":"product-type-simple"},"_links":{"self":[{"href":"https:\/\/eurotransis.com\/fr\/wp-json\/wp\/v2\/product\/19734","targetHints":{"allow":["GET"]}}],"collection":[{"href":"https:\/\/eurotransis.com\/fr\/wp-json\/wp\/v2\/product"}],"about":[{"href":"https:\/\/eurotransis.com\/fr\/wp-json\/wp\/v2\/types\/product"}],"replies":[{"embeddable":true,"href":"https:\/\/eurotransis.com\/fr\/wp-json\/wp\/v2\/comments?post=19734"}],"wp:featuredmedia":[{"embeddable":true,"href":"https:\/\/eurotransis.com\/fr\/wp-json\/wp\/v2\/media\/22103"}],"wp:attachment":[{"href":"https:\/\/eurotransis.com\/fr\/wp-json\/wp\/v2\/media?parent=19734"}],"wp:term":[{"taxonomy":"product_brand","embeddable":true,"href":"https:\/\/eurotransis.com\/fr\/wp-json\/wp\/v2\/product_brand?post=19734"},{"taxonomy":"product_cat","embeddable":true,"href":"https:\/\/eurotransis.com\/fr\/wp-json\/wp\/v2\/product_cat?post=19734"},{"taxonomy":"product_tag","embeddable":true,"href":"https:\/\/eurotransis.com\/fr\/wp-json\/wp\/v2\/product_tag?post=19734"}],"curies":[{"name":"wp","href":"https:\/\/api.w.org\/{rel}","templated":true}]}}