{"id":3494,"date":"2016-04-22T09:07:06","date_gmt":"2016-04-22T09:07:06","guid":{"rendered":"http:\/\/eurotransis.com\/fr\/tienda\/sin%20categorizar\/serie-em-555\/"},"modified":"2024-09-27T09:42:55","modified_gmt":"2024-09-27T07:42:55","slug":"serie-em-555","status":"publish","type":"product","link":"https:\/\/eurotransis.com\/fr\/boutique\/rouleaux-fr\/rouleaux-pour-convoyeurs-commandes-fr\/rouleaux-legers-series-commandes\/transmission-par-chaine-fr\/pignon-metallique-fr\/serie-em-555\/","title":{"rendered":"Rouleau s\u00e9rie EM-555"},"content":{"rendered":"<table style=\"height: 201px\" width=\"1275\">\n<tbody>\n<tr style=\"height: 24px\">\n<td style=\"text-align: center;width: 643px;height: 24px\" colspan=\"7\"><strong>\u00d8 TUBE<\/strong><\/td>\n<td style=\"text-align: center;width: 617px;height: 24px\" colspan=\"2\"><strong>\u00d8 AXE\u00a0<\/strong><\/td>\n<\/tr>\n<tr style=\"height: 24px\">\n<td style=\"width: 187px;height: 24px\"><strong>SERIE<\/strong><\/td>\n<td style=\"width: 93px;height: 24px\"><strong><strong>\u00d8 <\/strong>(mm)<\/strong><\/td>\n<td style=\"width: 94px;height: 24px\"><strong>ST<\/strong><\/td>\n<td style=\"width: 73px;height: 24px\"><strong>STI<\/strong><\/td>\n<td style=\"width: 57px;height: 24px\"><strong>N<\/strong><\/td>\n<td style=\"width: 74px;height: 24px\"><strong>ALU<\/strong><\/td>\n<td style=\"width: 65px;height: 24px\"><strong>GAL<\/strong><\/td>\n<td style=\"width: 288px;height: 24px\"><strong>12<\/strong><\/td>\n<td style=\"width: 329px;height: 24px\"><b>14<\/b><\/td>\n<\/tr>\n<tr style=\"height: 24px\">\n<td style=\"width: 187px;height: 24px\"><strong>55*-101<\/strong><\/td>\n<td style=\"width: 93px;height: 24px\">50&#215;1.5<\/td>\n<td style=\"width: 94px;height: 24px\">SI<\/td>\n<td style=\"width: 73px;height: 24px\">SI<\/td>\n<td style=\"width: 57px;height: 24px\">SI<\/td>\n<td style=\"width: 74px;height: 24px\">SI<\/td>\n<td style=\"width: 65px;height: 24px\">SI<\/td>\n<td style=\"width: 288px;height: 24px\">SI<\/td>\n<td style=\"width: 329px;height: 24px\"><\/td>\n<\/tr>\n<tr style=\"height: 24px\">\n<td style=\"width: 187px;height: 24px\"><strong>55*-103<\/strong><\/td>\n<td style=\"width: 93px;height: 24px\">50&#215;1.5<\/td>\n<td style=\"width: 94px;height: 24px\">SI<\/td>\n<td style=\"width: 73px;height: 24px\">SI<\/td>\n<td style=\"width: 57px;height: 24px\">SI<\/td>\n<td style=\"width: 74px;height: 24px\">SI<\/td>\n<td style=\"width: 65px;height: 24px\">SI<\/td>\n<td style=\"width: 288px;height: 24px\">SI<\/td>\n<td style=\"width: 329px;height: 24px\"><\/td>\n<\/tr>\n<tr style=\"height: 24px\">\n<td style=\"width: 187px;height: 24px\"><strong>55*-230<\/strong><\/td>\n<td style=\"width: 93px;height: 24px\">50&#215;1.5<\/td>\n<td style=\"width: 94px;height: 24px\">SI<\/td>\n<td style=\"width: 73px;height: 24px\">SI<\/td>\n<td style=\"width: 57px;height: 24px\">SI<\/td>\n<td style=\"width: 74px;height: 24px\">SI<\/td>\n<td style=\"width: 65px;height: 24px\">SI<\/td>\n<td style=\"width: 288px;height: 24px\">SI<\/td>\n<td style=\"width: 329px;height: 24px\"><\/td>\n<\/tr>\n<tr style=\"height: 24px\">\n<td style=\"width: 187px;height: 24px\"><strong>55*-310<\/strong><\/td>\n<td style=\"width: 93px;height: 24px\">50&#215;1.5<\/td>\n<td style=\"width: 94px;height: 24px\">SI<\/td>\n<td style=\"width: 73px;height: 24px\">SI<\/td>\n<td style=\"width: 57px;height: 24px\">SI<\/td>\n<td style=\"width: 74px;height: 24px\">SI<\/td>\n<td style=\"width: 65px;height: 24px\">SI<\/td>\n<td style=\"width: 288px;height: 24px\">SI<\/td>\n<td style=\"width: 329px;height: 24px\">SI<\/td>\n<\/tr>\n<tr style=\"height: 103px\">\n<td style=\"width: 643px;height: 103px\" colspan=\"7\"><strong><strong><img loading=\"lazy\" decoding=\"async\" class=\"size-full wp-image-926 alignleft\" src=\"https:\/\/eurotransis.com\/wp-content\/uploads\/2016\/04\/cabezal.png\" alt=\"cabezal\" width=\"101\" height=\"72\" \/><\/strong><\/strong><strong>Embout m\u00e9talliques soud\u00e9<br \/>\n<\/strong><\/td>\n<td style=\"width: 617px;height: 103px\" colspan=\"2\">\n<p><strong><img loading=\"lazy\" decoding=\"async\" class=\"size-full wp-image-819 alignleft\" src=\"https:\/\/eurotransis.com\/wp-content\/uploads\/2016\/04\/rodillos-traccionados.png\" alt=\"rodillos traccionados\" width=\"100\" height=\"72\" srcset=\"https:\/\/eurotransis.com\/wp-content\/uploads\/2016\/04\/rodillos-traccionados.png 100w, https:\/\/eurotransis.com\/wp-content\/uploads\/2016\/04\/rodillos-traccionados-64x46.png 64w\" sizes=\"auto, (max-width: 100px) 100vw, 100px\" \/>Simple<\/strong><\/p>\n<p><b>Z14 &#8211; 1\/2&Prime;<\/b><\/td>\n<\/tr>\n<tr style=\"height: 144px\">\n<td style=\"width: 643px;height: 144px\" colspan=\"7\">\n<p><strong><strong> <img loading=\"lazy\" decoding=\"async\" class=\"alignleft wp-image-1540 \" src=\"https:\/\/eurotransis.com\/wp-content\/uploads\/2016\/04\/curva-motorizada-150x150.png\" alt=\"curva motorizada\" width=\"99\" height=\"99\" \/><\/strong><\/strong><strong>Courbe Rayon Int\u00e9rieur = 800 mm<\/strong><\/p>\n<p><strong>Soud\u00e9<\/strong><\/td>\n<td style=\"width: 617px;height: 144px\" colspan=\"2\">\n<p><strong><strong><img loading=\"lazy\" decoding=\"async\" class=\"size-full wp-image-930 alignleft\" src=\"https:\/\/eurotransis.com\/wp-content\/uploads\/2016\/04\/fuerza.png\" alt=\"fuerza\" width=\"100\" height=\"72\" srcset=\"https:\/\/eurotransis.com\/wp-content\/uploads\/2016\/04\/fuerza.png 100w, https:\/\/eurotransis.com\/wp-content\/uploads\/2016\/04\/fuerza-64x46.png 64w\" sizes=\"auto, (max-width: 100px) 100vw, 100px\" \/><\/strong>EM-553 FRICTION \u2013 10 daN\/Embout<\/strong><\/p>\n<p><strong>EM-554 FIXE\u00a0\u00a0\u00a0\u00a0\u00a0\u00a0\u00a0\u00a0\u00a0\u00a0 \u2013 40 daN\/Embout<\/strong><\/p>\n<p><strong>EM-555 SOUDE\u00a0\u00a0\u00a0\u00a0\u00a0 \u2013 100 daN\/Embout<\/strong><\/td>\n<\/tr>\n<\/tbody>\n<\/table>\n<p>Le tableau suivant repr\u00e9sente les longueurs de chaque \u00e9l\u00e9ment conique standard, ainsi que les diam\u00e8tres le plus grand et le plus petit de chaque c\u00f4ne. Le plus petit diam\u00e8tre du c\u00f4ne sera toujours de 54 mm. et le plus grand sera conditionn\u00e9 par le nombre de c\u00f4nes assembl\u00e9s.<br \/>\nPar exemple, si EMC-1 \u00e0 EMC-5 sont mont\u00e9s, la longueur utile du c\u00f4ne du rouleau sera de 490 mm. (la somme des 5 \u00e9l\u00e9ments coniques) et le plus grand diam\u00e8tre du c\u00f4ne sera de 87 mm.<\/p>\n<p>&nbsp;<\/p>\n<table style=\"border-collapse: collapse;width: 100%\" border=\"1\">\n<tbody>\n<tr style=\"height: 24px\">\n<td style=\"width: 7.61975%;height: 24px;text-align: center\"><strong>TYPE<\/strong><\/td>\n<td style=\"width: 32.3802%;height: 24px;text-align: center\"><strong>\u00d8 TUBE (mm)<\/strong><\/td>\n<td style=\"width: 20%;height: 24px;text-align: center\"><strong>\u00d8 MAX. (mm)<\/strong><\/td>\n<td style=\"width: 20%;height: 24px;text-align: center\"><strong>\u00d8 MIN. (mm)<\/strong><\/td>\n<td style=\"width: 14.031%;height: 24px;text-align: center\"><strong>L (mm)<\/strong><\/td>\n<\/tr>\n<tr style=\"height: 24px\">\n<td style=\"width: 7.61975%;height: 24px;text-align: center\">EMC-1<\/td>\n<td style=\"width: 32.3802%;height: 24px;text-align: center\">50<\/td>\n<td style=\"width: 20%;height: 24px;text-align: center\">59.9<\/td>\n<td style=\"width: 20%;height: 24px;text-align: center\">54<\/td>\n<td style=\"width: 14.031%;height: 24px;text-align: center\">90<\/td>\n<\/tr>\n<tr style=\"height: 24px\">\n<td style=\"width: 7.61975%;height: 24px;text-align: center\">EMC-2<\/td>\n<td style=\"width: 32.3802%;height: 24px;text-align: center\">50<\/td>\n<td style=\"width: 20%;height: 24px;text-align: center\">66.6<\/td>\n<td style=\"width: 20%;height: 24px;text-align: center\">59.9<\/td>\n<td style=\"width: 14.031%;height: 24px;text-align: center\">100<\/td>\n<\/tr>\n<tr style=\"height: 24px\">\n<td style=\"width: 7.61975%;height: 24px;text-align: center\">EMC-3<\/td>\n<td style=\"width: 32.3802%;height: 24px;text-align: center\">50<\/td>\n<td style=\"width: 20%;height: 24px;text-align: center\">73.4<\/td>\n<td style=\"width: 20%;height: 24px;text-align: center\">66.6<\/td>\n<td style=\"width: 14.031%;height: 24px;text-align: center\">100<\/td>\n<\/tr>\n<tr style=\"height: 24px\">\n<td style=\"width: 7.61975%;height: 24px;text-align: center\">EMC-4<\/td>\n<td style=\"width: 32.3802%;height: 24px;text-align: center\">50<\/td>\n<td style=\"width: 20%;height: 24px;text-align: center\">80.1<\/td>\n<td style=\"width: 20%;height: 24px;text-align: center\">73.4<\/td>\n<td style=\"width: 14.031%;height: 24px;text-align: center\">100<\/td>\n<\/tr>\n<tr style=\"height: 24px\">\n<td style=\"width: 7.61975%;height: 24px;text-align: center\">EMC-5<\/td>\n<td style=\"width: 32.3802%;height: 24px;text-align: center\">50<\/td>\n<td style=\"width: 20%;height: 24px;text-align: center\">86.9<\/td>\n<td style=\"width: 20%;height: 24px;text-align: center\">80.1<\/td>\n<td style=\"width: 14.031%;height: 24px;text-align: center\">100<\/td>\n<\/tr>\n<tr style=\"height: 24px\">\n<td style=\"width: 7.61975%;height: 24px;text-align: center\">EMC-6<\/td>\n<td style=\"width: 32.3802%;height: 24px;text-align: center\">50<\/td>\n<td style=\"width: 20%;height: 24px;text-align: center\">93.6<\/td>\n<td style=\"width: 20%;height: 24px;text-align: center\">86.9<\/td>\n<td style=\"width: 14.031%;height: 24px;text-align: center\">100<\/td>\n<\/tr>\n<tr style=\"height: 24px\">\n<td style=\"width: 7.61975%;height: 24px;text-align: center\">EMC-7<\/td>\n<td style=\"width: 32.3802%;height: 24px;text-align: center\">50<\/td>\n<td style=\"width: 20%;height: 24px;text-align: center\">100.4<\/td>\n<td style=\"width: 20%;height: 24px;text-align: center\">93.6<\/td>\n<td style=\"width: 14.031%;height: 24px;text-align: center\">100<\/td>\n<\/tr>\n<tr style=\"height: 24px\">\n<td style=\"width: 7.61975%;height: 24px;text-align: center\">EMC-8<\/td>\n<td style=\"width: 32.3802%;height: 24px;text-align: center\">50<\/td>\n<td style=\"width: 20%;height: 24px;text-align: center\">107.1<\/td>\n<td style=\"width: 20%;height: 24px;text-align: center\">100.4<\/td>\n<td style=\"width: 14.031%;height: 24px;text-align: center\">100<\/td>\n<\/tr>\n<tr style=\"height: 24px\">\n<td style=\"width: 7.61975%;height: 24px;text-align: center\">EMC-9<\/td>\n<td style=\"width: 32.3802%;height: 24px;text-align: center\">50<\/td>\n<td style=\"width: 20%;height: 24px;text-align: center\">113.9<\/td>\n<td style=\"width: 20%;height: 24px;text-align: center\">107.1<\/td>\n<td style=\"width: 14.031%;height: 24px;text-align: center\">100<\/td>\n<\/tr>\n<tr>\n<td style=\"width: 7.61975%;text-align: center\">EMC-10<\/td>\n<td style=\"width: 32.3802%;text-align: center\">50<\/td>\n<td style=\"width: 20%;text-align: center\">120.9<\/td>\n<td style=\"width: 20%;text-align: center\">113.9<\/td>\n<td style=\"width: 14.031%;text-align: center\">100<\/td>\n<\/tr>\n<tr>\n<td style=\"width: 7.61975%;text-align: left;vertical-align: top\" colspan=\"3\"><strong><img loading=\"lazy\" decoding=\"async\" class=\"alignleft wp-image-1540 \" src=\"https:\/\/eurotransis.com\/wp-content\/uploads\/2016\/04\/curva-motorizada-150x150.png\" alt=\"curva motorizada\" width=\"87\" height=\"87\" \/>Courbe Rayon Int\u00e9rieur= 800 mm.<\/strong><\/td>\n<td style=\"width: 20%;text-align: left\" colspan=\"2\"><strong><img loading=\"lazy\" decoding=\"async\" class=\"size-full wp-image-926 alignleft\" src=\"https:\/\/eurotransis.com\/wp-content\/uploads\/2016\/04\/cabezal.png\" alt=\"cabezal\" width=\"101\" height=\"72\" \/>Polypropyl\u00e8ne<br \/>\n<\/strong><\/td>\n<\/tr>\n<\/tbody>\n<\/table>\n<p>&nbsp;<\/p>\n<p>&nbsp;<\/p>\n","protected":false},"excerpt":{"rendered":"<p>Le rouleau de convoyeur Roltia EM-555 est un rouleau conique entra\u00een\u00e9 par un pignon simple en acier Z-14 1\/2&Prime;. Le pignon, soud\u00e9 au tube, permet une transmission par cha\u00eene selon la norme DIN-8187. Il est fabriqu\u00e9 avec des \u00e9l\u00e9ments coniques thermoplastiques pour courbes d&rsquo;un rayon int\u00e9rieur de 800 mm.<\/p>\n","protected":false},"featured_media":12769,"comment_status":"closed","ping_status":"closed","template":"","meta":[],"product_brand":[],"product_cat":[683],"product_tag":[],"class_list":{"0":"post-3494","1":"product","2":"type-product","3":"status-publish","4":"has-post-thumbnail","6":"product_cat-pignon-metallique-fr","8":"first","9":"instock","10":"shipping-taxable","11":"product-type-simple"},"_links":{"self":[{"href":"https:\/\/eurotransis.com\/fr\/wp-json\/wp\/v2\/product\/3494","targetHints":{"allow":["GET"]}}],"collection":[{"href":"https:\/\/eurotransis.com\/fr\/wp-json\/wp\/v2\/product"}],"about":[{"href":"https:\/\/eurotransis.com\/fr\/wp-json\/wp\/v2\/types\/product"}],"replies":[{"embeddable":true,"href":"https:\/\/eurotransis.com\/fr\/wp-json\/wp\/v2\/comments?post=3494"}],"wp:featuredmedia":[{"embeddable":true,"href":"https:\/\/eurotransis.com\/fr\/wp-json\/wp\/v2\/media\/12769"}],"wp:attachment":[{"href":"https:\/\/eurotransis.com\/fr\/wp-json\/wp\/v2\/media?parent=3494"}],"wp:term":[{"taxonomy":"product_brand","embeddable":true,"href":"https:\/\/eurotransis.com\/fr\/wp-json\/wp\/v2\/product_brand?post=3494"},{"taxonomy":"product_cat","embeddable":true,"href":"https:\/\/eurotransis.com\/fr\/wp-json\/wp\/v2\/product_cat?post=3494"},{"taxonomy":"product_tag","embeddable":true,"href":"https:\/\/eurotransis.com\/fr\/wp-json\/wp\/v2\/product_tag?post=3494"}],"curies":[{"name":"wp","href":"https:\/\/api.w.org\/{rel}","templated":true}]}}