{"id":3495,"date":"2016-04-22T09:01:26","date_gmt":"2016-04-22T09:01:26","guid":{"rendered":"http:\/\/eurotransis.com\/fr\/tienda\/sin%20categorizar\/serie-em-553\/"},"modified":"2024-09-25T10:59:03","modified_gmt":"2024-09-25T08:59:03","slug":"serie-em-553","status":"publish","type":"product","link":"https:\/\/eurotransis.com\/fr\/boutique\/rouleaux-fr\/rouleaux-pour-convoyeurs-commandes-fr\/rouleaux-legers-series-commandes\/transmission-par-chaine-fr\/pignon-metallique-fr\/serie-em-553\/","title":{"rendered":"Rouleau s\u00e9rie EM-553"},"content":{"rendered":"<table style=\"height: 201px\" width=\"1275\">\n<tbody>\n<tr>\n<td style=\"text-align: center\" colspan=\"7\"><strong>\u00d8 TUBE<\/strong><\/td>\n<td style=\"text-align: center\" colspan=\"2\"><strong>\u00d8 AXE\u00a0<\/strong><\/td>\n<\/tr>\n<tr>\n<td><strong>SERIE<\/strong><\/td>\n<td><strong><strong>\u00d8 \u00a0<\/strong>(mm)<\/strong><\/td>\n<td><strong>ST<\/strong><\/td>\n<td><strong>STI<\/strong><\/td>\n<td><strong>N<\/strong><\/td>\n<td><strong>ALU<\/strong><\/td>\n<td><strong>GAL<\/strong><\/td>\n<td><strong>12<\/strong><\/td>\n<td><b>14<\/b><\/td>\n<\/tr>\n<tr>\n<td><strong>55*-101<\/strong><\/td>\n<td>50&#215;1.5<\/td>\n<td>SI<\/td>\n<td>SI<\/td>\n<td>SI<\/td>\n<td>SI<\/td>\n<td>SI<\/td>\n<td>SI<\/td>\n<td><\/td>\n<\/tr>\n<tr>\n<td><strong>55*-103<\/strong><\/td>\n<td>50&#215;1.5<\/td>\n<td>SI<\/td>\n<td>SI<\/td>\n<td>SI<\/td>\n<td>SI<\/td>\n<td>SI<\/td>\n<td>SI<\/td>\n<td><\/td>\n<\/tr>\n<tr>\n<td><strong>55*-230<\/strong><\/td>\n<td>50&#215;1.5<\/td>\n<td>SI<\/td>\n<td>SI<\/td>\n<td>SI<\/td>\n<td>SI<\/td>\n<td>SI<\/td>\n<td>SI<\/td>\n<td><\/td>\n<\/tr>\n<tr>\n<td><strong>55*-310<\/strong><\/td>\n<td>50&#215;1.5<\/td>\n<td>SI<\/td>\n<td>SI<\/td>\n<td>SI<\/td>\n<td>SI<\/td>\n<td>SI<\/td>\n<td>SI<\/td>\n<td>SI<\/td>\n<\/tr>\n<tr>\n<td colspan=\"7\"><strong><img loading=\"lazy\" decoding=\"async\" class=\"size-full wp-image-926 alignleft\" src=\"https:\/\/eurotransis.com\/wp-content\/uploads\/2016\/04\/cabezal.png\" alt=\"cabezal\" width=\"101\" height=\"72\" \/>Embout\u00a0m\u00e9tallique\u00a0emmanch\u00e9<\/strong><\/td>\n<td colspan=\"2\">\n<p><strong><img loading=\"lazy\" decoding=\"async\" class=\"size-full wp-image-819 alignleft\" src=\"https:\/\/eurotransis.com\/wp-content\/uploads\/2016\/04\/rodillos-traccionados.png\" alt=\"rodillos traccionados\" width=\"100\" height=\"72\" srcset=\"https:\/\/eurotransis.com\/wp-content\/uploads\/2016\/04\/rodillos-traccionados.png 100w, https:\/\/eurotransis.com\/wp-content\/uploads\/2016\/04\/rodillos-traccionados-64x46.png 64w\" sizes=\"auto, (max-width: 100px) 100vw, 100px\" \/>Double<\/strong><\/p>\n<p><b>Z14 &#8211; 1\/2&Prime;<\/b><\/td>\n<\/tr>\n<tr>\n<td colspan=\"7\">\n<p><strong><strong> <img loading=\"lazy\" decoding=\"async\" class=\"alignleft wp-image-1540 \" src=\"https:\/\/eurotransis.com\/wp-content\/uploads\/2016\/04\/curva-motorizada-150x150.png\" alt=\"curva motorizada\" width=\"99\" height=\"99\" \/><\/strong><\/strong><strong>Courbe Rayon Int\u00e9rieur = 800 mm<\/strong><\/p>\n<p><b>Accumulation<\/b><strong>\u00a0<\/strong><\/td>\n<td colspan=\"2\">\n<p><strong><img loading=\"lazy\" decoding=\"async\" class=\"size-full wp-image-930 alignleft\" src=\"https:\/\/eurotransis.com\/wp-content\/uploads\/2016\/04\/fuerza.png\" alt=\"fuerza\" width=\"100\" height=\"72\" srcset=\"https:\/\/eurotransis.com\/wp-content\/uploads\/2016\/04\/fuerza.png 100w, https:\/\/eurotransis.com\/wp-content\/uploads\/2016\/04\/fuerza-64x46.png 64w\" sizes=\"auto, (max-width: 100px) 100vw, 100px\" \/>EM-553 FRICTION \u2013 10 daN\/Embout<\/strong><\/p>\n<p><strong>EM-554 FIXE\u00a0 \u00a0 \u00a0 \u00a0 \u00a0 \u00a0 \u2013 40 daN\/Embout<\/strong><\/p>\n<p><strong>EM-555 SOUDE\u00a0 \u00a0 \u00a0 \u00a0\u2013 100 daN\/Embout<\/strong><\/td>\n<\/tr>\n<\/tbody>\n<\/table>\n<p>Le tableau suivant repr\u00e9sente les longueurs de chaque \u00e9l\u00e9ment conique standard, ainsi que les diam\u00e8tres le plus grand et le plus petit de chaque c\u00f4ne. Le plus petit diam\u00e8tre du c\u00f4ne sera toujours de 54 mm. et le plus grand sera conditionn\u00e9 par le nombre de c\u00f4nes assembl\u00e9s.<br \/>\nPar exemple, si EMC-1 \u00e0 EMC-5 sont mont\u00e9s, la longueur utile du c\u00f4ne du rouleau sera de 490 mm. (la somme des 5 \u00e9l\u00e9ments coniques) et le plus grand diam\u00e8tre du c\u00f4ne sera de 87 mm.<\/p>\n<table width=\"1275\">\n<tbody>\n<tr>\n<td><strong>TYPE<\/strong><\/td>\n<td><strong>\u00d8 TUBE (mm)<\/strong><\/td>\n<td><strong>\u00d8 MAX. (mm)<\/strong><\/td>\n<td><strong>\u00d8 MIN. (mm)<\/strong><\/td>\n<td><strong>L (mm)<\/strong><\/td>\n<\/tr>\n<tr>\n<td>EMC-1<\/td>\n<td>50<\/td>\n<td>59.9<\/td>\n<td>54<\/td>\n<td>90<\/td>\n<\/tr>\n<tr>\n<td>EMC-2<\/td>\n<td>50<\/td>\n<td>66.6<\/td>\n<td>59.9<\/td>\n<td>100<\/td>\n<\/tr>\n<tr>\n<td>EMC-3<\/td>\n<td>50<\/td>\n<td>73.4<\/td>\n<td>66.6<\/td>\n<td>100<\/td>\n<\/tr>\n<tr>\n<td>EMC-4<\/td>\n<td>50<\/td>\n<td>80.1<\/td>\n<td>73.4<\/td>\n<td>100<\/td>\n<\/tr>\n<tr>\n<td>EMC-5<\/td>\n<td>50<\/td>\n<td>86.9<\/td>\n<td>80.1<\/td>\n<td>100<\/td>\n<\/tr>\n<tr>\n<td>EMC-6<\/td>\n<td>50<\/td>\n<td>93.6<\/td>\n<td>86.9<\/td>\n<td>100<\/td>\n<\/tr>\n<tr>\n<td>EMC-7<\/td>\n<td>50<\/td>\n<td>100.4<\/td>\n<td>93.6<\/td>\n<td>100<\/td>\n<\/tr>\n<tr>\n<td>EMC-8<\/td>\n<td>50<\/td>\n<td>107.1<\/td>\n<td>100.4<\/td>\n<td>100<\/td>\n<\/tr>\n<tr>\n<td>EMC-9<\/td>\n<td>50<\/td>\n<td>113.9<\/td>\n<td>107.1<\/td>\n<td>100<\/td>\n<\/tr>\n<tr>\n<td>EMC-10<\/td>\n<td>50<\/td>\n<td>120.9<\/td>\n<td>113.9<\/td>\n<td>100<\/td>\n<\/tr>\n<tr style=\"height: 87px\">\n<td style=\"height: 87px;width: 771px\" colspan=\"3\"><img loading=\"lazy\" decoding=\"async\" class=\"wp-image-1206 size-full alignleft\" src=\"https:\/\/eurotransis.com\/wp-content\/uploads\/2016\/04\/aplicacion.png\" alt=\"\" width=\"101\" height=\"74\" \/><strong>Courbe Rayon Int\u00e9rieur = 800 mm.<\/strong><\/td>\n<td style=\"height: 87px;width: 476px\" colspan=\"2\"><strong>Polypropyl\u00e8ne.<\/strong><img loading=\"lazy\" decoding=\"async\" class=\"size-full wp-image-926 alignleft\" src=\"https:\/\/eurotransis.com\/wp-content\/uploads\/2016\/04\/cabezal.png\" alt=\"cabezal\" width=\"101\" height=\"72\" \/><\/td>\n<\/tr>\n<\/tbody>\n<\/table>\n<p>&nbsp;<\/p>\n","protected":false},"excerpt":{"rendered":"<p>Le rouleau de convoyeur Roltia EM-553 est un rouleau conique entra\u00een\u00e9 par un pignon simple en acier Z-14 1\/2&Prime;. Con\u00e7u pour fonctionner en accumulation et transmission par cha\u00eene selon la norme DIN-8187. Il est fabriqu\u00e9 avec des \u00e9l\u00e9ments coniques thermoplastiques pour courbes d&rsquo;un rayon int\u00e9rieur de 800 mm.<\/p>\n","protected":false},"featured_media":12761,"comment_status":"closed","ping_status":"closed","template":"","meta":[],"product_brand":[],"product_cat":[683],"product_tag":[],"class_list":{"0":"post-3495","1":"product","2":"type-product","3":"status-publish","4":"has-post-thumbnail","6":"product_cat-pignon-metallique-fr","8":"first","9":"instock","10":"shipping-taxable","11":"product-type-simple"},"_links":{"self":[{"href":"https:\/\/eurotransis.com\/fr\/wp-json\/wp\/v2\/product\/3495","targetHints":{"allow":["GET"]}}],"collection":[{"href":"https:\/\/eurotransis.com\/fr\/wp-json\/wp\/v2\/product"}],"about":[{"href":"https:\/\/eurotransis.com\/fr\/wp-json\/wp\/v2\/types\/product"}],"replies":[{"embeddable":true,"href":"https:\/\/eurotransis.com\/fr\/wp-json\/wp\/v2\/comments?post=3495"}],"wp:featuredmedia":[{"embeddable":true,"href":"https:\/\/eurotransis.com\/fr\/wp-json\/wp\/v2\/media\/12761"}],"wp:attachment":[{"href":"https:\/\/eurotransis.com\/fr\/wp-json\/wp\/v2\/media?parent=3495"}],"wp:term":[{"taxonomy":"product_brand","embeddable":true,"href":"https:\/\/eurotransis.com\/fr\/wp-json\/wp\/v2\/product_brand?post=3495"},{"taxonomy":"product_cat","embeddable":true,"href":"https:\/\/eurotransis.com\/fr\/wp-json\/wp\/v2\/product_cat?post=3495"},{"taxonomy":"product_tag","embeddable":true,"href":"https:\/\/eurotransis.com\/fr\/wp-json\/wp\/v2\/product_tag?post=3495"}],"curies":[{"name":"wp","href":"https:\/\/api.w.org\/{rel}","templated":true}]}}