{"id":3496,"date":"2016-04-22T09:04:35","date_gmt":"2016-04-22T09:04:35","guid":{"rendered":"http:\/\/eurotransis.com\/fr\/tienda\/sin%20categorizar\/serie-em-554\/"},"modified":"2024-09-25T11:11:42","modified_gmt":"2024-09-25T09:11:42","slug":"serie-em-554","status":"publish","type":"product","link":"https:\/\/eurotransis.com\/fr\/boutique\/rouleaux-fr\/rouleaux-pour-convoyeurs-commandes-fr\/rouleaux-legers-series-commandes\/transmission-par-chaine-fr\/pignon-metallique-fr\/serie-em-554\/","title":{"rendered":"Rouleau s\u00e9rie EM-554"},"content":{"rendered":"<table style=\"height: 201px\" width=\"1275\">\n<tbody>\n<tr>\n<td style=\"text-align: center;width: 651px\" colspan=\"7\"><strong>\u00d8 TUBE<\/strong><\/td>\n<td style=\"text-align: center;width: 609px\" colspan=\"2\"><strong>\u00d8 AXE\u00a0<\/strong><\/td>\n<\/tr>\n<tr>\n<td style=\"width: 164px\"><strong>SERIE<\/strong><\/td>\n<td style=\"width: 115px\"><strong>\u00d8 (mm)<\/strong><\/td>\n<td style=\"width: 73px\"><strong>ST<\/strong><\/td>\n<td style=\"width: 65px\"><strong>STI<\/strong><\/td>\n<td style=\"width: 56px\"><strong>N<\/strong><\/td>\n<td style=\"width: 85px\"><strong>ALU<\/strong><\/td>\n<td style=\"width: 93px\"><strong>GAL<\/strong><\/td>\n<td style=\"width: 329px\"><strong>12<\/strong><\/td>\n<td style=\"width: 280px\"><b>14<\/b><\/td>\n<\/tr>\n<tr>\n<td style=\"width: 164px\"><strong>55*-101<\/strong><\/td>\n<td style=\"width: 115px\">50&#215;1.5<\/td>\n<td style=\"width: 73px\">SI<\/td>\n<td style=\"width: 65px\">SI<\/td>\n<td style=\"width: 56px\">SI<\/td>\n<td style=\"width: 85px\">SI<\/td>\n<td style=\"width: 93px\">SI<\/td>\n<td style=\"width: 329px\">SI<\/td>\n<td style=\"width: 280px\"><\/td>\n<\/tr>\n<tr>\n<td style=\"width: 164px\"><strong>55*-103<\/strong><\/td>\n<td style=\"width: 115px\">50&#215;1.5<\/td>\n<td style=\"width: 73px\">SI<\/td>\n<td style=\"width: 65px\">SI<\/td>\n<td style=\"width: 56px\">SI<\/td>\n<td style=\"width: 85px\">SI<\/td>\n<td style=\"width: 93px\">SI<\/td>\n<td style=\"width: 329px\">SI<\/td>\n<td style=\"width: 280px\"><\/td>\n<\/tr>\n<tr>\n<td style=\"width: 164px\"><strong>55*-230<\/strong><\/td>\n<td style=\"width: 115px\">50&#215;1.5<\/td>\n<td style=\"width: 73px\">SI<\/td>\n<td style=\"width: 65px\">SI<\/td>\n<td style=\"width: 56px\">SI<\/td>\n<td style=\"width: 85px\">SI<\/td>\n<td style=\"width: 93px\">SI<\/td>\n<td style=\"width: 329px\">SI<\/td>\n<td style=\"width: 280px\"><\/td>\n<\/tr>\n<tr>\n<td style=\"width: 164px\"><strong>55*-310<\/strong><\/td>\n<td style=\"width: 115px\">50&#215;1.5<\/td>\n<td style=\"width: 73px\">SI<\/td>\n<td style=\"width: 65px\">SI<\/td>\n<td style=\"width: 56px\">SI<\/td>\n<td style=\"width: 85px\">SI<\/td>\n<td style=\"width: 93px\">SI<\/td>\n<td style=\"width: 329px\">SI<\/td>\n<td style=\"width: 280px\">SI<\/td>\n<\/tr>\n<tr>\n<td style=\"width: 651px\" colspan=\"7\"><strong><strong><img loading=\"lazy\" decoding=\"async\" class=\"size-full wp-image-926 alignleft\" src=\"https:\/\/eurotransis.com\/wp-content\/uploads\/2016\/04\/cabezal.png\" alt=\"cabezal\" width=\"101\" height=\"72\" \/><\/strong><\/strong><\/p>\n<p id=\"tw-target-text\" class=\"tw-data-text vk_txt tw-ta tw-text-medium\" dir=\"ltr\" data-placeholder=\"Translation\"><strong><span lang=\"fr\">Embout M\u00e9tallique Emmanch\u00e9<\/span><\/strong><\/p>\n<\/td>\n<td style=\"width: 609px\" colspan=\"2\">\u00a0<strong><img loading=\"lazy\" decoding=\"async\" class=\"size-full wp-image-819 alignleft\" src=\"https:\/\/eurotransis.com\/wp-content\/uploads\/2016\/04\/rodillos-traccionados.png\" alt=\"rodillos traccionados\" width=\"100\" height=\"72\" srcset=\"https:\/\/eurotransis.com\/wp-content\/uploads\/2016\/04\/rodillos-traccionados.png 100w, https:\/\/eurotransis.com\/wp-content\/uploads\/2016\/04\/rodillos-traccionados-64x46.png 64w\" sizes=\"auto, (max-width: 100px) 100vw, 100px\" \/>Simple<br \/>\n<\/strong><b>Z14 &#8211; 1\/2&Prime;<\/b><\/td>\n<\/tr>\n<tr>\n<td style=\"width: 651px\" colspan=\"7\"><strong> <img loading=\"lazy\" decoding=\"async\" class=\"alignleft wp-image-1540 \" src=\"https:\/\/eurotransis.com\/wp-content\/uploads\/2016\/04\/curva-motorizada-150x150.png\" alt=\"curva motorizada\" width=\"102\" height=\"102\" \/>Courbe Rayon Int\u00e9rieur = 800mm<br \/>\n<\/strong><strong>Fixe.<\/strong><\/td>\n<td style=\"width: 609px\" colspan=\"2\">\n<p><strong><strong><img loading=\"lazy\" decoding=\"async\" class=\"size-full wp-image-930 alignleft\" src=\"https:\/\/eurotransis.com\/wp-content\/uploads\/2016\/04\/fuerza.png\" alt=\"fuerza\" width=\"100\" height=\"72\" srcset=\"https:\/\/eurotransis.com\/wp-content\/uploads\/2016\/04\/fuerza.png 100w, https:\/\/eurotransis.com\/wp-content\/uploads\/2016\/04\/fuerza-64x46.png 64w\" sizes=\"auto, (max-width: 100px) 100vw, 100px\" \/><\/strong><\/strong><\/p>\n<p><strong>EM-553 FRICTION \u2013 10 daN\/Embout<\/strong><\/p>\n<p><strong>EM-554 FIXE\u00a0 \u00a0 \u00a0 \u00a0 \u00a0 \u00a0 \u2013 40 daN\/Embout<\/strong><\/p>\n<p><strong>EM-555 SOUDE\u00a0 \u00a0 \u00a0 \u00a0\u2013 100 daN\/Embout<\/strong><\/td>\n<\/tr>\n<\/tbody>\n<\/table>\n<p>Le tableau suivant repr\u00e9sente les longueurs de chaque \u00e9l\u00e9ment conique standard, ainsi que les diam\u00e8tres le plus grand et le plus petit de chaque c\u00f4ne. Le plus petit diam\u00e8tre du c\u00f4ne sera toujours de 54 mm. et le plus grand sera conditionn\u00e9 par le nombre de c\u00f4nes assembl\u00e9s.<br \/>\nPar exemple, si EMC-1 \u00e0 EMC-5 sont mont\u00e9s, la longueur utile du c\u00f4ne du rouleau sera de 490 mm. (la somme des 5 \u00e9l\u00e9ments coniques) et le plus grand diam\u00e8tre du c\u00f4ne sera de 87 mm.<\/p>\n<table style=\"border-collapse: collapse;width: 100%\" border=\"1\">\n<tbody>\n<tr style=\"height: 24px\">\n<td style=\"width: 7.61975%;height: 24px;text-align: center\"><strong>TYPE<\/strong><\/td>\n<td style=\"width: 17.5437%;height: 24px;text-align: center\"><strong>\u00d8 TUBE (mm)<\/strong><\/td>\n<td style=\"width: 15.6459%;height: 24px;text-align: center\"><strong>\u00d8 MAX. (mm)<\/strong><\/td>\n<td style=\"width: 16.8251%;height: 24px;text-align: center\"><strong>\u00d8 MIN. (mm)<\/strong><\/td>\n<td style=\"width: 18.1973%;height: 24px;text-align: center\"><strong>L (mm)<\/strong><\/td>\n<\/tr>\n<tr style=\"height: 24px\">\n<td style=\"width: 7.61975%;height: 24px;text-align: center\">EMC-1<\/td>\n<td style=\"width: 17.5437%;height: 24px;text-align: center\">50<\/td>\n<td style=\"width: 15.6459%;height: 24px;text-align: center\">59.9<\/td>\n<td style=\"width: 16.8251%;height: 24px;text-align: center\">54<\/td>\n<td style=\"width: 18.1973%;height: 24px;text-align: center\">90<\/td>\n<\/tr>\n<tr style=\"height: 24px\">\n<td style=\"width: 7.61975%;height: 24px;text-align: center\">EMC-2<\/td>\n<td style=\"width: 17.5437%;height: 24px;text-align: center\">50<\/td>\n<td style=\"width: 15.6459%;height: 24px;text-align: center\">66.6<\/td>\n<td style=\"width: 16.8251%;height: 24px;text-align: center\">59.9<\/td>\n<td style=\"width: 18.1973%;height: 24px;text-align: center\">100<\/td>\n<\/tr>\n<tr style=\"height: 24px\">\n<td style=\"width: 7.61975%;height: 24px;text-align: center\">EMC-3<\/td>\n<td style=\"width: 17.5437%;height: 24px;text-align: center\">50<\/td>\n<td style=\"width: 15.6459%;height: 24px;text-align: center\">73.4<\/td>\n<td style=\"width: 16.8251%;height: 24px;text-align: center\">66.6<\/td>\n<td style=\"width: 18.1973%;height: 24px;text-align: center\">100<\/td>\n<\/tr>\n<tr style=\"height: 24px\">\n<td style=\"width: 7.61975%;height: 24px;text-align: center\">EMC-4<\/td>\n<td style=\"width: 17.5437%;height: 24px;text-align: center\">50<\/td>\n<td style=\"width: 15.6459%;height: 24px;text-align: center\">80.1<\/td>\n<td style=\"width: 16.8251%;height: 24px;text-align: center\">73.4<\/td>\n<td style=\"width: 18.1973%;height: 24px;text-align: center\">100<\/td>\n<\/tr>\n<tr style=\"height: 24px\">\n<td style=\"width: 7.61975%;height: 24px;text-align: center\">EMC-5<\/td>\n<td style=\"width: 17.5437%;height: 24px;text-align: center\">50<\/td>\n<td style=\"width: 15.6459%;height: 24px;text-align: center\">86.9<\/td>\n<td style=\"width: 16.8251%;height: 24px;text-align: center\">80.1<\/td>\n<td style=\"width: 18.1973%;height: 24px;text-align: center\">100<\/td>\n<\/tr>\n<tr style=\"height: 24px\">\n<td style=\"width: 7.61975%;height: 24px;text-align: center\">EMC-6<\/td>\n<td style=\"width: 17.5437%;height: 24px;text-align: center\">50<\/td>\n<td style=\"width: 15.6459%;height: 24px;text-align: center\">93.6<\/td>\n<td style=\"width: 16.8251%;height: 24px;text-align: center\">86.9<\/td>\n<td style=\"width: 18.1973%;height: 24px;text-align: center\">100<\/td>\n<\/tr>\n<tr>\n<td style=\"width: 7.61975%;text-align: center\">EMC-7<\/td>\n<td style=\"width: 17.5437%;text-align: center\">50<\/td>\n<td style=\"width: 15.6459%;text-align: center\">100.4<\/td>\n<td style=\"width: 16.8251%;text-align: center\">93.6<\/td>\n<td style=\"width: 18.1973%;text-align: center\">100<\/td>\n<\/tr>\n<tr>\n<td style=\"width: 7.61975%;text-align: center\">EMC-8<\/td>\n<td style=\"width: 17.5437%;text-align: center\">50<\/td>\n<td style=\"width: 15.6459%;text-align: center\">107.1<\/td>\n<td style=\"width: 16.8251%;text-align: center\">100.4<\/td>\n<td style=\"width: 18.1973%;text-align: center\">100<\/td>\n<\/tr>\n<tr>\n<td style=\"width: 7.61975%;text-align: center\">EMC-9<\/td>\n<td style=\"width: 17.5437%;text-align: center\">50<\/td>\n<td style=\"width: 15.6459%;text-align: center\">113.9<\/td>\n<td style=\"width: 16.8251%;text-align: center\">107.1<\/td>\n<td style=\"width: 18.1973%;text-align: center\">100<\/td>\n<\/tr>\n<tr>\n<td style=\"width: 7.61975%;text-align: center\">EMC-10<\/td>\n<td style=\"width: 17.5437%;text-align: center\">50<\/td>\n<td style=\"width: 15.6459%;text-align: center\">120.9<\/td>\n<td style=\"width: 16.8251%;text-align: center\">113.9<\/td>\n<td style=\"width: 18.1973%;text-align: center\">100<\/td>\n<\/tr>\n<tr style=\"height: 91px\">\n<td style=\"width: 40.8094%;text-align: left;vertical-align: top;height: 91px\" colspan=\"3\"><strong><img loading=\"lazy\" decoding=\"async\" class=\"wp-image-815 size-full alignleft\" src=\"https:\/\/eurotransis.com\/wp-content\/uploads\/2016\/04\/aplicacion.png\" alt=\"\" width=\"100\" height=\"75\" srcset=\"https:\/\/eurotransis.com\/wp-content\/uploads\/2016\/04\/aplicacion.png 100w, https:\/\/eurotransis.com\/wp-content\/uploads\/2016\/04\/aplicacion-64x48.png 64w\" sizes=\"auto, (max-width: 100px) 100vw, 100px\" \/>Courbe Rayon Int\u00e9rieur = 800 mm.<\/strong><\/td>\n<td style=\"width: 35.0224%;text-align: left;height: 91px\" colspan=\"2\"><strong><img loading=\"lazy\" decoding=\"async\" class=\"size-full wp-image-926 alignleft\" src=\"https:\/\/eurotransis.com\/wp-content\/uploads\/2016\/04\/cabezal.png\" alt=\"cabezal\" width=\"101\" height=\"72\" \/>Polypropyl\u00e8ne<br \/>\n<\/strong><\/td>\n<\/tr>\n<\/tbody>\n<\/table>\n<p>&nbsp;<\/p>\n","protected":false},"excerpt":{"rendered":"<p>Le rouleau de convoyeur Roltia EM-554 est un rouleau conique entra\u00een\u00e9 par un pignon simple en acier Z-14 1\/2&Prime;. Le pignon, fix\u00e9 au tube, permet une transmission par cha\u00eene selon la norme DIN-8187. Il est fabriqu\u00e9 avec des \u00e9l\u00e9ments coniques thermoplastiques pour courbes d&rsquo;un rayon int\u00e9rieur de 800 mm.<\/p>\n","protected":false},"featured_media":12765,"comment_status":"closed","ping_status":"closed","template":"","meta":[],"product_brand":[],"product_cat":[683],"product_tag":[],"class_list":{"0":"post-3496","1":"product","2":"type-product","3":"status-publish","4":"has-post-thumbnail","6":"product_cat-pignon-metallique-fr","8":"first","9":"instock","10":"shipping-taxable","11":"product-type-simple"},"_links":{"self":[{"href":"https:\/\/eurotransis.com\/fr\/wp-json\/wp\/v2\/product\/3496","targetHints":{"allow":["GET"]}}],"collection":[{"href":"https:\/\/eurotransis.com\/fr\/wp-json\/wp\/v2\/product"}],"about":[{"href":"https:\/\/eurotransis.com\/fr\/wp-json\/wp\/v2\/types\/product"}],"replies":[{"embeddable":true,"href":"https:\/\/eurotransis.com\/fr\/wp-json\/wp\/v2\/comments?post=3496"}],"wp:featuredmedia":[{"embeddable":true,"href":"https:\/\/eurotransis.com\/fr\/wp-json\/wp\/v2\/media\/12765"}],"wp:attachment":[{"href":"https:\/\/eurotransis.com\/fr\/wp-json\/wp\/v2\/media?parent=3496"}],"wp:term":[{"taxonomy":"product_brand","embeddable":true,"href":"https:\/\/eurotransis.com\/fr\/wp-json\/wp\/v2\/product_brand?post=3496"},{"taxonomy":"product_cat","embeddable":true,"href":"https:\/\/eurotransis.com\/fr\/wp-json\/wp\/v2\/product_cat?post=3496"},{"taxonomy":"product_tag","embeddable":true,"href":"https:\/\/eurotransis.com\/fr\/wp-json\/wp\/v2\/product_tag?post=3496"}],"curies":[{"name":"wp","href":"https:\/\/api.w.org\/{rel}","templated":true}]}}