{"id":3506,"date":"2016-04-22T07:05:06","date_gmt":"2016-04-22T07:05:06","guid":{"rendered":"http:\/\/eurotransis.com\/fr\/tienda\/sin%20categorizar\/serie-em-602\/"},"modified":"2024-09-18T11:39:16","modified_gmt":"2024-09-18T09:39:16","slug":"serie-em-602","status":"publish","type":"product","link":"https:\/\/eurotransis.com\/fr\/boutique\/rouleaux-fr\/pour-convoyeurs-gravitaires-fr\/rouleaux-serie-legere\/cabezales-plasticos-fr\/serie-em-602\/","title":{"rendered":"Rouleau S\u00e9rie EM-602"},"content":{"rendered":"<table style=\"height: 201px\" width=\"1275\">\n<tbody>\n<tr>\n<td style=\"text-align: center\" colspan=\"6\"><strong>\u00d8 TUBE<\/strong><\/td>\n<td style=\"text-align: center\" colspan=\"4\"><strong>\u00d8 AXE\u00a0<\/strong><\/td>\n<\/tr>\n<tr>\n<td><b>SERIE 602<\/b><\/td>\n<td><strong><strong>\u00d8 <\/strong>(mm)<\/strong><\/td>\n<td><strong>ST<\/strong><\/td>\n<td><strong>STI<\/strong><\/td>\n<td><strong>N<\/strong><\/td>\n<td><strong>ALU<\/strong><\/td>\n<td><strong>6<\/strong><\/td>\n<td><strong>8<\/strong><\/td>\n<td><strong>10<\/strong><\/td>\n<td><strong>12<\/strong><\/td>\n<\/tr>\n<tr>\n<td><strong>602-50<\/strong><\/td>\n<td>30&#215;1.5<\/td>\n<td>SI<\/td>\n<td>SI<\/td>\n<td>SI<\/td>\n<td>SI<\/td>\n<td>SI<\/td>\n<td>SI<\/td>\n<td>SI<\/td>\n<td><\/td>\n<\/tr>\n<tr>\n<td><strong>602-51<\/strong><\/td>\n<td>30&#215;1.5<\/td>\n<td>SI<\/td>\n<td>SI<\/td>\n<td>SI<\/td>\n<td>SI<\/td>\n<td>SI<\/td>\n<td>SI<\/td>\n<td>SI<\/td>\n<td><\/td>\n<\/tr>\n<tr>\n<td><strong>602-250<\/strong><\/td>\n<td>30&#215;1.5<\/td>\n<td>SI<\/td>\n<td>SI<\/td>\n<td>SI<\/td>\n<td>SI<\/td>\n<td><\/td>\n<td>SI<\/td>\n<td>SI<\/td>\n<td>SI<\/td>\n<\/tr>\n<tr>\n<td><strong>602-230<\/strong><\/td>\n<td>30&#215;1.5<\/td>\n<td>SI<\/td>\n<td>SI<\/td>\n<td>SI<\/td>\n<td>SI<\/td>\n<td>SI<\/td>\n<td>SI<\/td>\n<td>SI<\/td>\n<td>SI<\/td>\n<\/tr>\n<tr>\n<td colspan=\"6\"><img loading=\"lazy\" decoding=\"async\" class=\"size-full wp-image-926 alignleft\" src=\"https:\/\/eurotransis.com\/wp-content\/uploads\/2016\/04\/cabezal.png\" alt=\"cabezal\" width=\"101\" height=\"72\" \/><\/p>\n<p style=\"text-align: right\"><strong>EM-602-50: Embouts thermoplastic<\/strong><\/p>\n<p style=\"text-align: right\"><strong>EM-602-51: <strong>Embouts thermoplastic<\/strong><\/strong><\/p>\n<p style=\"text-align: right\"><strong>EM-602-250: Embout thermoplastic<\/strong><\/p>\n<p style=\"text-align: right\"><strong>EM-602-230: Embout m\u00e9tallique emmanch\u00e9<\/strong><\/p>\n<\/td>\n<td colspan=\"4\"><img loading=\"lazy\" decoding=\"async\" class=\"size-full wp-image-1453 alignleft\" src=\"https:\/\/eurotransis.com\/wp-content\/uploads\/2016\/04\/hilera.png\" alt=\"hilera\" width=\"101\" height=\"73\" srcset=\"https:\/\/eurotransis.com\/wp-content\/uploads\/2016\/04\/hilera.png 101w, https:\/\/eurotransis.com\/wp-content\/uploads\/2016\/04\/hilera-64x46.png 64w\" sizes=\"auto, (max-width: 101px) 100vw, 101px\" \/><\/p>\n<p style=\"text-align: right\"><strong>EM-602-50: Une rang\u00e9e de billes<\/strong><\/p>\n<p style=\"text-align: right\"><strong>EM-602-51: <strong>Une rang\u00e9e de billes<\/strong><\/strong><\/p>\n<p style=\"text-align: right\"><strong>EM-602-250: Roulement de pr\u00e9cision<\/strong><\/p>\n<p style=\"text-align: right\"><strong>EM-602-230: Roulement estamp\u00e9<\/strong><\/p>\n<\/td>\n<\/tr>\n<tr>\n<td colspan=\"6\">\n<p style=\"text-align: right\"><strong>Courbes Ri = 500 mm<img loading=\"lazy\" decoding=\"async\" class=\"wp-image-1457 size-thumbnail alignleft\" src=\"https:\/\/eurotransis.com\/wp-content\/uploads\/2016\/04\/curva-gravedad-150x150.png\" alt=\"curva gravedad\" width=\"150\" height=\"150\" srcset=\"https:\/\/eurotransis.com\/wp-content\/uploads\/2016\/04\/curva-gravedad-150x150.png 150w, https:\/\/eurotransis.com\/wp-content\/uploads\/2016\/04\/curva-gravedad-100x100.png 100w, https:\/\/eurotransis.com\/wp-content\/uploads\/2016\/04\/curva-gravedad-66x66.png 66w\" sizes=\"auto, (max-width: 150px) 100vw, 150px\" \/><\/strong><\/p>\n<\/td>\n<td colspan=\"4\"><img loading=\"lazy\" decoding=\"async\" class=\"size-full wp-image-930 alignleft\" src=\"https:\/\/eurotransis.com\/wp-content\/uploads\/2016\/04\/fuerza.png\" alt=\"fuerza\" width=\"100\" height=\"72\" srcset=\"https:\/\/eurotransis.com\/wp-content\/uploads\/2016\/04\/fuerza.png 100w, https:\/\/eurotransis.com\/wp-content\/uploads\/2016\/04\/fuerza-64x46.png 64w\" sizes=\"auto, (max-width: 100px) 100vw, 100px\" \/><\/p>\n<p style=\"text-align: right\"><strong>EM-602-50: 10daN\/Embout<\/strong><\/p>\n<p style=\"text-align: right\"><strong>EM-602-51: 10daN\/Embout<\/strong><\/p>\n<p style=\"text-align: right\"><strong>EM-602-250: 80daN\/Embout<\/strong><\/p>\n<p style=\"text-align: right\"><strong>EM-602-230: 80daN\/Embout<\/strong><\/p>\n<\/td>\n<\/tr>\n<\/tbody>\n<\/table>\n<p>&nbsp;<\/p>\n","protected":false},"excerpt":{"rendered":"<p id=\"tw-target-text\" class=\"tw-data-text vk_txt tw-ta tw-text-small\" dir=\"ltr\" data-placeholder=\"Translation\">La s\u00e9rie Roltia EM-602 est un rouleau libre conique qui peut \u00eatre mont\u00e9 avec diff\u00e9rents types de embouts. Il est fabriqu\u00e9 avec des \u00e9l\u00e9ments coniques thermoplastiques pour courbes d&rsquo;un rayon int\u00e9rieur de 500 mm.<\/p>\n<p class=\"tw-data-text vk_txt tw-ta tw-text-small\" dir=\"ltr\" data-placeholder=\"Translation\">\n","protected":false},"featured_media":12805,"comment_status":"closed","ping_status":"closed","template":"","meta":[],"product_brand":[],"product_cat":[529],"product_tag":[],"class_list":{"0":"post-3506","1":"product","2":"type-product","3":"status-publish","4":"has-post-thumbnail","6":"product_cat-cabezales-plasticos-fr","8":"first","9":"instock","10":"shipping-taxable","11":"product-type-simple"},"_links":{"self":[{"href":"https:\/\/eurotransis.com\/fr\/wp-json\/wp\/v2\/product\/3506","targetHints":{"allow":["GET"]}}],"collection":[{"href":"https:\/\/eurotransis.com\/fr\/wp-json\/wp\/v2\/product"}],"about":[{"href":"https:\/\/eurotransis.com\/fr\/wp-json\/wp\/v2\/types\/product"}],"replies":[{"embeddable":true,"href":"https:\/\/eurotransis.com\/fr\/wp-json\/wp\/v2\/comments?post=3506"}],"wp:featuredmedia":[{"embeddable":true,"href":"https:\/\/eurotransis.com\/fr\/wp-json\/wp\/v2\/media\/12805"}],"wp:attachment":[{"href":"https:\/\/eurotransis.com\/fr\/wp-json\/wp\/v2\/media?parent=3506"}],"wp:term":[{"taxonomy":"product_brand","embeddable":true,"href":"https:\/\/eurotransis.com\/fr\/wp-json\/wp\/v2\/product_brand?post=3506"},{"taxonomy":"product_cat","embeddable":true,"href":"https:\/\/eurotransis.com\/fr\/wp-json\/wp\/v2\/product_cat?post=3506"},{"taxonomy":"product_tag","embeddable":true,"href":"https:\/\/eurotransis.com\/fr\/wp-json\/wp\/v2\/product_tag?post=3506"}],"curies":[{"name":"wp","href":"https:\/\/api.w.org\/{rel}","templated":true}]}}