{"id":3508,"date":"2016-04-22T07:00:24","date_gmt":"2016-04-22T07:00:24","guid":{"rendered":"http:\/\/eurotransis.com\/fr\/tienda\/sin%20categorizar\/serie-em-600\/"},"modified":"2024-09-18T11:23:23","modified_gmt":"2024-09-18T09:23:23","slug":"serie-em-600","status":"publish","type":"product","link":"https:\/\/eurotransis.com\/fr\/boutique\/rouleaux-fr\/pour-convoyeurs-gravitaires-fr\/rouleaux-series-moyennes\/embouts-thermoplastiques-fr\/serie-em-600\/","title":{"rendered":"Rouleau S\u00e9rie EM-600"},"content":{"rendered":"<table style=\"height: 201px\" width=\"1275\">\n<tbody>\n<tr>\n<td style=\"text-align: center;width: 661px\" colspan=\"7\"><strong>\u00d8 TUBE<\/strong><\/td>\n<td style=\"text-align: center;width: 582px\" colspan=\"6\"><b>\u00d8 AXE\u00a0<\/b><\/td>\n<\/tr>\n<tr>\n<td style=\"width: 198px\"><strong>SERIE 600<\/strong><\/td>\n<td style=\"width: 143px\"><strong><b>\u00d8 <\/b>(mm)<\/strong><\/td>\n<td style=\"width: 53px\"><strong>ST<\/strong><\/td>\n<td style=\"width: 68px\"><strong>STI<\/strong><\/td>\n<td style=\"width: 40px\"><strong>N<\/strong><\/td>\n<td style=\"width: 85px\"><strong>ALU<\/strong><\/td>\n<td style=\"width: 74px\"><strong>GAL<\/strong><\/td>\n<td style=\"width: 80px\"><strong>8<\/strong><\/td>\n<td style=\"width: 85px\"><strong>10<\/strong><\/td>\n<td style=\"width: 80px\"><strong>12<\/strong><\/td>\n<td style=\"width: 82px\"><strong>14<\/strong><\/td>\n<td style=\"width: 79px\"><strong>15<\/strong><\/td>\n<td style=\"width: 176px\"><strong>SW11<\/strong><\/td>\n<\/tr>\n<tr>\n<td style=\"width: 198px\"><strong>600-101<\/strong><\/td>\n<td style=\"width: 143px\">50&#215;1.5<\/td>\n<td style=\"width: 53px\">SI<\/td>\n<td style=\"width: 68px\">SI<\/td>\n<td style=\"width: 40px\">SI<\/td>\n<td style=\"width: 85px\">SI<\/td>\n<td style=\"width: 74px\">SI<\/td>\n<td style=\"width: 80px\">SI<\/td>\n<td style=\"width: 85px\">SI<\/td>\n<td style=\"width: 80px\">SI<\/td>\n<td style=\"width: 82px\"><\/td>\n<td style=\"width: 79px\"><\/td>\n<td style=\"width: 176px\">SI<\/td>\n<\/tr>\n<tr>\n<td style=\"width: 198px\"><strong>600-103<\/strong><\/td>\n<td style=\"width: 143px\">50&#215;1.5<\/td>\n<td style=\"width: 53px\">SI<\/td>\n<td style=\"width: 68px\">SI<\/td>\n<td style=\"width: 40px\">SI<\/td>\n<td style=\"width: 85px\">SI<\/td>\n<td style=\"width: 74px\">SI<\/td>\n<td style=\"width: 80px\">SI<\/td>\n<td style=\"width: 85px\">SI<\/td>\n<td style=\"width: 80px\">SI<\/td>\n<td style=\"width: 82px\"><\/td>\n<td style=\"width: 79px\"><\/td>\n<td style=\"width: 176px\">SI<\/td>\n<\/tr>\n<tr>\n<td style=\"width: 198px\"><strong>600-310<\/strong><\/td>\n<td style=\"width: 143px\">50&#215;1.5<\/td>\n<td style=\"width: 53px\">SI<\/td>\n<td style=\"width: 68px\">SI<\/td>\n<td style=\"width: 40px\">SI<\/td>\n<td style=\"width: 85px\">SI<\/td>\n<td style=\"width: 74px\">SI<\/td>\n<td style=\"width: 80px\"><\/td>\n<td style=\"width: 85px\">SI<\/td>\n<td style=\"width: 80px\">SI<\/td>\n<td style=\"width: 82px\">SI<\/td>\n<td style=\"width: 79px\">SI<\/td>\n<td style=\"width: 176px\">SI<\/td>\n<\/tr>\n<tr>\n<td style=\"width: 198px\"><strong>600-230<\/strong><\/td>\n<td style=\"width: 143px\">50&#215;1.5<\/td>\n<td style=\"width: 53px\">SI<\/td>\n<td style=\"width: 68px\">SI<\/td>\n<td style=\"width: 40px\">SI<\/td>\n<td style=\"width: 85px\">SI<\/td>\n<td style=\"width: 74px\">SI<\/td>\n<td style=\"width: 80px\">SI<\/td>\n<td style=\"width: 85px\">SI<\/td>\n<td style=\"width: 80px\">SI<\/td>\n<td style=\"width: 82px\"><\/td>\n<td style=\"width: 79px\">SI<\/td>\n<td style=\"width: 176px\">SI<\/td>\n<\/tr>\n<tr>\n<td style=\"width: 198px\"><strong>600-260<\/strong><\/td>\n<td style=\"width: 143px\">50&#215;1.5<\/td>\n<td style=\"width: 53px\">SI<\/td>\n<td style=\"width: 68px\">SI<\/td>\n<td style=\"width: 40px\">SI<\/td>\n<td style=\"width: 85px\">SI<\/td>\n<td style=\"width: 74px\">SI<\/td>\n<td style=\"width: 80px\"><\/td>\n<td style=\"width: 85px\">SI<\/td>\n<td style=\"width: 80px\">SI<\/td>\n<td style=\"width: 82px\"><\/td>\n<td style=\"width: 79px\">SI<\/td>\n<td style=\"width: 176px\">SI<\/td>\n<\/tr>\n<tr>\n<td style=\"width: 661px\" colspan=\"7\"><img loading=\"lazy\" decoding=\"async\" class=\"size-full wp-image-926 alignleft\" src=\"https:\/\/eurotransis.com\/wp-content\/uploads\/2016\/04\/cabezal.png\" alt=\"cabezal\" width=\"101\" height=\"72\" \/><\/p>\n<p style=\"text-align: right\"><strong>EM-600-101: Embout thermoplastique<\/strong><\/p>\n<p style=\"text-align: right\"><strong>EM-600-103: Embout thermoplastique<\/strong><\/p>\n<p style=\"text-align: right\"><strong>EM-600-310: <strong>Embout thermoplastique<\/strong><\/strong><\/p>\n<p style=\"text-align: right\"><strong>EM-600-230: Embout\u00a0m\u00e9tallique\u00a0emmanch\u00e9<\/strong><\/p>\n<p style=\"text-align: right\"><strong>EM-600-260:\u00a0Embout\u00a0m\u00e9tallique\u00a0emmanch\u00e9<\/strong><\/p>\n<\/td>\n<td style=\"text-align: right;width: 582px\" colspan=\"6\">\n<p><img loading=\"lazy\" decoding=\"async\" class=\"size-full wp-image-1453 alignleft\" src=\"https:\/\/eurotransis.com\/wp-content\/uploads\/2016\/04\/hilera.png\" alt=\"hilera\" width=\"101\" height=\"73\" srcset=\"https:\/\/eurotransis.com\/wp-content\/uploads\/2016\/04\/hilera.png 101w, https:\/\/eurotransis.com\/wp-content\/uploads\/2016\/04\/hilera-64x46.png 64w\" sizes=\"auto, (max-width: 101px) 100vw, 101px\" \/><\/p>\n<p><strong>EM-600-101: Double rang\u00e9e de billes<\/strong><\/p>\n<p><strong>EM-600-103: <strong>Double rang\u00e9e de billes<\/strong><\/strong><\/p>\n<p><strong>EM-600-310: Roulement de\u00a0pr\u00e8cision<\/strong><\/p>\n<p><strong>EM-600-230: <strong>Roulement estamp\u00e9<\/strong><\/strong><\/p>\n<p><strong>\u00a0 \u00a0EM-600-260: <strong>Roulement de\u00a0pr\u00e8cision<\/strong><\/strong><\/td>\n<\/tr>\n<tr>\n<td style=\"text-align: right;width: 661px\" colspan=\"7\"><strong><strong><img loading=\"lazy\" decoding=\"async\" class=\"wp-image-1457 size-thumbnail alignleft\" src=\"https:\/\/eurotransis.com\/wp-content\/uploads\/2016\/04\/curva-gravedad-150x150.png\" alt=\"curva gravedad\" width=\"150\" height=\"150\" srcset=\"https:\/\/eurotransis.com\/wp-content\/uploads\/2016\/04\/curva-gravedad-150x150.png 150w, https:\/\/eurotransis.com\/wp-content\/uploads\/2016\/04\/curva-gravedad-100x100.png 100w, https:\/\/eurotransis.com\/wp-content\/uploads\/2016\/04\/curva-gravedad-66x66.png 66w\" sizes=\"auto, (max-width: 150px) 100vw, 150px\" \/><\/strong><\/strong><strong>Courbes Ri = 800 mm\u00a0 \u00a0<\/strong><\/td>\n<td style=\"text-align: right;width: 582px\" colspan=\"6\">\n<p><img loading=\"lazy\" decoding=\"async\" class=\"size-full wp-image-930 alignleft\" src=\"https:\/\/eurotransis.com\/wp-content\/uploads\/2016\/04\/fuerza.png\" alt=\"fuerza\" width=\"100\" height=\"72\" srcset=\"https:\/\/eurotransis.com\/wp-content\/uploads\/2016\/04\/fuerza.png 100w, https:\/\/eurotransis.com\/wp-content\/uploads\/2016\/04\/fuerza-64x46.png 64w\" sizes=\"auto, (max-width: 100px) 100vw, 100px\" \/><\/p>\n<p><strong>EM-600-101: 24daN\/Embout<\/strong><\/p>\n<p><strong>EM-600-103: 24daN\/Embout<\/strong><\/p>\n<p><strong>EM-600-310: 80daN\/Embout<\/strong><\/p>\n<p><strong>EM-600-230: 80daN\/Embout<\/strong><\/p>\n<p><strong>EM-600-260: 80daN\/Embout<\/strong><\/td>\n<\/tr>\n<\/tbody>\n<\/table>\n<p>&nbsp;<\/p>\n","protected":false},"excerpt":{"rendered":"<p id=\"tw-target-text\" class=\"tw-data-text vk_txt tw-ta tw-text-small\" dir=\"ltr\" data-placeholder=\"Translation\">La s\u00e9rie Roltia EM-600 est un rouleau libre conique qui peut \u00eatre mont\u00e9 avec diff\u00e9rents types de embouts. Il est fabriqu\u00e9 avec des \u00e9l\u00e9ments coniques thermoplastiques pour courbes d&rsquo;un rayon int\u00e9rieur de 800 mm.<\/p>\n","protected":false},"featured_media":12801,"comment_status":"closed","ping_status":"closed","template":"","meta":[],"product_brand":[],"product_cat":[534],"product_tag":[],"class_list":{"0":"post-3508","1":"product","2":"type-product","3":"status-publish","4":"has-post-thumbnail","6":"product_cat-embouts-thermoplastiques-fr","8":"first","9":"instock","10":"shipping-taxable","11":"product-type-simple"},"_links":{"self":[{"href":"https:\/\/eurotransis.com\/fr\/wp-json\/wp\/v2\/product\/3508","targetHints":{"allow":["GET"]}}],"collection":[{"href":"https:\/\/eurotransis.com\/fr\/wp-json\/wp\/v2\/product"}],"about":[{"href":"https:\/\/eurotransis.com\/fr\/wp-json\/wp\/v2\/types\/product"}],"replies":[{"embeddable":true,"href":"https:\/\/eurotransis.com\/fr\/wp-json\/wp\/v2\/comments?post=3508"}],"wp:featuredmedia":[{"embeddable":true,"href":"https:\/\/eurotransis.com\/fr\/wp-json\/wp\/v2\/media\/12801"}],"wp:attachment":[{"href":"https:\/\/eurotransis.com\/fr\/wp-json\/wp\/v2\/media?parent=3508"}],"wp:term":[{"taxonomy":"product_brand","embeddable":true,"href":"https:\/\/eurotransis.com\/fr\/wp-json\/wp\/v2\/product_brand?post=3508"},{"taxonomy":"product_cat","embeddable":true,"href":"https:\/\/eurotransis.com\/fr\/wp-json\/wp\/v2\/product_cat?post=3508"},{"taxonomy":"product_tag","embeddable":true,"href":"https:\/\/eurotransis.com\/fr\/wp-json\/wp\/v2\/product_tag?post=3508"}],"curies":[{"name":"wp","href":"https:\/\/api.w.org\/{rel}","templated":true}]}}