{"id":3521,"date":"2016-04-21T11:17:19","date_gmt":"2016-04-21T11:17:19","guid":{"rendered":"http:\/\/eurotransis.com\/fr\/tienda\/sin%20categorizar\/serie-em-508\/"},"modified":"2025-08-07T08:21:36","modified_gmt":"2025-08-07T06:21:36","slug":"serie-em-508","status":"publish","type":"product","link":"https:\/\/eurotransis.com\/fr\/boutique\/rouleaux-fr\/rouleaux-pour-convoyeurs-commandes-fr\/rouleaux-serie-moyenne-commande\/transmission-par-chaine-avec-pignon-soude-fr\/serie-em-508\/","title":{"rendered":"Rouleau s\u00e9rie EM-508"},"content":{"rendered":"<table style=\"height: 201px\" width=\"1275\">\n<tbody>\n<tr>\n<td style=\"text-align: center;width: 617px\" colspan=\"4\"><strong>\u00d8 TUBE<\/strong><\/td>\n<td style=\"text-align: center;width: 644px\" colspan=\"4\"><b>\u00d8 AXE\u00a0<\/b><\/td>\n<\/tr>\n<tr>\n<td style=\"width: 287px\"><strong>\u00d8 (mm)<\/strong><\/td>\n<td style=\"width: 109px\"><strong>ST<\/strong><\/td>\n<td style=\"width: 138px\"><strong>STI<\/strong><\/td>\n<td style=\"width: 83px\"><strong>N<\/strong><\/td>\n<td style=\"width: 163px\"><strong>12<\/strong><\/td>\n<td style=\"width: 166px\"><strong>14<\/strong><\/td>\n<td style=\"width: 160px\"><strong>15<\/strong><\/td>\n<td style=\"width: 155px\"><strong>17<\/strong><\/td>\n<\/tr>\n<tr>\n<td style=\"width: 287px\"><strong>50&#215;1.5<\/strong><\/td>\n<td style=\"width: 109px\">SI<\/td>\n<td style=\"width: 138px\">SI<\/td>\n<td style=\"width: 83px\">SI<\/td>\n<td style=\"width: 163px\">SI<\/td>\n<td style=\"width: 166px\">SI<\/td>\n<td style=\"width: 160px\">SI<\/td>\n<td style=\"width: 155px\">SI<\/td>\n<\/tr>\n<tr>\n<td style=\"width: 287px\"><strong>60&#215;2<\/strong><\/td>\n<td style=\"width: 109px\">SI<\/td>\n<td style=\"width: 138px\">SI<\/td>\n<td style=\"width: 83px\">SI<\/td>\n<td style=\"width: 163px\">SI<\/td>\n<td style=\"width: 166px\">SI<\/td>\n<td style=\"width: 160px\">SI<\/td>\n<td style=\"width: 155px\">SI<\/td>\n<\/tr>\n<tr>\n<td style=\"width: 287px\"><strong>80&#215;2<\/strong><\/td>\n<td style=\"width: 109px\">SI<\/td>\n<td style=\"width: 138px\">SI<\/td>\n<td style=\"width: 83px\">SI<\/td>\n<td style=\"width: 163px\">SI<\/td>\n<td style=\"width: 166px\">SI<\/td>\n<td style=\"width: 160px\">SI<\/td>\n<td style=\"width: 155px\">SI<\/td>\n<\/tr>\n<tr>\n<td style=\"width: 617px\" colspan=\"4\"><strong><img loading=\"lazy\" decoding=\"async\" class=\"size-full wp-image-926 alignleft\" src=\"https:\/\/eurotransis.com\/wp-content\/uploads\/2016\/04\/cabezal.png\" alt=\"cabezal\" width=\"101\" height=\"72\" \/><\/strong><\/p>\n<p id=\"tw-target-text\" class=\"tw-data-text vk_txt tw-ta tw-text-medium\" dir=\"ltr\" data-placeholder=\"Translation\"><strong>Embout m\u00e9tallique soud\u00e9<\/strong><\/p>\n<\/td>\n<td style=\"width: 644px\" colspan=\"4\">\n<p><strong><img loading=\"lazy\" decoding=\"async\" class=\"size-full wp-image-819 alignleft\" src=\"https:\/\/eurotransis.com\/wp-content\/uploads\/2016\/04\/rodillos-traccionados.png\" alt=\"rodillos traccionados\" width=\"100\" height=\"72\" srcset=\"https:\/\/eurotransis.com\/wp-content\/uploads\/2016\/04\/rodillos-traccionados.png 100w, https:\/\/eurotransis.com\/wp-content\/uploads\/2016\/04\/rodillos-traccionados-64x46.png 64w\" sizes=\"auto, (max-width: 100px) 100vw, 100px\" \/>Simple<\/strong><\/p>\n<p><strong>Z14 &#8211; 1\/2&Prime;\u00a0<\/strong><\/td>\n<\/tr>\n<tr>\n<td style=\"width: 617px\" colspan=\"4\"><strong><strong><img loading=\"lazy\" decoding=\"async\" class=\"size-full wp-image-815 alignleft\" src=\"https:\/\/eurotransis.com\/wp-content\/uploads\/2016\/04\/aplicacion.png\" alt=\"aplicacion\" width=\"100\" height=\"75\" srcset=\"https:\/\/eurotransis.com\/wp-content\/uploads\/2016\/04\/aplicacion.png 100w, https:\/\/eurotransis.com\/wp-content\/uploads\/2016\/04\/aplicacion-64x48.png 64w\" sizes=\"auto, (max-width: 100px) 100vw, 100px\" \/><\/strong><\/strong><strong>Soud\u00e9<br \/>\n<\/strong><\/td>\n<td style=\"width: 644px\" colspan=\"4\"><strong><img loading=\"lazy\" decoding=\"async\" class=\"size-full wp-image-930 alignleft\" src=\"https:\/\/eurotransis.com\/wp-content\/uploads\/2016\/04\/fuerza.png\" alt=\"fuerza\" width=\"100\" height=\"72\" srcset=\"https:\/\/eurotransis.com\/wp-content\/uploads\/2016\/04\/fuerza.png 100w, https:\/\/eurotransis.com\/wp-content\/uploads\/2016\/04\/fuerza-64x46.png 64w\" sizes=\"auto, (max-width: 100px) 100vw, 100px\" \/>Selon le type<\/strong><\/td>\n<\/tr>\n<\/tbody>\n<\/table>\n<p>&nbsp;<\/p>\n","protected":false},"excerpt":{"rendered":"<p id=\"tw-target-text\" class=\"tw-data-text vk_txt tw-ta tw-text-small\" dir=\"ltr\" data-placeholder=\"Translation\">Le rouleau convoyeur Roltia EM-508 est un rouleau entra\u00een\u00e9 avec un pignon simple en acier Z-14 1\/2&Prime;. Le pignon, soud\u00e9 au tube, permet une transmission par cha\u00eene selon la norme DIN-8187. Il est fabriqu\u00e9 dans des diam\u00e8tres de tubes allant de \u00d850 \u00e0 \u00d880, en acier.<\/p>\n","protected":false},"featured_media":12707,"comment_status":"open","ping_status":"closed","template":"","meta":[],"product_brand":[],"product_cat":[514],"product_tag":[],"class_list":{"0":"post-3521","1":"product","2":"type-product","3":"status-publish","4":"has-post-thumbnail","6":"product_cat-transmission-par-chaine-avec-pignon-soude-fr","8":"first","9":"instock","10":"shipping-taxable","11":"product-type-simple"},"_links":{"self":[{"href":"https:\/\/eurotransis.com\/fr\/wp-json\/wp\/v2\/product\/3521","targetHints":{"allow":["GET"]}}],"collection":[{"href":"https:\/\/eurotransis.com\/fr\/wp-json\/wp\/v2\/product"}],"about":[{"href":"https:\/\/eurotransis.com\/fr\/wp-json\/wp\/v2\/types\/product"}],"replies":[{"embeddable":true,"href":"https:\/\/eurotransis.com\/fr\/wp-json\/wp\/v2\/comments?post=3521"}],"wp:featuredmedia":[{"embeddable":true,"href":"https:\/\/eurotransis.com\/fr\/wp-json\/wp\/v2\/media\/12707"}],"wp:attachment":[{"href":"https:\/\/eurotransis.com\/fr\/wp-json\/wp\/v2\/media?parent=3521"}],"wp:term":[{"taxonomy":"product_brand","embeddable":true,"href":"https:\/\/eurotransis.com\/fr\/wp-json\/wp\/v2\/product_brand?post=3521"},{"taxonomy":"product_cat","embeddable":true,"href":"https:\/\/eurotransis.com\/fr\/wp-json\/wp\/v2\/product_cat?post=3521"},{"taxonomy":"product_tag","embeddable":true,"href":"https:\/\/eurotransis.com\/fr\/wp-json\/wp\/v2\/product_tag?post=3521"}],"curies":[{"name":"wp","href":"https:\/\/api.w.org\/{rel}","templated":true}]}}