{"id":3541,"date":"2016-04-21T09:47:49","date_gmt":"2016-04-21T09:47:49","guid":{"rendered":"http:\/\/eurotransis.com\/fr\/tienda\/sin%20categorizar\/serie-em-260-k2-2\/"},"modified":"2024-09-16T12:47:12","modified_gmt":"2024-09-16T10:47:12","slug":"serie-em-260-k2-2","status":"publish","type":"product","link":"https:\/\/eurotransis.com\/fr\/boutique\/rouleaux-fr\/pour-convoyeurs-gravitaires-fr\/rouleaux-serie-lourde-fr\/embouts-metalliques-serie-lourde-fr\/serie-em-260-k2-2\/","title":{"rendered":"Rouleau S\u00e9rie EM-260-K2"},"content":{"rendered":"<table style=\"height: 201px\" width=\"1275\">\n<tbody>\n<tr>\n<td style=\"text-align: center\" colspan=\"4\"><strong>\u00d8 TUBE<\/strong><\/td>\n<td style=\"text-align: center\" colspan=\"3\"><strong>\u00d8 AXE<\/strong><\/td>\n<\/tr>\n<tr>\n<td><strong>\u00d8 (mm)<\/strong><\/td>\n<td><strong>ST<\/strong><\/td>\n<td><strong>STI<\/strong><\/td>\n<td><strong>GAL<\/strong><\/td>\n<td><strong>17<\/strong><\/td>\n<td><b>20<\/b><\/td>\n<td><strong>25<\/strong><\/td>\n<\/tr>\n<tr>\n<td><strong>63&#215;3<\/strong><\/td>\n<td>SI<\/td>\n<td>SI<\/td>\n<td><\/td>\n<td><\/td>\n<td>SI<\/td>\n<td><\/td>\n<\/tr>\n<tr>\n<td><strong>80&#215;2<\/strong><\/td>\n<td>SI<\/td>\n<td>SI<\/td>\n<td>SI<\/td>\n<td>SI<\/td>\n<td>SI<\/td>\n<td><\/td>\n<\/tr>\n<tr>\n<td><strong>80&#215;3<\/strong><\/td>\n<td>SI<\/td>\n<td>SI<\/td>\n<td><\/td>\n<td>SI<\/td>\n<td>SI<\/td>\n<td><\/td>\n<\/tr>\n<tr>\n<td><strong>89&#215;3<\/strong><\/td>\n<td>SI<\/td>\n<td>SI<\/td>\n<td><\/td>\n<td>SI<\/td>\n<td>SI<\/td>\n<td>SI<\/td>\n<\/tr>\n<tr>\n<td colspan=\"4\"><strong><strong><img loading=\"lazy\" decoding=\"async\" class=\"size-medium wp-image-640 alignleft\" src=\"https:\/\/eurotransis.com\/images\/catalogo\/iconos\/cabezal.png\" alt=\"cabezal\" width=\"101\" height=\"72\" \/><\/strong><\/strong><\/p>\n<p id=\"tw-target-text\" class=\"tw-data-text vk_txt tw-ta tw-text-small\" dir=\"ltr\" data-placeholder=\"Translation\"><strong><span lang=\"fr\">Embout acier AP-02 zingu\u00e9<\/span><\/strong><\/p>\n<p class=\"tw-data-text vk_txt tw-ta tw-text-small\" dir=\"ltr\" data-placeholder=\"Translation\"><strong>Douille Polypropyl\u00e8ne<\/strong><\/p>\n<\/td>\n<td colspan=\"3\"><strong>Roulement de pr\u00e9cision<img loading=\"lazy\" decoding=\"async\" class=\"size-medium wp-image-648 alignleft\" src=\"https:\/\/eurotransis.com\/images\/catalogo\/iconos\/hilera.png\" alt=\"hilera\" width=\"101\" height=\"73\" \/><\/strong><\/td>\n<\/tr>\n<tr>\n<td colspan=\"4\">\n<p><strong>Manutention<\/strong><strong><img loading=\"lazy\" decoding=\"async\" class=\"size-full wp-image-636 alignleft\" src=\"https:\/\/eurotransis.com\/images\/catalogo\/iconos\/aplicacion.png\" alt=\"aplicacion\" width=\"100\" height=\"75\" \/><\/strong><\/p>\n<p><strong>Palettisation<br \/>\n<\/strong><\/td>\n<td colspan=\"3\">\n<p><img loading=\"lazy\" decoding=\"async\" class=\"size-medium wp-image-644 alignleft\" src=\"https:\/\/eurotransis.com\/images\/catalogo\/iconos\/fuerza.png\" alt=\"fuerza\" width=\"100\" height=\"72\" \/><strong>200 daN\/Embout &#8211; \u00d863<\/strong><\/p>\n<p><strong><strong>250 daN\/Embout &#8211; \u00d880, \u00d889 y \u00d8108<\/strong><\/strong><\/td>\n<\/tr>\n<\/tbody>\n<\/table>\n<p>&nbsp;<\/p>\n","protected":false},"excerpt":{"rendered":"<p id=\"tw-target-text\" class=\"tw-data-text vk_txt tw-ta tw-text-small\" dir=\"ltr\" data-placeholder=\"Translation\">La s\u00e9rie EM-260-K2 de Roltia est un rouleau libre \u00e9quip\u00e9 d\u2019un embout m\u00e9tallique emmanch\u00e9 avec roulement pr\u00e9cision (6003\/6204). Il est fabriqu\u00e9 dans des diam\u00e8tres de tubes allant du \u00d863 au \u00d889 en acier. Ils conviennent au transport de charges Lourdes.<\/p>\n","protected":false},"featured_media":12563,"comment_status":"open","ping_status":"closed","template":"","meta":[],"product_brand":[],"product_cat":[538],"product_tag":[],"class_list":{"0":"post-3541","1":"product","2":"type-product","3":"status-publish","4":"has-post-thumbnail","6":"product_cat-embouts-metalliques-serie-lourde-fr","8":"first","9":"instock","10":"shipping-taxable","11":"product-type-simple"},"_links":{"self":[{"href":"https:\/\/eurotransis.com\/fr\/wp-json\/wp\/v2\/product\/3541","targetHints":{"allow":["GET"]}}],"collection":[{"href":"https:\/\/eurotransis.com\/fr\/wp-json\/wp\/v2\/product"}],"about":[{"href":"https:\/\/eurotransis.com\/fr\/wp-json\/wp\/v2\/types\/product"}],"replies":[{"embeddable":true,"href":"https:\/\/eurotransis.com\/fr\/wp-json\/wp\/v2\/comments?post=3541"}],"wp:featuredmedia":[{"embeddable":true,"href":"https:\/\/eurotransis.com\/fr\/wp-json\/wp\/v2\/media\/12563"}],"wp:attachment":[{"href":"https:\/\/eurotransis.com\/fr\/wp-json\/wp\/v2\/media?parent=3541"}],"wp:term":[{"taxonomy":"product_brand","embeddable":true,"href":"https:\/\/eurotransis.com\/fr\/wp-json\/wp\/v2\/product_brand?post=3541"},{"taxonomy":"product_cat","embeddable":true,"href":"https:\/\/eurotransis.com\/fr\/wp-json\/wp\/v2\/product_cat?post=3541"},{"taxonomy":"product_tag","embeddable":true,"href":"https:\/\/eurotransis.com\/fr\/wp-json\/wp\/v2\/product_tag?post=3541"}],"curies":[{"name":"wp","href":"https:\/\/api.w.org\/{rel}","templated":true}]}}