{"id":3542,"date":"2016-04-21T09:46:20","date_gmt":"2016-04-21T09:46:20","guid":{"rendered":"http:\/\/eurotransis.com\/fr\/tienda\/sin%20categorizar\/serie-em-260-k1-2\/"},"modified":"2025-08-11T08:20:03","modified_gmt":"2025-08-11T06:20:03","slug":"serie-em-260-k1-2","status":"publish","type":"product","link":"https:\/\/eurotransis.com\/fr\/boutique\/rouleaux-fr\/pour-convoyeurs-gravitaires-fr\/rouleaux-series-moyennes\/embouts-metalliques-serie-moyenne-fr\/serie-em-260-k1-2\/","title":{"rendered":"Rouleau S\u00e9rie EM-260-K1"},"content":{"rendered":"<table style=\"height: 201px\" width=\"1275\">\n<tbody>\n<tr>\n<td style=\"text-align: center\" colspan=\"4\"><strong>\u00d8 TUBE<\/strong><\/td>\n<td style=\"text-align: center\" colspan=\"5\"><b>\u00d8 AXE<\/b><\/td>\n<\/tr>\n<tr>\n<td><strong>\u00d8 (mm)<\/strong><\/td>\n<td><strong>ST<\/strong><\/td>\n<td><strong>STI<\/strong><\/td>\n<td><strong>GAL<\/strong><\/td>\n<td><strong>10<\/strong><\/td>\n<td><b>12<\/b><\/td>\n<td><strong>15<\/strong><\/td>\n<td><strong>17<\/strong><\/td>\n<td><strong>SW11<\/strong><\/td>\n<\/tr>\n<tr>\n<td><strong>50&#215;1.5<\/strong><\/td>\n<td>SI<\/td>\n<td>SI<\/td>\n<td>SI<\/td>\n<td>SI<\/td>\n<td>SI<\/td>\n<td>SI<\/td>\n<td>SI<\/td>\n<td>SI<\/td>\n<\/tr>\n<tr>\n<td><strong>50&#215;2<\/strong><\/td>\n<td>SI<\/td>\n<td>SI<\/td>\n<td><\/td>\n<td>SI<\/td>\n<td>SI<\/td>\n<td>SI<\/td>\n<td><\/td>\n<td>SI<\/td>\n<\/tr>\n<tr>\n<td><strong>60&#215;1.5<\/strong><\/td>\n<td>SI<\/td>\n<td>SI<\/td>\n<td>SI<\/td>\n<td>SI<\/td>\n<td>SI<\/td>\n<td>SI<\/td>\n<td><\/td>\n<td>SI<\/td>\n<\/tr>\n<tr>\n<td><strong>60&#215;2<\/strong><\/td>\n<td>SI<\/td>\n<td>SI<\/td>\n<td>SI<\/td>\n<td>SI<\/td>\n<td>SI<\/td>\n<td>SI<\/td>\n<td>SI<\/td>\n<td>SI<\/td>\n<\/tr>\n<tr>\n<td><strong>60&#215;3<\/strong><\/td>\n<td>SI<\/td>\n<td>SI<\/td>\n<td><\/td>\n<td>SI<\/td>\n<td>SI<\/td>\n<td>SI<\/td>\n<td>SI<\/td>\n<td>SI<\/td>\n<\/tr>\n<tr>\n<td><strong>70&#215;2<\/strong><\/td>\n<td>SI<\/td>\n<td>SI<\/td>\n<td><\/td>\n<td><\/td>\n<td><\/td>\n<td>SI<\/td>\n<td>SI<\/td>\n<td><\/td>\n<\/tr>\n<tr>\n<td><strong>70&#215;3<\/strong><\/td>\n<td>SI<\/td>\n<td>SI<\/td>\n<td><\/td>\n<td><\/td>\n<td><\/td>\n<td>SI<\/td>\n<td>SI<\/td>\n<td><\/td>\n<\/tr>\n<tr>\n<td><strong>80&#215;2<\/strong><\/td>\n<td>SI<\/td>\n<td>SI<\/td>\n<td>SI<\/td>\n<td>SI<\/td>\n<td>SI<\/td>\n<td>SI<\/td>\n<td>SI<\/td>\n<td>SI<\/td>\n<\/tr>\n<tr>\n<td colspan=\"4\">\n<p><strong><strong><img loading=\"lazy\" decoding=\"async\" class=\"size-medium wp-image-640 alignleft\" src=\"https:\/\/eurotransis.com\/images\/catalogo\/iconos\/cabezal.png\" alt=\"cabezal\" width=\"101\" height=\"72\" \/><\/strong><\/strong><\/p>\n<p><strong>Embout acier AP-02 zingu\u00e9<\/strong><\/p>\n<p><strong>Douille Polypropyl\u00e8ne<br \/>\n<\/strong><\/td>\n<td colspan=\"5\"><strong>\u00a0Roulement de pr\u00e9cision<img loading=\"lazy\" decoding=\"async\" class=\"size-medium wp-image-648 alignleft\" src=\"https:\/\/eurotransis.com\/images\/catalogo\/iconos\/hilera.png\" alt=\"hilera\" width=\"101\" height=\"73\" \/><\/strong><\/td>\n<\/tr>\n<tr>\n<td colspan=\"4\">\n<p><strong><img loading=\"lazy\" decoding=\"async\" class=\"size-full wp-image-636 alignleft\" src=\"https:\/\/eurotransis.com\/images\/catalogo\/iconos\/aplicacion.png\" alt=\"aplicacion\" width=\"100\" height=\"75\" \/>Manutention<\/strong><\/p>\n<p><strong>\u00a0<\/strong><\/td>\n<td colspan=\"5\">\n<p><strong><img loading=\"lazy\" decoding=\"async\" class=\"size-medium wp-image-644 alignleft\" src=\"https:\/\/eurotransis.com\/images\/catalogo\/iconos\/fuerza.png\" alt=\"fuerza\" width=\"100\" height=\"72\" \/><\/strong><strong>120 daN\/Embout &#8211; \u00d850<\/strong><\/p>\n<p><strong><strong>150 daN\/Embout &#8211; \u00d860, \u00d870 y \u00d880 \u00a0<\/strong><\/strong><\/td>\n<\/tr>\n<\/tbody>\n<\/table>\n<p><!--more--><\/p>\n","protected":false},"excerpt":{"rendered":"<p id=\"tw-target-text\" class=\"tw-data-text vk_txt tw-ta tw-text-small\" dir=\"ltr\" data-placeholder=\"Translation\">La s\u00e9rie EM-260-K1 de Roltia est un rouleau libre \u00e9quip\u00e9 d\u2019un embout m\u00e9tallique emmanch\u00e9 avec roulement pr\u00e9cision (6202\/6003). Il est fabriqu\u00e9 dans des diam\u00e8tres de tubes allant du \u00d850 \u00e0 \u00d880 en acier. Ils conviennent au transport de charges semi-lourdes.<\/p>\n","protected":false},"featured_media":12559,"comment_status":"open","ping_status":"closed","template":"","meta":[],"product_brand":[],"product_cat":[530],"product_tag":[],"class_list":{"0":"post-3542","1":"product","2":"type-product","3":"status-publish","4":"has-post-thumbnail","6":"product_cat-embouts-metalliques-serie-moyenne-fr","8":"first","9":"instock","10":"shipping-taxable","11":"product-type-simple"},"_links":{"self":[{"href":"https:\/\/eurotransis.com\/fr\/wp-json\/wp\/v2\/product\/3542","targetHints":{"allow":["GET"]}}],"collection":[{"href":"https:\/\/eurotransis.com\/fr\/wp-json\/wp\/v2\/product"}],"about":[{"href":"https:\/\/eurotransis.com\/fr\/wp-json\/wp\/v2\/types\/product"}],"replies":[{"embeddable":true,"href":"https:\/\/eurotransis.com\/fr\/wp-json\/wp\/v2\/comments?post=3542"}],"wp:featuredmedia":[{"embeddable":true,"href":"https:\/\/eurotransis.com\/fr\/wp-json\/wp\/v2\/media\/12559"}],"wp:attachment":[{"href":"https:\/\/eurotransis.com\/fr\/wp-json\/wp\/v2\/media?parent=3542"}],"wp:term":[{"taxonomy":"product_brand","embeddable":true,"href":"https:\/\/eurotransis.com\/fr\/wp-json\/wp\/v2\/product_brand?post=3542"},{"taxonomy":"product_cat","embeddable":true,"href":"https:\/\/eurotransis.com\/fr\/wp-json\/wp\/v2\/product_cat?post=3542"},{"taxonomy":"product_tag","embeddable":true,"href":"https:\/\/eurotransis.com\/fr\/wp-json\/wp\/v2\/product_tag?post=3542"}],"curies":[{"name":"wp","href":"https:\/\/api.w.org\/{rel}","templated":true}]}}