{"id":3557,"date":"2016-04-20T12:43:52","date_gmt":"2016-04-20T12:43:52","guid":{"rendered":"http:\/\/eurotransis.com\/fr\/tienda\/sin%20categorizar\/serie-em-563\/"},"modified":"2024-09-27T09:44:48","modified_gmt":"2024-09-27T07:44:48","slug":"rouleau-serie-em-563","status":"publish","type":"product","link":"https:\/\/eurotransis.com\/fr\/boutique\/rouleaux-fr\/rouleaux-pour-convoyeurs-commandes-fr\/rouleaux-legers-series-commandes\/transmission-par-chaine-fr\/pignon-metallique-fr\/rouleau-serie-em-563\/","title":{"rendered":"Rouleau s\u00e9rie EM-563"},"content":{"rendered":"<table style=\"height: 201px\" width=\"1275\">\n<tbody>\n<tr>\n<td style=\"text-align: center;width: 656px\" colspan=\"4\"><strong>\u00d8 TUBE<\/strong><\/td>\n<td style=\"text-align: center;width: 609px\" colspan=\"2\"><strong>\u00d8 AXE<\/strong><\/td>\n<\/tr>\n<tr>\n<td style=\"width: 285px\"><strong>(mm)<\/strong><\/td>\n<td style=\"width: 130px\"><strong>ST<\/strong><\/td>\n<td style=\"width: 117px\"><strong>STI<\/strong><\/td>\n<td style=\"width: 124px\"><strong>N<\/strong><\/td>\n<td style=\"width: 334px\"><b>8<\/b><\/td>\n<td style=\"width: 275px\"><strong>10<\/strong><\/td>\n<\/tr>\n<tr>\n<td style=\"width: 285px\"><strong>30&#215;1.5<\/strong><\/td>\n<td style=\"width: 130px\">SI<\/td>\n<td style=\"width: 117px\">SI<\/td>\n<td style=\"width: 124px\">SI<\/td>\n<td style=\"width: 334px\">SI<\/td>\n<td style=\"width: 275px\">SI<\/td>\n<\/tr>\n<tr>\n<td style=\"width: 656px\" colspan=\"4\"><strong><img loading=\"lazy\" decoding=\"async\" class=\"size-full wp-image-926 alignleft\" src=\"https:\/\/eurotransis.com\/wp-content\/uploads\/2016\/04\/cabezal.png\" alt=\"cabezal\" width=\"101\" height=\"72\" \/>Embout m\u00e9tallique soud\u00e9<\/strong><\/td>\n<td style=\"width: 609px\" colspan=\"2\">\n<p><strong><img loading=\"lazy\" decoding=\"async\" class=\"size-full wp-image-819 alignleft\" src=\"https:\/\/eurotransis.com\/wp-content\/uploads\/2016\/04\/rodillos-traccionados.png\" alt=\"rodillos traccionados\" width=\"100\" height=\"72\" srcset=\"https:\/\/eurotransis.com\/wp-content\/uploads\/2016\/04\/rodillos-traccionados.png 100w, https:\/\/eurotransis.com\/wp-content\/uploads\/2016\/04\/rodillos-traccionados-64x46.png 64w\" sizes=\"auto, (max-width: 100px) 100vw, 100px\" \/>Simple<\/strong><\/p>\n<p><strong>Z12- 3\/8&Prime;\u00a0<\/strong><\/td>\n<\/tr>\n<tr>\n<td style=\"width: 656px\" colspan=\"4\">\n<p><strong><img loading=\"lazy\" decoding=\"async\" class=\"alignleft wp-image-1540 \" src=\"https:\/\/eurotransis.com\/wp-content\/uploads\/2016\/04\/curva-motorizada-150x150.png\" alt=\"curva motorizada\" width=\"82\" height=\"82\" \/>Courbe Rayon Int\u00e9rieur = 500 mm<\/strong><\/p>\n<p><strong>Fixe<br \/>\n<\/strong><\/td>\n<td style=\"width: 609px\" colspan=\"2\">\n<p><strong><img loading=\"lazy\" decoding=\"async\" class=\"size-full wp-image-930 alignleft\" src=\"https:\/\/eurotransis.com\/wp-content\/uploads\/2016\/04\/fuerza.png\" alt=\"fuerza\" width=\"100\" height=\"72\" srcset=\"https:\/\/eurotransis.com\/wp-content\/uploads\/2016\/04\/fuerza.png 100w, https:\/\/eurotransis.com\/wp-content\/uploads\/2016\/04\/fuerza-64x46.png 64w\" sizes=\"auto, (max-width: 100px) 100vw, 100px\" \/>EM-561 FRICTION \u2013 10 daN\/Embout<\/strong><\/p>\n<p><strong>EM-562 FIXE\u00a0 \u00a0 \u00a0 \u00a0 \u00a0 \u00a0\u2013 10 daN\/Embout<\/strong><\/p>\n<p><strong>EM-563 SOUDE\u00a0 \u00a0 \u00a0 \u2013 40 daN\/Embout<\/strong><\/td>\n<\/tr>\n<\/tbody>\n<\/table>\n<p>Le tableau suivant repr\u00e9sente les longueurs de chaque \u00e9l\u00e9ment conique standard, ainsi que les diam\u00e8tres le plus grand et le plus petit de chaque c\u00f4ne. Le plus petit diam\u00e8tre du c\u00f4ne sera toujours de 34 mm. et le plus grand sera conditionn\u00e9 par le nombre de c\u00f4nes assembl\u00e9s.<br \/>\nPar exemple, si EMC-1 \u00e0 EMC-5 sont mont\u00e9s, la longueur utile du c\u00f4ne du rouleau sera de 483 mm. (la somme des 5 \u00e9l\u00e9ments coniques) et le plus grand diam\u00e8tre du c\u00f4ne sera de 67 mm.<\/p>\n<table style=\"border-collapse: collapse;width: 100%\" border=\"1\">\n<tbody>\n<tr style=\"height: 24px\">\n<td style=\"width: 7.61975%;height: 24px;text-align: center\"><strong>TIPO<\/strong><\/td>\n<td style=\"width: 32.3802%;height: 24px;text-align: center\"><strong>\u00d8 TUBO (mm)<\/strong><\/td>\n<td style=\"width: 20%;height: 24px;text-align: center\"><strong>\u00d8 MAX. (mm)<\/strong><\/td>\n<td style=\"width: 20%;height: 24px;text-align: center\"><strong>\u00d8 MIN. (mm)<\/strong><\/td>\n<td style=\"width: 14.031%;height: 24px;text-align: center\"><strong>L (mm)<\/strong><\/td>\n<\/tr>\n<tr style=\"height: 24px\">\n<td style=\"width: 7.61975%;height: 24px;text-align: center\">EMT-1<\/td>\n<td style=\"width: 32.3802%;height: 24px;text-align: center\">30<\/td>\n<td style=\"width: 20%;height: 24px;text-align: center\">39.6<\/td>\n<td style=\"width: 20%;height: 24px;text-align: center\">34<\/td>\n<td style=\"width: 14.031%;height: 24px;text-align: center\">83<\/td>\n<\/tr>\n<tr style=\"height: 24px\">\n<td style=\"width: 7.61975%;height: 24px;text-align: center\">EMT-2<\/td>\n<td style=\"width: 32.3802%;height: 24px;text-align: center\">30<\/td>\n<td style=\"width: 20%;height: 24px;text-align: center\">46.4<\/td>\n<td style=\"width: 20%;height: 24px;text-align: center\">39.6<\/td>\n<td style=\"width: 14.031%;height: 24px;text-align: center\">100<\/td>\n<\/tr>\n<tr style=\"height: 24px\">\n<td style=\"width: 7.61975%;height: 24px;text-align: center\">EMT-3<\/td>\n<td style=\"width: 32.3802%;height: 24px;text-align: center\">30<\/td>\n<td style=\"width: 20%;height: 24px;text-align: center\">53.2<\/td>\n<td style=\"width: 20%;height: 24px;text-align: center\">46.4<\/td>\n<td style=\"width: 14.031%;height: 24px;text-align: center\">100<\/td>\n<\/tr>\n<tr style=\"height: 24px\">\n<td style=\"width: 7.61975%;height: 24px;text-align: center\">EMT-4<\/td>\n<td style=\"width: 32.3802%;height: 24px;text-align: center\">30<\/td>\n<td style=\"width: 20%;height: 24px;text-align: center\">59.9<\/td>\n<td style=\"width: 20%;height: 24px;text-align: center\">53.2<\/td>\n<td style=\"width: 14.031%;height: 24px;text-align: center\">100<\/td>\n<\/tr>\n<tr style=\"height: 24px\">\n<td style=\"width: 7.61975%;height: 24px;text-align: center\">EMT-5<\/td>\n<td style=\"width: 32.3802%;height: 24px;text-align: center\">30<\/td>\n<td style=\"width: 20%;height: 24px;text-align: center\">66.7<\/td>\n<td style=\"width: 20%;height: 24px;text-align: center\">59.9<\/td>\n<td style=\"width: 14.031%;height: 24px;text-align: center\">100<\/td>\n<\/tr>\n<tr style=\"height: 24px\">\n<td style=\"width: 7.61975%;height: 24px;text-align: center\">EMT-6<\/td>\n<td style=\"width: 32.3802%;height: 24px;text-align: center\">30<\/td>\n<td style=\"width: 20%;height: 24px;text-align: center\">73.5<\/td>\n<td style=\"width: 20%;height: 24px;text-align: center\">66.7<\/td>\n<td style=\"width: 14.031%;height: 24px;text-align: center\">100<\/td>\n<\/tr>\n<tr style=\"height: 91px\">\n<td style=\"width: 7.61975%;text-align: left;vertical-align: top;height: 91px\" colspan=\"3\"><strong><img loading=\"lazy\" decoding=\"async\" class=\"alignleft wp-image-1540 \" src=\"https:\/\/eurotransis.com\/wp-content\/uploads\/2016\/04\/curva-motorizada-150x150.png\" alt=\"curva motorizada\" width=\"82\" height=\"82\" \/>Courbe Rayon Int\u00e9rieur = 500 mm.<\/strong><\/td>\n<td style=\"width: 20%;text-align: left;height: 91px\" colspan=\"2\"><strong><img loading=\"lazy\" decoding=\"async\" class=\"size-full wp-image-926 alignleft\" src=\"https:\/\/eurotransis.com\/wp-content\/uploads\/2016\/04\/cabezal.png\" alt=\"cabezal\" width=\"101\" height=\"72\" \/>Polypropyl\u00e8ne<br \/>\n<\/strong><\/td>\n<\/tr>\n<\/tbody>\n<\/table>\n<p>&nbsp;<\/p>\n","protected":false},"excerpt":{"rendered":"<p>Le rouleau de convoyeur Roltia EM-563 est un rouleau conique entra\u00een\u00e9 par un pignon simple en acier Z-12 3\/8\u201d. Le pignon, soud\u00e9 au tube, permet une transmission par cha\u00eene selon la norme DIN-8187. Il est fabriqu\u00e9 avec des \u00e9l\u00e9ments coniques thermoplastiques pour courbes d&rsquo;un rayon int\u00e9rieur de 500 mm.<\/p>\n","protected":false},"featured_media":12781,"comment_status":"open","ping_status":"closed","template":"","meta":[],"product_brand":[],"product_cat":[683],"product_tag":[],"class_list":{"0":"post-3557","1":"product","2":"type-product","3":"status-publish","4":"has-post-thumbnail","6":"product_cat-pignon-metallique-fr","8":"first","9":"instock","10":"shipping-taxable","11":"product-type-simple"},"_links":{"self":[{"href":"https:\/\/eurotransis.com\/fr\/wp-json\/wp\/v2\/product\/3557","targetHints":{"allow":["GET"]}}],"collection":[{"href":"https:\/\/eurotransis.com\/fr\/wp-json\/wp\/v2\/product"}],"about":[{"href":"https:\/\/eurotransis.com\/fr\/wp-json\/wp\/v2\/types\/product"}],"replies":[{"embeddable":true,"href":"https:\/\/eurotransis.com\/fr\/wp-json\/wp\/v2\/comments?post=3557"}],"wp:featuredmedia":[{"embeddable":true,"href":"https:\/\/eurotransis.com\/fr\/wp-json\/wp\/v2\/media\/12781"}],"wp:attachment":[{"href":"https:\/\/eurotransis.com\/fr\/wp-json\/wp\/v2\/media?parent=3557"}],"wp:term":[{"taxonomy":"product_brand","embeddable":true,"href":"https:\/\/eurotransis.com\/fr\/wp-json\/wp\/v2\/product_brand?post=3557"},{"taxonomy":"product_cat","embeddable":true,"href":"https:\/\/eurotransis.com\/fr\/wp-json\/wp\/v2\/product_cat?post=3557"},{"taxonomy":"product_tag","embeddable":true,"href":"https:\/\/eurotransis.com\/fr\/wp-json\/wp\/v2\/product_tag?post=3557"}],"curies":[{"name":"wp","href":"https:\/\/api.w.org\/{rel}","templated":true}]}}