{"id":3583,"date":"2016-04-20T10:56:14","date_gmt":"2016-04-20T10:56:14","guid":{"rendered":"http:\/\/eurotransis.com\/fr\/tienda\/sin%20categorizar\/serie-em-430\/"},"modified":"2024-09-19T13:55:21","modified_gmt":"2024-09-19T11:55:21","slug":"rouleau-serie-em-430","status":"publish","type":"product","link":"https:\/\/eurotransis.com\/fr\/boutique\/rouleaux-fr\/rouleaux-pour-convoyeurs-commandes-fr\/rouleaux-legers-series-commandes\/transmission-par-courroie-fr\/courroie-crantee-htd-8m-fr\/rouleau-serie-em-430\/","title":{"rendered":"Rouleau S\u00e9rie EM-430"},"content":{"rendered":"<table style=\"height: 201px\" width=\"1275\">\n<tbody>\n<tr>\n<td style=\"text-align: center;width: 662px\" colspan=\"6\"><strong>\u00d8 TUBE<\/strong><\/td>\n<td style=\"text-align: center;width: 601px\" colspan=\"2\"><strong>\u00d8 AXE\u00a0<\/strong><\/td>\n<\/tr>\n<tr>\n<td style=\"width: 211px\"><strong><strong>\u00d8\u00a0<\/strong>(mm)<\/strong><\/td>\n<td style=\"width: 82px\"><strong>ST<\/strong><\/td>\n<td style=\"width: 100px\"><strong>STI<\/strong><\/td>\n<td style=\"width: 61px\"><strong>N<\/strong><\/td>\n<td style=\"width: 125px\"><strong>GAL<\/strong><\/td>\n<td style=\"width: 83px\"><strong>Kg<\/strong><\/td>\n<td style=\"width: 298px\"><strong>12<\/strong><\/td>\n<td style=\"width: 303px\"><strong>14<\/strong><\/td>\n<\/tr>\n<tr>\n<td style=\"width: 211px\"><strong>50&#215;1.5<\/strong><\/td>\n<td style=\"width: 82px\">SI<\/td>\n<td style=\"width: 100px\">SI<\/td>\n<td style=\"width: 61px\">SI<\/td>\n<td style=\"width: 125px\">SI<\/td>\n<td style=\"width: 83px\">SI<\/td>\n<td style=\"width: 298px\">SI<\/td>\n<td style=\"width: 303px\">SI<\/td>\n<\/tr>\n<tr>\n<td style=\"width: 211px\"><strong>50&#215;2.8<\/strong><\/td>\n<td style=\"width: 82px\"><\/td>\n<td style=\"width: 100px\"><\/td>\n<td style=\"width: 61px\"><\/td>\n<td style=\"width: 125px\"><\/td>\n<td style=\"width: 83px\">SI<\/td>\n<td style=\"width: 298px\">SI<\/td>\n<td style=\"width: 303px\">SI<\/td>\n<\/tr>\n<tr>\n<td style=\"width: 211px\"><strong>60&#215;2<\/strong><\/td>\n<td style=\"width: 82px\">SI<\/td>\n<td style=\"width: 100px\">SI<\/td>\n<td style=\"width: 61px\"><\/td>\n<td style=\"width: 125px\">SI<\/td>\n<td style=\"width: 83px\"><\/td>\n<td style=\"width: 298px\">SI<\/td>\n<td style=\"width: 303px\">SI<\/td>\n<\/tr>\n<tr>\n<td style=\"width: 211px\"><strong>60.3&#215;2<\/strong><\/td>\n<td style=\"width: 82px\"><\/td>\n<td style=\"width: 100px\"><\/td>\n<td style=\"width: 61px\">SI<\/td>\n<td style=\"width: 125px\"><\/td>\n<td style=\"width: 83px\"><\/td>\n<td style=\"width: 298px\">SI<\/td>\n<td style=\"width: 303px\">SI<\/td>\n<\/tr>\n<tr>\n<td style=\"width: 211px\"><strong>63&#215;3<\/strong><\/td>\n<td style=\"width: 82px\"><\/td>\n<td style=\"width: 100px\"><\/td>\n<td style=\"width: 61px\"><\/td>\n<td style=\"width: 125px\"><\/td>\n<td style=\"width: 83px\">SI<\/td>\n<td style=\"width: 298px\">SI<\/td>\n<td style=\"width: 303px\">SI<\/td>\n<\/tr>\n<tr>\n<td style=\"width: 211px\"><strong>80&#215;2<\/strong><\/td>\n<td style=\"width: 82px\">SI<\/td>\n<td style=\"width: 100px\">SI<\/td>\n<td style=\"width: 61px\">SI<\/td>\n<td style=\"width: 125px\">SI<\/td>\n<td style=\"width: 83px\"><\/td>\n<td style=\"width: 298px\">SI<\/td>\n<td style=\"width: 303px\">SI<\/td>\n<\/tr>\n<tr>\n<td style=\"width: 662px\" colspan=\"6\">\n<p><strong><span lang=\"en\"><img loading=\"lazy\" decoding=\"async\" class=\"size-full wp-image-926 alignleft\" src=\"https:\/\/eurotransis.com\/wp-content\/uploads\/2016\/04\/cabezal.png\" alt=\"cabezal\" width=\"101\" height=\"72\" \/>Embout polyamide 6 <\/span><\/strong><\/p>\n<p><strong><span lang=\"en\">REMARQUE : Consultez ROLTIA pour embout en acier<\/span><\/strong><\/td>\n<td style=\"width: 601px\" colspan=\"2\"><strong>Courroie crant\u00e9e<\/strong><strong><strong><img loading=\"lazy\" decoding=\"async\" class=\"size-full wp-image-819 alignleft\" src=\"https:\/\/eurotransis.com\/wp-content\/uploads\/2016\/04\/rodillos-traccionados.png\" alt=\"rodillos traccionados\" width=\"100\" height=\"72\" srcset=\"https:\/\/eurotransis.com\/wp-content\/uploads\/2016\/04\/rodillos-traccionados.png 100w, https:\/\/eurotransis.com\/wp-content\/uploads\/2016\/04\/rodillos-traccionados-64x46.png 64w\" sizes=\"auto, (max-width: 100px) 100vw, 100px\" \/><\/strong><\/strong><\/p>\n<p class=\"tw-data-text vk_txt tw-ta tw-text-small\" dir=\"ltr\" data-placeholder=\"Translation\"><strong>HTD Z20 &#8211; 8M<\/strong><\/p>\n<\/td>\n<\/tr>\n<tr>\n<td style=\"width: 662px\" colspan=\"6\">\n<p><strong><img loading=\"lazy\" decoding=\"async\" class=\"size-full wp-image-815 alignleft\" src=\"https:\/\/eurotransis.com\/wp-content\/uploads\/2016\/04\/aplicacion.png\" alt=\"aplicacion\" width=\"100\" height=\"75\" srcset=\"https:\/\/eurotransis.com\/wp-content\/uploads\/2016\/04\/aplicacion.png 100w, https:\/\/eurotransis.com\/wp-content\/uploads\/2016\/04\/aplicacion-64x48.png 64w\" sizes=\"auto, (max-width: 100px) 100vw, 100px\" \/><\/strong><strong>Accumulation<\/strong><\/p>\n<p><strong>\u00a0<\/strong><\/td>\n<td style=\"width: 601px\" colspan=\"2\">\n<p><strong><strong><img loading=\"lazy\" decoding=\"async\" class=\"size-full wp-image-930 alignleft\" src=\"https:\/\/eurotransis.com\/wp-content\/uploads\/2016\/04\/fuerza.png\" alt=\"fuerza\" width=\"100\" height=\"72\" srcset=\"https:\/\/eurotransis.com\/wp-content\/uploads\/2016\/04\/fuerza.png 100w, https:\/\/eurotransis.com\/wp-content\/uploads\/2016\/04\/fuerza-64x46.png 64w\" sizes=\"auto, (max-width: 100px) 100vw, 100px\" \/><\/strong><\/strong><strong>EM-430 FRICTION \u2013<\/strong><\/p>\n<p><strong>40 daN\/<span lang=\"en\">Embout <\/span><br \/>\n<\/strong><\/td>\n<\/tr>\n<\/tbody>\n<\/table>\n<p>&nbsp;<\/p>\n","protected":false},"excerpt":{"rendered":"<p>Le rouleau convoyeur Roltia EM-430 est un rouleau entra\u00een\u00e9 avec un embout en polyamide thermoplastique. Con\u00e7u pour fonctionner en accumulation et transmission par courroie crant\u00e9e HTD 8m. Il est fabriqu\u00e9 dans des diam\u00e8tres de tubes allant de \u00d850 \u00e0 \u00d880 \u00e0 partir de diff\u00e9rents mat\u00e9riaux.<\/p>\n","protected":false},"featured_media":12611,"comment_status":"open","ping_status":"closed","template":"","meta":[],"product_brand":[],"product_cat":[673],"product_tag":[],"class_list":{"0":"post-3583","1":"product","2":"type-product","3":"status-publish","4":"has-post-thumbnail","6":"product_cat-courroie-crantee-htd-8m-fr","8":"first","9":"instock","10":"shipping-taxable","11":"product-type-simple"},"_links":{"self":[{"href":"https:\/\/eurotransis.com\/fr\/wp-json\/wp\/v2\/product\/3583","targetHints":{"allow":["GET"]}}],"collection":[{"href":"https:\/\/eurotransis.com\/fr\/wp-json\/wp\/v2\/product"}],"about":[{"href":"https:\/\/eurotransis.com\/fr\/wp-json\/wp\/v2\/types\/product"}],"replies":[{"embeddable":true,"href":"https:\/\/eurotransis.com\/fr\/wp-json\/wp\/v2\/comments?post=3583"}],"wp:featuredmedia":[{"embeddable":true,"href":"https:\/\/eurotransis.com\/fr\/wp-json\/wp\/v2\/media\/12611"}],"wp:attachment":[{"href":"https:\/\/eurotransis.com\/fr\/wp-json\/wp\/v2\/media?parent=3583"}],"wp:term":[{"taxonomy":"product_brand","embeddable":true,"href":"https:\/\/eurotransis.com\/fr\/wp-json\/wp\/v2\/product_brand?post=3583"},{"taxonomy":"product_cat","embeddable":true,"href":"https:\/\/eurotransis.com\/fr\/wp-json\/wp\/v2\/product_cat?post=3583"},{"taxonomy":"product_tag","embeddable":true,"href":"https:\/\/eurotransis.com\/fr\/wp-json\/wp\/v2\/product_tag?post=3583"}],"curies":[{"name":"wp","href":"https:\/\/api.w.org\/{rel}","templated":true}]}}