{"id":3584,"date":"2016-04-20T10:47:27","date_gmt":"2016-04-20T10:47:27","guid":{"rendered":"http:\/\/eurotransis.com\/fr\/tienda\/sin%20categorizar\/serie-em-421\/"},"modified":"2024-09-19T13:33:51","modified_gmt":"2024-09-19T11:33:51","slug":"rouleau-serie-em-421","status":"publish","type":"product","link":"https:\/\/eurotransis.com\/fr\/boutique\/rouleaux-fr\/rouleaux-pour-convoyeurs-commandes-fr\/rouleaux-legers-series-commandes\/transmission-par-courroie-fr\/courroie-toroidale-fr\/rouleau-serie-em-421\/","title":{"rendered":"Rouleau s\u00e9rie EM-421"},"content":{"rendered":"<table style=\"height: 201px\" width=\"1275\">\n<tbody>\n<tr>\n<td style=\"text-align: center\" colspan=\"6\"><strong>\u00d8 TUBE<\/strong><\/td>\n<td style=\"text-align: center\" colspan=\"2\"><strong>\u00d8 AXE\u00a0<\/strong><\/td>\n<\/tr>\n<tr>\n<td><strong><strong>\u00d8 <\/strong>(mm)<\/strong><\/td>\n<td><strong>ST<\/strong><\/td>\n<td><strong>STI<\/strong><\/td>\n<td><strong>N<\/strong><\/td>\n<td><strong>GAL<\/strong><\/td>\n<td><strong>Kg<\/strong><\/td>\n<td><strong>12<\/strong><\/td>\n<td><strong>14<\/strong><\/td>\n<\/tr>\n<tr>\n<td><strong>50&#215;1.5<\/strong><\/td>\n<td>SI<\/td>\n<td>SI<\/td>\n<td>SI<\/td>\n<td>SI<\/td>\n<td>SI<\/td>\n<td>SI<\/td>\n<td>SI<\/td>\n<\/tr>\n<tr>\n<td><strong>50&#215;2.8<\/strong><\/td>\n<td><\/td>\n<td><\/td>\n<td><\/td>\n<td><\/td>\n<td>SI<\/td>\n<td>SI<\/td>\n<td>SI<\/td>\n<\/tr>\n<tr>\n<td><strong>60&#215;2<\/strong><\/td>\n<td>SI<\/td>\n<td>SI<\/td>\n<td><\/td>\n<td>SI<\/td>\n<td><\/td>\n<td>SI<\/td>\n<td>SI<\/td>\n<\/tr>\n<tr>\n<td><strong>60.3&#215;2<\/strong><\/td>\n<td><\/td>\n<td><\/td>\n<td>SI<\/td>\n<td><\/td>\n<td><\/td>\n<td>SI<\/td>\n<td>SI<\/td>\n<\/tr>\n<tr>\n<td><strong>63&#215;3<\/strong><\/td>\n<td><\/td>\n<td><\/td>\n<td><\/td>\n<td><\/td>\n<td>SI<\/td>\n<td>SI<\/td>\n<td>SI<\/td>\n<\/tr>\n<tr>\n<td><strong>80&#215;2<\/strong><\/td>\n<td>SI<\/td>\n<td>SI<\/td>\n<td>SI<\/td>\n<td>SI<\/td>\n<td><\/td>\n<td>SI<\/td>\n<td>SI<\/td>\n<\/tr>\n<tr>\n<td colspan=\"6\"><strong><img loading=\"lazy\" decoding=\"async\" class=\"size-full wp-image-926 alignleft\" src=\"https:\/\/eurotransis.com\/wp-content\/uploads\/2016\/04\/cabezal.png\" alt=\"cabezal\" width=\"101\" height=\"72\" \/><\/strong><strong>Embout polyamide\u00a06<\/strong><\/td>\n<td colspan=\"2\"><strong>Double Gorge<\/strong><strong><strong><img loading=\"lazy\" decoding=\"async\" class=\"size-full wp-image-819 alignleft\" src=\"https:\/\/eurotransis.com\/wp-content\/uploads\/2016\/04\/rodillos-traccionados.png\" alt=\"rodillos traccionados\" width=\"100\" height=\"72\" srcset=\"https:\/\/eurotransis.com\/wp-content\/uploads\/2016\/04\/rodillos-traccionados.png 100w, https:\/\/eurotransis.com\/wp-content\/uploads\/2016\/04\/rodillos-traccionados-64x46.png 64w\" sizes=\"auto, (max-width: 100px) 100vw, 100px\" \/><\/strong><\/strong><\/p>\n<p class=\"tw-data-text vk_txt tw-ta tw-text-medium\" dir=\"ltr\" data-placeholder=\"Translation\"><strong>Courroie toro\u00efdale\u00a0\u00d85 mm<\/strong><\/p>\n<\/td>\n<\/tr>\n<tr>\n<td colspan=\"6\"><strong>Fixe<\/strong><strong><strong><img loading=\"lazy\" decoding=\"async\" class=\"size-full wp-image-815 alignleft\" src=\"https:\/\/eurotransis.com\/wp-content\/uploads\/2016\/04\/aplicacion.png\" alt=\"aplicacion\" width=\"100\" height=\"75\" srcset=\"https:\/\/eurotransis.com\/wp-content\/uploads\/2016\/04\/aplicacion.png 100w, https:\/\/eurotransis.com\/wp-content\/uploads\/2016\/04\/aplicacion-64x48.png 64w\" sizes=\"auto, (max-width: 100px) 100vw, 100px\" \/><\/strong><\/strong><strong><br \/>\n<\/strong><\/td>\n<td colspan=\"2\">\n<p><strong><strong><img loading=\"lazy\" decoding=\"async\" class=\"size-full wp-image-930 alignleft\" src=\"https:\/\/eurotransis.com\/wp-content\/uploads\/2016\/04\/fuerza.png\" alt=\"fuerza\" width=\"100\" height=\"72\" srcset=\"https:\/\/eurotransis.com\/wp-content\/uploads\/2016\/04\/fuerza.png 100w, https:\/\/eurotransis.com\/wp-content\/uploads\/2016\/04\/fuerza-64x46.png 64w\" sizes=\"auto, (max-width: 100px) 100vw, 100px\" \/><\/strong><\/strong><strong>EM-421 FIXE &#8211;<\/strong><\/p>\n<p><strong>40 daN\/Embout <\/strong><\/td>\n<\/tr>\n<\/tbody>\n<\/table>\n<p>&nbsp;<\/p>\n","protected":false},"excerpt":{"rendered":"<p>Le rouleau convoyeur EM-421 de Roltia est un rouleau entra\u00een\u00e9 avec un embout en polyamide thermoplastique. Poulie fix\u00e9e au tube, il dispose d&rsquo;une double rainure pour transmission par courroie toro\u00efdale \u00d85 mm. Il est fabriqu\u00e9 dans des diam\u00e8tres de tubes allant de \u00d850 \u00e0 \u00d880 \u00e0 partir de diff\u00e9rents mat\u00e9riaux.<\/p>\n<div><\/div>\n","protected":false},"featured_media":12607,"comment_status":"open","ping_status":"closed","template":"","meta":[],"product_brand":[],"product_cat":[670],"product_tag":[],"class_list":{"0":"post-3584","1":"product","2":"type-product","3":"status-publish","4":"has-post-thumbnail","6":"product_cat-courroie-toroidale-fr","8":"first","9":"instock","10":"shipping-taxable","11":"product-type-simple"},"_links":{"self":[{"href":"https:\/\/eurotransis.com\/fr\/wp-json\/wp\/v2\/product\/3584","targetHints":{"allow":["GET"]}}],"collection":[{"href":"https:\/\/eurotransis.com\/fr\/wp-json\/wp\/v2\/product"}],"about":[{"href":"https:\/\/eurotransis.com\/fr\/wp-json\/wp\/v2\/types\/product"}],"replies":[{"embeddable":true,"href":"https:\/\/eurotransis.com\/fr\/wp-json\/wp\/v2\/comments?post=3584"}],"wp:featuredmedia":[{"embeddable":true,"href":"https:\/\/eurotransis.com\/fr\/wp-json\/wp\/v2\/media\/12607"}],"wp:attachment":[{"href":"https:\/\/eurotransis.com\/fr\/wp-json\/wp\/v2\/media?parent=3584"}],"wp:term":[{"taxonomy":"product_brand","embeddable":true,"href":"https:\/\/eurotransis.com\/fr\/wp-json\/wp\/v2\/product_brand?post=3584"},{"taxonomy":"product_cat","embeddable":true,"href":"https:\/\/eurotransis.com\/fr\/wp-json\/wp\/v2\/product_cat?post=3584"},{"taxonomy":"product_tag","embeddable":true,"href":"https:\/\/eurotransis.com\/fr\/wp-json\/wp\/v2\/product_tag?post=3584"}],"curies":[{"name":"wp","href":"https:\/\/api.w.org\/{rel}","templated":true}]}}