{"id":3587,"date":"2016-04-20T10:24:35","date_gmt":"2016-04-20T10:24:35","guid":{"rendered":"http:\/\/eurotransis.com\/fr\/tienda\/sin%20categorizar\/serie-em-416\/"},"modified":"2024-09-19T12:20:25","modified_gmt":"2024-09-19T10:20:25","slug":"rouleau-serie-em-416","status":"publish","type":"product","link":"https:\/\/eurotransis.com\/fr\/boutique\/rouleaux-fr\/rouleaux-pour-convoyeurs-commandes-fr\/rouleaux-legers-series-commandes\/transmission-par-courroie-fr\/courroie-poly-v-fr\/rouleau-serie-em-416\/","title":{"rendered":"Rouleau s\u00e9rie EM-416"},"content":{"rendered":"<table style=\"height: 201px\" width=\"1275\">\n<tbody>\n<tr>\n<td style=\"text-align: center;width: 499px\" colspan=\"4\"><strong>\u00d8 TUBE<\/strong><\/td>\n<td style=\"text-align: center;width: 760px\" colspan=\"2\"><strong>\u00d8 AXE\u00a0<\/strong><\/td>\n<\/tr>\n<tr>\n<td style=\"width: 229px\"><strong><strong>\u00d8 <\/strong>(mm)<\/strong><\/td>\n<td style=\"width: 87px\"><strong>ST<\/strong><\/td>\n<td style=\"width: 111px\"><strong>STI<\/strong><\/td>\n<td style=\"width: 72px\"><strong>N<\/strong><\/td>\n<td style=\"width: 233px\"><strong>12<\/strong><\/td>\n<td style=\"width: 527px\"><strong>SW11<\/strong><\/td>\n<\/tr>\n<tr>\n<td style=\"width: 229px\"><strong>50&#215;1.5<\/strong><\/td>\n<td style=\"width: 87px\">SI<\/td>\n<td style=\"width: 111px\">SI<\/td>\n<td style=\"width: 72px\">SI<\/td>\n<td style=\"width: 233px\">SI<\/td>\n<td style=\"width: 527px\">SI<\/td>\n<\/tr>\n<tr>\n<td style=\"width: 499px\" colspan=\"4\">\n<p><strong><img loading=\"lazy\" decoding=\"async\" class=\"size-full wp-image-926 alignleft\" src=\"https:\/\/eurotransis.com\/wp-content\/uploads\/2016\/04\/cabezal.png\" alt=\"cabezal\" width=\"101\" height=\"72\" \/><\/strong><\/p>\n<p><strong>Embout m\u00e9tallique<\/strong><\/p>\n<p>&nbsp;<\/td>\n<td style=\"width: 760px\" colspan=\"2\"><strong><img loading=\"lazy\" decoding=\"async\" class=\"size-full wp-image-819 alignleft\" src=\"https:\/\/eurotransis.com\/wp-content\/uploads\/2016\/04\/rodillos-traccionados.png\" alt=\"rodillos traccionados\" width=\"100\" height=\"72\" srcset=\"https:\/\/eurotransis.com\/wp-content\/uploads\/2016\/04\/rodillos-traccionados.png 100w, https:\/\/eurotransis.com\/wp-content\/uploads\/2016\/04\/rodillos-traccionados-64x46.png 64w\" sizes=\"auto, (max-width: 100px) 100vw, 100px\" \/><\/strong><\/p>\n<p id=\"tw-target-text\" class=\"tw-data-text vk_txt tw-ta tw-text-medium\" dir=\"ltr\" data-placeholder=\"Translation\"><strong>Courroie POLY-V<\/strong><\/p>\n<p class=\"tw-data-text vk_txt tw-ta tw-text-medium\" dir=\"ltr\" data-placeholder=\"Translation\"><strong>Pas: 2,34 mm\u00a0<\/strong><\/p>\n<\/td>\n<\/tr>\n<tr>\n<td style=\"width: 499px\" colspan=\"4\"><strong><strong><img loading=\"lazy\" decoding=\"async\" class=\"size-full wp-image-815 alignleft\" src=\"https:\/\/eurotransis.com\/wp-content\/uploads\/2016\/04\/aplicacion.png\" alt=\"aplicacion\" width=\"100\" height=\"75\" srcset=\"https:\/\/eurotransis.com\/wp-content\/uploads\/2016\/04\/aplicacion.png 100w, https:\/\/eurotransis.com\/wp-content\/uploads\/2016\/04\/aplicacion-64x48.png 64w\" sizes=\"auto, (max-width: 100px) 100vw, 100px\" \/><\/strong><\/strong><strong>Soud\u00e9<\/strong><\/td>\n<td style=\"width: 760px\" colspan=\"2\"><strong><img loading=\"lazy\" decoding=\"async\" class=\"size-full wp-image-930 alignleft\" src=\"https:\/\/eurotransis.com\/wp-content\/uploads\/2016\/04\/fuerza.png\" alt=\"fuerza\" width=\"100\" height=\"72\" srcset=\"https:\/\/eurotransis.com\/wp-content\/uploads\/2016\/04\/fuerza.png 100w, https:\/\/eurotransis.com\/wp-content\/uploads\/2016\/04\/fuerza-64x46.png 64w\" sizes=\"auto, (max-width: 100px) 100vw, 100px\" \/>40 daN\/Embout <\/strong><\/td>\n<\/tr>\n<\/tbody>\n<\/table>\n<p>&nbsp;<\/p>\n","protected":false},"excerpt":{"rendered":"<div class=\"product-short-description\">Le rouleau convoyeur Roltia EM-416 est un rouleau entra\u00een\u00e9 avec un embout m\u00e9tallique. Poulie en acier soud\u00e9e au tube et transmission par courroie Poly-V profil PJ au pas de 2,34 mm. Il est fabriqu\u00e9 en tubes d&rsquo;un diam\u00e8tre de 50 mm, d&rsquo;acier.<\/div>\n<div><\/div>\n","protected":false},"featured_media":12599,"comment_status":"open","ping_status":"closed","template":"","meta":[],"product_brand":[],"product_cat":[676],"product_tag":[],"class_list":{"0":"post-3587","1":"product","2":"type-product","3":"status-publish","4":"has-post-thumbnail","6":"product_cat-courroie-poly-v-fr","8":"first","9":"instock","10":"shipping-taxable","11":"product-type-simple"},"_links":{"self":[{"href":"https:\/\/eurotransis.com\/fr\/wp-json\/wp\/v2\/product\/3587","targetHints":{"allow":["GET"]}}],"collection":[{"href":"https:\/\/eurotransis.com\/fr\/wp-json\/wp\/v2\/product"}],"about":[{"href":"https:\/\/eurotransis.com\/fr\/wp-json\/wp\/v2\/types\/product"}],"replies":[{"embeddable":true,"href":"https:\/\/eurotransis.com\/fr\/wp-json\/wp\/v2\/comments?post=3587"}],"wp:featuredmedia":[{"embeddable":true,"href":"https:\/\/eurotransis.com\/fr\/wp-json\/wp\/v2\/media\/12599"}],"wp:attachment":[{"href":"https:\/\/eurotransis.com\/fr\/wp-json\/wp\/v2\/media?parent=3587"}],"wp:term":[{"taxonomy":"product_brand","embeddable":true,"href":"https:\/\/eurotransis.com\/fr\/wp-json\/wp\/v2\/product_brand?post=3587"},{"taxonomy":"product_cat","embeddable":true,"href":"https:\/\/eurotransis.com\/fr\/wp-json\/wp\/v2\/product_cat?post=3587"},{"taxonomy":"product_tag","embeddable":true,"href":"https:\/\/eurotransis.com\/fr\/wp-json\/wp\/v2\/product_tag?post=3587"}],"curies":[{"name":"wp","href":"https:\/\/api.w.org\/{rel}","templated":true}]}}