{"id":3589,"date":"2016-04-20T10:22:26","date_gmt":"2016-04-20T10:22:26","guid":{"rendered":"http:\/\/eurotransis.com\/fr\/tienda\/sin%20categorizar\/serie-em-415\/"},"modified":"2024-09-19T11:04:16","modified_gmt":"2024-09-19T09:04:16","slug":"rouleau-serie-em-415","status":"publish","type":"product","link":"https:\/\/eurotransis.com\/fr\/boutique\/rouleaux-fr\/rouleaux-pour-convoyeurs-commandes-fr\/rouleaux-legers-series-commandes\/transmission-par-courroie-fr\/courroie-poly-v-fr\/rouleau-serie-em-415\/","title":{"rendered":"Rouleau s\u00e9rie EM-415"},"content":{"rendered":"<p>SI<\/p>\n<table style=\"height: 201px\" width=\"1275\">\n<tbody>\n<tr>\n<td style=\"text-align: center;width: 555px\" colspan=\"5\"><strong>\u00d8 TUBE<\/strong><\/td>\n<td style=\"text-align: center;width: 702px\" colspan=\"2\"><strong>\u00d8 AXE\u00a0<\/strong><\/td>\n<\/tr>\n<tr>\n<td style=\"width: 200px\"><strong><strong>\u00d8 <\/strong>(mm)<\/strong><\/td>\n<td style=\"width: 76px\"><strong>ST<\/strong><\/td>\n<td style=\"width: 96px\"><strong>STI<\/strong><\/td>\n<td style=\"width: 57px\"><strong>N<\/strong><\/td>\n<td style=\"width: 126px\"><strong>GAL<\/strong><\/td>\n<td style=\"width: 217px\"><strong>12<\/strong><\/td>\n<td style=\"width: 485px\"><strong>SW11<\/strong><\/td>\n<\/tr>\n<tr>\n<td style=\"width: 200px\"><strong>50&#215;1.5<\/strong><\/td>\n<td style=\"width: 76px\">SI<\/td>\n<td style=\"width: 96px\">SI<\/td>\n<td style=\"width: 57px\">SI<\/td>\n<td style=\"width: 126px\">SI<\/td>\n<td style=\"width: 217px\">SI<\/td>\n<td style=\"width: 485px\">SI<\/td>\n<\/tr>\n<tr>\n<td style=\"width: 555px\" colspan=\"5\">\n<p><strong><img loading=\"lazy\" decoding=\"async\" class=\"size-full wp-image-926 alignleft\" src=\"https:\/\/eurotransis.com\/wp-content\/uploads\/2016\/04\/cabezal.png\" alt=\"cabezal\" width=\"101\" height=\"72\" \/><\/strong><\/p>\n<p><strong>Embout\u00a0thermoplastique<\/strong><\/td>\n<td style=\"width: 702px\" colspan=\"2\"><strong><img loading=\"lazy\" decoding=\"async\" class=\"size-full wp-image-819 alignleft\" src=\"https:\/\/eurotransis.com\/wp-content\/uploads\/2016\/04\/rodillos-traccionados.png\" alt=\"rodillos traccionados\" width=\"100\" height=\"72\" srcset=\"https:\/\/eurotransis.com\/wp-content\/uploads\/2016\/04\/rodillos-traccionados.png 100w, https:\/\/eurotransis.com\/wp-content\/uploads\/2016\/04\/rodillos-traccionados-64x46.png 64w\" sizes=\"auto, (max-width: 100px) 100vw, 100px\" \/><\/strong><\/p>\n<p id=\"tw-target-text\" class=\"tw-data-text vk_txt tw-ta tw-text-medium\" dir=\"ltr\" data-placeholder=\"Translation\"><strong>Courroie POLY-V<\/strong><\/p>\n<p class=\"tw-data-text vk_txt tw-ta tw-text-medium\" dir=\"ltr\" data-placeholder=\"Translation\"><strong>Pas: 2,34 mm<\/strong><\/p>\n<\/td>\n<\/tr>\n<tr>\n<td style=\"width: 555px\" colspan=\"5\"><strong>Fixe<\/strong><strong><img loading=\"lazy\" decoding=\"async\" class=\"size-full wp-image-815 alignleft\" src=\"https:\/\/eurotransis.com\/wp-content\/uploads\/2016\/04\/aplicacion.png\" alt=\"aplicacion\" width=\"100\" height=\"75\" srcset=\"https:\/\/eurotransis.com\/wp-content\/uploads\/2016\/04\/aplicacion.png 100w, https:\/\/eurotransis.com\/wp-content\/uploads\/2016\/04\/aplicacion-64x48.png 64w\" sizes=\"auto, (max-width: 100px) 100vw, 100px\" \/><\/strong><\/td>\n<td style=\"width: 702px\" colspan=\"2\"><strong><strong><img loading=\"lazy\" decoding=\"async\" class=\"size-full wp-image-930 alignleft\" src=\"https:\/\/eurotransis.com\/wp-content\/uploads\/2016\/04\/fuerza.png\" alt=\"fuerza\" width=\"100\" height=\"72\" srcset=\"https:\/\/eurotransis.com\/wp-content\/uploads\/2016\/04\/fuerza.png 100w, https:\/\/eurotransis.com\/wp-content\/uploads\/2016\/04\/fuerza-64x46.png 64w\" sizes=\"auto, (max-width: 100px) 100vw, 100px\" \/><\/strong><\/strong><strong>40 daN\/Embout\u00a0<\/strong><\/td>\n<\/tr>\n<\/tbody>\n<\/table>\n<p>&nbsp;<\/p>\n","protected":false},"excerpt":{"rendered":"<div class=\"product-short-description\">Le rouleau convoyeur Roltia EM-415 est un rouleau entra\u00een\u00e9 avec un embout m\u00e9tallique. Poulie en acier fix\u00e9e au tube et transmission par courroie Poly-V profil PJ au pas de 2,34 mm. Il est fabriqu\u00e9 en tubes d&rsquo;un diam\u00e8tre de 50 mm, d&rsquo;acier.<\/div>\n<div><\/div>\n","protected":false},"featured_media":12591,"comment_status":"open","ping_status":"closed","template":"","meta":[],"product_brand":[],"product_cat":[676],"product_tag":[],"class_list":{"0":"post-3589","1":"product","2":"type-product","3":"status-publish","4":"has-post-thumbnail","6":"product_cat-courroie-poly-v-fr","8":"first","9":"instock","10":"shipping-taxable","11":"product-type-simple"},"_links":{"self":[{"href":"https:\/\/eurotransis.com\/fr\/wp-json\/wp\/v2\/product\/3589","targetHints":{"allow":["GET"]}}],"collection":[{"href":"https:\/\/eurotransis.com\/fr\/wp-json\/wp\/v2\/product"}],"about":[{"href":"https:\/\/eurotransis.com\/fr\/wp-json\/wp\/v2\/types\/product"}],"replies":[{"embeddable":true,"href":"https:\/\/eurotransis.com\/fr\/wp-json\/wp\/v2\/comments?post=3589"}],"wp:featuredmedia":[{"embeddable":true,"href":"https:\/\/eurotransis.com\/fr\/wp-json\/wp\/v2\/media\/12591"}],"wp:attachment":[{"href":"https:\/\/eurotransis.com\/fr\/wp-json\/wp\/v2\/media?parent=3589"}],"wp:term":[{"taxonomy":"product_brand","embeddable":true,"href":"https:\/\/eurotransis.com\/fr\/wp-json\/wp\/v2\/product_brand?post=3589"},{"taxonomy":"product_cat","embeddable":true,"href":"https:\/\/eurotransis.com\/fr\/wp-json\/wp\/v2\/product_cat?post=3589"},{"taxonomy":"product_tag","embeddable":true,"href":"https:\/\/eurotransis.com\/fr\/wp-json\/wp\/v2\/product_tag?post=3589"}],"curies":[{"name":"wp","href":"https:\/\/api.w.org\/{rel}","templated":true}]}}