{"id":3592,"date":"2016-04-14T11:17:04","date_gmt":"2016-04-14T11:17:04","guid":{"rendered":"http:\/\/eurotransis.com\/fr\/tienda\/sin%20categorizar\/serie-em-51\/"},"modified":"2025-08-11T10:34:01","modified_gmt":"2025-08-11T08:34:01","slug":"serie-em-51","status":"publish","type":"product","link":"https:\/\/eurotransis.com\/fr\/boutique\/rouleaux-fr\/pour-convoyeurs-gravitaires-fr\/rouleaux-serie-legere\/cabezales-plasticos-fr\/serie-em-51\/","title":{"rendered":"Rouleau S\u00e9rie EM-51"},"content":{"rendered":"<table style=\"height: 201px\" width=\"1275\">\n<tbody>\n<tr>\n<td style=\"text-align: center;width: 731px\" colspan=\"7\"><strong>\u00d8 TUBE<\/strong><\/td>\n<td style=\"text-align: center;width: 525px\" colspan=\"5\"><strong>\u00d8 AXE<\/strong><\/td>\n<\/tr>\n<tr>\n<td style=\"width: 188px\"><strong>\u00d8 (mm)<\/strong><\/td>\n<td style=\"width: 89px\"><strong>ST<\/strong><\/td>\n<td style=\"width: 96px\"><strong>STI<\/strong><\/td>\n<td style=\"width: 89px\"><strong>N<\/strong><\/td>\n<td style=\"width: 87px\"><strong>GAL<\/strong><\/td>\n<td style=\"width: 89px\"><strong>ALU<\/strong><\/td>\n<td style=\"width: 93px\"><strong>Kg<\/strong><\/td>\n<td style=\"width: 107px\"><strong>4<\/strong><\/td>\n<td style=\"width: 104px\"><b>5<\/b><\/td>\n<td style=\"width: 110px\"><b>6<\/b><\/td>\n<td style=\"width: 109px\"><strong>8<\/strong><\/td>\n<td style=\"width: 95px\"><strong>10<\/strong><\/td>\n<\/tr>\n<tr>\n<td style=\"width: 188px\"><strong>12&#215;1<\/strong><\/td>\n<td style=\"width: 89px\"><\/td>\n<td style=\"width: 96px\"><\/td>\n<td style=\"width: 89px\">SI<\/td>\n<td style=\"width: 87px\"><\/td>\n<td style=\"width: 89px\"><\/td>\n<td style=\"width: 93px\"><\/td>\n<td style=\"width: 107px\">SI<\/td>\n<td style=\"width: 104px\"><\/td>\n<td style=\"width: 110px\"><\/td>\n<td style=\"width: 109px\"><\/td>\n<td style=\"width: 95px\"><\/td>\n<\/tr>\n<tr>\n<td style=\"width: 188px\"><strong>16&#215;1<\/strong><\/td>\n<td style=\"width: 89px\">SI<\/td>\n<td style=\"width: 96px\">SI<\/td>\n<td style=\"width: 89px\">SI<\/td>\n<td style=\"width: 87px\"><\/td>\n<td style=\"width: 89px\">SI<\/td>\n<td style=\"width: 93px\"><\/td>\n<td style=\"width: 107px\"><\/td>\n<td style=\"width: 104px\">SI<\/td>\n<td style=\"width: 110px\">SI<\/td>\n<td style=\"width: 109px\"><\/td>\n<td style=\"width: 95px\"><\/td>\n<\/tr>\n<tr>\n<td style=\"width: 188px\"><strong>20&#215;1.5<\/strong><\/td>\n<td style=\"width: 89px\">SI<\/td>\n<td style=\"width: 96px\">SI<\/td>\n<td style=\"width: 89px\">SI<\/td>\n<td style=\"width: 87px\"><\/td>\n<td style=\"width: 89px\">SI<\/td>\n<td style=\"width: 93px\">SI<\/td>\n<td style=\"width: 107px\"><\/td>\n<td style=\"width: 104px\"><\/td>\n<td style=\"width: 110px\">SI<\/td>\n<td style=\"width: 109px\">SI<\/td>\n<td style=\"width: 95px\"><\/td>\n<\/tr>\n<tr>\n<td style=\"width: 188px\"><strong>30&#215;1.5<\/strong><\/td>\n<td style=\"width: 89px\">SI<\/td>\n<td style=\"width: 96px\">SI<\/td>\n<td style=\"width: 89px\">SI<\/td>\n<td style=\"width: 87px\"><\/td>\n<td style=\"width: 89px\">SI<\/td>\n<td style=\"width: 93px\"><\/td>\n<td style=\"width: 107px\"><\/td>\n<td style=\"width: 104px\"><\/td>\n<td style=\"width: 110px\">SI<\/td>\n<td style=\"width: 109px\">SI<\/td>\n<td style=\"width: 95px\">SI<\/td>\n<\/tr>\n<tr>\n<td style=\"width: 188px\"><strong>30&#215;1.8<\/strong><\/td>\n<td style=\"width: 89px\"><\/td>\n<td style=\"width: 96px\"><\/td>\n<td style=\"width: 89px\"><\/td>\n<td style=\"width: 87px\"><\/td>\n<td style=\"width: 89px\"><\/td>\n<td style=\"width: 93px\">SI<\/td>\n<td style=\"width: 107px\"><\/td>\n<td style=\"width: 104px\"><\/td>\n<td style=\"width: 110px\">SI<\/td>\n<td style=\"width: 109px\">SI<\/td>\n<td style=\"width: 95px\">SI<\/td>\n<\/tr>\n<tr>\n<td style=\"width: 188px\"><strong>40&#215;1.5<\/strong><\/td>\n<td style=\"width: 89px\">SI<\/td>\n<td style=\"width: 96px\">SI<\/td>\n<td style=\"width: 89px\">SI<\/td>\n<td style=\"width: 87px\">SI<\/td>\n<td style=\"width: 89px\">SI<\/td>\n<td style=\"width: 93px\"><\/td>\n<td style=\"width: 107px\"><\/td>\n<td style=\"width: 104px\"><\/td>\n<td style=\"width: 110px\">SI<\/td>\n<td style=\"width: 109px\">SI<\/td>\n<td style=\"width: 95px\">SI<\/td>\n<\/tr>\n<tr>\n<td style=\"width: 188px\"><strong>40&#215;2.3<\/strong><\/td>\n<td style=\"width: 89px\"><\/td>\n<td style=\"width: 96px\"><\/td>\n<td style=\"width: 89px\"><\/td>\n<td style=\"width: 87px\"><\/td>\n<td style=\"width: 89px\"><\/td>\n<td style=\"width: 93px\">SI<\/td>\n<td style=\"width: 107px\"><\/td>\n<td style=\"width: 104px\"><\/td>\n<td style=\"width: 110px\">SI<\/td>\n<td style=\"width: 109px\">SI<\/td>\n<td style=\"width: 95px\">SI<\/td>\n<\/tr>\n<tr>\n<td style=\"width: 549px\" colspan=\"5\"><strong><strong><img loading=\"lazy\" decoding=\"async\" class=\"size-medium wp-image-640 alignleft\" src=\"https:\/\/eurotransis.com\/images\/catalogo\/iconos\/cabezal.png\" alt=\"cabezal\" width=\"101\" height=\"72\" \/><\/strong><\/strong><\/p>\n<p id=\"tw-target-text\" class=\"tw-data-text vk_txt tw-ta tw-text-small\" dir=\"ltr\" data-placeholder=\"Translation\"><strong><span lang=\"fr\">Embout Polypropyl\u00e8ne (Sauf \u00d812)<\/span><\/strong><\/p>\n<p class=\"tw-data-text vk_txt tw-ta tw-text-small\" dir=\"ltr\" data-placeholder=\"Translation\"><strong><span lang=\"fr\">Embout AISI-303 (Tube \u00d812)<\/span><\/strong><\/p>\n<\/td>\n<td style=\"width: 707px\" colspan=\"7\"><img loading=\"lazy\" decoding=\"async\" class=\"size-medium wp-image-648 alignleft\" src=\"https:\/\/eurotransis.com\/images\/catalogo\/iconos\/hilera.png\" alt=\"hilera\" width=\"101\" height=\"73\" \/><strong><span lang=\"fr\">Une rang\u00e9e de billes en acier Inox.<\/span><\/strong><\/p>\n<p class=\"tw-data-text vk_txt tw-ta tw-text-small\" dir=\"ltr\" data-placeholder=\"Translation\"><strong><span lang=\"fr\">EM-51 Acier Inox. AISI-420<\/span><\/strong><\/p>\n<\/td>\n<\/tr>\n<tr>\n<td style=\"width: 549px\" colspan=\"5\">\u00a0<strong>Manutention<\/strong><strong><img loading=\"lazy\" decoding=\"async\" class=\"size-full wp-image-636 alignleft\" src=\"https:\/\/eurotransis.com\/images\/catalogo\/iconos\/aplicacion.png\" alt=\"aplicacion\" width=\"100\" height=\"75\" \/><\/strong><\/td>\n<td style=\"width: 707px\" colspan=\"7\">\n<p><strong><img loading=\"lazy\" decoding=\"async\" class=\"size-medium wp-image-644 alignleft\" src=\"https:\/\/eurotransis.com\/images\/catalogo\/iconos\/fuerza.png\" alt=\"fuerza\" width=\"100\" height=\"72\" \/>4 daN\/Embout &#8211; \u00d812 y \u00d816<\/strong><\/p>\n<p><strong><strong>5 daN\/Embout &#8211; \u00d820<\/strong><\/strong><\/p>\n<p><strong><strong>7 daN\/Embout &#8211; \u00d830 y \u00d840<\/strong><\/strong><\/td>\n<\/tr>\n<\/tbody>\n<\/table>\n<p>&nbsp;<\/p>\n","protected":false},"excerpt":{"rendered":"<p>La s\u00e9rie EM-51 de Roltia est un rouleau libre \u00e9quip\u00e9 d\u2019un embout thermoplastique avec une rang\u00e9e de billes en inox. Il est fabriqu\u00e9 dans des diam\u00e8tres de tubes allant du \u00d812 au \u00d840, en divers mat\u00e9riaux. Ils conviennent au transport de charges l\u00e9g\u00e8res.<\/p>\n<table style=\"height: 30px\" width=\"400\">\n<tbody>\n<tr>\n<td style=\"text-align: center\" colspan=\"7\"><strong><strong><a href=\"https:\/\/eurotransis.com\/wp-content\/uploads\/2016\/04\/PLANTILLA-SOLICITUD-OFERTA-EM-51-PROTEGIDO-watermark.pdf\" target=\"_blank\" rel=\"noopener noreferrer\">PLANTILLA SOLICITUD OFERTA EM-51<\/a><\/strong><\/strong><\/td>\n<\/tr>\n<\/tbody>\n<\/table>\n<p>&nbsp;<\/p>\n","protected":false},"featured_media":12846,"comment_status":"open","ping_status":"closed","template":"","meta":[],"product_brand":[],"product_cat":[529],"product_tag":[],"class_list":{"0":"post-3592","1":"product","2":"type-product","3":"status-publish","4":"has-post-thumbnail","6":"product_cat-cabezales-plasticos-fr","8":"first","9":"instock","10":"shipping-taxable","11":"product-type-simple"},"_links":{"self":[{"href":"https:\/\/eurotransis.com\/fr\/wp-json\/wp\/v2\/product\/3592","targetHints":{"allow":["GET"]}}],"collection":[{"href":"https:\/\/eurotransis.com\/fr\/wp-json\/wp\/v2\/product"}],"about":[{"href":"https:\/\/eurotransis.com\/fr\/wp-json\/wp\/v2\/types\/product"}],"replies":[{"embeddable":true,"href":"https:\/\/eurotransis.com\/fr\/wp-json\/wp\/v2\/comments?post=3592"}],"wp:featuredmedia":[{"embeddable":true,"href":"https:\/\/eurotransis.com\/fr\/wp-json\/wp\/v2\/media\/12846"}],"wp:attachment":[{"href":"https:\/\/eurotransis.com\/fr\/wp-json\/wp\/v2\/media?parent=3592"}],"wp:term":[{"taxonomy":"product_brand","embeddable":true,"href":"https:\/\/eurotransis.com\/fr\/wp-json\/wp\/v2\/product_brand?post=3592"},{"taxonomy":"product_cat","embeddable":true,"href":"https:\/\/eurotransis.com\/fr\/wp-json\/wp\/v2\/product_cat?post=3592"},{"taxonomy":"product_tag","embeddable":true,"href":"https:\/\/eurotransis.com\/fr\/wp-json\/wp\/v2\/product_tag?post=3592"}],"curies":[{"name":"wp","href":"https:\/\/api.w.org\/{rel}","templated":true}]}}