{"id":3595,"date":"2016-04-14T11:15:03","date_gmt":"2016-04-14T11:15:03","guid":{"rendered":"http:\/\/eurotransis.com\/fr\/tienda\/sin%20categorizar\/serie-em-50\/"},"modified":"2025-08-11T09:05:58","modified_gmt":"2025-08-11T07:05:58","slug":"serie-em-50","status":"publish","type":"product","link":"https:\/\/eurotransis.com\/fr\/boutique\/rouleaux-fr\/pour-convoyeurs-gravitaires-fr\/rouleaux-serie-legere\/cabezales-plasticos-fr\/serie-em-50\/","title":{"rendered":"Rouleau S\u00e9rie EM-50"},"content":{"rendered":"<table style=\"height: 201px\" width=\"1275\">\n<tbody>\n<tr style=\"height: 24px\">\n<td style=\"text-align: center;height: 24px;width: 834px\" colspan=\"7\"><strong>\u00d8 TUBE<\/strong><\/td>\n<td style=\"text-align: center;height: 24px;width: 420px\" colspan=\"5\"><strong>\u00d8 AXE<\/strong><\/td>\n<\/tr>\n<tr style=\"height: 24px\">\n<td style=\"height: 24px;width: 203px\"><strong>\u00d8 (mm)<\/strong><\/td>\n<td style=\"height: 24px;width: 77px\"><strong>ST<\/strong><\/td>\n<td style=\"height: 24px;width: 98px\"><strong>STI<\/strong><\/td>\n<td style=\"height: 24px;width: 59px\"><strong>N<\/strong><\/td>\n<td style=\"height: 24px;width: 120px\"><strong>GAL<\/strong><\/td>\n<td style=\"height: 24px;width: 172px\"><strong>ALU<\/strong><\/td>\n<td style=\"height: 24px;width: 105px\"><strong>Kg<\/strong><\/td>\n<td style=\"height: 24px;width: 63px\"><strong>4<\/strong><\/td>\n<td style=\"height: 24px;width: 91px\"><b>5<\/b><\/td>\n<td style=\"height: 24px;width: 83px\"><b>6<\/b><\/td>\n<td style=\"height: 24px;width: 83px\"><b>8<\/b><\/td>\n<td style=\"height: 24px;width: 100px\"><b>10<\/b><\/td>\n<\/tr>\n<tr style=\"height: 24px\">\n<td style=\"height: 24px;width: 203px\"><strong>16&#215;1<\/strong><\/td>\n<td style=\"height: 24px;width: 77px\">SI<\/td>\n<td style=\"height: 24px;width: 98px\">SI<\/td>\n<td style=\"height: 24px;width: 59px\">SI<\/td>\n<td style=\"height: 24px;width: 120px\"><\/td>\n<td style=\"height: 24px;width: 172px\">SI<\/td>\n<td style=\"height: 24px;width: 105px\"><\/td>\n<td style=\"height: 24px;width: 63px\"><\/td>\n<td style=\"height: 24px;width: 91px\">SI<\/td>\n<td style=\"height: 24px;width: 83px\">SI<\/td>\n<td style=\"height: 24px;width: 83px\"><\/td>\n<td style=\"height: 24px;width: 100px\"><\/td>\n<\/tr>\n<tr style=\"height: 24px\">\n<td style=\"height: 24px;width: 203px\"><strong>20&#215;1.5<\/strong><\/td>\n<td style=\"height: 24px;width: 77px\">SI<\/td>\n<td style=\"height: 24px;width: 98px\">SI<\/td>\n<td style=\"height: 24px;width: 59px\">SI<\/td>\n<td style=\"height: 24px;width: 120px\"><\/td>\n<td style=\"height: 24px;width: 172px\">SI<\/td>\n<td style=\"height: 24px;width: 105px\">SI<\/td>\n<td style=\"height: 24px;width: 63px\"><\/td>\n<td style=\"height: 24px;width: 91px\"><\/td>\n<td style=\"height: 24px;width: 83px\">SI<\/td>\n<td style=\"height: 24px;width: 83px\">SI<\/td>\n<td style=\"height: 24px;width: 100px\"><\/td>\n<\/tr>\n<tr style=\"height: 24px\">\n<td style=\"height: 24px;width: 203px\"><strong>30&#215;1.5<\/strong><\/td>\n<td style=\"height: 24px;width: 77px\">SI<\/td>\n<td style=\"height: 24px;width: 98px\">SI<\/td>\n<td style=\"height: 24px;width: 59px\">SI<\/td>\n<td style=\"height: 24px;width: 120px\"><\/td>\n<td style=\"height: 24px;width: 172px\">SI<\/td>\n<td style=\"height: 24px;width: 105px\"><\/td>\n<td style=\"height: 24px;width: 63px\"><\/td>\n<td style=\"height: 24px;width: 91px\"><\/td>\n<td style=\"height: 24px;width: 83px\">SI<\/td>\n<td style=\"height: 24px;width: 83px\">SI<\/td>\n<td style=\"height: 24px;width: 100px\">SI<\/td>\n<\/tr>\n<tr style=\"height: 24px\">\n<td style=\"height: 24px;width: 203px\"><strong>30&#215;1.8<\/strong><\/td>\n<td style=\"height: 24px;width: 77px\"><\/td>\n<td style=\"height: 24px;width: 98px\"><\/td>\n<td style=\"height: 24px;width: 59px\"><\/td>\n<td style=\"height: 24px;width: 120px\"><\/td>\n<td style=\"height: 24px;width: 172px\"><\/td>\n<td style=\"height: 24px;width: 105px\">SI<\/td>\n<td style=\"height: 24px;width: 63px\"><\/td>\n<td style=\"height: 24px;width: 91px\"><\/td>\n<td style=\"height: 24px;width: 83px\">SI<\/td>\n<td style=\"height: 24px;width: 83px\">SI<\/td>\n<td style=\"height: 24px;width: 100px\">SI<\/td>\n<\/tr>\n<tr style=\"height: 24px\">\n<td style=\"height: 24px;width: 203px\"><strong>40&#215;1.5<\/strong><\/td>\n<td style=\"height: 24px;width: 77px\">SI<\/td>\n<td style=\"height: 24px;width: 98px\">SI<\/td>\n<td style=\"height: 24px;width: 59px\">SI<\/td>\n<td style=\"height: 24px;width: 120px\">SI<\/td>\n<td style=\"height: 24px;width: 172px\">SI<\/td>\n<td style=\"height: 24px;width: 105px\"><\/td>\n<td style=\"height: 24px;width: 63px\"><\/td>\n<td style=\"height: 24px;width: 91px\"><\/td>\n<td style=\"height: 24px;width: 83px\">SI<\/td>\n<td style=\"height: 24px;width: 83px\">SI<\/td>\n<td style=\"height: 24px;width: 100px\">SI<\/td>\n<\/tr>\n<tr style=\"height: 24px\">\n<td style=\"height: 24px;width: 203px\"><strong>40&#215;2.3<\/strong><\/td>\n<td style=\"height: 24px;width: 77px\"><\/td>\n<td style=\"height: 24px;width: 98px\"><\/td>\n<td style=\"height: 24px;width: 59px\"><\/td>\n<td style=\"height: 24px;width: 120px\"><\/td>\n<td style=\"height: 24px;width: 172px\"><\/td>\n<td style=\"height: 24px;width: 105px\">SI<\/td>\n<td style=\"height: 24px;width: 63px\"><\/td>\n<td style=\"height: 24px;width: 91px\"><\/td>\n<td style=\"height: 24px;width: 83px\">SI<\/td>\n<td style=\"height: 24px;width: 83px\">SI<\/td>\n<td style=\"height: 24px;width: 100px\">SI<\/td>\n<\/tr>\n<tr style=\"height: 135px\">\n<td style=\"height: 135px;width: 557px\" colspan=\"5\"><strong><strong><img loading=\"lazy\" decoding=\"async\" class=\"size-medium wp-image-640 alignleft\" src=\"https:\/\/eurotransis.com\/images\/catalogo\/iconos\/cabezal.png\" alt=\"cabezal\" width=\"101\" height=\"72\" \/><\/strong><\/strong><\/p>\n<p id=\"tw-target-text\" class=\"tw-data-text vk_txt tw-ta tw-text-small\" dir=\"ltr\" data-placeholder=\"Translation\"><strong><span lang=\"fr\">Embout Polypropyl\u00e8ne <\/span><\/strong><\/p>\n<\/td>\n<td style=\"height: 135px;width: 697px\" colspan=\"7\"><img loading=\"lazy\" decoding=\"async\" class=\"size-medium wp-image-648 alignleft\" src=\"https:\/\/eurotransis.com\/images\/catalogo\/iconos\/hilera.png\" alt=\"hilera\" width=\"101\" height=\"73\" \/><\/p>\n<p id=\"tw-target-text\" class=\"tw-data-text vk_txt tw-ta tw-text-small\" dir=\"ltr\" data-placeholder=\"Translation\"><strong>Une rang\u00e9e de billes en acier<\/strong><\/p>\n<p class=\"tw-data-text vk_txt tw-ta tw-text-small\" dir=\"ltr\" data-placeholder=\"Translation\"><strong>EM-50 Acier au Carbone<\/strong><\/p>\n<p dir=\"ltr\" data-placeholder=\"Translation\">\n<\/td>\n<\/tr>\n<tr style=\"height: 136px\">\n<td style=\"height: 136px;width: 557px\" colspan=\"5\"><strong>Manutention<\/strong><strong><img loading=\"lazy\" decoding=\"async\" class=\"size-full wp-image-636 alignleft\" src=\"https:\/\/eurotransis.com\/images\/catalogo\/iconos\/aplicacion.png\" alt=\"aplicacion\" width=\"100\" height=\"75\" \/><\/strong><\/td>\n<td style=\"height: 136px;width: 697px\" colspan=\"7\">\n<p><strong>4 daN\/Embout &#8211; \u00d816<img loading=\"lazy\" decoding=\"async\" class=\"size-medium wp-image-644 alignleft\" src=\"https:\/\/eurotransis.com\/images\/catalogo\/iconos\/fuerza.png\" alt=\"fuerza\" width=\"100\" height=\"72\" \/><\/strong><\/p>\n<p><strong><strong>5 daN\/Embout &#8211; \u00d820<\/strong><\/strong><\/p>\n<p><strong><strong>7 daN\/Embout &#8211; \u00d830, \u00d840<\/strong><\/strong><\/td>\n<\/tr>\n<\/tbody>\n<\/table>\n<p>&nbsp;<\/p>\n","protected":false},"excerpt":{"rendered":"<p>La s\u00e9rie EM-50de Roltia est un rouleau libre \u00e9quip\u00e9 d\u2019un embout thermoplastique avec une rang\u00e9e de billes. Il est fabriqu\u00e9 dans des diam\u00e8tres de tubes allant du \u00d816 au \u00d840, en divers mat\u00e9riaux. Ils conviennent au transport de charges l\u00e9g\u00e8res.<\/p>\n","protected":false},"featured_media":12838,"comment_status":"open","ping_status":"closed","template":"","meta":[],"product_brand":[],"product_cat":[529],"product_tag":[],"class_list":{"0":"post-3595","1":"product","2":"type-product","3":"status-publish","4":"has-post-thumbnail","6":"product_cat-cabezales-plasticos-fr","8":"first","9":"instock","10":"shipping-taxable","11":"product-type-simple"},"_links":{"self":[{"href":"https:\/\/eurotransis.com\/fr\/wp-json\/wp\/v2\/product\/3595","targetHints":{"allow":["GET"]}}],"collection":[{"href":"https:\/\/eurotransis.com\/fr\/wp-json\/wp\/v2\/product"}],"about":[{"href":"https:\/\/eurotransis.com\/fr\/wp-json\/wp\/v2\/types\/product"}],"replies":[{"embeddable":true,"href":"https:\/\/eurotransis.com\/fr\/wp-json\/wp\/v2\/comments?post=3595"}],"wp:featuredmedia":[{"embeddable":true,"href":"https:\/\/eurotransis.com\/fr\/wp-json\/wp\/v2\/media\/12838"}],"wp:attachment":[{"href":"https:\/\/eurotransis.com\/fr\/wp-json\/wp\/v2\/media?parent=3595"}],"wp:term":[{"taxonomy":"product_brand","embeddable":true,"href":"https:\/\/eurotransis.com\/fr\/wp-json\/wp\/v2\/product_brand?post=3595"},{"taxonomy":"product_cat","embeddable":true,"href":"https:\/\/eurotransis.com\/fr\/wp-json\/wp\/v2\/product_cat?post=3595"},{"taxonomy":"product_tag","embeddable":true,"href":"https:\/\/eurotransis.com\/fr\/wp-json\/wp\/v2\/product_tag?post=3595"}],"curies":[{"name":"wp","href":"https:\/\/api.w.org\/{rel}","templated":true}]}}