{"id":3616,"date":"2016-04-14T11:02:44","date_gmt":"2016-04-14T11:02:44","guid":{"rendered":"http:\/\/eurotransis.com\/fr\/tienda\/sin%20categorizar\/serie-em-101\/"},"modified":"2025-06-18T10:51:53","modified_gmt":"2025-06-18T08:51:53","slug":"serie-em-101","status":"publish","type":"product","link":"https:\/\/eurotransis.com\/fr\/boutique\/rouleaux-fr\/pour-convoyeurs-gravitaires-fr\/rouleaux-serie-legere\/cabezales-plasticos-fr\/serie-em-101\/","title":{"rendered":"Rouleau s\u00e9rie EM-101"},"content":{"rendered":"<table style=\"height: 201px\" width=\"1275\">\n<tbody>\n<tr>\n<td style=\"text-align: center\" colspan=\"7\"><strong>\u00d8 TUBE<\/strong><\/td>\n<td style=\"text-align: center\" colspan=\"4\"><strong>\u00d8 AXE<\/strong><\/td>\n<\/tr>\n<tr>\n<td><strong>\u00d8 (mm)<\/strong><\/td>\n<td><strong>ST<\/strong><\/td>\n<td><strong>STI<\/strong><\/td>\n<td><strong>N<\/strong><\/td>\n<td><strong>GAL<\/strong><\/td>\n<td><strong>ALU<\/strong><\/td>\n<td><strong>Kg<\/strong><\/td>\n<td><strong>8<\/strong><\/td>\n<td><strong>10<\/strong><\/td>\n<td><strong>12<\/strong><\/td>\n<td><strong>SW11<\/strong><\/td>\n<\/tr>\n<tr>\n<td><strong>50&#215;1.5<\/strong><\/td>\n<td>SI<\/td>\n<td>SI<\/td>\n<td>SI<\/td>\n<td>SI<\/td>\n<td>SI<\/td>\n<td>SI<\/td>\n<td>SI<\/td>\n<td>SI<\/td>\n<td>SI<\/td>\n<td>SI<\/td>\n<\/tr>\n<tr>\n<td><strong>50&#215;2.8<\/strong><\/td>\n<td><\/td>\n<td><\/td>\n<td><\/td>\n<td><\/td>\n<td><\/td>\n<td>SI<\/td>\n<td>SI<\/td>\n<td>SI<\/td>\n<td>SI<\/td>\n<td>SI<\/td>\n<\/tr>\n<tr>\n<td><strong>60&#215;1.5<\/strong><\/td>\n<td>SI<\/td>\n<td>SI<\/td>\n<td><\/td>\n<td>SI<\/td>\n<td>SI<\/td>\n<td><\/td>\n<td>SI<\/td>\n<td>SI<\/td>\n<td>SI<\/td>\n<td>SI<\/td>\n<\/tr>\n<tr>\n<td><strong>60.3&#215;2<\/strong><\/td>\n<td><\/td>\n<td><\/td>\n<td>SI<\/td>\n<td><\/td>\n<td><\/td>\n<td><\/td>\n<td>SI<\/td>\n<td>SI<\/td>\n<td>SI<\/td>\n<td>SI<\/td>\n<\/tr>\n<tr>\n<td>\u00a0<strong>60&#215;2<\/strong><\/td>\n<td>\u00a0SI<\/td>\n<td>SI<\/td>\n<td><\/td>\n<td>SI<\/td>\n<td>SI<\/td>\n<td><\/td>\n<td>SI<\/td>\n<td>SI<\/td>\n<td>SI<\/td>\n<td>SI<\/td>\n<\/tr>\n<tr>\n<td>\u00a0<strong>60&#215;3<\/strong><\/td>\n<td><\/td>\n<td><\/td>\n<td><\/td>\n<td><\/td>\n<td><\/td>\n<td>SI<\/td>\n<td>SI<\/td>\n<td>SI<\/td>\n<td>SI<\/td>\n<td>SI<\/td>\n<\/tr>\n<tr>\n<td><strong>80&#215;2<\/strong><\/td>\n<td>\u00a0SI<\/td>\n<td>SI<\/td>\n<td>SI<\/td>\n<td>\u00a0SI<\/td>\n<td>SI<\/td>\n<td><\/td>\n<td>SI<\/td>\n<td>SI<\/td>\n<td>SI<\/td>\n<td>SI<\/td>\n<\/tr>\n<tr>\n<td colspan=\"5\"><strong><strong><strong><img loading=\"lazy\" decoding=\"async\" class=\"size-medium wp-image-640 alignleft\" src=\"https:\/\/eurotransis.com\/images\/catalogo\/iconos\/cabezal.png\" alt=\"cabezal\" width=\"101\" height=\"72\" \/><\/strong><\/strong><\/strong><strong>Embout polypropyl\u00e8ne<br \/>\n<\/strong><\/td>\n<td colspan=\"6\"><img loading=\"lazy\" decoding=\"async\" class=\"size-medium wp-image-648 alignleft\" src=\"https:\/\/eurotransis.com\/images\/catalogo\/iconos\/hilera.png\" alt=\"hilera\" width=\"101\" height=\"73\" \/><\/p>\n<p id=\"tw-target-text\" class=\"tw-data-text vk_txt tw-ta tw-text-small\" dir=\"ltr\" data-placeholder=\"Translation\"><strong>Double rang\u00e9e de billes<\/strong><\/p>\n<p class=\"tw-data-text vk_txt tw-ta tw-text-small\" dir=\"ltr\" data-placeholder=\"Translation\"><strong>EM-101 Acier au carbone<\/strong><\/p>\n<\/td>\n<\/tr>\n<tr>\n<td colspan=\"5\"><strong>Manutention<img loading=\"lazy\" decoding=\"async\" class=\"size-full wp-image-636 alignleft\" src=\"https:\/\/eurotransis.com\/images\/catalogo\/iconos\/aplicacion.png\" alt=\"aplicacion\" width=\"100\" height=\"75\" \/><\/strong><\/td>\n<td colspan=\"6\"><strong><strong>1<\/strong><\/strong><strong>2 daN\/Embout<img loading=\"lazy\" decoding=\"async\" class=\"size-medium wp-image-644 alignleft\" src=\"https:\/\/eurotransis.com\/images\/catalogo\/iconos\/fuerza.png\" alt=\"fuerza\" width=\"100\" height=\"72\" \/><\/strong><\/td>\n<\/tr>\n<\/tbody>\n<\/table>\n<p>&nbsp;<\/p>\n","protected":false},"excerpt":{"rendered":"<p>La s\u00e9rie EM-101 de Roltia est un rouleau libre \u00e9quip\u00e9 d\u2019un embout en polypropyl\u00e8ne et une double rang\u00e9e de billes en acier au carbone.\u00a0Il est fabriqu\u00e9 dans des diam\u00e8tres de tubes allant du \u00d850 \u00e0 \u00d880, dans diff\u00e9rents mat\u00e9riaux. Ils conviennent au transport de charges l\u00e9g\u00e8res.<\/p>\n","protected":false},"featured_media":12903,"comment_status":"open","ping_status":"closed","template":"","meta":[],"product_brand":[],"product_cat":[529],"product_tag":[],"class_list":{"0":"post-3616","1":"product","2":"type-product","3":"status-publish","4":"has-post-thumbnail","6":"product_cat-cabezales-plasticos-fr","8":"first","9":"instock","10":"shipping-taxable","11":"product-type-simple"},"_links":{"self":[{"href":"https:\/\/eurotransis.com\/fr\/wp-json\/wp\/v2\/product\/3616","targetHints":{"allow":["GET"]}}],"collection":[{"href":"https:\/\/eurotransis.com\/fr\/wp-json\/wp\/v2\/product"}],"about":[{"href":"https:\/\/eurotransis.com\/fr\/wp-json\/wp\/v2\/types\/product"}],"replies":[{"embeddable":true,"href":"https:\/\/eurotransis.com\/fr\/wp-json\/wp\/v2\/comments?post=3616"}],"wp:featuredmedia":[{"embeddable":true,"href":"https:\/\/eurotransis.com\/fr\/wp-json\/wp\/v2\/media\/12903"}],"wp:attachment":[{"href":"https:\/\/eurotransis.com\/fr\/wp-json\/wp\/v2\/media?parent=3616"}],"wp:term":[{"taxonomy":"product_brand","embeddable":true,"href":"https:\/\/eurotransis.com\/fr\/wp-json\/wp\/v2\/product_brand?post=3616"},{"taxonomy":"product_cat","embeddable":true,"href":"https:\/\/eurotransis.com\/fr\/wp-json\/wp\/v2\/product_cat?post=3616"},{"taxonomy":"product_tag","embeddable":true,"href":"https:\/\/eurotransis.com\/fr\/wp-json\/wp\/v2\/product_tag?post=3616"}],"curies":[{"name":"wp","href":"https:\/\/api.w.org\/{rel}","templated":true}]}}