{"id":3649,"date":"2016-04-25T10:56:48","date_gmt":"2016-04-25T10:56:48","guid":{"rendered":"http:\/\/eurotransis.com\/fr\/tienda\/sin%20categorizar\/serie-roldanas-multidireccional-omni-okar\/"},"modified":"2025-01-24T11:35:39","modified_gmt":"2025-01-24T10:35:39","slug":"galets-multidirectionnel-fr","status":"publish","type":"product","link":"https:\/\/eurotransis.com\/fr\/boutique\/composants-du-rouleau-fr\/accessoires-fr\/galets-fr-fr\/galets-multidirectionnel-fr\/","title":{"rendered":"Galets Multidirectionnel"},"content":{"rendered":"<table style=\"height: 201px\" width=\"1275\">\n<tbody>\n<tr>\n<td style=\"text-align: center\" colspan=\"2\"><strong>TYPE<\/strong><\/td>\n<td style=\"text-align: center\" colspan=\"2\"><strong>\u00d8 (mm)<\/strong><\/td>\n<td style=\"text-align: center\"><strong> AXE (mm)<\/strong><\/td>\n<td style=\"text-align: center\"><b> CHARGE (daN)<\/b><\/td>\n<\/tr>\n<tr>\n<td style=\"text-align: center\" colspan=\"2\">SIMPLE OMNI-50 S<\/td>\n<td style=\"text-align: center\" colspan=\"2\">50<\/td>\n<td style=\"text-align: center\">8<\/td>\n<td style=\"text-align: center\">\u00a05<\/td>\n<\/tr>\n<tr>\n<td style=\"text-align: center\" colspan=\"2\">SIMPLE OMNI-60 S<\/td>\n<td style=\"text-align: center\" colspan=\"2\">60<\/td>\n<td style=\"text-align: center\">8<\/td>\n<td style=\"text-align: center\">10<\/td>\n<\/tr>\n<tr>\n<td style=\"text-align: center\" colspan=\"2\">SIMPLE OMNI-80 S<\/td>\n<td style=\"text-align: center\" colspan=\"2\">80<\/td>\n<td style=\"text-align: center\">8<\/td>\n<td style=\"text-align: center\">20<\/td>\n<\/tr>\n<tr>\n<td style=\"text-align: center\" colspan=\"2\">DOUBLE OMNI-50 D<\/td>\n<td style=\"text-align: center\" colspan=\"2\">50<\/td>\n<td style=\"text-align: center\">8<\/td>\n<td style=\"text-align: center\">10<\/td>\n<\/tr>\n<tr>\n<td style=\"text-align: center\" colspan=\"2\">DOUBLE OMNI-60 D<\/td>\n<td style=\"text-align: center\" colspan=\"2\">60<\/td>\n<td style=\"text-align: center\">8<\/td>\n<td style=\"text-align: center\">20<\/td>\n<\/tr>\n<tr>\n<td style=\"text-align: center\" colspan=\"2\">DOUBLE OMNI-80 D<\/td>\n<td style=\"text-align: center\" colspan=\"2\">80<\/td>\n<td style=\"text-align: center\">8<\/td>\n<td style=\"text-align: center\">40<\/td>\n<\/tr>\n<tr>\n<td style=\"text-align: center\" colspan=\"2\">\u00a0DOUBLE OKAR-120 D<\/td>\n<td style=\"text-align: center\" colspan=\"2\">120<\/td>\n<td style=\"text-align: center\">17<\/td>\n<td style=\"text-align: center\">250<\/td>\n<\/tr>\n<tr>\n<td colspan=\"2\">\n<p><img loading=\"lazy\" decoding=\"async\" class=\"wp-image-815 size-full alignleft\" src=\"https:\/\/eurotransis.com\/wp-content\/uploads\/2016\/04\/aplicacion.png\" alt=\"\" width=\"100\" height=\"75\" srcset=\"https:\/\/eurotransis.com\/wp-content\/uploads\/2016\/04\/aplicacion.png 100w, https:\/\/eurotransis.com\/wp-content\/uploads\/2016\/04\/aplicacion-64x48.png 64w\" sizes=\"auto, (max-width: 100px) 100vw, 100px\" \/><strong>RAILS \u00c0 GALETS.<\/strong><\/p>\n<p><strong>TABLES DE MANUTENTION.<\/strong><\/td>\n<td colspan=\"4\">\n<p><strong><img loading=\"lazy\" decoding=\"async\" class=\"wp-image-926 size-full alignleft\" src=\"https:\/\/eurotransis.com\/wp-content\/uploads\/2016\/04\/cabezal.png\" alt=\"\" width=\"101\" height=\"72\" \/>\u00d850,\u00d860 ET \u00d880: POM (DELRIN).<\/strong><\/p>\n<p><strong>\u00d8120: POM OU ACIER ZINGU\u00c9.<br \/>\n<\/strong><\/td>\n<\/tr>\n<\/tbody>\n<\/table>\n<p>&nbsp;<\/p>\n","protected":false},"excerpt":{"rendered":"<p>S\u00e9rie OMNI OKAR Galet Multidirectionnel.<\/p>\n<p>Le mod\u00e8le de composant OKAR de Roltia est un galet polyac\u00e9tal multidirectionnel, simple ou double selon le type. Convient pour les tables de manutention et les convoyeurs \u00e0 galets.<\/p>\n","protected":false},"featured_media":18798,"comment_status":"closed","ping_status":"closed","template":"","meta":[],"product_brand":[],"product_cat":[819],"product_tag":[],"class_list":{"0":"post-3649","1":"product","2":"type-product","3":"status-publish","4":"has-post-thumbnail","6":"product_cat-galets-fr-fr","8":"first","9":"instock","10":"shipping-taxable","11":"product-type-simple"},"_links":{"self":[{"href":"https:\/\/eurotransis.com\/fr\/wp-json\/wp\/v2\/product\/3649","targetHints":{"allow":["GET"]}}],"collection":[{"href":"https:\/\/eurotransis.com\/fr\/wp-json\/wp\/v2\/product"}],"about":[{"href":"https:\/\/eurotransis.com\/fr\/wp-json\/wp\/v2\/types\/product"}],"replies":[{"embeddable":true,"href":"https:\/\/eurotransis.com\/fr\/wp-json\/wp\/v2\/comments?post=3649"}],"wp:featuredmedia":[{"embeddable":true,"href":"https:\/\/eurotransis.com\/fr\/wp-json\/wp\/v2\/media\/18798"}],"wp:attachment":[{"href":"https:\/\/eurotransis.com\/fr\/wp-json\/wp\/v2\/media?parent=3649"}],"wp:term":[{"taxonomy":"product_brand","embeddable":true,"href":"https:\/\/eurotransis.com\/fr\/wp-json\/wp\/v2\/product_brand?post=3649"},{"taxonomy":"product_cat","embeddable":true,"href":"https:\/\/eurotransis.com\/fr\/wp-json\/wp\/v2\/product_cat?post=3649"},{"taxonomy":"product_tag","embeddable":true,"href":"https:\/\/eurotransis.com\/fr\/wp-json\/wp\/v2\/product_tag?post=3649"}],"curies":[{"name":"wp","href":"https:\/\/api.w.org\/{rel}","templated":true}]}}