{"id":3659,"date":"2016-04-25T08:30:04","date_gmt":"2016-04-25T08:30:04","guid":{"rendered":"http:\/\/eurotransis.com\/fr\/tienda\/sin%20categorizar\/conos-serie-emt\/"},"modified":"2025-01-23T12:54:51","modified_gmt":"2025-01-23T11:54:51","slug":"emt-serie-fr","status":"publish","type":"product","link":"https:\/\/eurotransis.com\/fr\/boutique\/composants-du-rouleau-fr\/accessoires-fr\/cones-fr\/emt-serie-fr\/","title":{"rendered":"Courbes rayon int\u00e9rieur 500mm"},"content":{"rendered":"<table style=\"height: 201px\" width=\"1275\">\n<tbody>\n<tr>\n<td style=\"text-align: center\" colspan=\"2\"><strong>TYPE<\/strong><\/td>\n<td style=\"text-align: center\" colspan=\"2\"><strong>\u00d8 TUBE (mm)<\/strong><\/td>\n<td style=\"text-align: center\"><strong>\u00d8 MAX. (mm)<\/strong><\/td>\n<td style=\"text-align: center\"><strong>\u00d8 MIN. (mm)<\/strong><\/td>\n<td style=\"text-align: center\"><strong>L (mm)<\/strong><\/td>\n<\/tr>\n<tr>\n<td style=\"text-align: center\" colspan=\"2\">EMT-1<\/td>\n<td style=\"text-align: center\" colspan=\"2\">30<\/td>\n<td style=\"text-align: center\">39.6<\/td>\n<td style=\"text-align: center\">34<\/td>\n<td style=\"text-align: center\">\u00a083<\/td>\n<\/tr>\n<tr>\n<td style=\"text-align: center\" colspan=\"2\">EMT-2<\/td>\n<td style=\"text-align: center\" colspan=\"2\">30<\/td>\n<td style=\"text-align: center\">46.4<\/td>\n<td style=\"text-align: center\">39.6<\/td>\n<td style=\"text-align: center\">100<\/td>\n<\/tr>\n<tr>\n<td style=\"text-align: center\" colspan=\"2\">EMT-3<\/td>\n<td style=\"text-align: center\" colspan=\"2\">30<\/td>\n<td style=\"text-align: center\">53.2<\/td>\n<td style=\"text-align: center\">46.4<\/td>\n<td style=\"text-align: center\">100<\/td>\n<\/tr>\n<tr>\n<td style=\"text-align: center\" colspan=\"2\">EMT-4<\/td>\n<td style=\"text-align: center\" colspan=\"2\">30<\/td>\n<td style=\"text-align: center\">59.9<\/td>\n<td style=\"text-align: center\">53.2<\/td>\n<td style=\"text-align: center\">100<\/td>\n<\/tr>\n<tr>\n<td style=\"text-align: center\" colspan=\"2\">EMT-5<\/td>\n<td style=\"text-align: center\" colspan=\"2\">30<\/td>\n<td style=\"text-align: center\">66.7<\/td>\n<td style=\"text-align: center\">59.9<\/td>\n<td style=\"text-align: center\">100<\/td>\n<\/tr>\n<tr>\n<td style=\"text-align: center\" colspan=\"2\">EMT-6<\/td>\n<td style=\"text-align: center\" colspan=\"2\">30<\/td>\n<td style=\"text-align: center\">73.5<\/td>\n<td style=\"text-align: center\">66.7<\/td>\n<td style=\"text-align: center\">100<\/td>\n<\/tr>\n<tr>\n<td colspan=\"5\"><img loading=\"lazy\" decoding=\"async\" class=\"wp-image-815 size-full alignleft\" src=\"https:\/\/eurotransis.com\/wp-content\/uploads\/2016\/04\/aplicacion.png\" alt=\"\" width=\"100\" height=\"75\" srcset=\"https:\/\/eurotransis.com\/wp-content\/uploads\/2016\/04\/aplicacion.png 100w, https:\/\/eurotransis.com\/wp-content\/uploads\/2016\/04\/aplicacion-64x48.png 64w\" sizes=\"auto, (max-width: 100px) 100vw, 100px\" \/><strong>Courbes rayon int\u00e9rieur= 500 mm.<\/strong><\/td>\n<td colspan=\"2\"><img loading=\"lazy\" decoding=\"async\" class=\"wp-image-926 size-full alignleft\" src=\"https:\/\/eurotransis.com\/wp-content\/uploads\/2016\/04\/cabezal.png\" alt=\"\" width=\"101\" height=\"72\" \/><strong>Polypropyl\u00e8ne.<\/strong><\/td>\n<\/tr>\n<\/tbody>\n<\/table>\n<p>&nbsp;<\/p>\n","protected":false},"excerpt":{"rendered":"<p>Composants C\u00f4ne EMT. Le mod\u00e8le de composant EMT Cone est un c\u00f4ne en polypropyl\u00e8ne \u00e0 assembler sur rouleaux coniques pour un rayon int\u00e9rieur de 500 mm.<\/p>\n","protected":false},"featured_media":18519,"comment_status":"closed","ping_status":"closed","template":"","meta":[],"product_brand":[],"product_cat":[807],"product_tag":[],"class_list":{"0":"post-3659","1":"product","2":"type-product","3":"status-publish","4":"has-post-thumbnail","6":"product_cat-cones-fr","8":"first","9":"instock","10":"shipping-taxable","11":"product-type-simple"},"_links":{"self":[{"href":"https:\/\/eurotransis.com\/fr\/wp-json\/wp\/v2\/product\/3659","targetHints":{"allow":["GET"]}}],"collection":[{"href":"https:\/\/eurotransis.com\/fr\/wp-json\/wp\/v2\/product"}],"about":[{"href":"https:\/\/eurotransis.com\/fr\/wp-json\/wp\/v2\/types\/product"}],"replies":[{"embeddable":true,"href":"https:\/\/eurotransis.com\/fr\/wp-json\/wp\/v2\/comments?post=3659"}],"wp:featuredmedia":[{"embeddable":true,"href":"https:\/\/eurotransis.com\/fr\/wp-json\/wp\/v2\/media\/18519"}],"wp:attachment":[{"href":"https:\/\/eurotransis.com\/fr\/wp-json\/wp\/v2\/media?parent=3659"}],"wp:term":[{"taxonomy":"product_brand","embeddable":true,"href":"https:\/\/eurotransis.com\/fr\/wp-json\/wp\/v2\/product_brand?post=3659"},{"taxonomy":"product_cat","embeddable":true,"href":"https:\/\/eurotransis.com\/fr\/wp-json\/wp\/v2\/product_cat?post=3659"},{"taxonomy":"product_tag","embeddable":true,"href":"https:\/\/eurotransis.com\/fr\/wp-json\/wp\/v2\/product_tag?post=3659"}],"curies":[{"name":"wp","href":"https:\/\/api.w.org\/{rel}","templated":true}]}}