{"id":3666,"date":"2016-04-25T07:09:18","date_gmt":"2016-04-25T07:09:18","guid":{"rendered":"http:\/\/eurotransis.com\/fr\/tienda\/sin%20categorizar\/gomas-ovales-serie-go\/"},"modified":"2025-01-23T11:23:20","modified_gmt":"2025-01-23T10:23:20","slug":"caoutchoucs-ovales-fr","status":"publish","type":"product","link":"https:\/\/eurotransis.com\/fr\/boutique\/composants-du-rouleau-fr\/accessoires-fr\/bague-en-caoutchouc-fr\/caoutchoucs-ovales-fr\/","title":{"rendered":"S\u00e9rie GO &#8211; Caoutchoucs ovales"},"content":{"rendered":"<table style=\"height: 201px\" width=\"1275\">\n<tbody>\n<tr style=\"height: 21px\">\n<td style=\"text-align: center;height: 21px;width: 326.516px\" colspan=\"2\"><strong>TYPE<\/strong><\/td>\n<td style=\"text-align: center;height: 21px;width: 441.219px\" colspan=\"2\"><strong>\u00d8 TUBE (mm)<\/strong><\/td>\n<td style=\"text-align: center;height: 21px;width: 242px\"><strong>\u00d8 EXT. (mm)<\/strong><\/td>\n<td style=\"text-align: center;height: 21px;width: 257px\"><strong>LARGEUR (mm)<\/strong><\/td>\n<\/tr>\n<tr style=\"height: 21px\">\n<td style=\"text-align: center;height: 21px;width: 326.516px\" colspan=\"2\">GO 63-89<\/td>\n<td style=\"text-align: center;height: 21px;width: 441.219px\" colspan=\"2\">60-63<\/td>\n<td style=\"text-align: center;height: 21px;width: 242px\">89<\/td>\n<td style=\"text-align: center;height: 21px;width: 257px\">25<\/td>\n<\/tr>\n<tr style=\"height: 21px\">\n<td style=\"text-align: center;height: 21px;width: 326.516px\" colspan=\"2\">GO 63-108<\/td>\n<td style=\"text-align: center;height: 21px;width: 441.219px\" colspan=\"2\">60-63<\/td>\n<td style=\"text-align: center;height: 21px;width: 242px\">108<\/td>\n<td style=\"text-align: center;height: 21px;width: 257px\">25<\/td>\n<\/tr>\n<tr style=\"height: 21px\">\n<td style=\"text-align: center;height: 21px;width: 326.516px\" colspan=\"2\">GO 63-133<\/td>\n<td style=\"text-align: center;height: 21px;width: 441.219px\" colspan=\"2\">\u00a060-63<\/td>\n<td style=\"text-align: center;height: 21px;width: 242px\">\u00a0133<\/td>\n<td style=\"text-align: center;height: 21px;width: 257px\">27<\/td>\n<\/tr>\n<tr style=\"height: 21px\">\n<td style=\"text-align: center;height: 21px;width: 326.516px\" colspan=\"2\">GO 63-150<\/td>\n<td style=\"text-align: center;height: 21px;width: 441.219px\" colspan=\"2\">60-63<\/td>\n<td style=\"text-align: center;height: 21px;width: 242px\">150<\/td>\n<td style=\"text-align: center;height: 21px;width: 257px\">25<\/td>\n<\/tr>\n<tr style=\"height: 21px\">\n<td style=\"text-align: center;height: 21px;width: 326.516px\" colspan=\"2\">GO 89-133<\/td>\n<td style=\"text-align: center;height: 21px;width: 441.219px\" colspan=\"2\">89<\/td>\n<td style=\"text-align: center;height: 21px;width: 242px\">133<\/td>\n<td style=\"text-align: center;height: 21px;width: 257px\">25<\/td>\n<\/tr>\n<tr style=\"height: 21px\">\n<td style=\"text-align: center;height: 21px;width: 326.516px\" colspan=\"2\">GO 89-159<\/td>\n<td style=\"text-align: center;height: 21px;width: 441.219px\" colspan=\"2\">89<\/td>\n<td style=\"text-align: center;height: 21px;width: 242px\">159<\/td>\n<td style=\"text-align: center;height: 21px;width: 257px\">30<\/td>\n<\/tr>\n<tr style=\"height: 21px\">\n<td style=\"text-align: center;height: 21px;width: 326.516px\" colspan=\"2\">GO 108-159<\/td>\n<td style=\"text-align: center;height: 21px;width: 441.219px\" colspan=\"2\">108<\/td>\n<td style=\"text-align: center;height: 21px;width: 242px\">159<\/td>\n<td style=\"text-align: center;height: 21px;width: 257px\">30<\/td>\n<\/tr>\n<tr style=\"height: 21px\">\n<td style=\"text-align: center;height: 21px;width: 326.516px\" colspan=\"2\">GO 108-180<\/td>\n<td style=\"text-align: center;height: 21px;width: 441.219px\" colspan=\"2\">\u00a0108<\/td>\n<td style=\"text-align: center;height: 21px;width: 242px\">\u00a0180<\/td>\n<td style=\"text-align: center;height: 21px;width: 257px\">42<\/td>\n<\/tr>\n<tr style=\"height: 21px\">\n<td style=\"text-align: center;height: 21px;width: 326.516px\" colspan=\"2\">GO 108-193<\/td>\n<td style=\"text-align: center;height: 21px;width: 441.219px\" colspan=\"2\">108<\/td>\n<td style=\"text-align: center;height: 21px;width: 242px\">193<\/td>\n<td style=\"text-align: center;height: 21px;width: 257px\">35<\/td>\n<\/tr>\n<tr style=\"height: 21px\">\n<td style=\"text-align: center;height: 21px;width: 326.516px\" colspan=\"2\">GO 133-193<\/td>\n<td style=\"text-align: center;height: 21px;width: 441.219px\" colspan=\"2\">133<\/td>\n<td style=\"text-align: center;height: 21px;width: 242px\">193<\/td>\n<td style=\"text-align: center;height: 21px;width: 257px\">40<\/td>\n<\/tr>\n<tr style=\"height: 21px\">\n<td style=\"text-align: center;height: 21px;width: 326.516px\" colspan=\"2\"><\/td>\n<td style=\"text-align: center;height: 21px;width: 441.219px\" colspan=\"2\"><\/td>\n<td style=\"text-align: center;height: 21px;width: 242px\"><\/td>\n<td style=\"text-align: center;height: 21px;width: 257px\"><\/td>\n<\/tr>\n<tr style=\"height: 87px\">\n<td style=\"height: 87px;width: 767.734px\" colspan=\"4\">\n<p><img loading=\"lazy\" decoding=\"async\" class=\"wp-image-1206 size-full alignleft\" src=\"https:\/\/eurotransis.com\/wp-content\/uploads\/2016\/04\/mineria-r.png\" alt=\"\" width=\"101\" height=\"74\" \/><\/p>\n<p><strong>NETTOYER LES BANDES. <\/strong><\/td>\n<td style=\"height: 87px;width: 499px\" colspan=\"2\"><strong>CAOUTCHOUC.<\/strong><img loading=\"lazy\" decoding=\"async\" class=\"size-full wp-image-926 alignleft\" src=\"https:\/\/eurotransis.com\/wp-content\/uploads\/2016\/04\/cabezal.png\" alt=\"cabezal\" width=\"101\" height=\"72\" \/><\/td>\n<\/tr>\n<\/tbody>\n<\/table>\n<p>&nbsp;<\/p>\n","protected":false},"excerpt":{"rendered":"<p>Bagues en caoutchouc pour nettoyer les bandes.<\/p>\n<p>G\u00e9n\u00e9ralement dans les rouleaux miniers, fabriqu\u00e9s en caoutchouc naturel noir 60\u00baSh.<\/p>\n","protected":false},"featured_media":18510,"comment_status":"closed","ping_status":"closed","template":"","meta":[],"product_brand":[],"product_cat":[804],"product_tag":[],"class_list":{"0":"post-3666","1":"product","2":"type-product","3":"status-publish","4":"has-post-thumbnail","6":"product_cat-bague-en-caoutchouc-fr","8":"first","9":"instock","10":"shipping-taxable","11":"product-type-simple"},"_links":{"self":[{"href":"https:\/\/eurotransis.com\/fr\/wp-json\/wp\/v2\/product\/3666","targetHints":{"allow":["GET"]}}],"collection":[{"href":"https:\/\/eurotransis.com\/fr\/wp-json\/wp\/v2\/product"}],"about":[{"href":"https:\/\/eurotransis.com\/fr\/wp-json\/wp\/v2\/types\/product"}],"replies":[{"embeddable":true,"href":"https:\/\/eurotransis.com\/fr\/wp-json\/wp\/v2\/comments?post=3666"}],"wp:featuredmedia":[{"embeddable":true,"href":"https:\/\/eurotransis.com\/fr\/wp-json\/wp\/v2\/media\/18510"}],"wp:attachment":[{"href":"https:\/\/eurotransis.com\/fr\/wp-json\/wp\/v2\/media?parent=3666"}],"wp:term":[{"taxonomy":"product_brand","embeddable":true,"href":"https:\/\/eurotransis.com\/fr\/wp-json\/wp\/v2\/product_brand?post=3666"},{"taxonomy":"product_cat","embeddable":true,"href":"https:\/\/eurotransis.com\/fr\/wp-json\/wp\/v2\/product_cat?post=3666"},{"taxonomy":"product_tag","embeddable":true,"href":"https:\/\/eurotransis.com\/fr\/wp-json\/wp\/v2\/product_tag?post=3666"}],"curies":[{"name":"wp","href":"https:\/\/api.w.org\/{rel}","templated":true}]}}