{"id":3667,"date":"2016-04-25T07:04:39","date_gmt":"2016-04-25T07:04:39","guid":{"rendered":"http:\/\/eurotransis.com\/fr\/tienda\/sin%20categorizar\/gomas-helicoidales-serie-gh\/"},"modified":"2025-01-23T10:57:10","modified_gmt":"2025-01-23T09:57:10","slug":"caoutchoucs-helicoidaux-fr","status":"publish","type":"product","link":"https:\/\/eurotransis.com\/fr\/boutique\/composants-du-rouleau-fr\/accessoires-fr\/bague-en-caoutchouc-fr\/caoutchoucs-helicoidaux-fr\/","title":{"rendered":"S\u00e9rie GH &#8211; Caoutchoucs h\u00e9lico\u00efdaux"},"content":{"rendered":"<table style=\"height: 201px\" width=\"1275\">\n<tbody>\n<tr>\n<td style=\"text-align: center;width: 310.812px\" colspan=\"2\"><b>TYPE<\/b><\/td>\n<td style=\"text-align: center;width: 423.312px\" colspan=\"2\"><strong>TUBE <\/strong><strong>\u00d8\u00a0<\/strong><strong style=\"font-family: inherit;font-size: inherit\">(mm)<\/strong><strong><br \/>\n<\/strong><\/td>\n<td style=\"text-align: center;width: 259px\"><strong>\u00d8 EXT. (mm)<\/strong><\/td>\n<td style=\"text-align: center;width: 274px\"><strong><strong>LARGEUR (mm)<\/strong><\/strong><\/td>\n<\/tr>\n<tr>\n<td style=\"text-align: center;width: 310.812px\" colspan=\"2\">GH 63-89<\/td>\n<td style=\"text-align: center;width: 423.312px\" colspan=\"2\">60-63<\/td>\n<td style=\"text-align: center;width: 259px\">89<\/td>\n<td style=\"text-align: center;width: 274px\">42<\/td>\n<\/tr>\n<tr>\n<td style=\"text-align: center;width: 310.812px\" colspan=\"2\">GH 63-108<\/td>\n<td style=\"text-align: center;width: 423.312px\" colspan=\"2\">60-63<\/td>\n<td style=\"text-align: center;width: 259px\">108<\/td>\n<td style=\"text-align: center;width: 274px\">45<\/td>\n<\/tr>\n<tr>\n<td style=\"text-align: center;width: 310.812px\" colspan=\"2\">GH 89-133<\/td>\n<td style=\"text-align: center;width: 423.312px\" colspan=\"2\">89<\/td>\n<td style=\"text-align: center;width: 259px\">133<\/td>\n<td style=\"text-align: center;width: 274px\">42<\/td>\n<\/tr>\n<tr>\n<td style=\"text-align: center;width: 310.812px\" colspan=\"2\">GH 89-159<\/td>\n<td style=\"text-align: center;width: 423.312px\" colspan=\"2\">89<\/td>\n<td style=\"text-align: center;width: 259px\">159<\/td>\n<td style=\"text-align: center;width: 274px\">45<\/td>\n<\/tr>\n<tr>\n<td style=\"text-align: center;width: 310.812px\" colspan=\"2\">GH 108-159<\/td>\n<td style=\"text-align: center;width: 423.312px\" colspan=\"2\">108<\/td>\n<td style=\"text-align: center;width: 259px\">159<\/td>\n<td style=\"text-align: center;width: 274px\">50<\/td>\n<\/tr>\n<tr>\n<td style=\"text-align: center;width: 310.812px\" colspan=\"2\"><\/td>\n<td style=\"text-align: center;width: 423.312px\" colspan=\"2\"><\/td>\n<td style=\"text-align: center;width: 259px\"><\/td>\n<td style=\"text-align: center;width: 274px\"><\/td>\n<\/tr>\n<tr>\n<td style=\"text-align: center;width: 310.812px\" colspan=\"2\"><\/td>\n<td style=\"text-align: center;width: 423.312px\" colspan=\"2\"><\/td>\n<td style=\"text-align: center;width: 259px\"><\/td>\n<td style=\"text-align: center;width: 274px\"><\/td>\n<\/tr>\n<tr>\n<td style=\"width: 734.125px\" colspan=\"4\"><img loading=\"lazy\" decoding=\"async\" class=\"wp-image-1206 size-full alignleft\" src=\"https:\/\/eurotransis.com\/wp-content\/uploads\/2016\/04\/mineria-r.png\" alt=\"\" width=\"101\" height=\"74\" \/><strong>NETTOYER LES BANDES.<\/strong><\/td>\n<td style=\"width: 533px\" colspan=\"2\"><strong>CAOUTCHOUC.<\/strong><img loading=\"lazy\" decoding=\"async\" class=\"size-full wp-image-926 alignleft\" src=\"https:\/\/eurotransis.com\/wp-content\/uploads\/2016\/04\/cabezal.png\" alt=\"cabezal\" width=\"101\" height=\"72\" \/><\/td>\n<\/tr>\n<\/tbody>\n<\/table>\n<p>&nbsp;<\/p>\n","protected":false},"excerpt":{"rendered":"<p>Bagues en caoutchouc pour nettoyer les bandes.<\/p>\n<p>G\u00e9n\u00e9ralement dans les rouleaux miniers, fabriqu\u00e9s en caoutchouc naturel noir 60\u00baSh.<\/p>\n","protected":false},"featured_media":18502,"comment_status":"closed","ping_status":"closed","template":"","meta":[],"product_brand":[],"product_cat":[804],"product_tag":[],"class_list":{"0":"post-3667","1":"product","2":"type-product","3":"status-publish","4":"has-post-thumbnail","6":"product_cat-bague-en-caoutchouc-fr","8":"first","9":"instock","10":"shipping-taxable","11":"product-type-simple"},"_links":{"self":[{"href":"https:\/\/eurotransis.com\/fr\/wp-json\/wp\/v2\/product\/3667","targetHints":{"allow":["GET"]}}],"collection":[{"href":"https:\/\/eurotransis.com\/fr\/wp-json\/wp\/v2\/product"}],"about":[{"href":"https:\/\/eurotransis.com\/fr\/wp-json\/wp\/v2\/types\/product"}],"replies":[{"embeddable":true,"href":"https:\/\/eurotransis.com\/fr\/wp-json\/wp\/v2\/comments?post=3667"}],"wp:featuredmedia":[{"embeddable":true,"href":"https:\/\/eurotransis.com\/fr\/wp-json\/wp\/v2\/media\/18502"}],"wp:attachment":[{"href":"https:\/\/eurotransis.com\/fr\/wp-json\/wp\/v2\/media?parent=3667"}],"wp:term":[{"taxonomy":"product_brand","embeddable":true,"href":"https:\/\/eurotransis.com\/fr\/wp-json\/wp\/v2\/product_brand?post=3667"},{"taxonomy":"product_cat","embeddable":true,"href":"https:\/\/eurotransis.com\/fr\/wp-json\/wp\/v2\/product_cat?post=3667"},{"taxonomy":"product_tag","embeddable":true,"href":"https:\/\/eurotransis.com\/fr\/wp-json\/wp\/v2\/product_tag?post=3667"}],"curies":[{"name":"wp","href":"https:\/\/api.w.org\/{rel}","templated":true}]}}