{"id":3668,"date":"2016-04-25T07:12:44","date_gmt":"2016-04-25T07:12:44","guid":{"rendered":"http:\/\/eurotransis.com\/fr\/tienda\/sin%20categorizar\/gomas-separadoras\/"},"modified":"2025-01-23T11:59:47","modified_gmt":"2025-01-23T10:59:47","slug":"caoutchoucs-separateurs-fr","status":"publish","type":"product","link":"https:\/\/eurotransis.com\/fr\/boutique\/composants-du-rouleau-fr\/accessoires-fr\/bague-en-caoutchouc-fr\/caoutchoucs-separateurs-fr\/","title":{"rendered":"S\u00e9rie GS &#8211; Caoutchoucs s\u00e9parateurs"},"content":{"rendered":"<table style=\"height: 201px\" width=\"1275\">\n<tbody>\n<tr>\n<td style=\"text-align: center\" colspan=\"2\"><strong>TYPE<\/strong><\/td>\n<td style=\"text-align: center\" colspan=\"2\"><strong>\u00d8 TUBE (mm)<\/strong><\/td>\n<td style=\"text-align: center\"><strong>\u00d8 EXT. (mm)<\/strong><\/td>\n<td style=\"text-align: center\"><strong>LARGEUR (mm)<\/strong><\/td>\n<\/tr>\n<tr>\n<td style=\"text-align: center\" colspan=\"2\">GS 63-72-75<\/td>\n<td style=\"text-align: center\" colspan=\"2\">63<\/td>\n<td style=\"text-align: center\">72<\/td>\n<td style=\"text-align: center\">75<\/td>\n<\/tr>\n<tr>\n<td style=\"text-align: center\" colspan=\"2\">GS 89-100-75<\/td>\n<td style=\"text-align: center\" colspan=\"2\">89<\/td>\n<td style=\"text-align: center\">100<\/td>\n<td style=\"text-align: center\">75<\/td>\n<\/tr>\n<tr>\n<td style=\"text-align: center\" colspan=\"2\">GS 89-100-100<\/td>\n<td style=\"text-align: center\" colspan=\"2\">89<\/td>\n<td style=\"text-align: center\">\u00a0100<\/td>\n<td style=\"text-align: center\">100<\/td>\n<\/tr>\n<tr>\n<td style=\"text-align: center\" colspan=\"2\">GS 108-126-75<\/td>\n<td style=\"text-align: center\" colspan=\"2\">108<\/td>\n<td style=\"text-align: center\">126<\/td>\n<td style=\"text-align: center\">75<\/td>\n<\/tr>\n<tr>\n<td style=\"text-align: center\" colspan=\"2\">GS 108-126-80<\/td>\n<td style=\"text-align: center\" colspan=\"2\">108<\/td>\n<td style=\"text-align: center\">126<\/td>\n<td style=\"text-align: center\">80<\/td>\n<\/tr>\n<tr>\n<td colspan=\"4\">\n<p><img loading=\"lazy\" decoding=\"async\" class=\"wp-image-1206 size-full alignleft\" src=\"https:\/\/eurotransis.com\/wp-content\/uploads\/2016\/04\/mineria-r.png\" alt=\"\" width=\"101\" height=\"74\" \/><\/p>\n<p><strong>ENTRETOISES DE BANDE<\/strong><\/td>\n<td colspan=\"2\">\n<p><strong>CAOUTCHOUC<\/strong><strong><img loading=\"lazy\" decoding=\"async\" class=\"size-full wp-image-926 alignleft\" src=\"https:\/\/eurotransis.com\/wp-content\/uploads\/2016\/04\/cabezal.png\" alt=\"cabezal\" width=\"101\" height=\"72\" \/><\/strong><\/p>\n<p><strong>COULEUR : NOIR OU BLANC<\/strong><\/td>\n<\/tr>\n<\/tbody>\n<\/table>\n<p>&nbsp;<\/p>\n","protected":false},"excerpt":{"rendered":"<p>Les caoutchoucs s\u00e9parateurs Roltia conviennent aux rouleaux fabriqu\u00e9s avec des tubes de diam\u00e8tre 63, 80, 108 mm.<\/p>\n","protected":false},"featured_media":18506,"comment_status":"closed","ping_status":"closed","template":"","meta":[],"product_brand":[],"product_cat":[804],"product_tag":[],"class_list":{"0":"post-3668","1":"product","2":"type-product","3":"status-publish","4":"has-post-thumbnail","6":"product_cat-bague-en-caoutchouc-fr","8":"first","9":"instock","10":"shipping-taxable","11":"product-type-simple"},"_links":{"self":[{"href":"https:\/\/eurotransis.com\/fr\/wp-json\/wp\/v2\/product\/3668","targetHints":{"allow":["GET"]}}],"collection":[{"href":"https:\/\/eurotransis.com\/fr\/wp-json\/wp\/v2\/product"}],"about":[{"href":"https:\/\/eurotransis.com\/fr\/wp-json\/wp\/v2\/types\/product"}],"replies":[{"embeddable":true,"href":"https:\/\/eurotransis.com\/fr\/wp-json\/wp\/v2\/comments?post=3668"}],"wp:featuredmedia":[{"embeddable":true,"href":"https:\/\/eurotransis.com\/fr\/wp-json\/wp\/v2\/media\/18506"}],"wp:attachment":[{"href":"https:\/\/eurotransis.com\/fr\/wp-json\/wp\/v2\/media?parent=3668"}],"wp:term":[{"taxonomy":"product_brand","embeddable":true,"href":"https:\/\/eurotransis.com\/fr\/wp-json\/wp\/v2\/product_brand?post=3668"},{"taxonomy":"product_cat","embeddable":true,"href":"https:\/\/eurotransis.com\/fr\/wp-json\/wp\/v2\/product_cat?post=3668"},{"taxonomy":"product_tag","embeddable":true,"href":"https:\/\/eurotransis.com\/fr\/wp-json\/wp\/v2\/product_tag?post=3668"}],"curies":[{"name":"wp","href":"https:\/\/api.w.org\/{rel}","templated":true}]}}