{"id":3669,"date":"2016-04-25T07:00:14","date_gmt":"2016-04-25T07:00:14","guid":{"rendered":"http:\/\/eurotransis.com\/fr\/tienda\/sin%20categorizar\/gomas-amortiguadoras-serie-ga\/"},"modified":"2025-01-23T10:27:24","modified_gmt":"2025-01-23T09:27:24","slug":"caoutchouc-amortisseur-fr","status":"publish","type":"product","link":"https:\/\/eurotransis.com\/fr\/boutique\/composants-du-rouleau-fr\/accessoires-fr\/bague-en-caoutchouc-fr\/caoutchouc-amortisseur-fr\/","title":{"rendered":"S\u00e9rie GA &#8211; Caoutchouc amortisseur"},"content":{"rendered":"<table style=\"height: 201px\" width=\"1275\">\n<tbody>\n<tr>\n<td style=\"text-align: center;width: 340.75px\" colspan=\"2\"><b>TYPE<\/b><\/td>\n<td style=\"text-align: center;width: 466.547px\" colspan=\"2\"><strong>\u00d8 TUBE (mm)<\/strong><\/td>\n<td style=\"text-align: center;width: 223px\"><strong>\u00d8 EXT. (mm)<\/strong><\/td>\n<td style=\"text-align: center;width: 237px\"><strong><strong>LARGEUR (mm)<\/strong><\/strong><\/td>\n<\/tr>\n<tr>\n<td style=\"text-align: center;width: 340.75px\" colspan=\"2\">GA 63-89<\/td>\n<td style=\"text-align: center;width: 466.547px\" colspan=\"2\">60-63<\/td>\n<td style=\"text-align: center;width: 223px\">89<\/td>\n<td style=\"text-align: center;width: 237px\">35<\/td>\n<\/tr>\n<tr>\n<td style=\"text-align: center;width: 340.75px\" colspan=\"2\">GA 63-108<\/td>\n<td style=\"text-align: center;width: 466.547px\" colspan=\"2\">60-63<\/td>\n<td style=\"text-align: center;width: 223px\">108<\/td>\n<td style=\"text-align: center;width: 237px\">45<\/td>\n<\/tr>\n<tr>\n<td style=\"text-align: center;width: 340.75px\" colspan=\"2\">GA 89-133<\/td>\n<td style=\"text-align: center;width: 466.547px\" colspan=\"2\">89<\/td>\n<td style=\"text-align: center;width: 223px\">133<\/td>\n<td style=\"text-align: center;width: 237px\">35<\/td>\n<\/tr>\n<tr>\n<td style=\"text-align: center;width: 340.75px\" colspan=\"2\">GA 89-159<\/td>\n<td style=\"text-align: center;width: 466.547px\" colspan=\"2\">89<\/td>\n<td style=\"text-align: center;width: 223px\">159<\/td>\n<td style=\"text-align: center;width: 237px\">50<\/td>\n<\/tr>\n<tr>\n<td style=\"text-align: center;width: 340.75px\" colspan=\"2\">GA 108-159<\/td>\n<td style=\"text-align: center;width: 466.547px\" colspan=\"2\">108<\/td>\n<td style=\"text-align: center;width: 223px\">159<\/td>\n<td style=\"text-align: center;width: 237px\">40<\/td>\n<\/tr>\n<tr>\n<td style=\"text-align: center;width: 340.75px\" colspan=\"2\">GA 108-180<\/td>\n<td style=\"text-align: center;width: 466.547px\" colspan=\"2\">108<\/td>\n<td style=\"text-align: center;width: 223px\">180<\/td>\n<td style=\"text-align: center;width: 237px\">40<\/td>\n<\/tr>\n<tr>\n<td style=\"text-align: center;width: 340.75px\" colspan=\"2\">GA 108-193<\/td>\n<td style=\"text-align: center;width: 466.547px\" colspan=\"2\">108<\/td>\n<td style=\"text-align: center;width: 223px\">193<\/td>\n<td style=\"text-align: center;width: 237px\">40<\/td>\n<\/tr>\n<tr>\n<td style=\"text-align: center;width: 340.75px\" colspan=\"2\">GA 133-193<\/td>\n<td style=\"text-align: center;width: 466.547px\" colspan=\"2\">133<\/td>\n<td style=\"text-align: center;width: 223px\">193<\/td>\n<td style=\"text-align: center;width: 237px\">25<\/td>\n<\/tr>\n<tr>\n<td style=\"text-align: center;width: 340.75px\" colspan=\"2\">GA 133-215<\/td>\n<td style=\"text-align: center;width: 466.547px\" colspan=\"2\">133<\/td>\n<td style=\"text-align: center;width: 223px\">215<\/td>\n<td style=\"text-align: center;width: 237px\">40<\/td>\n<\/tr>\n<tr>\n<td style=\"text-align: center;width: 340.75px\" colspan=\"2\"><\/td>\n<td style=\"text-align: center;width: 466.547px\" colspan=\"2\"><\/td>\n<td style=\"text-align: center;width: 223px\"><\/td>\n<td style=\"text-align: center;width: 237px\"><\/td>\n<\/tr>\n<tr>\n<td style=\"width: 807.297px\" colspan=\"4\">\n<p><img loading=\"lazy\" decoding=\"async\" class=\"wp-image-1206 size-full alignleft\" src=\"https:\/\/eurotransis.com\/wp-content\/uploads\/2016\/04\/mineria-r.png\" alt=\"\" width=\"101\" height=\"74\" \/><strong>AMORTI D&rsquo;IMPACT.<\/strong><\/p>\n<p><strong>ZONE DE CHARGEMENT EN BANDES.<\/strong><\/td>\n<td style=\"width: 460px\" colspan=\"2\"><strong>CAOUTCHOUC.<\/strong><img loading=\"lazy\" decoding=\"async\" class=\"size-full wp-image-926 alignleft\" src=\"https:\/\/eurotransis.com\/wp-content\/uploads\/2016\/04\/cabezal.png\" alt=\"cabezal\" width=\"101\" height=\"72\" \/><\/td>\n<\/tr>\n<\/tbody>\n<\/table>\n<p>&nbsp;<\/p>\n","protected":false},"excerpt":{"rendered":"<p>Bagues en caoutchouc pour amortissement de la charge.<\/p>\n<p>G\u00e9n\u00e9ralement dans les rouleaux miniers, fabriqu\u00e9s en caoutchouc naturel noir 60\u00baSh.<\/p>\n","protected":false},"featured_media":18498,"comment_status":"closed","ping_status":"closed","template":"","meta":[],"product_brand":[],"product_cat":[804],"product_tag":[],"class_list":{"0":"post-3669","1":"product","2":"type-product","3":"status-publish","4":"has-post-thumbnail","6":"product_cat-bague-en-caoutchouc-fr","8":"first","9":"instock","10":"shipping-taxable","11":"product-type-simple"},"_links":{"self":[{"href":"https:\/\/eurotransis.com\/fr\/wp-json\/wp\/v2\/product\/3669","targetHints":{"allow":["GET"]}}],"collection":[{"href":"https:\/\/eurotransis.com\/fr\/wp-json\/wp\/v2\/product"}],"about":[{"href":"https:\/\/eurotransis.com\/fr\/wp-json\/wp\/v2\/types\/product"}],"replies":[{"embeddable":true,"href":"https:\/\/eurotransis.com\/fr\/wp-json\/wp\/v2\/comments?post=3669"}],"wp:featuredmedia":[{"embeddable":true,"href":"https:\/\/eurotransis.com\/fr\/wp-json\/wp\/v2\/media\/18498"}],"wp:attachment":[{"href":"https:\/\/eurotransis.com\/fr\/wp-json\/wp\/v2\/media?parent=3669"}],"wp:term":[{"taxonomy":"product_brand","embeddable":true,"href":"https:\/\/eurotransis.com\/fr\/wp-json\/wp\/v2\/product_brand?post=3669"},{"taxonomy":"product_cat","embeddable":true,"href":"https:\/\/eurotransis.com\/fr\/wp-json\/wp\/v2\/product_cat?post=3669"},{"taxonomy":"product_tag","embeddable":true,"href":"https:\/\/eurotransis.com\/fr\/wp-json\/wp\/v2\/product_tag?post=3669"}],"curies":[{"name":"wp","href":"https:\/\/api.w.org\/{rel}","templated":true}]}}