{"id":3670,"date":"2016-04-22T12:30:01","date_gmt":"2016-04-22T12:30:01","guid":{"rendered":"http:\/\/eurotransis.com\/fr\/tienda\/sin%20categorizar\/serie-ems-3\/"},"modified":"2025-02-14T12:04:20","modified_gmt":"2025-02-14T11:04:20","slug":"serie-ems","status":"publish","type":"product","link":"https:\/\/eurotransis.com\/fr\/boutique\/composants-du-rouleau-fr\/embouts-gravitaires-en\/embout-metallique-fr\/metalliques-serie-moyenne-fr\/serie-ems\/","title":{"rendered":"S\u00e9rie EMS"},"content":{"rendered":"<table style=\"height: 201px\" width=\"1275\">\n<tbody>\n<tr>\n<td style=\"text-align: center;width: 384.453px\" colspan=\"2\"><strong>\u00d8 TUBE\u00a0\u00a0<\/strong><\/td>\n<td style=\"text-align: center;width: 262.953px\" colspan=\"2\"><strong>\u00d8 AXE<\/strong><\/td>\n<td style=\"text-align: center;width: 10px\" colspan=\"4\"><strong>\u00c9PAISSEUR (mm)<\/strong><\/td>\n<\/tr>\n<tr>\n<td style=\"text-align: center;width: 384.453px\" colspan=\"2\">60&#215;2<\/td>\n<td style=\"text-align: center;width: 262.953px\" colspan=\"2\">\u00a020<\/td>\n<td style=\"text-align: center;width: 10px\" colspan=\"4\">1.5<\/td>\n<\/tr>\n<tr>\n<td style=\"text-align: center;width: 384.453px\" colspan=\"2\">76&#215;2<\/td>\n<td style=\"text-align: center;width: 262.953px\" colspan=\"2\">20<\/td>\n<td style=\"text-align: center;width: 10px\" colspan=\"4\">1.5<\/td>\n<\/tr>\n<tr>\n<td style=\"width: 647.406px\" colspan=\"4\"><img loading=\"lazy\" decoding=\"async\" class=\"wp-image-1206 size-full alignleft\" src=\"https:\/\/eurotransis.com\/wp-content\/uploads\/2016\/04\/mineria-r.png\" alt=\"\" width=\"101\" height=\"74\" \/><strong> Industrie mini\u00e8re semi-lourde<\/strong><\/td>\n<td style=\"width: 10px\" colspan=\"4\"><img loading=\"lazy\" decoding=\"async\" class=\"size-full wp-image-926 alignleft\" src=\"https:\/\/eurotransis.com\/wp-content\/uploads\/2016\/04\/cabezal.png\" alt=\"cabezal\" width=\"101\" height=\"72\" \/><strong>DIN625 6204-2RS1<\/strong><\/td>\n<\/tr>\n<tr>\n<td colspan=\"8\"><strong>NOTE: \u00d876X2 EMBOUT EMMANCH\u00c9 UNIQUEMENT<\/strong><\/td>\n<\/tr>\n<tr>\n<td style=\"width: 647.406px\" colspan=\"8\">\n<p><strong><img loading=\"lazy\" decoding=\"async\" class=\"alignleft\" src=\"https:\/\/eurotransis.com\/wp-content\/uploads\/2016\/04\/CL-150x150.png\" width=\"80\" height=\"80\" \/><\/strong><strong>COMPOSANTS ASSOCI\u00c9S : <\/strong><\/p>\n<p><strong>CL-JOINT \u00c0 LABYRINTHE<\/strong><\/td>\n<\/tr>\n<\/tbody>\n<\/table>\n<p>&nbsp;<\/p>\n","protected":false},"excerpt":{"rendered":"<p>Embout en acier pour soudage sur tube et assemblage d&rsquo;un roulement \u00e0 billes rigide (6202 \/ 6303 \/ 6204). L&#8217;embout a une profondeur pour monter un roulement et un joint \u00e0 labyrinthe CL. Ces trois composants sont servis s\u00e9par\u00e9ment.<\/p>\n<p>Ils conviennent au transport de charges semi-lourdes.<\/p>\n<p>Secteurs d&rsquo;application possibles : Fabrication, Distribution, Mines, Palettisation, Emballage, Ensachage.<\/p>\n","protected":false},"featured_media":17919,"comment_status":"closed","ping_status":"closed","template":"","meta":[],"product_brand":[],"product_cat":[765],"product_tag":[],"class_list":{"0":"post-3670","1":"product","2":"type-product","3":"status-publish","4":"has-post-thumbnail","6":"product_cat-metalliques-serie-moyenne-fr","8":"first","9":"instock","10":"shipping-taxable","11":"product-type-simple"},"_links":{"self":[{"href":"https:\/\/eurotransis.com\/fr\/wp-json\/wp\/v2\/product\/3670","targetHints":{"allow":["GET"]}}],"collection":[{"href":"https:\/\/eurotransis.com\/fr\/wp-json\/wp\/v2\/product"}],"about":[{"href":"https:\/\/eurotransis.com\/fr\/wp-json\/wp\/v2\/types\/product"}],"replies":[{"embeddable":true,"href":"https:\/\/eurotransis.com\/fr\/wp-json\/wp\/v2\/comments?post=3670"}],"wp:featuredmedia":[{"embeddable":true,"href":"https:\/\/eurotransis.com\/fr\/wp-json\/wp\/v2\/media\/17919"}],"wp:attachment":[{"href":"https:\/\/eurotransis.com\/fr\/wp-json\/wp\/v2\/media?parent=3670"}],"wp:term":[{"taxonomy":"product_brand","embeddable":true,"href":"https:\/\/eurotransis.com\/fr\/wp-json\/wp\/v2\/product_brand?post=3670"},{"taxonomy":"product_cat","embeddable":true,"href":"https:\/\/eurotransis.com\/fr\/wp-json\/wp\/v2\/product_cat?post=3670"},{"taxonomy":"product_tag","embeddable":true,"href":"https:\/\/eurotransis.com\/fr\/wp-json\/wp\/v2\/product_tag?post=3670"}],"curies":[{"name":"wp","href":"https:\/\/api.w.org\/{rel}","templated":true}]}}