{"id":3671,"date":"2016-04-22T12:27:30","date_gmt":"2016-04-22T12:27:30","guid":{"rendered":"http:\/\/eurotransis.com\/fr\/tienda\/sin%20categorizar\/serie-emp-k2-3\/"},"modified":"2025-02-14T12:35:50","modified_gmt":"2025-02-14T11:35:50","slug":"serie-emp-k2-fr","status":"publish","type":"product","link":"https:\/\/eurotransis.com\/fr\/boutique\/composants-du-rouleau-fr\/embouts-gravitaires-en\/embout-metallique-fr\/metallique-serie-lourde-fr\/serie-emp-k2-fr\/","title":{"rendered":"S\u00e9rie EMP-K2"},"content":{"rendered":"<table style=\"height: 201px\" width=\"1275\">\n<tbody>\n<tr style=\"height: 24px\">\n<td style=\"text-align: center;height: 24px\" colspan=\"2\"><strong>\u00d8 TUBO \u00a0<\/strong><\/td>\n<td style=\"text-align: center;height: 24px\" colspan=\"2\"><strong>\u00d8 AXE<\/strong><\/td>\n<td style=\"text-align: center;height: 24px\" colspan=\"4\"><strong>\u00c9PAISSEUR (mm)<\/strong><\/td>\n<\/tr>\n<tr style=\"height: 24px\">\n<td style=\"text-align: center;height: 24px\" colspan=\"2\">63&#215;3<\/td>\n<td style=\"text-align: center;height: 24px\" colspan=\"2\">\u00a020<\/td>\n<td style=\"text-align: center;height: 24px\" colspan=\"4\">1.5<\/td>\n<\/tr>\n<tr style=\"height: 24px\">\n<td style=\"text-align: center;height: 24px\" colspan=\"2\">80&#215;2<\/td>\n<td style=\"text-align: center;height: 24px\" colspan=\"2\">20<\/td>\n<td style=\"text-align: center;height: 24px\" colspan=\"4\">2<\/td>\n<\/tr>\n<tr style=\"height: 24px\">\n<td style=\"text-align: center;height: 24px\" colspan=\"2\">80&#215;3<\/td>\n<td style=\"text-align: center;height: 24px\" colspan=\"2\">20<\/td>\n<td style=\"text-align: center;height: 24px\" colspan=\"4\">2<\/td>\n<\/tr>\n<tr style=\"height: 24px\">\n<td style=\"text-align: center;height: 24px\" colspan=\"2\">89&#215;3<\/td>\n<td style=\"text-align: center;height: 24px\" colspan=\"2\">20-25<\/td>\n<td style=\"text-align: center;height: 24px\" colspan=\"4\">1.5<\/td>\n<\/tr>\n<tr style=\"height: 24px\">\n<td style=\"text-align: center;height: 24px\" colspan=\"2\">101.6&#215;3<\/td>\n<td style=\"text-align: center;height: 24px\" colspan=\"2\">20-25<\/td>\n<td style=\"text-align: center;height: 24px\" colspan=\"4\">2<\/td>\n<\/tr>\n<tr style=\"height: 24px\">\n<td style=\"text-align: center;height: 24px\" colspan=\"2\">108&#215;3<\/td>\n<td style=\"text-align: center;height: 24px\" colspan=\"2\">20-25-30<\/td>\n<td style=\"text-align: center;height: 24px\" colspan=\"4\">2<\/td>\n<\/tr>\n<tr style=\"height: 24px\">\n<td style=\"text-align: center;height: 24px\" colspan=\"2\">127&#215;3<\/td>\n<td style=\"text-align: center;height: 24px\" colspan=\"2\">25<\/td>\n<td style=\"text-align: center;height: 24px\" colspan=\"4\">2.5<\/td>\n<\/tr>\n<tr style=\"height: 24px\">\n<td style=\"text-align: center;height: 24px\" colspan=\"2\">133&#215;3<\/td>\n<td style=\"text-align: center;height: 24px\" colspan=\"2\">20-25-30<\/td>\n<td style=\"text-align: center;height: 24px\" colspan=\"4\">3<\/td>\n<\/tr>\n<tr style=\"height: 24px\">\n<td style=\"text-align: center;height: 24px\" colspan=\"2\">159&#215;4.5<\/td>\n<td style=\"text-align: center;height: 24px\" colspan=\"2\">25-30-40<\/td>\n<td style=\"text-align: center;height: 24px\" colspan=\"4\">2.5 &#8211; 4<\/td>\n<\/tr>\n<tr style=\"height: 24px\">\n<td style=\"text-align: center;height: 24px\" colspan=\"2\"><\/td>\n<td style=\"text-align: center;height: 24px\" colspan=\"2\"><\/td>\n<td style=\"text-align: center;height: 24px\" colspan=\"4\"><\/td>\n<\/tr>\n<tr style=\"height: 96px\">\n<td style=\"height: 96px\" colspan=\"4\"><img loading=\"lazy\" decoding=\"async\" class=\"wp-image-1206 size-full alignleft\" src=\"https:\/\/eurotransis.com\/wp-content\/uploads\/2016\/04\/mineria-r.png\" alt=\"\" width=\"101\" height=\"74\" \/><strong>MINI\u00c8RE LOURDE<\/strong><\/td>\n<td style=\"height: 96px\" colspan=\"4\"><img loading=\"lazy\" decoding=\"async\" class=\"size-full wp-image-926 alignleft\" src=\"https:\/\/eurotransis.com\/wp-content\/uploads\/2016\/04\/cabezal.png\" alt=\"cabezal\" width=\"101\" height=\"72\" \/><strong>DIN625 6204-2RS1 (AXE \u00d820)<\/strong><br \/>\n<strong>DIN625 6305-2RS1 (AXE \u00d825)<\/strong><br \/>\n<strong>DIN625 6306-2RS1 (AXE \u00d830)<\/strong><br \/>\n<strong>DIN625 6308-2RS1 (AXE \u00d840)<\/strong><\/td>\n<\/tr>\n<tr>\n<td colspan=\"8\">\n<p><strong><img loading=\"lazy\" decoding=\"async\" class=\"alignleft\" src=\"https:\/\/eurotransis.com\/wp-content\/uploads\/2016\/04\/CL-150x150.png\" width=\"80\" height=\"80\" \/><\/strong><strong>COMPOSANTS ASSOCI\u00c9S : <\/strong><\/p>\n<p><strong>CL-JOINT \u00c0 LABYRINTHE<\/strong><\/td>\n<\/tr>\n<\/tbody>\n<\/table>\n<p><\/p>\n","protected":false},"excerpt":{"rendered":"<p>Embout en acier pour soudage sur tube et assemblage d&rsquo;un roulement \u00e0 billes rigide (6303 \/ 6204 \/ 6305 \/ 6206 \/ 6308). L&#8217;embout a une profondeur pour monter un roulement et un joint \u00e0 labyrinthe CL. Ces trois composants sont servis s\u00e9par\u00e9ment.<\/p>\n<p>Ils conviennent au transport de charges lourdes.<\/p>\n<p>Secteurs d&rsquo;application possibles : Fabrication, Distribution, Industrie Mini\u00e8re, Palettisation, Emballage, Ensachage.<\/p>\n","protected":false},"featured_media":18023,"comment_status":"closed","ping_status":"closed","template":"","meta":[],"product_brand":[],"product_cat":[768],"product_tag":[],"class_list":{"0":"post-3671","1":"product","2":"type-product","3":"status-publish","4":"has-post-thumbnail","6":"product_cat-metallique-serie-lourde-fr","8":"first","9":"instock","10":"shipping-taxable","11":"product-type-simple"},"_links":{"self":[{"href":"https:\/\/eurotransis.com\/fr\/wp-json\/wp\/v2\/product\/3671","targetHints":{"allow":["GET"]}}],"collection":[{"href":"https:\/\/eurotransis.com\/fr\/wp-json\/wp\/v2\/product"}],"about":[{"href":"https:\/\/eurotransis.com\/fr\/wp-json\/wp\/v2\/types\/product"}],"replies":[{"embeddable":true,"href":"https:\/\/eurotransis.com\/fr\/wp-json\/wp\/v2\/comments?post=3671"}],"wp:featuredmedia":[{"embeddable":true,"href":"https:\/\/eurotransis.com\/fr\/wp-json\/wp\/v2\/media\/18023"}],"wp:attachment":[{"href":"https:\/\/eurotransis.com\/fr\/wp-json\/wp\/v2\/media?parent=3671"}],"wp:term":[{"taxonomy":"product_brand","embeddable":true,"href":"https:\/\/eurotransis.com\/fr\/wp-json\/wp\/v2\/product_brand?post=3671"},{"taxonomy":"product_cat","embeddable":true,"href":"https:\/\/eurotransis.com\/fr\/wp-json\/wp\/v2\/product_cat?post=3671"},{"taxonomy":"product_tag","embeddable":true,"href":"https:\/\/eurotransis.com\/fr\/wp-json\/wp\/v2\/product_tag?post=3671"}],"curies":[{"name":"wp","href":"https:\/\/api.w.org\/{rel}","templated":true}]}}