{"id":3673,"date":"2016-04-22T12:22:47","date_gmt":"2016-04-22T12:22:47","guid":{"rendered":"http:\/\/eurotransis.com\/fr\/tienda\/sin%20categorizar\/serie-emp-k1-3\/"},"modified":"2025-02-14T12:31:59","modified_gmt":"2025-02-14T11:31:59","slug":"serie-emp-k1-fr","status":"publish","type":"product","link":"https:\/\/eurotransis.com\/fr\/boutique\/composants-du-rouleau-fr\/embouts-gravitaires-en\/embout-metallique-fr\/metallique-serie-lourde-fr\/serie-emp-k1-fr\/","title":{"rendered":"S\u00e9rie EMP-K1"},"content":{"rendered":"<table style=\"height: 201px\" width=\"1275\">\n<tbody>\n<tr style=\"height: 24px\">\n<td style=\"text-align: center;height: 24px\" colspan=\"2\"><strong>\u00d8 TUBE<\/strong><\/td>\n<td style=\"text-align: center;height: 24px\" colspan=\"2\"><strong>\u00d8 AXE<\/strong><\/td>\n<td style=\"text-align: center;height: 24px\" colspan=\"4\"><strong>\u00c9PAISSEUR (mm)<\/strong><\/td>\n<\/tr>\n<tr style=\"height: 24px\">\n<td style=\"text-align: center;height: 24px\" colspan=\"2\">60&#215;3<\/td>\n<td style=\"text-align: center;height: 24px\" colspan=\"2\">\u00a020<\/td>\n<td style=\"text-align: center;height: 24px\" colspan=\"4\">2<\/td>\n<\/tr>\n<tr style=\"height: 24px\">\n<td style=\"text-align: center;height: 24px\" colspan=\"2\">70&#215;3<\/td>\n<td style=\"text-align: center;height: 24px\" colspan=\"2\">20<\/td>\n<td style=\"text-align: center;height: 24px\" colspan=\"4\">2<\/td>\n<\/tr>\n<tr style=\"height: 24px\">\n<td style=\"text-align: center;height: 24px\" colspan=\"2\">76&#215;2<\/td>\n<td style=\"text-align: center;height: 24px\" colspan=\"2\">20<\/td>\n<td style=\"text-align: center;height: 24px\" colspan=\"4\">2<\/td>\n<\/tr>\n<tr style=\"height: 24px\">\n<td style=\"text-align: center;height: 24px\" colspan=\"2\">76&#215;3<\/td>\n<td style=\"text-align: center;height: 24px\" colspan=\"2\">20<\/td>\n<td style=\"text-align: center;height: 24px\" colspan=\"4\">2<\/td>\n<\/tr>\n<tr style=\"height: 24px\">\n<td style=\"text-align: center;height: 24px\" colspan=\"2\"><\/td>\n<td style=\"text-align: center;height: 24px\" colspan=\"2\"><\/td>\n<td style=\"text-align: center;height: 24px\" colspan=\"4\"><\/td>\n<\/tr>\n<tr style=\"height: 89px\">\n<td style=\"height: 89px\" colspan=\"4\"><img loading=\"lazy\" decoding=\"async\" class=\"wp-image-1206 size-full alignleft\" src=\"https:\/\/eurotransis.com\/wp-content\/uploads\/2016\/04\/mineria-r.png\" alt=\"\" width=\"101\" height=\"74\" \/><strong>MINI\u00c8RE LOURDE<\/strong><\/td>\n<td style=\"height: 89px\" colspan=\"4\"><img loading=\"lazy\" decoding=\"async\" class=\"size-full wp-image-926 alignleft\" src=\"https:\/\/eurotransis.com\/wp-content\/uploads\/2016\/04\/cabezal.png\" alt=\"cabezal\" width=\"101\" height=\"72\" \/><strong>DIN625 6204-2RS1<\/strong><\/td>\n<\/tr>\n<tr style=\"height: 106px\">\n<td style=\"height: 106px\" colspan=\"8\">\n<p><strong style=\"font-family: inherit;font-size: inherit\"><strong><img loading=\"lazy\" decoding=\"async\" class=\"alignleft\" src=\"https:\/\/eurotransis.com\/wp-content\/uploads\/2016\/04\/CL-150x150.png\" width=\"80\" height=\"80\" \/><\/strong><\/strong><strong>COMPOSANTS ASSOCI\u00c9S : <\/strong><\/p>\n<p><strong>CL-JOINT \u00c0 LABYRINTHE<\/strong><\/td>\n<\/tr>\n<\/tbody>\n<\/table>\n<p><\/p>\n","protected":false},"excerpt":{"rendered":"<p>Embout en acier pour soudage sur tube et assemblage d&rsquo;un roulement \u00e0 billes rigide (6202 \/ 6303 \/ 6204). L&#8217;embout a une profondeur pour monter un roulement et un joint \u00e0 labyrinthe CL. Ces trois composants sont servis s\u00e9par\u00e9ment.<\/p>\n<p>Ils conviennent au transport de charges lourdes.<\/p>\n<p>Secteurs d&rsquo;application possibles : Fabrication, Distribution, Industrie Mini\u00e8re, Palettisation, Emballage, Ensachage.<\/p>\n","protected":false},"featured_media":18014,"comment_status":"closed","ping_status":"closed","template":"","meta":[],"product_brand":[],"product_cat":[768],"product_tag":[],"class_list":{"0":"post-3673","1":"product","2":"type-product","3":"status-publish","4":"has-post-thumbnail","6":"product_cat-metallique-serie-lourde-fr","8":"first","9":"instock","10":"shipping-taxable","11":"product-type-simple"},"_links":{"self":[{"href":"https:\/\/eurotransis.com\/fr\/wp-json\/wp\/v2\/product\/3673","targetHints":{"allow":["GET"]}}],"collection":[{"href":"https:\/\/eurotransis.com\/fr\/wp-json\/wp\/v2\/product"}],"about":[{"href":"https:\/\/eurotransis.com\/fr\/wp-json\/wp\/v2\/types\/product"}],"replies":[{"embeddable":true,"href":"https:\/\/eurotransis.com\/fr\/wp-json\/wp\/v2\/comments?post=3673"}],"wp:featuredmedia":[{"embeddable":true,"href":"https:\/\/eurotransis.com\/fr\/wp-json\/wp\/v2\/media\/18014"}],"wp:attachment":[{"href":"https:\/\/eurotransis.com\/fr\/wp-json\/wp\/v2\/media?parent=3673"}],"wp:term":[{"taxonomy":"product_brand","embeddable":true,"href":"https:\/\/eurotransis.com\/fr\/wp-json\/wp\/v2\/product_brand?post=3673"},{"taxonomy":"product_cat","embeddable":true,"href":"https:\/\/eurotransis.com\/fr\/wp-json\/wp\/v2\/product_cat?post=3673"},{"taxonomy":"product_tag","embeddable":true,"href":"https:\/\/eurotransis.com\/fr\/wp-json\/wp\/v2\/product_tag?post=3673"}],"curies":[{"name":"wp","href":"https:\/\/api.w.org\/{rel}","templated":true}]}}