{"id":3680,"date":"2016-04-25T11:41:57","date_gmt":"2016-04-25T11:41:57","guid":{"rendered":"http:\/\/eurotransis.com\/fr\/tienda\/sin%20categorizar\/carros-motorizados\/"},"modified":"2024-10-10T09:38:31","modified_gmt":"2024-10-10T07:38:31","slug":"chariot-commande","status":"publish","type":"product","link":"https:\/\/eurotransis.com\/fr\/boutique\/fabricant-convoyeurs-rouleaux-fr\/autres-solutions-fr\/chariot-mobile-fr\/chariot-commande\/","title":{"rendered":"Chariot command\u00e9"},"content":{"rendered":"<p>Les chariots utilis\u00e9s pour la manutention et la palettisation peuvent \u00eatre de simples conteneurs ou permettre de fixer diff\u00e9rents types de convoyeurs \u00e0 leur plate-forme, qu&rsquo;il s&rsquo;agisse de rouleaux, de cha\u00eenes, de courroies ou d&rsquo;un certain type de transfert ou de levage.<\/p>\n<p>Roltia fabrique ses propres conceptions ou plans avec des solutions techniques multiples et diverses applicables \u00e0 chaque installation.<\/p>\n<p>Les chariots sont guid\u00e9s sur rails, transmission directe \u00e0 roue ou \u00e0 cr\u00e9maill\u00e8re, signalisation sonore et lumineuse (en option), fabriqu\u00e9es en acier peint, zingu\u00e9 ou inoxydable.<\/p>\n<p><strong>Donn\u00e9es n\u00e9cessaires pour proposer\u00a0:<\/strong><\/p>\n<ul>\n<li>Longueur (mm)<\/li>\n<li>Largeur utile (mm)<\/li>\n<li>Hauteur de travail (mm)<\/li>\n<li>Dimensions du produit \u00e0 transporter (Hauteur, largeur et longueur)<\/li>\n<li>Charge \u00e0 transporter (Kgs)<\/li>\n<li>Vitesse nominale fixe du chariot<\/li>\n<li>D\u00e9placement du chariot (m\u00e8tres)<\/li>\n<li>Finition (peint RAL\/inox)<\/li>\n<li>Guides lat\u00e9raux (Oui\/Non)<\/li>\n<li>But\u00e9e final (Oui\/Non)<\/li>\n<li>Donn\u00e9es suppl\u00e9mentaires<\/li>\n<\/ul>\n","protected":false},"excerpt":{"rendered":"<p>Les chariots utilis\u00e9s pour la manutention et la palettisation peuvent \u00eatre de simples conteneurs ou permettre de fixer diff\u00e9rents types de convoyeurs \u00e0 leur plate-forme, qu&rsquo;il s&rsquo;agisse de rouleaux, de cha\u00eenes, de courroies ou d&rsquo;un certain type de transfert ou de levage. Roltia fabrique ses propres conceptions ou plans avec des solutions techniques multiples et &hellip; <a href=\"https:\/\/eurotransis.com\/fr\/boutique\/fabricant-convoyeurs-rouleaux-fr\/autres-solutions-fr\/chariot-mobile-fr\/chariot-commande\/\">Voir plus<\/a><\/p>\n","protected":false},"featured_media":15065,"comment_status":"closed","ping_status":"closed","template":"","meta":[],"product_brand":[],"product_cat":[587],"product_tag":[],"class_list":{"0":"post-3680","1":"product","2":"type-product","3":"status-publish","4":"has-post-thumbnail","6":"product_cat-chariot-mobile-fr","8":"first","9":"instock","10":"shipping-taxable","11":"product-type-simple"},"_links":{"self":[{"href":"https:\/\/eurotransis.com\/fr\/wp-json\/wp\/v2\/product\/3680","targetHints":{"allow":["GET"]}}],"collection":[{"href":"https:\/\/eurotransis.com\/fr\/wp-json\/wp\/v2\/product"}],"about":[{"href":"https:\/\/eurotransis.com\/fr\/wp-json\/wp\/v2\/types\/product"}],"replies":[{"embeddable":true,"href":"https:\/\/eurotransis.com\/fr\/wp-json\/wp\/v2\/comments?post=3680"}],"wp:featuredmedia":[{"embeddable":true,"href":"https:\/\/eurotransis.com\/fr\/wp-json\/wp\/v2\/media\/15065"}],"wp:attachment":[{"href":"https:\/\/eurotransis.com\/fr\/wp-json\/wp\/v2\/media?parent=3680"}],"wp:term":[{"taxonomy":"product_brand","embeddable":true,"href":"https:\/\/eurotransis.com\/fr\/wp-json\/wp\/v2\/product_brand?post=3680"},{"taxonomy":"product_cat","embeddable":true,"href":"https:\/\/eurotransis.com\/fr\/wp-json\/wp\/v2\/product_cat?post=3680"},{"taxonomy":"product_tag","embeddable":true,"href":"https:\/\/eurotransis.com\/fr\/wp-json\/wp\/v2\/product_tag?post=3680"}],"curies":[{"name":"wp","href":"https:\/\/api.w.org\/{rel}","templated":true}]}}