{"id":3685,"date":"2016-04-25T11:36:37","date_gmt":"2016-04-25T11:36:37","guid":{"rendered":"http:\/\/eurotransis.com\/fr\/tienda\/sin%20categorizar\/dispensador-de-europalets-con-guias-verticales\/"},"modified":"2025-08-11T13:49:52","modified_gmt":"2025-08-11T11:49:52","slug":"distributeur-palettes-avec-guides-verticaux","status":"publish","type":"product","link":"https:\/\/eurotransis.com\/fr\/boutique\/fabricant-convoyeurs-rouleaux-fr\/autres-solutions-fr\/distributeur-de-palettes-fr\/distributeur-palettes-avec-guides-verticaux\/","title":{"rendered":"Distributeur de palettes avec guides verticaux"},"content":{"rendered":"<p>Les distributeurs de palettes sont utilis\u00e9s pour alimenter et doser des palettes vides sur les lignes de production.<\/p>\n<p>Ceux-ci se caract\u00e9risent par une autonomie de 16 unit\u00e9s, un levage m\u00e9canique motoris\u00e9, un dosage pneumatique, la possibilit\u00e9 de s\u00e9lectionner le c\u00f4t\u00e9 de chargement, un chargement par chariot \u00e9l\u00e9vateur ou automatis\u00e9, un compl\u00e9ment de cadrage de palettes pour lignes automatis\u00e9es, entre autres.<\/p>\n<p><strong>Donn\u00e9es n\u00e9cessaires pour proposer\u00a0:<\/strong><\/p>\n<ul>\n<li>Nombre maximum de palettes<\/li>\n<li>Format palette<\/li>\n<li>Dimensions des palettes<\/li>\n<li>Entr\u00e9e des palettes (Arri\u00e8re\/Lat\u00e9rale)<\/li>\n<li>Sortie palette (Arri\u00e8re\/Lat\u00e9rale)<\/li>\n<li>Hauteur de travail<\/li>\n<li>Finition (parties fixes peintes RAL)<\/li>\n<li>Guides lat\u00e9raux (Oui\/Non)<\/li>\n<li>But\u00e9e final (Oui\/Non)<\/li>\n<li>Donn\u00e9es suppl\u00e9mentaires<\/li>\n<\/ul>\n","protected":false},"excerpt":{"rendered":"<p>Les distributeurs de palettes sont utilis\u00e9s pour alimenter et doser des palettes vides sur les lignes de production. Ceux-ci se caract\u00e9risent par une autonomie de 16 unit\u00e9s, un levage m\u00e9canique motoris\u00e9, un dosage pneumatique, la possibilit\u00e9 de s\u00e9lectionner le c\u00f4t\u00e9 de chargement, un chargement par chariot \u00e9l\u00e9vateur ou automatis\u00e9, un compl\u00e9ment de cadrage de palettes &hellip; <a href=\"https:\/\/eurotransis.com\/fr\/boutique\/fabricant-convoyeurs-rouleaux-fr\/autres-solutions-fr\/distributeur-de-palettes-fr\/distributeur-palettes-avec-guides-verticaux\/\">Voir plus<\/a><\/p>\n","protected":false},"featured_media":14696,"comment_status":"closed","ping_status":"closed","template":"","meta":[],"product_brand":[],"product_cat":[593],"product_tag":[],"class_list":{"0":"post-3685","1":"product","2":"type-product","3":"status-publish","4":"has-post-thumbnail","6":"product_cat-distributeur-de-palettes-fr","8":"first","9":"instock","10":"shipping-taxable","11":"product-type-simple"},"_links":{"self":[{"href":"https:\/\/eurotransis.com\/fr\/wp-json\/wp\/v2\/product\/3685","targetHints":{"allow":["GET"]}}],"collection":[{"href":"https:\/\/eurotransis.com\/fr\/wp-json\/wp\/v2\/product"}],"about":[{"href":"https:\/\/eurotransis.com\/fr\/wp-json\/wp\/v2\/types\/product"}],"replies":[{"embeddable":true,"href":"https:\/\/eurotransis.com\/fr\/wp-json\/wp\/v2\/comments?post=3685"}],"wp:featuredmedia":[{"embeddable":true,"href":"https:\/\/eurotransis.com\/fr\/wp-json\/wp\/v2\/media\/14696"}],"wp:attachment":[{"href":"https:\/\/eurotransis.com\/fr\/wp-json\/wp\/v2\/media?parent=3685"}],"wp:term":[{"taxonomy":"product_brand","embeddable":true,"href":"https:\/\/eurotransis.com\/fr\/wp-json\/wp\/v2\/product_brand?post=3685"},{"taxonomy":"product_cat","embeddable":true,"href":"https:\/\/eurotransis.com\/fr\/wp-json\/wp\/v2\/product_cat?post=3685"},{"taxonomy":"product_tag","embeddable":true,"href":"https:\/\/eurotransis.com\/fr\/wp-json\/wp\/v2\/product_tag?post=3685"}],"curies":[{"name":"wp","href":"https:\/\/api.w.org\/{rel}","templated":true}]}}