{"id":3686,"date":"2016-04-22T12:16:34","date_gmt":"2016-04-22T12:16:34","guid":{"rendered":"http:\/\/eurotransis.com\/fr\/tienda\/sin%20categorizar\/serie-cl-cierre-laberinto\/"},"modified":"2025-01-23T08:43:09","modified_gmt":"2025-01-23T07:43:09","slug":"joint-labyrinthe-fr","status":"publish","type":"product","link":"https:\/\/eurotransis.com\/fr\/boutique\/composants-du-rouleau-fr\/accessoires-fr\/joint-d-etancheite-labyrinthe-fr\/joint-labyrinthe-fr\/","title":{"rendered":"S\u00e9rie CL &#8211; Joint d&rsquo;\u00e9tanch\u00e9it\u00e9 labyrinthe"},"content":{"rendered":"<table style=\"height: 201px\" width=\"1275\">\n<tbody>\n<tr>\n<td style=\"text-align: center\" colspan=\"2\"><strong>\u00a0ROULEMENT<\/strong><\/td>\n<td style=\"text-align: center\" colspan=\"2\"><strong>\u00d8 EXTERIEUR (mm)<\/strong><\/td>\n<td style=\"text-align: center\" colspan=\"2\"><strong>\u00d8 AXE (mm)<\/strong><\/td>\n<td style=\"text-align: center\" colspan=\"2\"><strong>\u00d8 LARGE (mm)\u00a0<\/strong><\/td>\n<\/tr>\n<tr>\n<td style=\"text-align: center\" colspan=\"2\">6303<\/td>\n<td style=\"text-align: center\" colspan=\"2\">47<\/td>\n<td style=\"text-align: center\" colspan=\"2\">\u00a017<\/td>\n<td style=\"text-align: center\" colspan=\"2\">22.5<\/td>\n<\/tr>\n<tr>\n<td style=\"text-align: center\" colspan=\"2\">6204<\/td>\n<td style=\"text-align: center\" colspan=\"2\">47<\/td>\n<td style=\"text-align: center\" colspan=\"2\">20<\/td>\n<td style=\"text-align: center\" colspan=\"2\">22.5<\/td>\n<\/tr>\n<tr>\n<td style=\"text-align: center\" colspan=\"2\">6305<\/td>\n<td style=\"text-align: center\" colspan=\"2\">62<\/td>\n<td style=\"text-align: center\" colspan=\"2\">25<\/td>\n<td style=\"text-align: center\" colspan=\"2\">23.5<\/td>\n<\/tr>\n<tr>\n<td style=\"text-align: center\" colspan=\"2\">6206<\/td>\n<td style=\"text-align: center\" colspan=\"2\">62<\/td>\n<td style=\"text-align: center\" colspan=\"2\">30<\/td>\n<td style=\"text-align: center\" colspan=\"2\">23.5<\/td>\n<\/tr>\n<tr>\n<td style=\"text-align: center\" colspan=\"2\">6306<\/td>\n<td style=\"text-align: center\" colspan=\"2\">72<\/td>\n<td style=\"text-align: center\" colspan=\"2\">30<\/td>\n<td style=\"text-align: center\" colspan=\"2\">24.5<\/td>\n<\/tr>\n<tr>\n<td style=\"text-align: center\" colspan=\"2\">6308<\/td>\n<td style=\"text-align: center\" colspan=\"2\">90<\/td>\n<td style=\"text-align: center\" colspan=\"2\">40<\/td>\n<td style=\"text-align: center\" colspan=\"2\">23.1<\/td>\n<\/tr>\n<tr>\n<td colspan=\"4\">\n<p><strong><strong><img loading=\"lazy\" decoding=\"async\" class=\"wp-image-815 size-full alignleft\" src=\"https:\/\/eurotransis.com\/wp-content\/uploads\/2016\/04\/aplicacion.png\" alt=\"\" width=\"100\" height=\"75\" srcset=\"https:\/\/eurotransis.com\/wp-content\/uploads\/2016\/04\/aplicacion.png 100w, https:\/\/eurotransis.com\/wp-content\/uploads\/2016\/04\/aplicacion-64x48.png 64w\" sizes=\"auto, (max-width: 100px) 100vw, 100px\" \/>Pour embouts m\u00e9talliques soud\u00e9es<\/strong><\/strong><\/p>\n<p><strong><strong>Exploitation mini\u00e8re lourde et semi-lourde<\/strong><\/strong><\/p>\n<p><strong><strong>Palettisation<br \/>\n<\/strong><\/strong><\/td>\n<td colspan=\"4\">\n<p><strong><strong><img loading=\"lazy\" decoding=\"async\" class=\"size-full wp-image-926 alignleft\" src=\"https:\/\/eurotransis.com\/wp-content\/uploads\/2016\/04\/cabezal.png\" alt=\"cabezal\" width=\"101\" height=\"72\" \/><\/strong>Douille : polypropyl\u00e8ne<\/strong><\/p>\n<p><strong>Couvercle : acier zingu\u00e9 AP-02<\/strong><\/p>\n<p><strong>Labyrinthe : polypropyl\u00e8ne<br \/>\n<\/strong><\/td>\n<\/tr>\n<\/tbody>\n<\/table>\n<p>&nbsp;<\/p>\n","protected":false},"excerpt":{"rendered":"<p>Composants de fermeture \u00e0 labyrinthe CL. Le mod\u00e8le de composant CL de Roltia est un joint \u00e0 double labyrinthe contre la poussi\u00e8re et l&rsquo;eau pour les rouleaux miniers lourds et semi-lourds. Douille et labyrinthe en polypropyl\u00e8ne et couvercle zingu\u00e9.<\/p>\n","protected":false},"featured_media":18486,"comment_status":"closed","ping_status":"closed","template":"","meta":[],"product_brand":[],"product_cat":[798],"product_tag":[],"class_list":{"0":"post-3686","1":"product","2":"type-product","3":"status-publish","4":"has-post-thumbnail","6":"product_cat-joint-d-etancheite-labyrinthe-fr","8":"first","9":"instock","10":"shipping-taxable","11":"product-type-simple"},"_links":{"self":[{"href":"https:\/\/eurotransis.com\/fr\/wp-json\/wp\/v2\/product\/3686","targetHints":{"allow":["GET"]}}],"collection":[{"href":"https:\/\/eurotransis.com\/fr\/wp-json\/wp\/v2\/product"}],"about":[{"href":"https:\/\/eurotransis.com\/fr\/wp-json\/wp\/v2\/types\/product"}],"replies":[{"embeddable":true,"href":"https:\/\/eurotransis.com\/fr\/wp-json\/wp\/v2\/comments?post=3686"}],"wp:featuredmedia":[{"embeddable":true,"href":"https:\/\/eurotransis.com\/fr\/wp-json\/wp\/v2\/media\/18486"}],"wp:attachment":[{"href":"https:\/\/eurotransis.com\/fr\/wp-json\/wp\/v2\/media?parent=3686"}],"wp:term":[{"taxonomy":"product_brand","embeddable":true,"href":"https:\/\/eurotransis.com\/fr\/wp-json\/wp\/v2\/product_brand?post=3686"},{"taxonomy":"product_cat","embeddable":true,"href":"https:\/\/eurotransis.com\/fr\/wp-json\/wp\/v2\/product_cat?post=3686"},{"taxonomy":"product_tag","embeddable":true,"href":"https:\/\/eurotransis.com\/fr\/wp-json\/wp\/v2\/product_tag?post=3686"}],"curies":[{"name":"wp","href":"https:\/\/api.w.org\/{rel}","templated":true}]}}