{"id":3704,"date":"2016-04-22T11:21:54","date_gmt":"2016-04-22T11:21:54","guid":{"rendered":"http:\/\/eurotransis.com\/fr\/tienda\/sin%20categorizar\/serie-em-260-k1-3\/"},"modified":"2025-01-28T08:03:18","modified_gmt":"2025-01-28T07:03:18","slug":"serie-em-260-k1-fr","status":"publish","type":"product","link":"https:\/\/eurotransis.com\/fr\/boutique\/composants-du-rouleau-fr\/embouts-gravitaires-en\/embout-metallique-fr\/metalliques-serie-moyenne-fr\/serie-em-260-k1-fr\/","title":{"rendered":"S\u00e9rie EM-260-K1"},"content":{"rendered":"<table style=\"height: 201px\" width=\"1275\">\n<tbody>\n<tr>\n<td style=\"text-align: center\" colspan=\"2\"><strong>\u00d8 TUBE<\/strong><\/td>\n<td style=\"text-align: center\" colspan=\"2\"><strong>\u00d8 AXE<\/strong><\/td>\n<td style=\"text-align: center\" colspan=\"4\"><strong>CHARGE (daN)<\/strong><\/td>\n<\/tr>\n<tr>\n<td colspan=\"2\">50&#215;1.5<\/td>\n<td colspan=\"2\">10-12-15-17-SW11<\/td>\n<td colspan=\"4\">120<\/td>\n<\/tr>\n<tr>\n<td colspan=\"2\">50&#215;2<\/td>\n<td colspan=\"2\">10-12-15-SW11<\/td>\n<td colspan=\"4\">120<\/td>\n<\/tr>\n<tr>\n<td colspan=\"2\">60&#215;1.5<\/td>\n<td colspan=\"2\">10-12-15-SW11<\/td>\n<td colspan=\"4\">150<\/td>\n<\/tr>\n<tr>\n<td colspan=\"2\">60&#215;2<\/td>\n<td colspan=\"2\">10-12-15-17-SW11<\/td>\n<td colspan=\"4\">150<\/td>\n<\/tr>\n<tr>\n<td colspan=\"2\">60&#215;3<\/td>\n<td colspan=\"2\">10-12-15-17-SW11<\/td>\n<td colspan=\"4\">150<\/td>\n<\/tr>\n<tr>\n<td colspan=\"2\">70&#215;2<\/td>\n<td colspan=\"2\">15-17<\/td>\n<td colspan=\"4\">150<\/td>\n<\/tr>\n<tr>\n<td colspan=\"2\">70&#215;3<\/td>\n<td colspan=\"2\">\u00a015-17<\/td>\n<td colspan=\"4\">150<\/td>\n<\/tr>\n<tr>\n<td colspan=\"2\">80&#215;2<\/td>\n<td colspan=\"2\">10-12-15-17-SW11<\/td>\n<td colspan=\"4\">150<\/td>\n<\/tr>\n<tr>\n<td colspan=\"4\">\n<p><strong><img loading=\"lazy\" decoding=\"async\" class=\"size-full wp-image-926 alignleft\" src=\"https:\/\/eurotransis.com\/wp-content\/uploads\/2016\/04\/cabezal.png\" alt=\"cabezal\" width=\"101\" height=\"72\" \/> EMBOUT: ACIER AP-02 ZINGU\u00c9<\/strong><\/p>\n<p><strong>DOUILLE: POLYPROPYL\u00c8NE<\/strong><\/td>\n<td colspan=\"4\">\n<p><strong><strong><img loading=\"lazy\" decoding=\"async\" class=\"wp-image-1453 size-full alignleft\" src=\"https:\/\/eurotransis.com\/wp-content\/uploads\/2016\/04\/hilera.png\" alt=\"\" width=\"101\" height=\"73\" srcset=\"https:\/\/eurotransis.com\/wp-content\/uploads\/2016\/04\/hilera.png 101w, https:\/\/eurotransis.com\/wp-content\/uploads\/2016\/04\/hilera-64x46.png 64w\" sizes=\"auto, (max-width: 101px) 100vw, 101px\" \/><\/strong><\/strong><strong>DIN625 6003-2RS1 (AXE \u00d817)<\/strong><\/p>\n<p><strong>DIN625 6202-2RS1 (LE RESTANT)<\/strong><\/td>\n<\/tr>\n<\/tbody>\n<\/table>\n<p>&nbsp;<\/p>\n","protected":false},"excerpt":{"rendered":"<p>Embout m\u00e9tallique \u00e0 emmancher dans tube, avec roulement \u00e0 billes rigide (6202 \/ 6003 \/ 6204).<br \/>\nIls conviennent au transport de charges semi-lourdes.<\/p>\n<p>Secteurs d&rsquo;application possibles : Fabrication, Distribution, Carton, Agriculture.<\/p>\n","protected":false},"featured_media":17923,"comment_status":"closed","ping_status":"closed","template":"","meta":[],"product_brand":[],"product_cat":[765],"product_tag":[],"class_list":{"0":"post-3704","1":"product","2":"type-product","3":"status-publish","4":"has-post-thumbnail","6":"product_cat-metalliques-serie-moyenne-fr","8":"first","9":"instock","10":"shipping-taxable","11":"product-type-simple"},"_links":{"self":[{"href":"https:\/\/eurotransis.com\/fr\/wp-json\/wp\/v2\/product\/3704","targetHints":{"allow":["GET"]}}],"collection":[{"href":"https:\/\/eurotransis.com\/fr\/wp-json\/wp\/v2\/product"}],"about":[{"href":"https:\/\/eurotransis.com\/fr\/wp-json\/wp\/v2\/types\/product"}],"replies":[{"embeddable":true,"href":"https:\/\/eurotransis.com\/fr\/wp-json\/wp\/v2\/comments?post=3704"}],"wp:featuredmedia":[{"embeddable":true,"href":"https:\/\/eurotransis.com\/fr\/wp-json\/wp\/v2\/media\/17923"}],"wp:attachment":[{"href":"https:\/\/eurotransis.com\/fr\/wp-json\/wp\/v2\/media?parent=3704"}],"wp:term":[{"taxonomy":"product_brand","embeddable":true,"href":"https:\/\/eurotransis.com\/fr\/wp-json\/wp\/v2\/product_brand?post=3704"},{"taxonomy":"product_cat","embeddable":true,"href":"https:\/\/eurotransis.com\/fr\/wp-json\/wp\/v2\/product_cat?post=3704"},{"taxonomy":"product_tag","embeddable":true,"href":"https:\/\/eurotransis.com\/fr\/wp-json\/wp\/v2\/product_tag?post=3704"}],"curies":[{"name":"wp","href":"https:\/\/api.w.org\/{rel}","templated":true}]}}