{"id":3713,"date":"2016-04-22T11:09:00","date_gmt":"2016-04-22T11:09:00","guid":{"rendered":"http:\/\/eurotransis.com\/fr\/tienda\/sin%20categorizar\/serie-em-240-k1-3\/"},"modified":"2025-06-19T07:29:19","modified_gmt":"2025-06-19T05:29:19","slug":"serie-em-240-2","status":"publish","type":"product","link":"https:\/\/eurotransis.com\/fr\/boutique\/composants-du-rouleau-fr\/embouts-gravitaires-en\/embout-metallique-fr\/metalliques-serie-legere-fr\/serie-em-240-2\/","title":{"rendered":"S\u00e9rie EM-240"},"content":{"rendered":"<table style=\"height: 201px\" width=\"1275\">\n<tbody>\n<tr style=\"height: 20px\">\n<td style=\"text-align: center;width: 406.896px;height: 20px\" colspan=\"2\"><strong> \u00d8 TUBE\u00a0<\/strong><\/td>\n<td style=\"text-align: center;width: 712.125px;height: 20px\" colspan=\"2\"><strong> \u00d8 AXE<\/strong><\/td>\n<td style=\"text-align: center;width: 545px;height: 20px\" colspan=\"4\"><strong>CHARGE (daN)<\/strong><\/td>\n<\/tr>\n<tr style=\"height: 24px\">\n<td style=\"width: 406.896px;height: 24px\" colspan=\"2\">50&#215;1.5<\/td>\n<td style=\"width: 712.125px;height: 24px\" colspan=\"2\">10-12-14-15-SW11<\/td>\n<td style=\"width: 545px;height: 24px\" colspan=\"4\">120<\/td>\n<\/tr>\n<tr style=\"height: 24px\">\n<td style=\"width: 406.896px;height: 24px\" colspan=\"2\">50&#215;2<\/td>\n<td style=\"width: 712.125px;height: 24px\" colspan=\"2\">10-12-14-15-SW11<\/td>\n<td style=\"width: 545px;height: 24px\" colspan=\"4\">120<\/td>\n<\/tr>\n<tr style=\"height: 24px\">\n<td style=\"width: 406.896px;height: 24px\" colspan=\"2\">60&#215;1.5<\/td>\n<td style=\"width: 712.125px;height: 24px\" colspan=\"2\">10-12-14-15-SW11<\/td>\n<td style=\"width: 545px;height: 24px\" colspan=\"4\">120<\/td>\n<\/tr>\n<tr style=\"height: 24px\">\n<td style=\"width: 406.896px;height: 24px\" colspan=\"2\">60&#215;2<\/td>\n<td style=\"width: 712.125px;height: 24px\" colspan=\"2\">10-12-14-15-SW11<\/td>\n<td style=\"width: 545px;height: 24px\" colspan=\"4\">120<\/td>\n<\/tr>\n<tr style=\"height: 24px\">\n<td style=\"width: 406.896px;height: 24px\" colspan=\"2\">80&#215;2<\/td>\n<td style=\"width: 712.125px;height: 24px\" colspan=\"2\">10-12-14-15-SW11<\/td>\n<td style=\"width: 545px;height: 24px\" colspan=\"4\">120<\/td>\n<\/tr>\n<tr style=\"height: 120px\">\n<td style=\"width: 1119.02px;height: 120px\" colspan=\"4\">\n<p><strong><img loading=\"lazy\" decoding=\"async\" class=\"size-full wp-image-926 alignleft\" src=\"https:\/\/eurotransis.com\/wp-content\/uploads\/2016\/04\/cabezal.png\" alt=\"cabezal\" width=\"101\" height=\"72\" \/> Embout : Acier AP-02 zingu\u00e9<\/strong><\/p>\n<p><strong>Douille : Acier Tremp\u00e9<\/strong><\/td>\n<td style=\"width: 545px;height: 120px\" colspan=\"4\">\u00a0<strong><strong><img loading=\"lazy\" decoding=\"async\" class=\"wp-image-1453 size-full alignleft\" src=\"https:\/\/eurotransis.com\/wp-content\/uploads\/2016\/04\/hilera.png\" alt=\"\" width=\"101\" height=\"73\" srcset=\"https:\/\/eurotransis.com\/wp-content\/uploads\/2016\/04\/hilera.png 101w, https:\/\/eurotransis.com\/wp-content\/uploads\/2016\/04\/hilera-64x46.png 64w\" sizes=\"auto, (max-width: 101px) 100vw, 101px\" \/><\/strong>Roulement estamp\u00e9<\/strong><\/td>\n<\/tr>\n<\/tbody>\n<\/table>\n<p>&nbsp;<\/p>\n<p>&nbsp;<\/p>\n","protected":false},"excerpt":{"rendered":"<p>Embout m\u00e9tallique \u00e0 emmancher dans tube, avec roulement estamp\u00e9. Ils conviennent au transport de charges l\u00e9g\u00e8res.<\/p>\n<p>Roulements type \u00ab MAN \u00bb.<\/p>\n<p>Secteurs d&rsquo;application possibles : Fabrication, Distribution, Carton.<\/p>\n","protected":false},"featured_media":17914,"comment_status":"closed","ping_status":"closed","template":"","meta":[],"product_brand":[],"product_cat":[764],"product_tag":[],"class_list":{"0":"post-3713","1":"product","2":"type-product","3":"status-publish","4":"has-post-thumbnail","6":"product_cat-metalliques-serie-legere-fr","8":"first","9":"instock","10":"shipping-taxable","11":"product-type-simple"},"_links":{"self":[{"href":"https:\/\/eurotransis.com\/fr\/wp-json\/wp\/v2\/product\/3713","targetHints":{"allow":["GET"]}}],"collection":[{"href":"https:\/\/eurotransis.com\/fr\/wp-json\/wp\/v2\/product"}],"about":[{"href":"https:\/\/eurotransis.com\/fr\/wp-json\/wp\/v2\/types\/product"}],"replies":[{"embeddable":true,"href":"https:\/\/eurotransis.com\/fr\/wp-json\/wp\/v2\/comments?post=3713"}],"wp:featuredmedia":[{"embeddable":true,"href":"https:\/\/eurotransis.com\/fr\/wp-json\/wp\/v2\/media\/17914"}],"wp:attachment":[{"href":"https:\/\/eurotransis.com\/fr\/wp-json\/wp\/v2\/media?parent=3713"}],"wp:term":[{"taxonomy":"product_brand","embeddable":true,"href":"https:\/\/eurotransis.com\/fr\/wp-json\/wp\/v2\/product_brand?post=3713"},{"taxonomy":"product_cat","embeddable":true,"href":"https:\/\/eurotransis.com\/fr\/wp-json\/wp\/v2\/product_cat?post=3713"},{"taxonomy":"product_tag","embeddable":true,"href":"https:\/\/eurotransis.com\/fr\/wp-json\/wp\/v2\/product_tag?post=3713"}],"curies":[{"name":"wp","href":"https:\/\/api.w.org\/{rel}","templated":true}]}}