{"id":3715,"date":"2016-04-22T10:38:53","date_gmt":"2016-04-22T10:38:53","guid":{"rendered":"http:\/\/eurotransis.com\/fr\/tienda\/sin%20categorizar\/serie-em-51-2\/"},"modified":"2025-01-28T09:43:09","modified_gmt":"2025-01-28T08:43:09","slug":"em-51-serie-en","status":"publish","type":"product","link":"https:\/\/eurotransis.com\/fr\/boutique\/composants-du-rouleau-fr\/embouts-gravitaires-en\/embout-thermoplastique-fr\/serie-legere-fr\/em-51-serie-en\/","title":{"rendered":"EM-51 serie"},"content":{"rendered":"<table style=\"height: 201px\" width=\"1275\">\n<tbody>\n<tr>\n<td style=\"text-align: center\" colspan=\"2\"><strong>\u00d8 TUBE\u00a0<\/strong><\/td>\n<td style=\"text-align: center\" colspan=\"2\"><strong>\u00d8 AXE<\/strong><\/td>\n<td style=\"text-align: center\" colspan=\"4\"><strong>CHARGE (daN)<\/strong><\/td>\n<\/tr>\n<tr>\n<td colspan=\"2\">12&#215;1<\/td>\n<td colspan=\"2\">4<\/td>\n<td colspan=\"4\">4<\/td>\n<\/tr>\n<tr>\n<td colspan=\"2\">16&#215;1<\/td>\n<td colspan=\"2\">5-6<\/td>\n<td colspan=\"4\">4<\/td>\n<\/tr>\n<tr>\n<td colspan=\"2\">20&#215;1<\/td>\n<td colspan=\"2\">6-8<\/td>\n<td colspan=\"4\">5<\/td>\n<\/tr>\n<tr>\n<td colspan=\"2\">20&#215;1.5<\/td>\n<td colspan=\"2\">6-8<\/td>\n<td colspan=\"4\">5<\/td>\n<\/tr>\n<tr>\n<td colspan=\"2\">30&#215;1.5<\/td>\n<td colspan=\"2\">6-8-10<\/td>\n<td colspan=\"4\">7<\/td>\n<\/tr>\n<tr>\n<td colspan=\"2\">30&#215;1.8<\/td>\n<td colspan=\"2\">6-8-10<\/td>\n<td colspan=\"4\">7<\/td>\n<\/tr>\n<tr>\n<td colspan=\"2\">40&#215;1.5<\/td>\n<td colspan=\"2\">6-8-10<\/td>\n<td colspan=\"4\">7<\/td>\n<\/tr>\n<tr>\n<td colspan=\"2\">40&#215;2.3<\/td>\n<td colspan=\"2\">6-8-10<\/td>\n<td colspan=\"4\">7<\/td>\n<\/tr>\n<tr>\n<td style=\"text-align: center\" colspan=\"8\"><\/td>\n<\/tr>\n<tr>\n<td colspan=\"4\"><strong><img loading=\"lazy\" decoding=\"async\" class=\"size-full wp-image-926 alignleft\" src=\"https:\/\/eurotransis.com\/wp-content\/uploads\/2016\/04\/cabezal.png\" alt=\"cabezal\" width=\"101\" height=\"72\" \/><\/strong><b><\/b><\/p>\n<p style=\"margin: 0cm;margin-bottom: .0001pt\"><strong>POLYPROPYL\u00c8NE <\/strong><\/p>\n<p><strong>AISI\u2014303 (POUR TUBE \u00d812)<\/strong><\/td>\n<td colspan=\"4\">\n<p><strong><strong><img loading=\"lazy\" decoding=\"async\" class=\"wp-image-1453 size-full alignleft\" src=\"https:\/\/eurotransis.com\/wp-content\/uploads\/2016\/04\/hilera.png\" alt=\"\" width=\"101\" height=\"73\" srcset=\"https:\/\/eurotransis.com\/wp-content\/uploads\/2016\/04\/hilera.png 101w, https:\/\/eurotransis.com\/wp-content\/uploads\/2016\/04\/hilera-64x46.png 64w\" sizes=\"auto, (max-width: 101px) 100vw, 101px\" \/><\/strong><\/strong><strong>UNE RANGEE DE BILLES<\/strong><\/p>\n<p><strong>ACIER INOXYDABLE AISI-420<\/strong><\/td>\n<\/tr>\n<\/tbody>\n<\/table>\n<p>&nbsp;<\/p>\n","protected":false},"excerpt":{"rendered":"<p>Embout en polypropyl\u00e8ne et une rang\u00e9e de billes en acier inoxydable AISI-420.<\/p>\n<p>Ils conviennent au transport de charges tr\u00e8s l\u00e9g\u00e8res.<\/p>\n<p>Secteurs d&rsquo;application possibles : Logistique, A\u00e9roports, Fruits et L\u00e9gumes.<\/p>\n","protected":false},"featured_media":17878,"comment_status":"closed","ping_status":"closed","template":"","meta":[],"product_brand":[],"product_cat":[770],"product_tag":[],"class_list":{"0":"post-3715","1":"product","2":"type-product","3":"status-publish","4":"has-post-thumbnail","6":"product_cat-serie-legere-fr","8":"first","9":"instock","10":"shipping-taxable","11":"product-type-simple"},"_links":{"self":[{"href":"https:\/\/eurotransis.com\/fr\/wp-json\/wp\/v2\/product\/3715","targetHints":{"allow":["GET"]}}],"collection":[{"href":"https:\/\/eurotransis.com\/fr\/wp-json\/wp\/v2\/product"}],"about":[{"href":"https:\/\/eurotransis.com\/fr\/wp-json\/wp\/v2\/types\/product"}],"replies":[{"embeddable":true,"href":"https:\/\/eurotransis.com\/fr\/wp-json\/wp\/v2\/comments?post=3715"}],"wp:featuredmedia":[{"embeddable":true,"href":"https:\/\/eurotransis.com\/fr\/wp-json\/wp\/v2\/media\/17878"}],"wp:attachment":[{"href":"https:\/\/eurotransis.com\/fr\/wp-json\/wp\/v2\/media?parent=3715"}],"wp:term":[{"taxonomy":"product_brand","embeddable":true,"href":"https:\/\/eurotransis.com\/fr\/wp-json\/wp\/v2\/product_brand?post=3715"},{"taxonomy":"product_cat","embeddable":true,"href":"https:\/\/eurotransis.com\/fr\/wp-json\/wp\/v2\/product_cat?post=3715"},{"taxonomy":"product_tag","embeddable":true,"href":"https:\/\/eurotransis.com\/fr\/wp-json\/wp\/v2\/product_tag?post=3715"}],"curies":[{"name":"wp","href":"https:\/\/api.w.org\/{rel}","templated":true}]}}